{"id":9042,"date":"2025-10-26T17:38:52","date_gmt":"2025-10-26T16:38:52","guid":{"rendered":"https:\/\/www.tovefevang.no\/shop\/?post_type=product&#038;p=9042"},"modified":"2025-12-16T11:02:45","modified_gmt":"2025-12-16T10:02:45","slug":"adventskalender-2025-garnpakke-julesokker","status":"publish","type":"product","link":"https:\/\/www.tovefevang.no\/shop\/produkt\/adventskalender-2025-garnpakke-julesokker\/","title":{"rendered":"Adventskalender 2025 &#8211; garnpakke (julesokker)"},"content":{"rendered":"","protected":false},"excerpt":{"rendered":"<p><strong style=\"color: red;\">Bestillinger etter 15. november kan vi ikke garantere blir levert f\u00f8r 1. s\u00f8ndag i advent (30. november)<\/strong><\/p>\n<p>Vil du gj\u00f8re det ekstra enkelt for deg selv i adventstiden s\u00e5 kan du bestille garnpakke som inneholder 100 g r\u00f8dt og 50 g ubleket hvit Fj\u00e6re sokkegarn, pluss maskemark\u00f8rer. Dette er hva du trenger til et sokkepar.<br \/>\nVi selger ikke det r\u00f8de garnet separat, men kun i\u00a0garnpakkene\u00a0sammen med ubleket hvit og i et begrenset antall, s\u00e5 her er det f\u00f8rst til m\u00f8lla prinsippet som gjelder.<br \/>\nSiste frist for bestilling av materialpakke 15. nov (eller s\u00e5 langt lageret rekker f\u00f8r det) slik at du har den i god tid f\u00f8r 1. advent s\u00f8ndag 30. nov. -25<\/p>\n<p><a href=\"https:\/\/www.tovefevang.no\/shop\/produkt\/adventskalender-2025-strikke-julesokker\/\">Meld deg p\u00e5 til Adventskalenderen her.<\/a><\/p>\n","protected":false},"author":4,"featured_media":9047,"template":"","meta":{"advgb_blocks_editor_width":"","advgb_blocks_columns_visual_guide":""},"product_brand":[],"product_cat":[51,33,28],"product_tag":[],"class_list":{"0":"post-9042","1":"product","2":"type-product","3":"status-publish","4":"has-post-thumbnail","6":"product_cat-adventskalender","7":"product_cat-garnpakker","8":"product_cat-luerogtilbehor","10":"first","11":"outofstock","12":"taxable","13":"shipping-taxable","14":"purchasable","15":"product-type-simple"},"yoast_head":"<!-- This site is optimized with the Yoast SEO plugin v27.4 - https:\/\/yoast.com\/product\/yoast-seo-wordpress\/ -->\n<title>Adventskalender 2025 - garnpakke (julesokker) - Idestuen AS - Tove Fevang<\/title>\n<meta name=\"robots\" content=\"index, follow, max-snippet:-1, max-image-preview:large, max-video-preview:-1\" \/>\n<link rel=\"canonical\" href=\"https:\/\/www.tovefevang.no\/shop\/produkt\/adventskalender-2025-garnpakke-julesokker\/\" \/>\n<meta property=\"og:locale\" content=\"nb_NO\" \/>\n<meta property=\"og:type\" content=\"article\" \/>\n<meta property=\"og:title\" content=\"Adventskalender 2025 - garnpakke (julesokker) - Idestuen AS - Tove Fevang\" \/>\n<meta property=\"og:description\" content=\"Bestillinger etter 15. november kan vi ikke garantere blir levert f\u00f8r 1. s\u00f8ndag i advent (30. november)  Vil du gj\u00f8re det ekstra enkelt for deg selv i adventstiden s\u00e5 kan du bestille garnpakke som inneholder 100 g r\u00f8dt og 50 g ubleket hvit Fj\u00e6re sokkegarn, pluss maskemark\u00f8rer. Dette er hva du trenger til et sokkepar. Vi selger ikke det r\u00f8de garnet separat, men kun i\u00a0garnpakkene\u00a0sammen med ubleket hvit og i et begrenset antall, s\u00e5 her er det f\u00f8rst til m\u00f8lla prinsippet som gjelder. Siste frist for bestilling av materialpakke 15. nov (eller s\u00e5 langt lageret rekker f\u00f8r det) slik at du har den i god tid f\u00f8r 1. advent s\u00f8ndag 30. nov. -25  Meld deg p\u00e5 til Adventskalenderen her.\" \/>\n<meta property=\"og:url\" content=\"https:\/\/www.tovefevang.no\/shop\/produkt\/adventskalender-2025-garnpakke-julesokker\/\" \/>\n<meta property=\"og:site_name\" content=\"Idestuen AS - Tove Fevang\" \/>\n<meta property=\"article:publisher\" content=\"https:\/\/www.facebook.com\/tovefevang.no\" \/>\n<meta property=\"article:modified_time\" content=\"2025-12-16T10:02:45+00:00\" \/>\n<meta property=\"og:image\" content=\"https:\/\/www.tovefevang.no\/shop\/wp-content\/uploads\/sites\/2\/2025\/10\/DSC05608-1920x1200_70-q70.jpg\" \/>\n\t<meta property=\"og:image:width\" content=\"1444\" \/>\n\t<meta property=\"og:image:height\" content=\"1200\" \/>\n\t<meta property=\"og:image:type\" content=\"image\/jpeg\" \/>\n<meta name=\"twitter:card\" content=\"summary_large_image\" \/>\n<meta name=\"twitter:label1\" content=\"Ansl. lesetid\" \/>\n\t<meta name=\"twitter:data1\" content=\"1 minutt\" \/>\n<script type=\"application\/ld+json\" class=\"yoast-schema-graph\">{\"@context\":\"https:\\\/\\\/schema.org\",\"@graph\":[{\"@type\":\"WebPage\",\"@id\":\"https:\\\/\\\/www.tovefevang.no\\\/shop\\\/produkt\\\/adventskalender-2025-garnpakke-julesokker\\\/\",\"url\":\"https:\\\/\\\/www.tovefevang.no\\\/shop\\\/produkt\\\/adventskalender-2025-garnpakke-julesokker\\\/\",\"name\":\"Adventskalender 2025 - garnpakke (julesokker) - Idestuen AS - Tove Fevang\",\"isPartOf\":{\"@id\":\"https:\\\/\\\/www.tovefevang.no\\\/shop\\\/#website\"},\"primaryImageOfPage\":{\"@id\":\"https:\\\/\\\/www.tovefevang.no\\\/shop\\\/produkt\\\/adventskalender-2025-garnpakke-julesokker\\\/#primaryimage\"},\"image\":{\"@id\":\"https:\\\/\\\/www.tovefevang.no\\\/shop\\\/produkt\\\/adventskalender-2025-garnpakke-julesokker\\\/#primaryimage\"},\"thumbnailUrl\":\"https:\\\/\\\/www.tovefevang.no\\\/shop\\\/wp-content\\\/uploads\\\/sites\\\/2\\\/2025\\\/10\\\/DSC05608-1920x1200_70-q70.jpg\",\"datePublished\":\"2025-10-26T16:38:52+00:00\",\"dateModified\":\"2025-12-16T10:02:45+00:00\",\"breadcrumb\":{\"@id\":\"https:\\\/\\\/www.tovefevang.no\\\/shop\\\/produkt\\\/adventskalender-2025-garnpakke-julesokker\\\/#breadcrumb\"},\"inLanguage\":\"nb-NO\",\"potentialAction\":[{\"@type\":\"ReadAction\",\"target\":[\"https:\\\/\\\/www.tovefevang.no\\\/shop\\\/produkt\\\/adventskalender-2025-garnpakke-julesokker\\\/\"]}]},{\"@type\":\"ImageObject\",\"inLanguage\":\"nb-NO\",\"@id\":\"https:\\\/\\\/www.tovefevang.no\\\/shop\\\/produkt\\\/adventskalender-2025-garnpakke-julesokker\\\/#primaryimage\",\"url\":\"https:\\\/\\\/www.tovefevang.no\\\/shop\\\/wp-content\\\/uploads\\\/sites\\\/2\\\/2025\\\/10\\\/DSC05608-1920x1200_70-q70.jpg\",\"contentUrl\":\"https:\\\/\\\/www.tovefevang.no\\\/shop\\\/wp-content\\\/uploads\\\/sites\\\/2\\\/2025\\\/10\\\/DSC05608-1920x1200_70-q70.jpg\",\"width\":1444,\"height\":1200},{\"@type\":\"BreadcrumbList\",\"@id\":\"https:\\\/\\\/www.tovefevang.no\\\/shop\\\/produkt\\\/adventskalender-2025-garnpakke-julesokker\\\/#breadcrumb\",\"itemListElement\":[{\"@type\":\"ListItem\",\"position\":1,\"name\":\"Hjem\",\"item\":\"https:\\\/\\\/www.tovefevang.no\\\/shop\\\/\"},{\"@type\":\"ListItem\",\"position\":2,\"name\":\"Nettbutikk\",\"item\":\"https:\\\/\\\/www.tovefevang.no\\\/shop\\\/butikk\\\/\"},{\"@type\":\"ListItem\",\"position\":3,\"name\":\"Adventskalender 2025 &#8211; garnpakke (julesokker)\"}]},{\"@type\":\"WebSite\",\"@id\":\"https:\\\/\\\/www.tovefevang.no\\\/shop\\\/#website\",\"url\":\"https:\\\/\\\/www.tovefevang.no\\\/shop\\\/\",\"name\":\"Idestuen AS - Tove Fevang\",\"description\":\"Idestuen AS - Tove Fevang\",\"publisher\":{\"@id\":\"https:\\\/\\\/www.tovefevang.no\\\/shop\\\/#organization\"},\"potentialAction\":[{\"@type\":\"SearchAction\",\"target\":{\"@type\":\"EntryPoint\",\"urlTemplate\":\"https:\\\/\\\/www.tovefevang.no\\\/shop\\\/?s={search_term_string}\"},\"query-input\":{\"@type\":\"PropertyValueSpecification\",\"valueRequired\":true,\"valueName\":\"search_term_string\"}}],\"inLanguage\":\"nb-NO\"},{\"@type\":\"Organization\",\"@id\":\"https:\\\/\\\/www.tovefevang.no\\\/shop\\\/#organization\",\"name\":\"Idestuen AS - Tove Fevang\",\"url\":\"https:\\\/\\\/www.tovefevang.no\\\/shop\\\/\",\"logo\":{\"@type\":\"ImageObject\",\"inLanguage\":\"nb-NO\",\"@id\":\"https:\\\/\\\/www.tovefevang.no\\\/shop\\\/#\\\/schema\\\/logo\\\/image\\\/\",\"url\":\"https:\\\/\\\/www.tovefevang.no\\\/shop\\\/wp-content\\\/uploads\\\/sites\\\/2\\\/2023\\\/11\\\/tovefevang-logo-1950_500.png\",\"contentUrl\":\"https:\\\/\\\/www.tovefevang.no\\\/shop\\\/wp-content\\\/uploads\\\/sites\\\/2\\\/2023\\\/11\\\/tovefevang-logo-1950_500.png\",\"width\":708,\"height\":181,\"caption\":\"Idestuen AS - Tove Fevang\"},\"image\":{\"@id\":\"https:\\\/\\\/www.tovefevang.no\\\/shop\\\/#\\\/schema\\\/logo\\\/image\\\/\"},\"sameAs\":[\"https:\\\/\\\/www.facebook.com\\\/tovefevang.no\"]}]}<\/script>\n<!-- \/ Yoast SEO plugin. -->","yoast_head_json":{"title":"Adventskalender 2025 - garnpakke (julesokker) - Idestuen AS - Tove Fevang","robots":{"index":"index","follow":"follow","max-snippet":"max-snippet:-1","max-image-preview":"max-image-preview:large","max-video-preview":"max-video-preview:-1"},"canonical":"https:\/\/www.tovefevang.no\/shop\/produkt\/adventskalender-2025-garnpakke-julesokker\/","og_locale":"nb_NO","og_type":"article","og_title":"Adventskalender 2025 - garnpakke (julesokker) - Idestuen AS - Tove Fevang","og_description":"Bestillinger etter 15. november kan vi ikke garantere blir levert f\u00f8r 1. s\u00f8ndag i advent (30. november)  Vil du gj\u00f8re det ekstra enkelt for deg selv i adventstiden s\u00e5 kan du bestille garnpakke som inneholder 100 g r\u00f8dt og 50 g ubleket hvit Fj\u00e6re sokkegarn, pluss maskemark\u00f8rer. Dette er hva du trenger til et sokkepar. Vi selger ikke det r\u00f8de garnet separat, men kun i\u00a0garnpakkene\u00a0sammen med ubleket hvit og i et begrenset antall, s\u00e5 her er det f\u00f8rst til m\u00f8lla prinsippet som gjelder. Siste frist for bestilling av materialpakke 15. nov (eller s\u00e5 langt lageret rekker f\u00f8r det) slik at du har den i god tid f\u00f8r 1. advent s\u00f8ndag 30. nov. -25  Meld deg p\u00e5 til Adventskalenderen her.","og_url":"https:\/\/www.tovefevang.no\/shop\/produkt\/adventskalender-2025-garnpakke-julesokker\/","og_site_name":"Idestuen AS - Tove Fevang","article_publisher":"https:\/\/www.facebook.com\/tovefevang.no","article_modified_time":"2025-12-16T10:02:45+00:00","og_image":[{"width":1444,"height":1200,"url":"https:\/\/www.tovefevang.no\/shop\/wp-content\/uploads\/sites\/2\/2025\/10\/DSC05608-1920x1200_70-q70.jpg","type":"image\/jpeg"}],"twitter_card":"summary_large_image","twitter_misc":{"Ansl. lesetid":"1 minutt"},"schema":{"@context":"https:\/\/schema.org","@graph":[{"@type":"WebPage","@id":"https:\/\/www.tovefevang.no\/shop\/produkt\/adventskalender-2025-garnpakke-julesokker\/","url":"https:\/\/www.tovefevang.no\/shop\/produkt\/adventskalender-2025-garnpakke-julesokker\/","name":"Adventskalender 2025 - garnpakke (julesokker) - Idestuen AS - Tove Fevang","isPartOf":{"@id":"https:\/\/www.tovefevang.no\/shop\/#website"},"primaryImageOfPage":{"@id":"https:\/\/www.tovefevang.no\/shop\/produkt\/adventskalender-2025-garnpakke-julesokker\/#primaryimage"},"image":{"@id":"https:\/\/www.tovefevang.no\/shop\/produkt\/adventskalender-2025-garnpakke-julesokker\/#primaryimage"},"thumbnailUrl":"https:\/\/www.tovefevang.no\/shop\/wp-content\/uploads\/sites\/2\/2025\/10\/DSC05608-1920x1200_70-q70.jpg","datePublished":"2025-10-26T16:38:52+00:00","dateModified":"2025-12-16T10:02:45+00:00","breadcrumb":{"@id":"https:\/\/www.tovefevang.no\/shop\/produkt\/adventskalender-2025-garnpakke-julesokker\/#breadcrumb"},"inLanguage":"nb-NO","potentialAction":[{"@type":"ReadAction","target":["https:\/\/www.tovefevang.no\/shop\/produkt\/adventskalender-2025-garnpakke-julesokker\/"]}]},{"@type":"ImageObject","inLanguage":"nb-NO","@id":"https:\/\/www.tovefevang.no\/shop\/produkt\/adventskalender-2025-garnpakke-julesokker\/#primaryimage","url":"https:\/\/www.tovefevang.no\/shop\/wp-content\/uploads\/sites\/2\/2025\/10\/DSC05608-1920x1200_70-q70.jpg","contentUrl":"https:\/\/www.tovefevang.no\/shop\/wp-content\/uploads\/sites\/2\/2025\/10\/DSC05608-1920x1200_70-q70.jpg","width":1444,"height":1200},{"@type":"BreadcrumbList","@id":"https:\/\/www.tovefevang.no\/shop\/produkt\/adventskalender-2025-garnpakke-julesokker\/#breadcrumb","itemListElement":[{"@type":"ListItem","position":1,"name":"Hjem","item":"https:\/\/www.tovefevang.no\/shop\/"},{"@type":"ListItem","position":2,"name":"Nettbutikk","item":"https:\/\/www.tovefevang.no\/shop\/butikk\/"},{"@type":"ListItem","position":3,"name":"Adventskalender 2025 &#8211; garnpakke (julesokker)"}]},{"@type":"WebSite","@id":"https:\/\/www.tovefevang.no\/shop\/#website","url":"https:\/\/www.tovefevang.no\/shop\/","name":"Idestuen AS - Tove Fevang","description":"Idestuen AS - Tove Fevang","publisher":{"@id":"https:\/\/www.tovefevang.no\/shop\/#organization"},"potentialAction":[{"@type":"SearchAction","target":{"@type":"EntryPoint","urlTemplate":"https:\/\/www.tovefevang.no\/shop\/?s={search_term_string}"},"query-input":{"@type":"PropertyValueSpecification","valueRequired":true,"valueName":"search_term_string"}}],"inLanguage":"nb-NO"},{"@type":"Organization","@id":"https:\/\/www.tovefevang.no\/shop\/#organization","name":"Idestuen AS - Tove Fevang","url":"https:\/\/www.tovefevang.no\/shop\/","logo":{"@type":"ImageObject","inLanguage":"nb-NO","@id":"https:\/\/www.tovefevang.no\/shop\/#\/schema\/logo\/image\/","url":"https:\/\/www.tovefevang.no\/shop\/wp-content\/uploads\/sites\/2\/2023\/11\/tovefevang-logo-1950_500.png","contentUrl":"https:\/\/www.tovefevang.no\/shop\/wp-content\/uploads\/sites\/2\/2023\/11\/tovefevang-logo-1950_500.png","width":708,"height":181,"caption":"Idestuen AS - Tove Fevang"},"image":{"@id":"https:\/\/www.tovefevang.no\/shop\/#\/schema\/logo\/image\/"},"sameAs":["https:\/\/www.facebook.com\/tovefevang.no"]}]}},"featured_img":"https:\/\/www.tovefevang.no\/shop\/wp-content\/uploads\/sites\/2\/2025\/10\/DSC05608-1920x1200_70-q70.jpg","coauthors":[],"author_meta":{"author_link":"https:\/\/www.tovefevang.no\/shop\/author\/geiradmin\/","display_name":"Geir Arnesen"},"relative_dates":{"created":"Publisert 7 m\u00e5neder siden","modified":"Oppdatert 5 m\u00e5neder siden"},"absolute_dates":{"created":"Publisert 26. oktober 2025","modified":"Oppdatert 16. desember 2025"},"absolute_dates_time":{"created":"Publisert 26. oktober 2025 17:38","modified":"Oppdatert 16. desember 2025 11:02"},"featured_img_caption":"","tax_additional":{"product_brand":{"linked":[],"unlinked":[],"slug":"product_brand","name":"Merker"},"product_type":{"linked":["<a href=\"https:\/\/www.tovefevang.no\/shop\/?taxonomy=product_type&#038;term=simple\" class=\"advgb-post-tax-term\">simple<\/a>"],"unlinked":["<span class=\"advgb-post-tax-term\">simple<\/span>"],"slug":"product_type","name":"Produkttype"},"product_visibility":{"linked":["<a href=\"https:\/\/www.tovefevang.no\/shop\/?taxonomy=product_visibility&#038;term=outofstock\" class=\"advgb-post-tax-term\">outofstock<\/a>"],"unlinked":["<span class=\"advgb-post-tax-term\">outofstock<\/span>"],"slug":"product_visibility","name":"Produktsynlighet"},"product_cat":{"linked":["<a href=\"https:\/\/www.tovefevang.no\/shop\/produktkategori\/produkter\/adventskalender\/\" class=\"advgb-post-tax-term\">Adventskalender 2025<\/a>","<a href=\"https:\/\/www.tovefevang.no\/shop\/produktkategori\/produkter\/garnpakker\/\" class=\"advgb-post-tax-term\">Garnpakker<\/a>","<a href=\"https:\/\/www.tovefevang.no\/shop\/produktkategori\/produkter\/oppskrift\/luerogtilbehor\/\" class=\"advgb-post-tax-term\">Luer, panneb\u00e5nd og pulsvarmere<\/a>"],"unlinked":["<span class=\"advgb-post-tax-term\">Adventskalender 2025<\/span>","<span class=\"advgb-post-tax-term\">Garnpakker<\/span>","<span class=\"advgb-post-tax-term\">Luer, panneb\u00e5nd og pulsvarmere<\/span>"],"slug":"product_cat","name":"Produktkategorier"},"product_tag":{"linked":[],"unlinked":[],"slug":"product_tag","name":"Produktstikkord"},"product_shipping_class":{"linked":[],"unlinked":[],"slug":"product_shipping_class","name":"Produkt fraktklasse"},"pos_product_visibility":{"linked":[],"unlinked":[],"slug":"pos_product_visibility","name":"POS Product visibility"},"pa_color":{"linked":[],"unlinked":[],"slug":"pa_color","name":"Produkt Farge"},"pa_size":{"linked":[],"unlinked":[],"slug":"pa_size","name":"Produkt St\u00f8rrelse"}},"series_order":"","_links":{"self":[{"href":"https:\/\/www.tovefevang.no\/shop\/wp-json\/wp\/v2\/product\/9042","targetHints":{"allow":["GET"]}}],"collection":[{"href":"https:\/\/www.tovefevang.no\/shop\/wp-json\/wp\/v2\/product"}],"about":[{"href":"https:\/\/www.tovefevang.no\/shop\/wp-json\/wp\/v2\/types\/product"}],"wp:featuredmedia":[{"embeddable":true,"href":"https:\/\/www.tovefevang.no\/shop\/wp-json\/wp\/v2\/media\/9047"}],"wp:attachment":[{"href":"https:\/\/www.tovefevang.no\/shop\/wp-json\/wp\/v2\/media?parent=9042"}],"wp:term":[{"taxonomy":"product_brand","embeddable":true,"href":"https:\/\/www.tovefevang.no\/shop\/wp-json\/wp\/v2\/product_brand?post=9042"},{"taxonomy":"product_cat","embeddable":true,"href":"https:\/\/www.tovefevang.no\/shop\/wp-json\/wp\/v2\/product_cat?post=9042"},{"taxonomy":"product_tag","embeddable":true,"href":"https:\/\/www.tovefevang.no\/shop\/wp-json\/wp\/v2\/product_tag?post=9042"}],"curies":[{"name":"wp","href":"https:\/\/api.w.org\/{rel}","templated":true}]}}