{"id":8347,"date":"2025-10-03T12:59:45","date_gmt":"2025-10-03T10:59:45","guid":{"rendered":"https:\/\/www.tovefevang.no\/shop\/?post_type=product&#038;p=8347"},"modified":"2025-10-20T18:18:17","modified_gmt":"2025-10-20T16:18:17","slug":"redesigned-project-37","status":"publish","type":"product","link":"https:\/\/www.tovefevang.no\/shop\/produkt\/redesigned-project-37\/","title":{"rendered":"RE:DESIGNED project 37"},"content":{"rendered":"","protected":false},"excerpt":{"rendered":"<p><strong data-spm-anchor-id=\"a2ty_o01.29997173.0.i3.67ecc921yetBQ1\">RE:DESIGNED Project 37<\/strong> er en elegant og romslig skulderveske \u2013 perfekt for deg som vil ha plass til b\u00e5de et st\u00f8rre garnprosjekt og alt tilbeh\u00f8ret. Med to stropper sitter den komfortabelt over skulderen, og den fungerer like godt som en stilren hverdagsveske som en dedikert strikkevenn. \ud83d\ude0a<\/p>\n<div class=\"my-2\"><\/div>\n<p>Innvendig m\u00f8ter du et stort hovedrom, en glidel\u00e5slomme og seks \u00e5pne glidelommer \u2013 alt du trenger for god orden og oversikt. Vesken lukkes med en solid metallglidel\u00e5s, og i den er det festet et lite etui til m\u00e5leb\u00e5nd, slik at det alltid er lett tilgjengelig. Utenp\u00e5 finner du fire praktiske lommer for rask tilgang til det du oftest trenger.<\/p>\n<p>En veske som kombinerer funksjonalitet, stil og kreativitet \u2013 hver dag.<\/p>\n<p>RE:DESIGNED Project 37 er laget av storfeskinn, som er sk\u00e5nsomt farget og avsluttet med voks. Den har en levende finish som bevarer de naturlige egenskapene til skinnet. Prosjektvesken er foret med 100% bomull.<\/p>\n<p>Farge: Valn\u00f8tt<br data-start=\"713\" data-end=\"716\" \/>Kvalitet: 100 % skinn<br data-start=\"737\" data-end=\"740\" \/>M\u00e5l: B:30 x H:35 x D:18 cm<\/p>\n","protected":false},"author":4,"featured_media":8353,"template":"","meta":{"advgb_blocks_editor_width":"","advgb_blocks_columns_visual_guide":""},"product_brand":[],"product_cat":[38],"product_tag":[],"class_list":{"0":"post-8347","1":"product","2":"type-product","3":"status-publish","4":"has-post-thumbnail","6":"product_cat-redesigned","8":"first","9":"onbackorder","10":"taxable","11":"shipping-taxable","12":"purchasable","13":"product-type-variable","14":"wvs-archive-product-wrapper"},"yoast_head":"<!-- This site is optimized with the Yoast SEO plugin v27.4 - https:\/\/yoast.com\/product\/yoast-seo-wordpress\/ -->\n<title>RE:DESIGNED project 37 - Idestuen AS - Tove Fevang<\/title>\n<meta name=\"robots\" content=\"index, follow, max-snippet:-1, max-image-preview:large, max-video-preview:-1\" \/>\n<link rel=\"canonical\" href=\"https:\/\/www.tovefevang.no\/shop\/produkt\/redesigned-project-37\/\" \/>\n<meta property=\"og:locale\" content=\"nb_NO\" \/>\n<meta property=\"og:type\" content=\"article\" \/>\n<meta property=\"og:title\" content=\"RE:DESIGNED project 37 - Idestuen AS - Tove Fevang\" \/>\n<meta property=\"og:description\" content=\"RE:DESIGNED Project 37 er en elegant og romslig skulderveske \u2013 perfekt for deg som vil ha plass til b\u00e5de et st\u00f8rre garnprosjekt og alt tilbeh\u00f8ret. Med to stropper sitter den komfortabelt over skulderen, og den fungerer like godt som en stilren hverdagsveske som en dedikert strikkevenn. \ud83d\ude0a  Innvendig m\u00f8ter du et stort hovedrom, en glidel\u00e5slomme og seks \u00e5pne glidelommer \u2013 alt du trenger for god orden og oversikt. Vesken lukkes med en solid metallglidel\u00e5s, og i den er det festet et lite etui til m\u00e5leb\u00e5nd, slik at det alltid er lett tilgjengelig. Utenp\u00e5 finner du fire praktiske lommer for rask tilgang til det du oftest trenger.  En veske som kombinerer funksjonalitet, stil og kreativitet \u2013 hver dag.  RE:DESIGNED Project 37 er laget av storfeskinn, som er sk\u00e5nsomt farget og avsluttet med voks. Den har en levende finish som bevarer de naturlige egenskapene til skinnet. Prosjektvesken er foret med 100% bomull.  Farge: Valn\u00f8ttKvalitet: 100 % skinnM\u00e5l: B:30 x H:35 x D:18 cm\" \/>\n<meta property=\"og:url\" content=\"https:\/\/www.tovefevang.no\/shop\/produkt\/redesigned-project-37\/\" \/>\n<meta property=\"og:site_name\" content=\"Idestuen AS - Tove Fevang\" \/>\n<meta property=\"article:publisher\" content=\"https:\/\/www.facebook.com\/tovefevang.no\" \/>\n<meta property=\"article:modified_time\" content=\"2025-10-20T16:18:17+00:00\" \/>\n<meta property=\"og:image\" content=\"https:\/\/www.tovefevang.no\/shop\/wp-content\/uploads\/sites\/2\/2025\/10\/P037-Walnut-Extra-1-redigeret_1920x1920.webp\" \/>\n\t<meta property=\"og:image:width\" content=\"1920\" \/>\n\t<meta property=\"og:image:height\" content=\"1919\" \/>\n\t<meta property=\"og:image:type\" content=\"image\/webp\" \/>\n<meta name=\"twitter:card\" content=\"summary_large_image\" \/>\n<meta name=\"twitter:label1\" content=\"Ansl. lesetid\" \/>\n\t<meta name=\"twitter:data1\" content=\"1 minutt\" \/>\n<script type=\"application\/ld+json\" class=\"yoast-schema-graph\">{\"@context\":\"https:\\\/\\\/schema.org\",\"@graph\":[{\"@type\":\"WebPage\",\"@id\":\"https:\\\/\\\/www.tovefevang.no\\\/shop\\\/produkt\\\/redesigned-project-37\\\/\",\"url\":\"https:\\\/\\\/www.tovefevang.no\\\/shop\\\/produkt\\\/redesigned-project-37\\\/\",\"name\":\"RE:DESIGNED project 37 - Idestuen AS - Tove Fevang\",\"isPartOf\":{\"@id\":\"https:\\\/\\\/www.tovefevang.no\\\/shop\\\/#website\"},\"primaryImageOfPage\":{\"@id\":\"https:\\\/\\\/www.tovefevang.no\\\/shop\\\/produkt\\\/redesigned-project-37\\\/#primaryimage\"},\"image\":{\"@id\":\"https:\\\/\\\/www.tovefevang.no\\\/shop\\\/produkt\\\/redesigned-project-37\\\/#primaryimage\"},\"thumbnailUrl\":\"https:\\\/\\\/www.tovefevang.no\\\/shop\\\/wp-content\\\/uploads\\\/sites\\\/2\\\/2025\\\/10\\\/P037-Walnut-Extra-1-redigeret_1920x1920.webp\",\"datePublished\":\"2025-10-03T10:59:45+00:00\",\"dateModified\":\"2025-10-20T16:18:17+00:00\",\"breadcrumb\":{\"@id\":\"https:\\\/\\\/www.tovefevang.no\\\/shop\\\/produkt\\\/redesigned-project-37\\\/#breadcrumb\"},\"inLanguage\":\"nb-NO\",\"potentialAction\":[{\"@type\":\"ReadAction\",\"target\":[\"https:\\\/\\\/www.tovefevang.no\\\/shop\\\/produkt\\\/redesigned-project-37\\\/\"]}]},{\"@type\":\"ImageObject\",\"inLanguage\":\"nb-NO\",\"@id\":\"https:\\\/\\\/www.tovefevang.no\\\/shop\\\/produkt\\\/redesigned-project-37\\\/#primaryimage\",\"url\":\"https:\\\/\\\/www.tovefevang.no\\\/shop\\\/wp-content\\\/uploads\\\/sites\\\/2\\\/2025\\\/10\\\/P037-Walnut-Extra-1-redigeret_1920x1920.webp\",\"contentUrl\":\"https:\\\/\\\/www.tovefevang.no\\\/shop\\\/wp-content\\\/uploads\\\/sites\\\/2\\\/2025\\\/10\\\/P037-Walnut-Extra-1-redigeret_1920x1920.webp\",\"width\":1920,\"height\":1919},{\"@type\":\"BreadcrumbList\",\"@id\":\"https:\\\/\\\/www.tovefevang.no\\\/shop\\\/produkt\\\/redesigned-project-37\\\/#breadcrumb\",\"itemListElement\":[{\"@type\":\"ListItem\",\"position\":1,\"name\":\"Hjem\",\"item\":\"https:\\\/\\\/www.tovefevang.no\\\/shop\\\/\"},{\"@type\":\"ListItem\",\"position\":2,\"name\":\"Nettbutikk\",\"item\":\"https:\\\/\\\/www.tovefevang.no\\\/shop\\\/butikk\\\/\"},{\"@type\":\"ListItem\",\"position\":3,\"name\":\"RE:DESIGNED project 37\"}]},{\"@type\":\"WebSite\",\"@id\":\"https:\\\/\\\/www.tovefevang.no\\\/shop\\\/#website\",\"url\":\"https:\\\/\\\/www.tovefevang.no\\\/shop\\\/\",\"name\":\"Idestuen AS - Tove Fevang\",\"description\":\"Idestuen AS - Tove Fevang\",\"publisher\":{\"@id\":\"https:\\\/\\\/www.tovefevang.no\\\/shop\\\/#organization\"},\"potentialAction\":[{\"@type\":\"SearchAction\",\"target\":{\"@type\":\"EntryPoint\",\"urlTemplate\":\"https:\\\/\\\/www.tovefevang.no\\\/shop\\\/?s={search_term_string}\"},\"query-input\":{\"@type\":\"PropertyValueSpecification\",\"valueRequired\":true,\"valueName\":\"search_term_string\"}}],\"inLanguage\":\"nb-NO\"},{\"@type\":\"Organization\",\"@id\":\"https:\\\/\\\/www.tovefevang.no\\\/shop\\\/#organization\",\"name\":\"Idestuen AS - Tove Fevang\",\"url\":\"https:\\\/\\\/www.tovefevang.no\\\/shop\\\/\",\"logo\":{\"@type\":\"ImageObject\",\"inLanguage\":\"nb-NO\",\"@id\":\"https:\\\/\\\/www.tovefevang.no\\\/shop\\\/#\\\/schema\\\/logo\\\/image\\\/\",\"url\":\"https:\\\/\\\/www.tovefevang.no\\\/shop\\\/wp-content\\\/uploads\\\/sites\\\/2\\\/2023\\\/11\\\/tovefevang-logo-1950_500.png\",\"contentUrl\":\"https:\\\/\\\/www.tovefevang.no\\\/shop\\\/wp-content\\\/uploads\\\/sites\\\/2\\\/2023\\\/11\\\/tovefevang-logo-1950_500.png\",\"width\":708,\"height\":181,\"caption\":\"Idestuen AS - Tove Fevang\"},\"image\":{\"@id\":\"https:\\\/\\\/www.tovefevang.no\\\/shop\\\/#\\\/schema\\\/logo\\\/image\\\/\"},\"sameAs\":[\"https:\\\/\\\/www.facebook.com\\\/tovefevang.no\"]}]}<\/script>\n<!-- \/ Yoast SEO plugin. -->","yoast_head_json":{"title":"RE:DESIGNED project 37 - Idestuen AS - Tove Fevang","robots":{"index":"index","follow":"follow","max-snippet":"max-snippet:-1","max-image-preview":"max-image-preview:large","max-video-preview":"max-video-preview:-1"},"canonical":"https:\/\/www.tovefevang.no\/shop\/produkt\/redesigned-project-37\/","og_locale":"nb_NO","og_type":"article","og_title":"RE:DESIGNED project 37 - Idestuen AS - Tove Fevang","og_description":"RE:DESIGNED Project 37 er en elegant og romslig skulderveske \u2013 perfekt for deg som vil ha plass til b\u00e5de et st\u00f8rre garnprosjekt og alt tilbeh\u00f8ret. Med to stropper sitter den komfortabelt over skulderen, og den fungerer like godt som en stilren hverdagsveske som en dedikert strikkevenn. \ud83d\ude0a  Innvendig m\u00f8ter du et stort hovedrom, en glidel\u00e5slomme og seks \u00e5pne glidelommer \u2013 alt du trenger for god orden og oversikt. Vesken lukkes med en solid metallglidel\u00e5s, og i den er det festet et lite etui til m\u00e5leb\u00e5nd, slik at det alltid er lett tilgjengelig. Utenp\u00e5 finner du fire praktiske lommer for rask tilgang til det du oftest trenger.  En veske som kombinerer funksjonalitet, stil og kreativitet \u2013 hver dag.  RE:DESIGNED Project 37 er laget av storfeskinn, som er sk\u00e5nsomt farget og avsluttet med voks. Den har en levende finish som bevarer de naturlige egenskapene til skinnet. Prosjektvesken er foret med 100% bomull.  Farge: Valn\u00f8ttKvalitet: 100 % skinnM\u00e5l: B:30 x H:35 x D:18 cm","og_url":"https:\/\/www.tovefevang.no\/shop\/produkt\/redesigned-project-37\/","og_site_name":"Idestuen AS - Tove Fevang","article_publisher":"https:\/\/www.facebook.com\/tovefevang.no","article_modified_time":"2025-10-20T16:18:17+00:00","og_image":[{"width":1920,"height":1919,"url":"https:\/\/www.tovefevang.no\/shop\/wp-content\/uploads\/sites\/2\/2025\/10\/P037-Walnut-Extra-1-redigeret_1920x1920.webp","type":"image\/webp"}],"twitter_card":"summary_large_image","twitter_misc":{"Ansl. lesetid":"1 minutt"},"schema":{"@context":"https:\/\/schema.org","@graph":[{"@type":"WebPage","@id":"https:\/\/www.tovefevang.no\/shop\/produkt\/redesigned-project-37\/","url":"https:\/\/www.tovefevang.no\/shop\/produkt\/redesigned-project-37\/","name":"RE:DESIGNED project 37 - Idestuen AS - Tove Fevang","isPartOf":{"@id":"https:\/\/www.tovefevang.no\/shop\/#website"},"primaryImageOfPage":{"@id":"https:\/\/www.tovefevang.no\/shop\/produkt\/redesigned-project-37\/#primaryimage"},"image":{"@id":"https:\/\/www.tovefevang.no\/shop\/produkt\/redesigned-project-37\/#primaryimage"},"thumbnailUrl":"https:\/\/www.tovefevang.no\/shop\/wp-content\/uploads\/sites\/2\/2025\/10\/P037-Walnut-Extra-1-redigeret_1920x1920.webp","datePublished":"2025-10-03T10:59:45+00:00","dateModified":"2025-10-20T16:18:17+00:00","breadcrumb":{"@id":"https:\/\/www.tovefevang.no\/shop\/produkt\/redesigned-project-37\/#breadcrumb"},"inLanguage":"nb-NO","potentialAction":[{"@type":"ReadAction","target":["https:\/\/www.tovefevang.no\/shop\/produkt\/redesigned-project-37\/"]}]},{"@type":"ImageObject","inLanguage":"nb-NO","@id":"https:\/\/www.tovefevang.no\/shop\/produkt\/redesigned-project-37\/#primaryimage","url":"https:\/\/www.tovefevang.no\/shop\/wp-content\/uploads\/sites\/2\/2025\/10\/P037-Walnut-Extra-1-redigeret_1920x1920.webp","contentUrl":"https:\/\/www.tovefevang.no\/shop\/wp-content\/uploads\/sites\/2\/2025\/10\/P037-Walnut-Extra-1-redigeret_1920x1920.webp","width":1920,"height":1919},{"@type":"BreadcrumbList","@id":"https:\/\/www.tovefevang.no\/shop\/produkt\/redesigned-project-37\/#breadcrumb","itemListElement":[{"@type":"ListItem","position":1,"name":"Hjem","item":"https:\/\/www.tovefevang.no\/shop\/"},{"@type":"ListItem","position":2,"name":"Nettbutikk","item":"https:\/\/www.tovefevang.no\/shop\/butikk\/"},{"@type":"ListItem","position":3,"name":"RE:DESIGNED project 37"}]},{"@type":"WebSite","@id":"https:\/\/www.tovefevang.no\/shop\/#website","url":"https:\/\/www.tovefevang.no\/shop\/","name":"Idestuen AS - Tove Fevang","description":"Idestuen AS - Tove Fevang","publisher":{"@id":"https:\/\/www.tovefevang.no\/shop\/#organization"},"potentialAction":[{"@type":"SearchAction","target":{"@type":"EntryPoint","urlTemplate":"https:\/\/www.tovefevang.no\/shop\/?s={search_term_string}"},"query-input":{"@type":"PropertyValueSpecification","valueRequired":true,"valueName":"search_term_string"}}],"inLanguage":"nb-NO"},{"@type":"Organization","@id":"https:\/\/www.tovefevang.no\/shop\/#organization","name":"Idestuen AS - Tove Fevang","url":"https:\/\/www.tovefevang.no\/shop\/","logo":{"@type":"ImageObject","inLanguage":"nb-NO","@id":"https:\/\/www.tovefevang.no\/shop\/#\/schema\/logo\/image\/","url":"https:\/\/www.tovefevang.no\/shop\/wp-content\/uploads\/sites\/2\/2023\/11\/tovefevang-logo-1950_500.png","contentUrl":"https:\/\/www.tovefevang.no\/shop\/wp-content\/uploads\/sites\/2\/2023\/11\/tovefevang-logo-1950_500.png","width":708,"height":181,"caption":"Idestuen AS - Tove Fevang"},"image":{"@id":"https:\/\/www.tovefevang.no\/shop\/#\/schema\/logo\/image\/"},"sameAs":["https:\/\/www.facebook.com\/tovefevang.no"]}]}},"featured_img":"https:\/\/www.tovefevang.no\/shop\/wp-content\/uploads\/sites\/2\/2025\/10\/P037-Walnut-Extra-1-redigeret_1920x1920.webp","coauthors":[],"author_meta":{"author_link":"https:\/\/www.tovefevang.no\/shop\/author\/geiradmin\/","display_name":"Geir Arnesen"},"relative_dates":{"created":"Publisert 7 m\u00e5neder siden","modified":"Oppdatert 6 m\u00e5neder siden"},"absolute_dates":{"created":"Publisert 3. oktober 2025","modified":"Oppdatert 20. oktober 2025"},"absolute_dates_time":{"created":"Publisert 3. oktober 2025 12:59","modified":"Oppdatert 20. oktober 2025 18:18"},"featured_img_caption":"","tax_additional":{"product_brand":{"linked":[],"unlinked":[],"slug":"product_brand","name":"Merker"},"product_type":{"linked":["<a href=\"https:\/\/www.tovefevang.no\/shop\/?taxonomy=product_type&#038;term=variable\" class=\"advgb-post-tax-term\">variable<\/a>"],"unlinked":["<span class=\"advgb-post-tax-term\">variable<\/span>"],"slug":"product_type","name":"Produkttype"},"product_visibility":{"linked":[],"unlinked":[],"slug":"product_visibility","name":"Produktsynlighet"},"product_cat":{"linked":["<a href=\"https:\/\/www.tovefevang.no\/shop\/produktkategori\/produkter\/tilbehor\/redesigned\/\" class=\"advgb-post-tax-term\">RE:DESIGNED<\/a>"],"unlinked":["<span class=\"advgb-post-tax-term\">RE:DESIGNED<\/span>"],"slug":"product_cat","name":"Produktkategorier"},"product_tag":{"linked":[],"unlinked":[],"slug":"product_tag","name":"Produktstikkord"},"product_shipping_class":{"linked":[],"unlinked":[],"slug":"product_shipping_class","name":"Produkt fraktklasse"},"pos_product_visibility":{"linked":[],"unlinked":[],"slug":"pos_product_visibility","name":"POS Product visibility"},"pa_color":{"linked":[],"unlinked":[],"slug":"pa_color","name":"Produkt Farge"},"pa_size":{"linked":[],"unlinked":[],"slug":"pa_size","name":"Produkt St\u00f8rrelse"}},"series_order":"","_links":{"self":[{"href":"https:\/\/www.tovefevang.no\/shop\/wp-json\/wp\/v2\/product\/8347","targetHints":{"allow":["GET"]}}],"collection":[{"href":"https:\/\/www.tovefevang.no\/shop\/wp-json\/wp\/v2\/product"}],"about":[{"href":"https:\/\/www.tovefevang.no\/shop\/wp-json\/wp\/v2\/types\/product"}],"wp:featuredmedia":[{"embeddable":true,"href":"https:\/\/www.tovefevang.no\/shop\/wp-json\/wp\/v2\/media\/8353"}],"wp:attachment":[{"href":"https:\/\/www.tovefevang.no\/shop\/wp-json\/wp\/v2\/media?parent=8347"}],"wp:term":[{"taxonomy":"product_brand","embeddable":true,"href":"https:\/\/www.tovefevang.no\/shop\/wp-json\/wp\/v2\/product_brand?post=8347"},{"taxonomy":"product_cat","embeddable":true,"href":"https:\/\/www.tovefevang.no\/shop\/wp-json\/wp\/v2\/product_cat?post=8347"},{"taxonomy":"product_tag","embeddable":true,"href":"https:\/\/www.tovefevang.no\/shop\/wp-json\/wp\/v2\/product_tag?post=8347"}],"curies":[{"name":"wp","href":"https:\/\/api.w.org\/{rel}","templated":true}]}}