{"id":8334,"date":"2025-10-03T12:30:50","date_gmt":"2025-10-03T10:30:50","guid":{"rendered":"https:\/\/www.tovefevang.no\/shop\/?post_type=product&#038;p=8334"},"modified":"2025-11-28T13:22:35","modified_gmt":"2025-11-28T12:22:35","slug":"redesigned-project-20","status":"publish","type":"product","link":"https:\/\/www.tovefevang.no\/shop\/produkt\/redesigned-project-20\/","title":{"rendered":"RE:DESIGNED project 20"},"content":{"rendered":"","protected":false},"excerpt":{"rendered":"<p><strong>Project 20, ny og elegant veske \u2013 designet for b\u00e5de stil og praktisk bruk.<\/strong><br \/>\nVesken har justerbare crossover- og skulderremmer, et romslig hovedrom, en glidel\u00e5slomme p\u00e5 innsiden og en fin skinnsn\u00f8ring som gir et ekstra stilpoeng.<\/p>\n<p>Den er laget i Re:Designeds karakteristiske <strong>Urban-skinn<\/strong> \u2013 et h\u00f8ykvalitets kuskinn som f\u00f8rst farges i hele tykkelsen f\u00f8r det f\u00e5r sin endelige overflatebehandling. Denne prosessen bevarer hudens naturlige struktur og narvm\u00f8nster fra r\u00e5materialet. Til slutt p\u00e5f\u00f8res et tynt vokslag som gir skinnoverflaten en myk, glatt finish og unike, individuelle detaljer.<\/p>\n<p><strong data-spm-anchor-id=\"a2ty_o01.29997173.0.i2.67ecc921yetBQ1\">En veske fra Re:Designed sin Project-serie<\/strong> \u2013 laget for deg som vil ha alt du trenger til strikket\u00f8yet (eller andre kreative prosjekter) lett tilgjengelig. Vesken kommer med en praktisk, avtagbar skinnholder p\u00e5 n\u00f8kkelring \u2013 perfekt til m\u00e5leb\u00e5nd eller sm\u00e5 n\u00f8dvendigheter. Holderen kan enkelt tas av n\u00e5r du vil bruke vesken til hverdagsbruk, slik at den like gjerne passer til bylivet som til lystverkstedet.<\/p>\n<p><strong>Om Urban-kvaliteten:<\/strong><br \/>\nUrban er et naturlig farget storfeskinn som bevarer skinnets originale kornm\u00f8nster gjennom en forsiktig fargebehandling f\u00f8r ferdigbehandling. Hver veske er unik \u2013 med sine egne karaktertrekk, myk ber\u00f8ring og et naturlig uttrykk. Et lett voksbelegg gir skinnet et diskret vintage-utseende og en glatt, myk overflate som blir bedre og bedre med tiden. Ved bruk utvikler skinnene en vakker, naturlig patina.<\/p>\n<div class=\"my-2\"><\/div>\n<p>For \u00e5 forlenge livet til vesken og gi ekstra beskyttelse mot smuss og fuktighet, anbefaler vi \u00e5 behandle den med RE:DESIGNEDs skinnbalsam \u2013 helt etter eget \u00f8nske.<\/p>\n<p>Farge: Walnut\/Gold<br \/>\nKvalitet: 100 % skinn<br \/>\nH:31 x B:24,5 x D:18 cm<\/p>\n","protected":false},"author":4,"featured_media":8342,"template":"","meta":{"advgb_blocks_editor_width":"","advgb_blocks_columns_visual_guide":""},"product_brand":[],"product_cat":[38],"product_tag":[],"class_list":{"0":"post-8334","1":"product","2":"type-product","3":"status-publish","4":"has-post-thumbnail","6":"product_cat-redesigned","8":"first","9":"instock","10":"taxable","11":"shipping-taxable","12":"purchasable","13":"product-type-variable","14":"wvs-archive-product-wrapper"},"yoast_head":"<!-- This site is optimized with the Yoast SEO plugin v27.4 - https:\/\/yoast.com\/product\/yoast-seo-wordpress\/ -->\n<title>RE:DESIGNED project 20 - Idestuen AS - Tove Fevang<\/title>\n<meta name=\"robots\" content=\"index, follow, max-snippet:-1, max-image-preview:large, max-video-preview:-1\" \/>\n<link rel=\"canonical\" href=\"https:\/\/www.tovefevang.no\/shop\/produkt\/redesigned-project-20\/\" \/>\n<meta property=\"og:locale\" content=\"nb_NO\" \/>\n<meta property=\"og:type\" content=\"article\" \/>\n<meta property=\"og:title\" content=\"RE:DESIGNED project 20 - Idestuen AS - Tove Fevang\" \/>\n<meta property=\"og:description\" content=\"Project 20, ny og elegant veske \u2013 designet for b\u00e5de stil og praktisk bruk. Vesken har justerbare crossover- og skulderremmer, et romslig hovedrom, en glidel\u00e5slomme p\u00e5 innsiden og en fin skinnsn\u00f8ring som gir et ekstra stilpoeng.  Den er laget i Re:Designeds karakteristiske Urban-skinn \u2013 et h\u00f8ykvalitets kuskinn som f\u00f8rst farges i hele tykkelsen f\u00f8r det f\u00e5r sin endelige overflatebehandling. Denne prosessen bevarer hudens naturlige struktur og narvm\u00f8nster fra r\u00e5materialet. Til slutt p\u00e5f\u00f8res et tynt vokslag som gir skinnoverflaten en myk, glatt finish og unike, individuelle detaljer.  En veske fra Re:Designed sin Project-serie \u2013 laget for deg som vil ha alt du trenger til strikket\u00f8yet (eller andre kreative prosjekter) lett tilgjengelig. Vesken kommer med en praktisk, avtagbar skinnholder p\u00e5 n\u00f8kkelring \u2013 perfekt til m\u00e5leb\u00e5nd eller sm\u00e5 n\u00f8dvendigheter. Holderen kan enkelt tas av n\u00e5r du vil bruke vesken til hverdagsbruk, slik at den like gjerne passer til bylivet som til lystverkstedet.  Om Urban-kvaliteten: Urban er et naturlig farget storfeskinn som bevarer skinnets originale kornm\u00f8nster gjennom en forsiktig fargebehandling f\u00f8r ferdigbehandling. Hver veske er unik \u2013 med sine egne karaktertrekk, myk ber\u00f8ring og et naturlig uttrykk. Et lett voksbelegg gir skinnet et diskret vintage-utseende og en glatt, myk overflate som blir bedre og bedre med tiden. Ved bruk utvikler skinnene en vakker, naturlig patina.  For \u00e5 forlenge livet til vesken og gi ekstra beskyttelse mot smuss og fuktighet, anbefaler vi \u00e5 behandle den med RE:DESIGNEDs skinnbalsam \u2013 helt etter eget \u00f8nske.  Farge: Walnut\/Gold Kvalitet: 100 % skinn H:31 x B:24,5 x D:18 cm\" \/>\n<meta property=\"og:url\" content=\"https:\/\/www.tovefevang.no\/shop\/produkt\/redesigned-project-20\/\" \/>\n<meta property=\"og:site_name\" content=\"Idestuen AS - Tove Fevang\" \/>\n<meta property=\"article:publisher\" content=\"https:\/\/www.facebook.com\/tovefevang.no\" \/>\n<meta property=\"article:modified_time\" content=\"2025-11-28T12:22:35+00:00\" \/>\n<meta property=\"og:image\" content=\"https:\/\/www.tovefevang.no\/shop\/wp-content\/uploads\/sites\/2\/2025\/10\/project_20_walnut.jpg\" \/>\n\t<meta property=\"og:image:width\" content=\"1080\" \/>\n\t<meta property=\"og:image:height\" content=\"1350\" \/>\n\t<meta property=\"og:image:type\" content=\"image\/jpeg\" \/>\n<meta name=\"twitter:card\" content=\"summary_large_image\" \/>\n<meta name=\"twitter:label1\" content=\"Ansl. lesetid\" \/>\n\t<meta name=\"twitter:data1\" content=\"1 minutt\" \/>\n<script type=\"application\/ld+json\" class=\"yoast-schema-graph\">{\"@context\":\"https:\\\/\\\/schema.org\",\"@graph\":[{\"@type\":\"WebPage\",\"@id\":\"https:\\\/\\\/www.tovefevang.no\\\/shop\\\/produkt\\\/redesigned-project-20\\\/\",\"url\":\"https:\\\/\\\/www.tovefevang.no\\\/shop\\\/produkt\\\/redesigned-project-20\\\/\",\"name\":\"RE:DESIGNED project 20 - Idestuen AS - Tove Fevang\",\"isPartOf\":{\"@id\":\"https:\\\/\\\/www.tovefevang.no\\\/shop\\\/#website\"},\"primaryImageOfPage\":{\"@id\":\"https:\\\/\\\/www.tovefevang.no\\\/shop\\\/produkt\\\/redesigned-project-20\\\/#primaryimage\"},\"image\":{\"@id\":\"https:\\\/\\\/www.tovefevang.no\\\/shop\\\/produkt\\\/redesigned-project-20\\\/#primaryimage\"},\"thumbnailUrl\":\"https:\\\/\\\/www.tovefevang.no\\\/shop\\\/wp-content\\\/uploads\\\/sites\\\/2\\\/2025\\\/10\\\/project_20_walnut.jpg\",\"datePublished\":\"2025-10-03T10:30:50+00:00\",\"dateModified\":\"2025-11-28T12:22:35+00:00\",\"breadcrumb\":{\"@id\":\"https:\\\/\\\/www.tovefevang.no\\\/shop\\\/produkt\\\/redesigned-project-20\\\/#breadcrumb\"},\"inLanguage\":\"nb-NO\",\"potentialAction\":[{\"@type\":\"ReadAction\",\"target\":[\"https:\\\/\\\/www.tovefevang.no\\\/shop\\\/produkt\\\/redesigned-project-20\\\/\"]}]},{\"@type\":\"ImageObject\",\"inLanguage\":\"nb-NO\",\"@id\":\"https:\\\/\\\/www.tovefevang.no\\\/shop\\\/produkt\\\/redesigned-project-20\\\/#primaryimage\",\"url\":\"https:\\\/\\\/www.tovefevang.no\\\/shop\\\/wp-content\\\/uploads\\\/sites\\\/2\\\/2025\\\/10\\\/project_20_walnut.jpg\",\"contentUrl\":\"https:\\\/\\\/www.tovefevang.no\\\/shop\\\/wp-content\\\/uploads\\\/sites\\\/2\\\/2025\\\/10\\\/project_20_walnut.jpg\",\"width\":1080,\"height\":1350},{\"@type\":\"BreadcrumbList\",\"@id\":\"https:\\\/\\\/www.tovefevang.no\\\/shop\\\/produkt\\\/redesigned-project-20\\\/#breadcrumb\",\"itemListElement\":[{\"@type\":\"ListItem\",\"position\":1,\"name\":\"Hjem\",\"item\":\"https:\\\/\\\/www.tovefevang.no\\\/shop\\\/\"},{\"@type\":\"ListItem\",\"position\":2,\"name\":\"Nettbutikk\",\"item\":\"https:\\\/\\\/www.tovefevang.no\\\/shop\\\/butikk\\\/\"},{\"@type\":\"ListItem\",\"position\":3,\"name\":\"RE:DESIGNED project 20\"}]},{\"@type\":\"WebSite\",\"@id\":\"https:\\\/\\\/www.tovefevang.no\\\/shop\\\/#website\",\"url\":\"https:\\\/\\\/www.tovefevang.no\\\/shop\\\/\",\"name\":\"Idestuen AS - Tove Fevang\",\"description\":\"Idestuen AS - Tove Fevang\",\"publisher\":{\"@id\":\"https:\\\/\\\/www.tovefevang.no\\\/shop\\\/#organization\"},\"potentialAction\":[{\"@type\":\"SearchAction\",\"target\":{\"@type\":\"EntryPoint\",\"urlTemplate\":\"https:\\\/\\\/www.tovefevang.no\\\/shop\\\/?s={search_term_string}\"},\"query-input\":{\"@type\":\"PropertyValueSpecification\",\"valueRequired\":true,\"valueName\":\"search_term_string\"}}],\"inLanguage\":\"nb-NO\"},{\"@type\":\"Organization\",\"@id\":\"https:\\\/\\\/www.tovefevang.no\\\/shop\\\/#organization\",\"name\":\"Idestuen AS - Tove Fevang\",\"url\":\"https:\\\/\\\/www.tovefevang.no\\\/shop\\\/\",\"logo\":{\"@type\":\"ImageObject\",\"inLanguage\":\"nb-NO\",\"@id\":\"https:\\\/\\\/www.tovefevang.no\\\/shop\\\/#\\\/schema\\\/logo\\\/image\\\/\",\"url\":\"https:\\\/\\\/www.tovefevang.no\\\/shop\\\/wp-content\\\/uploads\\\/sites\\\/2\\\/2023\\\/11\\\/tovefevang-logo-1950_500.png\",\"contentUrl\":\"https:\\\/\\\/www.tovefevang.no\\\/shop\\\/wp-content\\\/uploads\\\/sites\\\/2\\\/2023\\\/11\\\/tovefevang-logo-1950_500.png\",\"width\":708,\"height\":181,\"caption\":\"Idestuen AS - Tove Fevang\"},\"image\":{\"@id\":\"https:\\\/\\\/www.tovefevang.no\\\/shop\\\/#\\\/schema\\\/logo\\\/image\\\/\"},\"sameAs\":[\"https:\\\/\\\/www.facebook.com\\\/tovefevang.no\"]}]}<\/script>\n<!-- \/ Yoast SEO plugin. -->","yoast_head_json":{"title":"RE:DESIGNED project 20 - Idestuen AS - Tove Fevang","robots":{"index":"index","follow":"follow","max-snippet":"max-snippet:-1","max-image-preview":"max-image-preview:large","max-video-preview":"max-video-preview:-1"},"canonical":"https:\/\/www.tovefevang.no\/shop\/produkt\/redesigned-project-20\/","og_locale":"nb_NO","og_type":"article","og_title":"RE:DESIGNED project 20 - Idestuen AS - Tove Fevang","og_description":"Project 20, ny og elegant veske \u2013 designet for b\u00e5de stil og praktisk bruk. Vesken har justerbare crossover- og skulderremmer, et romslig hovedrom, en glidel\u00e5slomme p\u00e5 innsiden og en fin skinnsn\u00f8ring som gir et ekstra stilpoeng.  Den er laget i Re:Designeds karakteristiske Urban-skinn \u2013 et h\u00f8ykvalitets kuskinn som f\u00f8rst farges i hele tykkelsen f\u00f8r det f\u00e5r sin endelige overflatebehandling. Denne prosessen bevarer hudens naturlige struktur og narvm\u00f8nster fra r\u00e5materialet. Til slutt p\u00e5f\u00f8res et tynt vokslag som gir skinnoverflaten en myk, glatt finish og unike, individuelle detaljer.  En veske fra Re:Designed sin Project-serie \u2013 laget for deg som vil ha alt du trenger til strikket\u00f8yet (eller andre kreative prosjekter) lett tilgjengelig. Vesken kommer med en praktisk, avtagbar skinnholder p\u00e5 n\u00f8kkelring \u2013 perfekt til m\u00e5leb\u00e5nd eller sm\u00e5 n\u00f8dvendigheter. Holderen kan enkelt tas av n\u00e5r du vil bruke vesken til hverdagsbruk, slik at den like gjerne passer til bylivet som til lystverkstedet.  Om Urban-kvaliteten: Urban er et naturlig farget storfeskinn som bevarer skinnets originale kornm\u00f8nster gjennom en forsiktig fargebehandling f\u00f8r ferdigbehandling. Hver veske er unik \u2013 med sine egne karaktertrekk, myk ber\u00f8ring og et naturlig uttrykk. Et lett voksbelegg gir skinnet et diskret vintage-utseende og en glatt, myk overflate som blir bedre og bedre med tiden. Ved bruk utvikler skinnene en vakker, naturlig patina.  For \u00e5 forlenge livet til vesken og gi ekstra beskyttelse mot smuss og fuktighet, anbefaler vi \u00e5 behandle den med RE:DESIGNEDs skinnbalsam \u2013 helt etter eget \u00f8nske.  Farge: Walnut\/Gold Kvalitet: 100 % skinn H:31 x B:24,5 x D:18 cm","og_url":"https:\/\/www.tovefevang.no\/shop\/produkt\/redesigned-project-20\/","og_site_name":"Idestuen AS - Tove Fevang","article_publisher":"https:\/\/www.facebook.com\/tovefevang.no","article_modified_time":"2025-11-28T12:22:35+00:00","og_image":[{"width":1080,"height":1350,"url":"https:\/\/www.tovefevang.no\/shop\/wp-content\/uploads\/sites\/2\/2025\/10\/project_20_walnut.jpg","type":"image\/jpeg"}],"twitter_card":"summary_large_image","twitter_misc":{"Ansl. lesetid":"1 minutt"},"schema":{"@context":"https:\/\/schema.org","@graph":[{"@type":"WebPage","@id":"https:\/\/www.tovefevang.no\/shop\/produkt\/redesigned-project-20\/","url":"https:\/\/www.tovefevang.no\/shop\/produkt\/redesigned-project-20\/","name":"RE:DESIGNED project 20 - Idestuen AS - Tove Fevang","isPartOf":{"@id":"https:\/\/www.tovefevang.no\/shop\/#website"},"primaryImageOfPage":{"@id":"https:\/\/www.tovefevang.no\/shop\/produkt\/redesigned-project-20\/#primaryimage"},"image":{"@id":"https:\/\/www.tovefevang.no\/shop\/produkt\/redesigned-project-20\/#primaryimage"},"thumbnailUrl":"https:\/\/www.tovefevang.no\/shop\/wp-content\/uploads\/sites\/2\/2025\/10\/project_20_walnut.jpg","datePublished":"2025-10-03T10:30:50+00:00","dateModified":"2025-11-28T12:22:35+00:00","breadcrumb":{"@id":"https:\/\/www.tovefevang.no\/shop\/produkt\/redesigned-project-20\/#breadcrumb"},"inLanguage":"nb-NO","potentialAction":[{"@type":"ReadAction","target":["https:\/\/www.tovefevang.no\/shop\/produkt\/redesigned-project-20\/"]}]},{"@type":"ImageObject","inLanguage":"nb-NO","@id":"https:\/\/www.tovefevang.no\/shop\/produkt\/redesigned-project-20\/#primaryimage","url":"https:\/\/www.tovefevang.no\/shop\/wp-content\/uploads\/sites\/2\/2025\/10\/project_20_walnut.jpg","contentUrl":"https:\/\/www.tovefevang.no\/shop\/wp-content\/uploads\/sites\/2\/2025\/10\/project_20_walnut.jpg","width":1080,"height":1350},{"@type":"BreadcrumbList","@id":"https:\/\/www.tovefevang.no\/shop\/produkt\/redesigned-project-20\/#breadcrumb","itemListElement":[{"@type":"ListItem","position":1,"name":"Hjem","item":"https:\/\/www.tovefevang.no\/shop\/"},{"@type":"ListItem","position":2,"name":"Nettbutikk","item":"https:\/\/www.tovefevang.no\/shop\/butikk\/"},{"@type":"ListItem","position":3,"name":"RE:DESIGNED project 20"}]},{"@type":"WebSite","@id":"https:\/\/www.tovefevang.no\/shop\/#website","url":"https:\/\/www.tovefevang.no\/shop\/","name":"Idestuen AS - Tove Fevang","description":"Idestuen AS - Tove Fevang","publisher":{"@id":"https:\/\/www.tovefevang.no\/shop\/#organization"},"potentialAction":[{"@type":"SearchAction","target":{"@type":"EntryPoint","urlTemplate":"https:\/\/www.tovefevang.no\/shop\/?s={search_term_string}"},"query-input":{"@type":"PropertyValueSpecification","valueRequired":true,"valueName":"search_term_string"}}],"inLanguage":"nb-NO"},{"@type":"Organization","@id":"https:\/\/www.tovefevang.no\/shop\/#organization","name":"Idestuen AS - Tove Fevang","url":"https:\/\/www.tovefevang.no\/shop\/","logo":{"@type":"ImageObject","inLanguage":"nb-NO","@id":"https:\/\/www.tovefevang.no\/shop\/#\/schema\/logo\/image\/","url":"https:\/\/www.tovefevang.no\/shop\/wp-content\/uploads\/sites\/2\/2023\/11\/tovefevang-logo-1950_500.png","contentUrl":"https:\/\/www.tovefevang.no\/shop\/wp-content\/uploads\/sites\/2\/2023\/11\/tovefevang-logo-1950_500.png","width":708,"height":181,"caption":"Idestuen AS - Tove Fevang"},"image":{"@id":"https:\/\/www.tovefevang.no\/shop\/#\/schema\/logo\/image\/"},"sameAs":["https:\/\/www.facebook.com\/tovefevang.no"]}]}},"featured_img":"https:\/\/www.tovefevang.no\/shop\/wp-content\/uploads\/sites\/2\/2025\/10\/project_20_walnut.jpg","coauthors":[],"author_meta":{"author_link":"https:\/\/www.tovefevang.no\/shop\/author\/geiradmin\/","display_name":"Geir Arnesen"},"relative_dates":{"created":"Publisert 7 m\u00e5neder siden","modified":"Oppdatert 5 m\u00e5neder siden"},"absolute_dates":{"created":"Publisert 3. oktober 2025","modified":"Oppdatert 28. november 2025"},"absolute_dates_time":{"created":"Publisert 3. oktober 2025 12:30","modified":"Oppdatert 28. november 2025 13:22"},"featured_img_caption":"","tax_additional":{"product_brand":{"linked":[],"unlinked":[],"slug":"product_brand","name":"Merker"},"product_type":{"linked":["<a href=\"https:\/\/www.tovefevang.no\/shop\/?taxonomy=product_type&#038;term=variable\" class=\"advgb-post-tax-term\">variable<\/a>"],"unlinked":["<span class=\"advgb-post-tax-term\">variable<\/span>"],"slug":"product_type","name":"Produkttype"},"product_visibility":{"linked":[],"unlinked":[],"slug":"product_visibility","name":"Produktsynlighet"},"product_cat":{"linked":["<a href=\"https:\/\/www.tovefevang.no\/shop\/produktkategori\/produkter\/tilbehor\/redesigned\/\" class=\"advgb-post-tax-term\">RE:DESIGNED<\/a>"],"unlinked":["<span class=\"advgb-post-tax-term\">RE:DESIGNED<\/span>"],"slug":"product_cat","name":"Produktkategorier"},"product_tag":{"linked":[],"unlinked":[],"slug":"product_tag","name":"Produktstikkord"},"product_shipping_class":{"linked":[],"unlinked":[],"slug":"product_shipping_class","name":"Produkt fraktklasse"},"pos_product_visibility":{"linked":[],"unlinked":[],"slug":"pos_product_visibility","name":"POS Product visibility"},"pa_color":{"linked":[],"unlinked":[],"slug":"pa_color","name":"Produkt Farge"},"pa_size":{"linked":[],"unlinked":[],"slug":"pa_size","name":"Produkt St\u00f8rrelse"}},"series_order":"","_links":{"self":[{"href":"https:\/\/www.tovefevang.no\/shop\/wp-json\/wp\/v2\/product\/8334","targetHints":{"allow":["GET"]}}],"collection":[{"href":"https:\/\/www.tovefevang.no\/shop\/wp-json\/wp\/v2\/product"}],"about":[{"href":"https:\/\/www.tovefevang.no\/shop\/wp-json\/wp\/v2\/types\/product"}],"wp:featuredmedia":[{"embeddable":true,"href":"https:\/\/www.tovefevang.no\/shop\/wp-json\/wp\/v2\/media\/8342"}],"wp:attachment":[{"href":"https:\/\/www.tovefevang.no\/shop\/wp-json\/wp\/v2\/media?parent=8334"}],"wp:term":[{"taxonomy":"product_brand","embeddable":true,"href":"https:\/\/www.tovefevang.no\/shop\/wp-json\/wp\/v2\/product_brand?post=8334"},{"taxonomy":"product_cat","embeddable":true,"href":"https:\/\/www.tovefevang.no\/shop\/wp-json\/wp\/v2\/product_cat?post=8334"},{"taxonomy":"product_tag","embeddable":true,"href":"https:\/\/www.tovefevang.no\/shop\/wp-json\/wp\/v2\/product_tag?post=8334"}],"curies":[{"name":"wp","href":"https:\/\/api.w.org\/{rel}","templated":true}]}}