{"id":7611,"date":"2025-06-26T15:56:44","date_gmt":"2025-06-26T13:56:44","guid":{"rendered":"https:\/\/www.tovefevang.no\/shop\/?post_type=product&#038;p=7611"},"modified":"2026-01-07T11:02:09","modified_gmt":"2026-01-07T10:02:09","slug":"sara-yogasokker-leggvarmere","status":"publish","type":"product","link":"https:\/\/www.tovefevang.no\/shop\/produkt\/sara-yogasokker-leggvarmere\/","title":{"rendered":"Sara yogasokker\/leggvarmere"},"content":{"rendered":"\n<p><strong>ST\u00d8RRELSE:<\/strong><br>Dame one size<\/p>\n\n\n\n<p><strong>MATERIALER og GARNFORBRUK:<br><\/strong>Ultra, Jamiesons of Shetland (50 % shetlandsull 50 % lamull) 25 g = ca. 194 meter = 1 n\u00f8ste<br>eller<br>Meadow, The fibre co (40 % wool, 25 % Llama, 20 % lin, 15% silk) 100 g = ca. 498 m = 1 hespe\/bunt<\/p>\n\n\n\n<p><strong>ALTERNATIV 1, Ultra fra Jamiesons of Shetland<\/strong>\u00a0<br>Eesit f. nr. 105, 50 g<br>eller<br>Azure f.nr. 137, 50 g<br>eller<br>Frosted Grape f.nr. 565, 50 g<\/p>\n\n\n\n<p><strong>ALTERNATIV 2, Meadow fra The Fibre co<\/strong><br>Prairie f. nr. MD140z, 100 g<\/p>\n\n\n\n<p><strong>PINNER:<\/strong><br>ChiaoGoo rund-p 100 cm nr. 2,5 (= 75\u00a0 cm vaier og 13 cm pinnetupper)\u00a0<br><br><strong>STRIKKEFASTHET:\u00a0<\/strong><br>32 masker strukturstrikk iUltra fra Jamiesons of Shetland og med pinner nr. 2,5 = 10 cm<br><br><strong>TILBEH\u00d8R:<\/strong><br>10 maskemark\u00f8rer<\/p>\n\n\n\n<p><\/p>\n\n\n\n<p><\/p>\n\n\n\n<p><\/p>\n","protected":false},"excerpt":{"rendered":"<p><!-- wp:paragraph --><\/p>\n<p><!-- wp:paragraph --><\/p>\n<p><!-- wp:paragraph --><\/p>\n<p>Sara yogasokker\/leggvarmere er strikket i garnet\u00a0 Ultra fra Jamiesons of Shetland, det er et tynt garn i en blanding av 50 % shetlands ull og 50 % lammeull. Sara yogasokker\/leggvarmere, holder deg varm p\u00e5 legg og fot, samtidig har den \u00e5pen h\u00e6l og t\u00e5, slik f\u00e5r man bedre \u201dgrep\u201d og \u201dbalanse\u201d n\u00e5r yoga\u00f8velsene utf\u00f8res. Selv er jeg er gammel turner og for meg s\u00e5 er slike \u201dsokker\u201d brukt allerede p\u00e5 60- og 70-tallet de var supre b\u00e5de til frittst\u00e5ende og bom&#8230; og p\u00e5 den tiden kunne vi ikke om ordet Yoga, men vi kalte de for leggvarmere!<br \/>Sara yogasokkene\/leggvarmere er lagt opp med Italiensk opplegg, det gj\u00f8r ogs\u00e5 at jeg kan begynne \u00e5 strikke vrangborden rett etter opplegget og det ser ut som vrangborden kommer ingensteds ifra&#8230; Strukturm\u00f8nsteret i Sara yogasokker\/leggvarmere er det samme som i Sara poncho.<br \/>Sara poncho ble egentlig laget som et yogateppe, inntil jeg fant ut at med noen knappehull i den ene siden kunne det jo bli en poncho ogs\u00e5&#8230;<br \/>Sara yogasokker er et fint tilbeh\u00f8r Sara poncho&#8230;.<!-- \/wp:paragraph --><\/p>\n<p>Yogasokkene\/leggvarmerne er \u00abformstrikket\u00bb til foten og er s\u00e5 tynne at de kan ogs\u00e5 brukes ha rett ned i b\u00e5de sko og joggesko selv med en tynn sokk under, n\u00e5r man \u00f8nsker litt ekstra varme p\u00e5 leggen. Derfor m\u00e5 ogs\u00e5 yogasokkene\/leggvarmerne sitte tett til foten, noe disse gj\u00f8r!<\/p>\n<p><strong>I oppskriften finner du ogs\u00e5 link til 6 unike videoer som gir ekstra forklaringer p\u00e5 ulike steg i arbeidet og mange trinn for trinn bilder som hjelper deg gjennom oppskriften.<\/strong><\/p>\n<p><strong>ST\u00d8RRELSER:<br \/><\/strong>Dame one size<\/p>\n<p><!-- \/wp:paragraph --><\/p>\n<p><!-- wp:paragraph --><\/p>\n<p><strong>MATERIALER og GARNFORBRUK:<br \/><\/strong><!-- wp:paragraph -->Ultra, Jamiesons of Shetland (50 % shetlandsull 50 % lamull) 25 g = ca. 194 meter = 1 n\u00f8ste<br \/>eller<br \/>Meadow, The fibre co (40 % wool, 25 % Llama, 20 % lin, 15% silk) 100 g = ca. 498 m = 1 hespe\/bunt<br \/><strong>ALTERNATIV 1, Ultra fra Jamiesons of Shetland<\/strong>\u00a0<br \/>Eesit f. nr. 105, 50 g<br \/>eller<br \/>Azure f.nr. 137, 50 g<br \/>eller<br \/>Frosted Grape f.nr. 565, 50 g<\/p>\n<p><!-- \/wp:paragraph --><\/p>\n<p><!-- wp:paragraph --><\/p>\n<p><strong>ALTERNATIV 2, Meadow fra The Fibre co<\/strong><br \/>Prairie f. nr. MD140z, 100 g<\/p>\n<p><strong>PINNER:<\/strong><br \/>ChiaoGoo rund-p 100 cm nr. 2,5 (= 75\u00a0 cm vaier og 13 cm pinnetupper)\u00a0<\/p>\n<p><strong>STRIKKEFASTHET:\u00a0<\/strong><br \/>32 masker strukturstrikk med Ultra fra Jamiesons of Shetland og med pinner nr. 2,5 = 10 cm<\/p>\n<p><strong>TILBEH\u00d8R:<\/strong><br \/>10 maskemark\u00f8rer<\/p>\n<p><!-- \/wp:paragraph --><\/p>\n<p><!-- wp:paragraph --><\/p>\n<p><!-- \/wp:paragraph --><\/p>\n<p><!-- wp:paragraph --><\/p>\n<p><!-- \/wp:paragraph --><\/p>\n<p><!-- wp:paragraph --><\/p>\n<p><!-- \/wp:paragraph --><\/p>\n<p><!-- wp:paragraph --><\/p>\n<p><!-- \/wp:paragraph --><\/p>\n","protected":false},"author":1,"featured_media":7613,"template":"","meta":{"advgb_blocks_editor_width":"","advgb_blocks_columns_visual_guide":""},"product_brand":[],"product_cat":[18,20],"product_tag":[],"class_list":{"0":"post-7611","1":"product","2":"type-product","3":"status-publish","4":"has-post-thumbnail","6":"product_cat-oppskrift","7":"product_cat-sokker","9":"first","10":"instock","11":"downloadable","12":"virtual","13":"sold-individually","14":"taxable","15":"purchasable","16":"product-type-simple"},"yoast_head":"<!-- This site is optimized with the Yoast SEO plugin v27.4 - https:\/\/yoast.com\/product\/yoast-seo-wordpress\/ -->\n<title>Sara yogasokker\/leggvarmere - Idestuen AS - Tove Fevang<\/title>\n<meta name=\"robots\" content=\"index, follow, max-snippet:-1, max-image-preview:large, max-video-preview:-1\" \/>\n<link rel=\"canonical\" href=\"https:\/\/www.tovefevang.no\/shop\/produkt\/sara-yogasokker-leggvarmere\/\" \/>\n<meta property=\"og:locale\" content=\"nb_NO\" \/>\n<meta property=\"og:type\" content=\"article\" \/>\n<meta property=\"og:title\" content=\"Sara yogasokker\/leggvarmere - Idestuen AS - Tove Fevang\" \/>\n<meta property=\"og:description\" content=\"Sara yogasokker\/leggvarmere er strikket i garnet\u00a0 Ultra fra Jamiesons of Shetland, det er et tynt garn i en blanding av 50 % shetlands ull og 50 % lammeull. Sara yogasokker\/leggvarmere, holder deg varm p\u00e5 legg og fot, samtidig har den \u00e5pen h\u00e6l og t\u00e5, slik f\u00e5r man bedre \u201dgrep\u201d og \u201dbalanse\u201d n\u00e5r yoga\u00f8velsene utf\u00f8res. Selv er jeg er gammel turner og for meg s\u00e5 er slike \u201dsokker\u201d brukt allerede p\u00e5 60- og 70-tallet de var supre b\u00e5de til frittst\u00e5ende og bom... og p\u00e5 den tiden kunne vi ikke om ordet Yoga, men vi kalte de for leggvarmere!Sara yogasokkene\/leggvarmere er lagt opp med Italiensk opplegg, det gj\u00f8r ogs\u00e5 at jeg kan begynne \u00e5 strikke vrangborden rett etter opplegget og det ser ut som vrangborden kommer ingensteds ifra... Strukturm\u00f8nsteret i Sara yogasokker\/leggvarmere er det samme som i Sara poncho.Sara poncho ble egentlig laget som et yogateppe, inntil jeg fant ut at med noen knappehull i den ene siden kunne det jo bli en poncho ogs\u00e5...Sara yogasokker er et fint tilbeh\u00f8r Sara poncho.... Yogasokkene\/leggvarmerne er \u00abformstrikket\u00bb til foten og er s\u00e5 tynne at de kan ogs\u00e5 brukes ha rett ned i b\u00e5de sko og joggesko selv med en tynn sokk under, n\u00e5r man \u00f8nsker litt ekstra varme p\u00e5 leggen. Derfor m\u00e5 ogs\u00e5 yogasokkene\/leggvarmerne sitte tett til foten, noe disse gj\u00f8r! I oppskriften finner du ogs\u00e5 link til 6 unike videoer som gir ekstra forklaringer p\u00e5 ulike steg i arbeidet og mange trinn for trinn bilder som hjelper deg gjennom oppskriften. ST\u00d8RRELSER:Dame one size    MATERIALER og GARNFORBRUK:Ultra, Jamiesons of Shetland (50 % shetlandsull 50 % lamull) 25 g = ca. 194 meter = 1 n\u00f8steellerMeadow, The fibre co (40 % wool, 25 % Llama, 20 % lin, 15% silk) 100 g = ca. 498 m = 1 hespe\/buntALTERNATIV 1, Ultra fra Jamiesons of Shetland\u00a0Eesit f. nr. 105, 50 gellerAzure f.nr. 137, 50 gellerFrosted Grape f.nr. 565, 50 g    ALTERNATIV 2, Meadow fra The Fibre coPrairie f. nr. MD140z, 100 gPINNER:ChiaoGoo rund-p 100 cm nr. 2,5 (= 75\u00a0 cm vaier og 13 cm pinnetupper)\u00a0STRIKKEFASTHET:\u00a032 masker strukturstrikk med Ultra fra Jamiesons of Shetland og med pinner nr. 2,5 = 10 cm TILBEH\u00d8R:10 maskemark\u00f8rer\" \/>\n<meta property=\"og:url\" content=\"https:\/\/www.tovefevang.no\/shop\/produkt\/sara-yogasokker-leggvarmere\/\" \/>\n<meta property=\"og:site_name\" content=\"Idestuen AS - Tove Fevang\" \/>\n<meta property=\"article:publisher\" content=\"https:\/\/www.facebook.com\/tovefevang.no\" \/>\n<meta property=\"article:modified_time\" content=\"2026-01-07T10:02:09+00:00\" \/>\n<meta property=\"og:image\" content=\"https:\/\/www.tovefevang.no\/shop\/wp-content\/uploads\/sites\/2\/2025\/06\/DSC09758-1920x1200_70-q70.jpg\" \/>\n\t<meta property=\"og:image:width\" content=\"1509\" \/>\n\t<meta property=\"og:image:height\" content=\"1200\" \/>\n\t<meta property=\"og:image:type\" content=\"image\/jpeg\" \/>\n<meta name=\"twitter:card\" content=\"summary_large_image\" \/>\n<meta name=\"twitter:label1\" content=\"Ansl. lesetid\" \/>\n\t<meta name=\"twitter:data1\" content=\"1 minutt\" \/>\n<script type=\"application\/ld+json\" class=\"yoast-schema-graph\">{\"@context\":\"https:\\\/\\\/schema.org\",\"@graph\":[{\"@type\":\"WebPage\",\"@id\":\"https:\\\/\\\/www.tovefevang.no\\\/shop\\\/produkt\\\/sara-yogasokker-leggvarmere\\\/\",\"url\":\"https:\\\/\\\/www.tovefevang.no\\\/shop\\\/produkt\\\/sara-yogasokker-leggvarmere\\\/\",\"name\":\"Sara yogasokker\\\/leggvarmere - Idestuen AS - Tove Fevang\",\"isPartOf\":{\"@id\":\"https:\\\/\\\/www.tovefevang.no\\\/shop\\\/#website\"},\"primaryImageOfPage\":{\"@id\":\"https:\\\/\\\/www.tovefevang.no\\\/shop\\\/produkt\\\/sara-yogasokker-leggvarmere\\\/#primaryimage\"},\"image\":{\"@id\":\"https:\\\/\\\/www.tovefevang.no\\\/shop\\\/produkt\\\/sara-yogasokker-leggvarmere\\\/#primaryimage\"},\"thumbnailUrl\":\"https:\\\/\\\/www.tovefevang.no\\\/shop\\\/wp-content\\\/uploads\\\/sites\\\/2\\\/2025\\\/06\\\/DSC09758-1920x1200_70-q70.jpg\",\"datePublished\":\"2025-06-26T13:56:44+00:00\",\"dateModified\":\"2026-01-07T10:02:09+00:00\",\"breadcrumb\":{\"@id\":\"https:\\\/\\\/www.tovefevang.no\\\/shop\\\/produkt\\\/sara-yogasokker-leggvarmere\\\/#breadcrumb\"},\"inLanguage\":\"nb-NO\",\"potentialAction\":[{\"@type\":\"ReadAction\",\"target\":[\"https:\\\/\\\/www.tovefevang.no\\\/shop\\\/produkt\\\/sara-yogasokker-leggvarmere\\\/\"]}]},{\"@type\":\"ImageObject\",\"inLanguage\":\"nb-NO\",\"@id\":\"https:\\\/\\\/www.tovefevang.no\\\/shop\\\/produkt\\\/sara-yogasokker-leggvarmere\\\/#primaryimage\",\"url\":\"https:\\\/\\\/www.tovefevang.no\\\/shop\\\/wp-content\\\/uploads\\\/sites\\\/2\\\/2025\\\/06\\\/DSC09758-1920x1200_70-q70.jpg\",\"contentUrl\":\"https:\\\/\\\/www.tovefevang.no\\\/shop\\\/wp-content\\\/uploads\\\/sites\\\/2\\\/2025\\\/06\\\/DSC09758-1920x1200_70-q70.jpg\",\"width\":1509,\"height\":1200},{\"@type\":\"BreadcrumbList\",\"@id\":\"https:\\\/\\\/www.tovefevang.no\\\/shop\\\/produkt\\\/sara-yogasokker-leggvarmere\\\/#breadcrumb\",\"itemListElement\":[{\"@type\":\"ListItem\",\"position\":1,\"name\":\"Hjem\",\"item\":\"https:\\\/\\\/www.tovefevang.no\\\/shop\\\/\"},{\"@type\":\"ListItem\",\"position\":2,\"name\":\"Nettbutikk\",\"item\":\"https:\\\/\\\/www.tovefevang.no\\\/shop\\\/butikk\\\/\"},{\"@type\":\"ListItem\",\"position\":3,\"name\":\"Sara yogasokker\\\/leggvarmere\"}]},{\"@type\":\"WebSite\",\"@id\":\"https:\\\/\\\/www.tovefevang.no\\\/shop\\\/#website\",\"url\":\"https:\\\/\\\/www.tovefevang.no\\\/shop\\\/\",\"name\":\"Idestuen AS - Tove Fevang\",\"description\":\"Idestuen AS - Tove Fevang\",\"publisher\":{\"@id\":\"https:\\\/\\\/www.tovefevang.no\\\/shop\\\/#organization\"},\"potentialAction\":[{\"@type\":\"SearchAction\",\"target\":{\"@type\":\"EntryPoint\",\"urlTemplate\":\"https:\\\/\\\/www.tovefevang.no\\\/shop\\\/?s={search_term_string}\"},\"query-input\":{\"@type\":\"PropertyValueSpecification\",\"valueRequired\":true,\"valueName\":\"search_term_string\"}}],\"inLanguage\":\"nb-NO\"},{\"@type\":\"Organization\",\"@id\":\"https:\\\/\\\/www.tovefevang.no\\\/shop\\\/#organization\",\"name\":\"Idestuen AS - Tove Fevang\",\"url\":\"https:\\\/\\\/www.tovefevang.no\\\/shop\\\/\",\"logo\":{\"@type\":\"ImageObject\",\"inLanguage\":\"nb-NO\",\"@id\":\"https:\\\/\\\/www.tovefevang.no\\\/shop\\\/#\\\/schema\\\/logo\\\/image\\\/\",\"url\":\"https:\\\/\\\/www.tovefevang.no\\\/shop\\\/wp-content\\\/uploads\\\/sites\\\/2\\\/2023\\\/11\\\/tovefevang-logo-1950_500.png\",\"contentUrl\":\"https:\\\/\\\/www.tovefevang.no\\\/shop\\\/wp-content\\\/uploads\\\/sites\\\/2\\\/2023\\\/11\\\/tovefevang-logo-1950_500.png\",\"width\":708,\"height\":181,\"caption\":\"Idestuen AS - Tove Fevang\"},\"image\":{\"@id\":\"https:\\\/\\\/www.tovefevang.no\\\/shop\\\/#\\\/schema\\\/logo\\\/image\\\/\"},\"sameAs\":[\"https:\\\/\\\/www.facebook.com\\\/tovefevang.no\"]}]}<\/script>\n<!-- \/ Yoast SEO plugin. -->","yoast_head_json":{"title":"Sara yogasokker\/leggvarmere - Idestuen AS - Tove Fevang","robots":{"index":"index","follow":"follow","max-snippet":"max-snippet:-1","max-image-preview":"max-image-preview:large","max-video-preview":"max-video-preview:-1"},"canonical":"https:\/\/www.tovefevang.no\/shop\/produkt\/sara-yogasokker-leggvarmere\/","og_locale":"nb_NO","og_type":"article","og_title":"Sara yogasokker\/leggvarmere - Idestuen AS - Tove Fevang","og_description":"Sara yogasokker\/leggvarmere er strikket i garnet\u00a0 Ultra fra Jamiesons of Shetland, det er et tynt garn i en blanding av 50 % shetlands ull og 50 % lammeull. Sara yogasokker\/leggvarmere, holder deg varm p\u00e5 legg og fot, samtidig har den \u00e5pen h\u00e6l og t\u00e5, slik f\u00e5r man bedre \u201dgrep\u201d og \u201dbalanse\u201d n\u00e5r yoga\u00f8velsene utf\u00f8res. Selv er jeg er gammel turner og for meg s\u00e5 er slike \u201dsokker\u201d brukt allerede p\u00e5 60- og 70-tallet de var supre b\u00e5de til frittst\u00e5ende og bom... og p\u00e5 den tiden kunne vi ikke om ordet Yoga, men vi kalte de for leggvarmere!Sara yogasokkene\/leggvarmere er lagt opp med Italiensk opplegg, det gj\u00f8r ogs\u00e5 at jeg kan begynne \u00e5 strikke vrangborden rett etter opplegget og det ser ut som vrangborden kommer ingensteds ifra... Strukturm\u00f8nsteret i Sara yogasokker\/leggvarmere er det samme som i Sara poncho.Sara poncho ble egentlig laget som et yogateppe, inntil jeg fant ut at med noen knappehull i den ene siden kunne det jo bli en poncho ogs\u00e5...Sara yogasokker er et fint tilbeh\u00f8r Sara poncho.... Yogasokkene\/leggvarmerne er \u00abformstrikket\u00bb til foten og er s\u00e5 tynne at de kan ogs\u00e5 brukes ha rett ned i b\u00e5de sko og joggesko selv med en tynn sokk under, n\u00e5r man \u00f8nsker litt ekstra varme p\u00e5 leggen. Derfor m\u00e5 ogs\u00e5 yogasokkene\/leggvarmerne sitte tett til foten, noe disse gj\u00f8r! I oppskriften finner du ogs\u00e5 link til 6 unike videoer som gir ekstra forklaringer p\u00e5 ulike steg i arbeidet og mange trinn for trinn bilder som hjelper deg gjennom oppskriften. ST\u00d8RRELSER:Dame one size    MATERIALER og GARNFORBRUK:Ultra, Jamiesons of Shetland (50 % shetlandsull 50 % lamull) 25 g = ca. 194 meter = 1 n\u00f8steellerMeadow, The fibre co (40 % wool, 25 % Llama, 20 % lin, 15% silk) 100 g = ca. 498 m = 1 hespe\/buntALTERNATIV 1, Ultra fra Jamiesons of Shetland\u00a0Eesit f. nr. 105, 50 gellerAzure f.nr. 137, 50 gellerFrosted Grape f.nr. 565, 50 g    ALTERNATIV 2, Meadow fra The Fibre coPrairie f. nr. MD140z, 100 gPINNER:ChiaoGoo rund-p 100 cm nr. 2,5 (= 75\u00a0 cm vaier og 13 cm pinnetupper)\u00a0STRIKKEFASTHET:\u00a032 masker strukturstrikk med Ultra fra Jamiesons of Shetland og med pinner nr. 2,5 = 10 cm TILBEH\u00d8R:10 maskemark\u00f8rer","og_url":"https:\/\/www.tovefevang.no\/shop\/produkt\/sara-yogasokker-leggvarmere\/","og_site_name":"Idestuen AS - Tove Fevang","article_publisher":"https:\/\/www.facebook.com\/tovefevang.no","article_modified_time":"2026-01-07T10:02:09+00:00","og_image":[{"width":1509,"height":1200,"url":"https:\/\/www.tovefevang.no\/shop\/wp-content\/uploads\/sites\/2\/2025\/06\/DSC09758-1920x1200_70-q70.jpg","type":"image\/jpeg"}],"twitter_card":"summary_large_image","twitter_misc":{"Ansl. lesetid":"1 minutt"},"schema":{"@context":"https:\/\/schema.org","@graph":[{"@type":"WebPage","@id":"https:\/\/www.tovefevang.no\/shop\/produkt\/sara-yogasokker-leggvarmere\/","url":"https:\/\/www.tovefevang.no\/shop\/produkt\/sara-yogasokker-leggvarmere\/","name":"Sara yogasokker\/leggvarmere - Idestuen AS - Tove Fevang","isPartOf":{"@id":"https:\/\/www.tovefevang.no\/shop\/#website"},"primaryImageOfPage":{"@id":"https:\/\/www.tovefevang.no\/shop\/produkt\/sara-yogasokker-leggvarmere\/#primaryimage"},"image":{"@id":"https:\/\/www.tovefevang.no\/shop\/produkt\/sara-yogasokker-leggvarmere\/#primaryimage"},"thumbnailUrl":"https:\/\/www.tovefevang.no\/shop\/wp-content\/uploads\/sites\/2\/2025\/06\/DSC09758-1920x1200_70-q70.jpg","datePublished":"2025-06-26T13:56:44+00:00","dateModified":"2026-01-07T10:02:09+00:00","breadcrumb":{"@id":"https:\/\/www.tovefevang.no\/shop\/produkt\/sara-yogasokker-leggvarmere\/#breadcrumb"},"inLanguage":"nb-NO","potentialAction":[{"@type":"ReadAction","target":["https:\/\/www.tovefevang.no\/shop\/produkt\/sara-yogasokker-leggvarmere\/"]}]},{"@type":"ImageObject","inLanguage":"nb-NO","@id":"https:\/\/www.tovefevang.no\/shop\/produkt\/sara-yogasokker-leggvarmere\/#primaryimage","url":"https:\/\/www.tovefevang.no\/shop\/wp-content\/uploads\/sites\/2\/2025\/06\/DSC09758-1920x1200_70-q70.jpg","contentUrl":"https:\/\/www.tovefevang.no\/shop\/wp-content\/uploads\/sites\/2\/2025\/06\/DSC09758-1920x1200_70-q70.jpg","width":1509,"height":1200},{"@type":"BreadcrumbList","@id":"https:\/\/www.tovefevang.no\/shop\/produkt\/sara-yogasokker-leggvarmere\/#breadcrumb","itemListElement":[{"@type":"ListItem","position":1,"name":"Hjem","item":"https:\/\/www.tovefevang.no\/shop\/"},{"@type":"ListItem","position":2,"name":"Nettbutikk","item":"https:\/\/www.tovefevang.no\/shop\/butikk\/"},{"@type":"ListItem","position":3,"name":"Sara yogasokker\/leggvarmere"}]},{"@type":"WebSite","@id":"https:\/\/www.tovefevang.no\/shop\/#website","url":"https:\/\/www.tovefevang.no\/shop\/","name":"Idestuen AS - Tove Fevang","description":"Idestuen AS - Tove Fevang","publisher":{"@id":"https:\/\/www.tovefevang.no\/shop\/#organization"},"potentialAction":[{"@type":"SearchAction","target":{"@type":"EntryPoint","urlTemplate":"https:\/\/www.tovefevang.no\/shop\/?s={search_term_string}"},"query-input":{"@type":"PropertyValueSpecification","valueRequired":true,"valueName":"search_term_string"}}],"inLanguage":"nb-NO"},{"@type":"Organization","@id":"https:\/\/www.tovefevang.no\/shop\/#organization","name":"Idestuen AS - Tove Fevang","url":"https:\/\/www.tovefevang.no\/shop\/","logo":{"@type":"ImageObject","inLanguage":"nb-NO","@id":"https:\/\/www.tovefevang.no\/shop\/#\/schema\/logo\/image\/","url":"https:\/\/www.tovefevang.no\/shop\/wp-content\/uploads\/sites\/2\/2023\/11\/tovefevang-logo-1950_500.png","contentUrl":"https:\/\/www.tovefevang.no\/shop\/wp-content\/uploads\/sites\/2\/2023\/11\/tovefevang-logo-1950_500.png","width":708,"height":181,"caption":"Idestuen AS - Tove Fevang"},"image":{"@id":"https:\/\/www.tovefevang.no\/shop\/#\/schema\/logo\/image\/"},"sameAs":["https:\/\/www.facebook.com\/tovefevang.no"]}]}},"featured_img":"https:\/\/www.tovefevang.no\/shop\/wp-content\/uploads\/sites\/2\/2025\/06\/DSC09758-1920x1200_70-q70.jpg","coauthors":[],"author_meta":{"author_link":"https:\/\/www.tovefevang.no\/shop\/author\/tove\/","display_name":"Tove Fevang"},"relative_dates":{"created":"Publisert 10 m\u00e5neder siden","modified":"Oppdatert 4 m\u00e5neder siden"},"absolute_dates":{"created":"Publisert 26. juni 2025","modified":"Oppdatert 7. januar 2026"},"absolute_dates_time":{"created":"Publisert 26. juni 2025 15:56","modified":"Oppdatert 7. januar 2026 11:02"},"featured_img_caption":"","tax_additional":{"product_brand":{"linked":[],"unlinked":[],"slug":"product_brand","name":"Merker"},"product_type":{"linked":["<a href=\"https:\/\/www.tovefevang.no\/shop\/?taxonomy=product_type&#038;term=simple\" class=\"advgb-post-tax-term\">simple<\/a>"],"unlinked":["<span class=\"advgb-post-tax-term\">simple<\/span>"],"slug":"product_type","name":"Produkttype"},"product_visibility":{"linked":[],"unlinked":[],"slug":"product_visibility","name":"Produktsynlighet"},"product_cat":{"linked":["<a href=\"https:\/\/www.tovefevang.no\/shop\/produktkategori\/produkter\/oppskrift\/\" class=\"advgb-post-tax-term\">Oppskrifter<\/a>","<a href=\"https:\/\/www.tovefevang.no\/shop\/produktkategori\/produkter\/oppskrift\/sokker\/\" class=\"advgb-post-tax-term\">Sokker<\/a>"],"unlinked":["<span class=\"advgb-post-tax-term\">Oppskrifter<\/span>","<span class=\"advgb-post-tax-term\">Sokker<\/span>"],"slug":"product_cat","name":"Produktkategorier"},"product_tag":{"linked":[],"unlinked":[],"slug":"product_tag","name":"Produktstikkord"},"product_shipping_class":{"linked":[],"unlinked":[],"slug":"product_shipping_class","name":"Produkt fraktklasse"},"pos_product_visibility":{"linked":[],"unlinked":[],"slug":"pos_product_visibility","name":"POS Product visibility"},"pa_color":{"linked":[],"unlinked":[],"slug":"pa_color","name":"Produkt Farge"},"pa_size":{"linked":[],"unlinked":[],"slug":"pa_size","name":"Produkt St\u00f8rrelse"}},"series_order":"","_links":{"self":[{"href":"https:\/\/www.tovefevang.no\/shop\/wp-json\/wp\/v2\/product\/7611","targetHints":{"allow":["GET"]}}],"collection":[{"href":"https:\/\/www.tovefevang.no\/shop\/wp-json\/wp\/v2\/product"}],"about":[{"href":"https:\/\/www.tovefevang.no\/shop\/wp-json\/wp\/v2\/types\/product"}],"wp:featuredmedia":[{"embeddable":true,"href":"https:\/\/www.tovefevang.no\/shop\/wp-json\/wp\/v2\/media\/7613"}],"wp:attachment":[{"href":"https:\/\/www.tovefevang.no\/shop\/wp-json\/wp\/v2\/media?parent=7611"}],"wp:term":[{"taxonomy":"product_brand","embeddable":true,"href":"https:\/\/www.tovefevang.no\/shop\/wp-json\/wp\/v2\/product_brand?post=7611"},{"taxonomy":"product_cat","embeddable":true,"href":"https:\/\/www.tovefevang.no\/shop\/wp-json\/wp\/v2\/product_cat?post=7611"},{"taxonomy":"product_tag","embeddable":true,"href":"https:\/\/www.tovefevang.no\/shop\/wp-json\/wp\/v2\/product_tag?post=7611"}],"curies":[{"name":"wp","href":"https:\/\/api.w.org\/{rel}","templated":true}]}}