{"id":719,"date":"2023-12-04T21:11:24","date_gmt":"2023-12-04T20:11:24","guid":{"rendered":"https:\/\/www.tovefevang.no\/shop\/?post_type=product&#038;p=719"},"modified":"2026-04-07T09:34:11","modified_gmt":"2026-04-07T07:34:11","slug":"chiaogoo-twist-lace-small-pinnesett","status":"publish","type":"product","link":"https:\/\/www.tovefevang.no\/shop\/produkt\/chiaogoo-twist-lace-small-pinnesett\/","title":{"rendered":"ChiaoGoo TWIST LACE SMALL pinnesett"},"content":{"rendered":"\n<p>sssssss<\/p>\n","protected":false},"excerpt":{"rendered":"<p>Pinnesett med utskiftbare rundpinner fra ChiaoGoo i de mellom pinnest\u00f8rrelsene = SMALL pinner.<br \/>13 cm pinnetupper laget av kirurgisk rustfritt st\u00e5l str. 2,75 &#8211; 3,25 \u2013 3,5 &#8211; 3,75 \u2013 4,0 \u2013 4,5 \u2013 5 mm og 3 lengder (35 \u2013 55 &#8211; 75 cm) l\u00f8se vaiere. <br \/>Pinnetupper og vaier skrudd sammen gir 60 &#8211; 80\u00a0 og 100 cm rundpinner. <br \/>TWIST\u2122 r\u00f8de vaiere er minnefrie! De best\u00e5r av en flertr\u00e5det st\u00e5lkabel belagt med r\u00f8d nylon. <br \/>Med settet\u00a0 f\u00f8lger, 2 stk endestoppere, T-krok (strammen\u00f8kler) og maskemark\u00f8rer, samt en kobling til \u00e5 sette sammen to vaiere til \u00f8nsket lengde, pinnem\u00e5l og hjerteformet gummigriper (praktisk for \u00e5 kunne stramme pinne og vaier).\u00a0<br \/>Pinnemappe i bomull lukkes med glidel\u00e5s p\u00e5 tre sider og en utvendig glidel\u00e5s lomme til oppbevaring av sm\u00e5saker.<\/p>\n<p>ChiaoGoo har livtidsgaranti p\u00e5 pinner og vaier ved produksjonsfeil, dog ikke p\u00e5 slitasje og feilbruk, dessverre.<\/p>\n<p><a href=\"https:\/\/www.tovefevang.no\/blog\/2026\/04\/05\/chiaogoo-strikkepinner-du-fortjener-det-beste-2-2\/\">Les mer om ChiaoGoo her<\/a><\/p>\n","protected":false},"author":4,"featured_media":1034,"template":"","meta":{"advgb_blocks_editor_width":"","advgb_blocks_columns_visual_guide":""},"product_brand":[],"product_cat":[27,66],"product_tag":[],"class_list":{"0":"post-719","1":"product","2":"type-product","3":"status-publish","4":"has-post-thumbnail","6":"product_cat-chiagoo","7":"product_cat-pinnesett","9":"first","10":"instock","11":"taxable","12":"shipping-taxable","13":"purchasable","14":"product-type-simple"},"yoast_head":"<!-- This site is optimized with the Yoast SEO plugin v27.4 - https:\/\/yoast.com\/product\/yoast-seo-wordpress\/ -->\n<title>ChiaoGoo TWIST LACE SMALL pinnesett - Idestuen AS - Tove Fevang<\/title>\n<meta name=\"robots\" content=\"index, follow, max-snippet:-1, max-image-preview:large, max-video-preview:-1\" \/>\n<link rel=\"canonical\" href=\"https:\/\/www.tovefevang.no\/shop\/produkt\/chiaogoo-twist-lace-small-pinnesett\/\" \/>\n<meta property=\"og:locale\" content=\"nb_NO\" \/>\n<meta property=\"og:type\" content=\"article\" \/>\n<meta property=\"og:title\" content=\"ChiaoGoo TWIST LACE SMALL pinnesett - Idestuen AS - Tove Fevang\" \/>\n<meta property=\"og:description\" content=\"Pinnesett med utskiftbare rundpinner fra ChiaoGoo i de mellom pinnest\u00f8rrelsene = SMALL pinner.13 cm pinnetupper laget av kirurgisk rustfritt st\u00e5l str. 2,75 - 3,25 \u2013 3,5 - 3,75 \u2013 4,0 \u2013 4,5 \u2013 5 mm og 3 lengder (35 \u2013 55 - 75 cm) l\u00f8se vaiere. Pinnetupper og vaier skrudd sammen gir 60 - 80\u00a0 og 100 cm rundpinner. TWIST\u2122 r\u00f8de vaiere er minnefrie! De best\u00e5r av en flertr\u00e5det st\u00e5lkabel belagt med r\u00f8d nylon. Med settet\u00a0 f\u00f8lger, 2 stk endestoppere, T-krok (strammen\u00f8kler) og maskemark\u00f8rer, samt en kobling til \u00e5 sette sammen to vaiere til \u00f8nsket lengde, pinnem\u00e5l og hjerteformet gummigriper (praktisk for \u00e5 kunne stramme pinne og vaier).\u00a0Pinnemappe i bomull lukkes med glidel\u00e5s p\u00e5 tre sider og en utvendig glidel\u00e5s lomme til oppbevaring av sm\u00e5saker. ChiaoGoo har livtidsgaranti p\u00e5 pinner og vaier ved produksjonsfeil, dog ikke p\u00e5 slitasje og feilbruk, dessverre. Les mer om ChiaoGoo her\" \/>\n<meta property=\"og:url\" content=\"https:\/\/www.tovefevang.no\/shop\/produkt\/chiaogoo-twist-lace-small-pinnesett\/\" \/>\n<meta property=\"og:site_name\" content=\"Idestuen AS - Tove Fevang\" \/>\n<meta property=\"article:publisher\" content=\"https:\/\/www.facebook.com\/tovefevang.no\" \/>\n<meta property=\"article:modified_time\" content=\"2026-04-07T07:34:11+00:00\" \/>\n<meta property=\"og:image\" content=\"https:\/\/www.tovefevang.no\/shop\/wp-content\/uploads\/sites\/2\/2023\/12\/7500-S-2.png\" \/>\n\t<meta property=\"og:image:width\" content=\"336\" \/>\n\t<meta property=\"og:image:height\" content=\"409\" \/>\n\t<meta property=\"og:image:type\" content=\"image\/png\" \/>\n<meta name=\"twitter:card\" content=\"summary_large_image\" \/>\n<meta name=\"twitter:label1\" content=\"Ansl. lesetid\" \/>\n\t<meta name=\"twitter:data1\" content=\"1 minutt\" \/>\n<script type=\"application\/ld+json\" class=\"yoast-schema-graph\">{\"@context\":\"https:\\\/\\\/schema.org\",\"@graph\":[{\"@type\":\"WebPage\",\"@id\":\"https:\\\/\\\/www.tovefevang.no\\\/shop\\\/produkt\\\/chiaogoo-twist-lace-small-pinnesett\\\/\",\"url\":\"https:\\\/\\\/www.tovefevang.no\\\/shop\\\/produkt\\\/chiaogoo-twist-lace-small-pinnesett\\\/\",\"name\":\"ChiaoGoo TWIST LACE SMALL pinnesett - Idestuen AS - Tove Fevang\",\"isPartOf\":{\"@id\":\"https:\\\/\\\/www.tovefevang.no\\\/shop\\\/#website\"},\"primaryImageOfPage\":{\"@id\":\"https:\\\/\\\/www.tovefevang.no\\\/shop\\\/produkt\\\/chiaogoo-twist-lace-small-pinnesett\\\/#primaryimage\"},\"image\":{\"@id\":\"https:\\\/\\\/www.tovefevang.no\\\/shop\\\/produkt\\\/chiaogoo-twist-lace-small-pinnesett\\\/#primaryimage\"},\"thumbnailUrl\":\"https:\\\/\\\/www.tovefevang.no\\\/shop\\\/wp-content\\\/uploads\\\/sites\\\/2\\\/2023\\\/12\\\/7500-S-2.png\",\"datePublished\":\"2023-12-04T20:11:24+00:00\",\"dateModified\":\"2026-04-07T07:34:11+00:00\",\"breadcrumb\":{\"@id\":\"https:\\\/\\\/www.tovefevang.no\\\/shop\\\/produkt\\\/chiaogoo-twist-lace-small-pinnesett\\\/#breadcrumb\"},\"inLanguage\":\"nb-NO\",\"potentialAction\":[{\"@type\":\"ReadAction\",\"target\":[\"https:\\\/\\\/www.tovefevang.no\\\/shop\\\/produkt\\\/chiaogoo-twist-lace-small-pinnesett\\\/\"]}]},{\"@type\":\"ImageObject\",\"inLanguage\":\"nb-NO\",\"@id\":\"https:\\\/\\\/www.tovefevang.no\\\/shop\\\/produkt\\\/chiaogoo-twist-lace-small-pinnesett\\\/#primaryimage\",\"url\":\"https:\\\/\\\/www.tovefevang.no\\\/shop\\\/wp-content\\\/uploads\\\/sites\\\/2\\\/2023\\\/12\\\/7500-S-2.png\",\"contentUrl\":\"https:\\\/\\\/www.tovefevang.no\\\/shop\\\/wp-content\\\/uploads\\\/sites\\\/2\\\/2023\\\/12\\\/7500-S-2.png\",\"width\":336,\"height\":409},{\"@type\":\"BreadcrumbList\",\"@id\":\"https:\\\/\\\/www.tovefevang.no\\\/shop\\\/produkt\\\/chiaogoo-twist-lace-small-pinnesett\\\/#breadcrumb\",\"itemListElement\":[{\"@type\":\"ListItem\",\"position\":1,\"name\":\"Hjem\",\"item\":\"https:\\\/\\\/www.tovefevang.no\\\/shop\\\/\"},{\"@type\":\"ListItem\",\"position\":2,\"name\":\"Nettbutikk\",\"item\":\"https:\\\/\\\/www.tovefevang.no\\\/shop\\\/butikk\\\/\"},{\"@type\":\"ListItem\",\"position\":3,\"name\":\"ChiaoGoo TWIST LACE SMALL pinnesett\"}]},{\"@type\":\"WebSite\",\"@id\":\"https:\\\/\\\/www.tovefevang.no\\\/shop\\\/#website\",\"url\":\"https:\\\/\\\/www.tovefevang.no\\\/shop\\\/\",\"name\":\"Idestuen AS - Tove Fevang\",\"description\":\"Idestuen AS - Tove Fevang\",\"publisher\":{\"@id\":\"https:\\\/\\\/www.tovefevang.no\\\/shop\\\/#organization\"},\"potentialAction\":[{\"@type\":\"SearchAction\",\"target\":{\"@type\":\"EntryPoint\",\"urlTemplate\":\"https:\\\/\\\/www.tovefevang.no\\\/shop\\\/?s={search_term_string}\"},\"query-input\":{\"@type\":\"PropertyValueSpecification\",\"valueRequired\":true,\"valueName\":\"search_term_string\"}}],\"inLanguage\":\"nb-NO\"},{\"@type\":\"Organization\",\"@id\":\"https:\\\/\\\/www.tovefevang.no\\\/shop\\\/#organization\",\"name\":\"Idestuen AS - Tove Fevang\",\"url\":\"https:\\\/\\\/www.tovefevang.no\\\/shop\\\/\",\"logo\":{\"@type\":\"ImageObject\",\"inLanguage\":\"nb-NO\",\"@id\":\"https:\\\/\\\/www.tovefevang.no\\\/shop\\\/#\\\/schema\\\/logo\\\/image\\\/\",\"url\":\"https:\\\/\\\/www.tovefevang.no\\\/shop\\\/wp-content\\\/uploads\\\/sites\\\/2\\\/2023\\\/11\\\/tovefevang-logo-1950_500.png\",\"contentUrl\":\"https:\\\/\\\/www.tovefevang.no\\\/shop\\\/wp-content\\\/uploads\\\/sites\\\/2\\\/2023\\\/11\\\/tovefevang-logo-1950_500.png\",\"width\":708,\"height\":181,\"caption\":\"Idestuen AS - Tove Fevang\"},\"image\":{\"@id\":\"https:\\\/\\\/www.tovefevang.no\\\/shop\\\/#\\\/schema\\\/logo\\\/image\\\/\"},\"sameAs\":[\"https:\\\/\\\/www.facebook.com\\\/tovefevang.no\"]}]}<\/script>\n<!-- \/ Yoast SEO plugin. -->","yoast_head_json":{"title":"ChiaoGoo TWIST LACE SMALL pinnesett - Idestuen AS - Tove Fevang","robots":{"index":"index","follow":"follow","max-snippet":"max-snippet:-1","max-image-preview":"max-image-preview:large","max-video-preview":"max-video-preview:-1"},"canonical":"https:\/\/www.tovefevang.no\/shop\/produkt\/chiaogoo-twist-lace-small-pinnesett\/","og_locale":"nb_NO","og_type":"article","og_title":"ChiaoGoo TWIST LACE SMALL pinnesett - Idestuen AS - Tove Fevang","og_description":"Pinnesett med utskiftbare rundpinner fra ChiaoGoo i de mellom pinnest\u00f8rrelsene = SMALL pinner.13 cm pinnetupper laget av kirurgisk rustfritt st\u00e5l str. 2,75 - 3,25 \u2013 3,5 - 3,75 \u2013 4,0 \u2013 4,5 \u2013 5 mm og 3 lengder (35 \u2013 55 - 75 cm) l\u00f8se vaiere. Pinnetupper og vaier skrudd sammen gir 60 - 80\u00a0 og 100 cm rundpinner. TWIST\u2122 r\u00f8de vaiere er minnefrie! De best\u00e5r av en flertr\u00e5det st\u00e5lkabel belagt med r\u00f8d nylon. Med settet\u00a0 f\u00f8lger, 2 stk endestoppere, T-krok (strammen\u00f8kler) og maskemark\u00f8rer, samt en kobling til \u00e5 sette sammen to vaiere til \u00f8nsket lengde, pinnem\u00e5l og hjerteformet gummigriper (praktisk for \u00e5 kunne stramme pinne og vaier).\u00a0Pinnemappe i bomull lukkes med glidel\u00e5s p\u00e5 tre sider og en utvendig glidel\u00e5s lomme til oppbevaring av sm\u00e5saker. ChiaoGoo har livtidsgaranti p\u00e5 pinner og vaier ved produksjonsfeil, dog ikke p\u00e5 slitasje og feilbruk, dessverre. Les mer om ChiaoGoo her","og_url":"https:\/\/www.tovefevang.no\/shop\/produkt\/chiaogoo-twist-lace-small-pinnesett\/","og_site_name":"Idestuen AS - Tove Fevang","article_publisher":"https:\/\/www.facebook.com\/tovefevang.no","article_modified_time":"2026-04-07T07:34:11+00:00","og_image":[{"width":336,"height":409,"url":"https:\/\/www.tovefevang.no\/shop\/wp-content\/uploads\/sites\/2\/2023\/12\/7500-S-2.png","type":"image\/png"}],"twitter_card":"summary_large_image","twitter_misc":{"Ansl. lesetid":"1 minutt"},"schema":{"@context":"https:\/\/schema.org","@graph":[{"@type":"WebPage","@id":"https:\/\/www.tovefevang.no\/shop\/produkt\/chiaogoo-twist-lace-small-pinnesett\/","url":"https:\/\/www.tovefevang.no\/shop\/produkt\/chiaogoo-twist-lace-small-pinnesett\/","name":"ChiaoGoo TWIST LACE SMALL pinnesett - Idestuen AS - Tove Fevang","isPartOf":{"@id":"https:\/\/www.tovefevang.no\/shop\/#website"},"primaryImageOfPage":{"@id":"https:\/\/www.tovefevang.no\/shop\/produkt\/chiaogoo-twist-lace-small-pinnesett\/#primaryimage"},"image":{"@id":"https:\/\/www.tovefevang.no\/shop\/produkt\/chiaogoo-twist-lace-small-pinnesett\/#primaryimage"},"thumbnailUrl":"https:\/\/www.tovefevang.no\/shop\/wp-content\/uploads\/sites\/2\/2023\/12\/7500-S-2.png","datePublished":"2023-12-04T20:11:24+00:00","dateModified":"2026-04-07T07:34:11+00:00","breadcrumb":{"@id":"https:\/\/www.tovefevang.no\/shop\/produkt\/chiaogoo-twist-lace-small-pinnesett\/#breadcrumb"},"inLanguage":"nb-NO","potentialAction":[{"@type":"ReadAction","target":["https:\/\/www.tovefevang.no\/shop\/produkt\/chiaogoo-twist-lace-small-pinnesett\/"]}]},{"@type":"ImageObject","inLanguage":"nb-NO","@id":"https:\/\/www.tovefevang.no\/shop\/produkt\/chiaogoo-twist-lace-small-pinnesett\/#primaryimage","url":"https:\/\/www.tovefevang.no\/shop\/wp-content\/uploads\/sites\/2\/2023\/12\/7500-S-2.png","contentUrl":"https:\/\/www.tovefevang.no\/shop\/wp-content\/uploads\/sites\/2\/2023\/12\/7500-S-2.png","width":336,"height":409},{"@type":"BreadcrumbList","@id":"https:\/\/www.tovefevang.no\/shop\/produkt\/chiaogoo-twist-lace-small-pinnesett\/#breadcrumb","itemListElement":[{"@type":"ListItem","position":1,"name":"Hjem","item":"https:\/\/www.tovefevang.no\/shop\/"},{"@type":"ListItem","position":2,"name":"Nettbutikk","item":"https:\/\/www.tovefevang.no\/shop\/butikk\/"},{"@type":"ListItem","position":3,"name":"ChiaoGoo TWIST LACE SMALL pinnesett"}]},{"@type":"WebSite","@id":"https:\/\/www.tovefevang.no\/shop\/#website","url":"https:\/\/www.tovefevang.no\/shop\/","name":"Idestuen AS - Tove Fevang","description":"Idestuen AS - Tove Fevang","publisher":{"@id":"https:\/\/www.tovefevang.no\/shop\/#organization"},"potentialAction":[{"@type":"SearchAction","target":{"@type":"EntryPoint","urlTemplate":"https:\/\/www.tovefevang.no\/shop\/?s={search_term_string}"},"query-input":{"@type":"PropertyValueSpecification","valueRequired":true,"valueName":"search_term_string"}}],"inLanguage":"nb-NO"},{"@type":"Organization","@id":"https:\/\/www.tovefevang.no\/shop\/#organization","name":"Idestuen AS - Tove Fevang","url":"https:\/\/www.tovefevang.no\/shop\/","logo":{"@type":"ImageObject","inLanguage":"nb-NO","@id":"https:\/\/www.tovefevang.no\/shop\/#\/schema\/logo\/image\/","url":"https:\/\/www.tovefevang.no\/shop\/wp-content\/uploads\/sites\/2\/2023\/11\/tovefevang-logo-1950_500.png","contentUrl":"https:\/\/www.tovefevang.no\/shop\/wp-content\/uploads\/sites\/2\/2023\/11\/tovefevang-logo-1950_500.png","width":708,"height":181,"caption":"Idestuen AS - Tove Fevang"},"image":{"@id":"https:\/\/www.tovefevang.no\/shop\/#\/schema\/logo\/image\/"},"sameAs":["https:\/\/www.facebook.com\/tovefevang.no"]}]}},"featured_img":"https:\/\/www.tovefevang.no\/shop\/wp-content\/uploads\/sites\/2\/2023\/12\/7500-S-2.png","coauthors":[],"author_meta":{"author_link":"https:\/\/www.tovefevang.no\/shop\/author\/geiradmin\/","display_name":"Geir Arnesen"},"relative_dates":{"created":"Publisert 2 \u00e5r siden","modified":"Oppdatert 2 uker siden"},"absolute_dates":{"created":"Publisert 4. desember 2023","modified":"Oppdatert 7. april 2026"},"absolute_dates_time":{"created":"Publisert 4. desember 2023 21:11","modified":"Oppdatert 7. april 2026 09:34"},"featured_img_caption":"","tax_additional":{"product_brand":{"linked":[],"unlinked":[],"slug":"product_brand","name":"Merker"},"product_type":{"linked":["<a href=\"https:\/\/www.tovefevang.no\/shop\/?taxonomy=product_type&#038;term=simple\" class=\"advgb-post-tax-term\">simple<\/a>"],"unlinked":["<span class=\"advgb-post-tax-term\">simple<\/span>"],"slug":"product_type","name":"Produkttype"},"product_visibility":{"linked":[],"unlinked":[],"slug":"product_visibility","name":"Produktsynlighet"},"product_cat":{"linked":["<a href=\"https:\/\/www.tovefevang.no\/shop\/produktkategori\/produkter\/chiagoo\/\" class=\"advgb-post-tax-term\">ChiaoGoo strikkepinner og tilbeh\u00f8r<\/a>","<a href=\"https:\/\/www.tovefevang.no\/shop\/produktkategori\/produkter\/chiagoo\/pinnesett\/\" class=\"advgb-post-tax-term\">Pinnesett<\/a>"],"unlinked":["<span class=\"advgb-post-tax-term\">ChiaoGoo strikkepinner og tilbeh\u00f8r<\/span>","<span class=\"advgb-post-tax-term\">Pinnesett<\/span>"],"slug":"product_cat","name":"Produktkategorier"},"product_tag":{"linked":[],"unlinked":[],"slug":"product_tag","name":"Produktstikkord"},"product_shipping_class":{"linked":[],"unlinked":[],"slug":"product_shipping_class","name":"Produkt fraktklasse"},"pos_product_visibility":{"linked":[],"unlinked":[],"slug":"pos_product_visibility","name":"POS Product visibility"},"pa_color":{"linked":[],"unlinked":[],"slug":"pa_color","name":"Produkt Farge"},"pa_size":{"linked":[],"unlinked":[],"slug":"pa_size","name":"Produkt St\u00f8rrelse"}},"series_order":"","_links":{"self":[{"href":"https:\/\/www.tovefevang.no\/shop\/wp-json\/wp\/v2\/product\/719","targetHints":{"allow":["GET"]}}],"collection":[{"href":"https:\/\/www.tovefevang.no\/shop\/wp-json\/wp\/v2\/product"}],"about":[{"href":"https:\/\/www.tovefevang.no\/shop\/wp-json\/wp\/v2\/types\/product"}],"wp:featuredmedia":[{"embeddable":true,"href":"https:\/\/www.tovefevang.no\/shop\/wp-json\/wp\/v2\/media\/1034"}],"wp:attachment":[{"href":"https:\/\/www.tovefevang.no\/shop\/wp-json\/wp\/v2\/media?parent=719"}],"wp:term":[{"taxonomy":"product_brand","embeddable":true,"href":"https:\/\/www.tovefevang.no\/shop\/wp-json\/wp\/v2\/product_brand?post=719"},{"taxonomy":"product_cat","embeddable":true,"href":"https:\/\/www.tovefevang.no\/shop\/wp-json\/wp\/v2\/product_cat?post=719"},{"taxonomy":"product_tag","embeddable":true,"href":"https:\/\/www.tovefevang.no\/shop\/wp-json\/wp\/v2\/product_tag?post=719"}],"curies":[{"name":"wp","href":"https:\/\/api.w.org\/{rel}","templated":true}]}}