{"id":6781,"date":"2025-02-22T15:08:14","date_gmt":"2025-02-22T14:08:14","guid":{"rendered":"https:\/\/www.tovefevang.no\/shop\/?post_type=product&#038;p=6781"},"modified":"2026-03-30T17:44:36","modified_gmt":"2026-03-30T15:44:36","slug":"burra-lue-i-fair-isle-garnpakke","status":"publish","type":"product","link":"https:\/\/www.tovefevang.no\/shop\/produkt\/burra-lue-i-fair-isle-garnpakke\/","title":{"rendered":"Burra lue i Fair Isle &#8211; garnpakke"},"content":{"rendered":"\n<p><strong>ST\u00d8RRELSE:<br><\/strong>Dame ca. 54-59 cm hode omkrets<\/p>\n\n\n\n<p><strong>MATERIALER:<\/strong><br>Spindrift fra Jamieson of Shetland (100 % shetlandsull), 25 g = ca. 105 meter = 1 n\u00f8ste<br><br>Garnpakken er laget med Spindrift garnet og har tilpassende n\u00f8ster i forhold til hva du trenger av hver farge til en lue. Du har fire forskjellige garnpakke alternativer \u00e5 velge mellom, se nedenfor.<br><strong>Husk BURRA lue oppskriften m\u00e5 kj\u00f8pes separat i nettbutikken og lastes ned direkte.<\/strong><br><a href=\"https:\/\/www.tovefevang.no\/shop\/produkt\/burra-lue-i-fair-isle\/\">Kj\u00f8pes her.<\/a><\/p>\n\n\n\n<h2 class=\"wp-block-heading\">Garnpakke alternativ 1, bl\u00e5 bunnfarge med gyldent m\u00f8nster <\/h2>\n\n\n\n<figure class=\"wp-block-gallery has-nested-images columns-default is-cropped wp-block-gallery-1 is-layout-flex wp-block-gallery-is-layout-flex\">\n<figure class=\"wp-block-image size-large\"><img loading=\"lazy\" decoding=\"async\" width=\"1024\" height=\"783\" data-id=\"6772\" src=\"https:\/\/www.tovefevang.no\/shop\/wp-content\/uploads\/sites\/2\/2025\/02\/DSC05694-l2400-72dpi-1024x783.jpg\" alt=\"\" class=\"wp-image-6772\" srcset=\"https:\/\/www.tovefevang.no\/shop\/wp-content\/uploads\/sites\/2\/2025\/02\/DSC05694-l2400-72dpi-1024x783.jpg 1024w, https:\/\/www.tovefevang.no\/shop\/wp-content\/uploads\/sites\/2\/2025\/02\/DSC05694-l2400-72dpi-300x230.jpg 300w, https:\/\/www.tovefevang.no\/shop\/wp-content\/uploads\/sites\/2\/2025\/02\/DSC05694-l2400-72dpi-768x588.jpg 768w, https:\/\/www.tovefevang.no\/shop\/wp-content\/uploads\/sites\/2\/2025\/02\/DSC05694-l2400-72dpi-1536x1175.jpg 1536w, https:\/\/www.tovefevang.no\/shop\/wp-content\/uploads\/sites\/2\/2025\/02\/DSC05694-l2400-72dpi-2048x1567.jpg 2048w, https:\/\/www.tovefevang.no\/shop\/wp-content\/uploads\/sites\/2\/2025\/02\/DSC05694-l2400-72dpi-416x318.jpg 416w\" sizes=\"auto, (max-width: 1024px) 100vw, 1024px\" \/><\/figure>\n<\/figure>\n\n\n\n<p><strong>BURRA LUE<br>ALTERNATIV 1, BL\u00c5 BUNNFARGE<\/strong> <strong>med GYLDENT M\u00d8NSTER<\/strong> med tilpassende n\u00f8ster i forhold til hvor mye du trenger til en lue.<br>Farge 1, Midnight f.nr. 160<br>Farge 2, Mooskit f.nr. 106 <br>Farge 3, Camel f.nr. 141<br>Farge 4, Wren. f.nr. 246<br>Farge 5, Sunset f.nr. 186 eller Damask f.nr.567, 25 g<\/p>\n\n\n\n<h2 class=\"wp-block-heading\">Garnpakke alternativ 2, lys bunnfarge med bl\u00e5tt m\u00f8nster <\/h2>\n\n\n\n<figure class=\"wp-block-gallery has-nested-images columns-default is-cropped wp-block-gallery-2 is-layout-flex wp-block-gallery-is-layout-flex\">\n<figure class=\"wp-block-image size-large\"><img loading=\"lazy\" decoding=\"async\" width=\"1024\" height=\"783\" data-id=\"6773\" src=\"https:\/\/www.tovefevang.no\/shop\/wp-content\/uploads\/sites\/2\/2025\/02\/DSC05695-l2400-72dpi-1024x783.jpg\" alt=\"\" class=\"wp-image-6773\" srcset=\"https:\/\/www.tovefevang.no\/shop\/wp-content\/uploads\/sites\/2\/2025\/02\/DSC05695-l2400-72dpi-1024x783.jpg 1024w, https:\/\/www.tovefevang.no\/shop\/wp-content\/uploads\/sites\/2\/2025\/02\/DSC05695-l2400-72dpi-300x230.jpg 300w, https:\/\/www.tovefevang.no\/shop\/wp-content\/uploads\/sites\/2\/2025\/02\/DSC05695-l2400-72dpi-768x588.jpg 768w, https:\/\/www.tovefevang.no\/shop\/wp-content\/uploads\/sites\/2\/2025\/02\/DSC05695-l2400-72dpi-1536x1175.jpg 1536w, https:\/\/www.tovefevang.no\/shop\/wp-content\/uploads\/sites\/2\/2025\/02\/DSC05695-l2400-72dpi-2048x1567.jpg 2048w, https:\/\/www.tovefevang.no\/shop\/wp-content\/uploads\/sites\/2\/2025\/02\/DSC05695-l2400-72dpi-416x318.jpg 416w\" sizes=\"auto, (max-width: 1024px) 100vw, 1024px\" \/><\/figure>\n<\/figure>\n\n\n\n<p><strong>BURRA LUE<\/strong><br><strong>ALTERNATIV 2, LYS BUNNFARGE<\/strong> <strong>med BL\u00c5TT M\u00d8NSTER<\/strong> med tilpassende n\u00f8ster i forhold til hvor mye du trenger til en lue.<br>Farge 1, Midnight f.nr. 160<br>Farge 2, Eesit f.nr. 105<br>Farge 3, Highland mist f.nr. 1390<br>Farge 4, Pacific f.nr. 763<br>Farge 5, Sunset f.nr. 186 eller Damask f.nr.567, 25 g<\/p>\n\n\n\n<h2 class=\"wp-block-heading\">Garnpakke alternativ 3, lys bunnfarge med burgunder m\u00f8nster <\/h2>\n\n\n\n<figure class=\"wp-block-gallery has-nested-images columns-default is-cropped wp-block-gallery-3 is-layout-flex wp-block-gallery-is-layout-flex\">\n<figure class=\"wp-block-image size-large\"><img loading=\"lazy\" decoding=\"async\" width=\"1024\" height=\"783\" data-id=\"6771\" src=\"https:\/\/www.tovefevang.no\/shop\/wp-content\/uploads\/sites\/2\/2025\/02\/DSC05692-l2400-72dpi-1024x783.jpg\" alt=\"\" class=\"wp-image-6771\" srcset=\"https:\/\/www.tovefevang.no\/shop\/wp-content\/uploads\/sites\/2\/2025\/02\/DSC05692-l2400-72dpi-1024x783.jpg 1024w, https:\/\/www.tovefevang.no\/shop\/wp-content\/uploads\/sites\/2\/2025\/02\/DSC05692-l2400-72dpi-300x230.jpg 300w, https:\/\/www.tovefevang.no\/shop\/wp-content\/uploads\/sites\/2\/2025\/02\/DSC05692-l2400-72dpi-768x588.jpg 768w, https:\/\/www.tovefevang.no\/shop\/wp-content\/uploads\/sites\/2\/2025\/02\/DSC05692-l2400-72dpi-1536x1175.jpg 1536w, https:\/\/www.tovefevang.no\/shop\/wp-content\/uploads\/sites\/2\/2025\/02\/DSC05692-l2400-72dpi-2048x1567.jpg 2048w, https:\/\/www.tovefevang.no\/shop\/wp-content\/uploads\/sites\/2\/2025\/02\/DSC05692-l2400-72dpi-416x318.jpg 416w\" sizes=\"auto, (max-width: 1024px) 100vw, 1024px\" \/><\/figure>\n<\/figure>\n\n\n\n<p><strong>BURRA LUE<\/strong><br><strong>ALTERNATIV 3, LYS BUNNFARGE<\/strong> <strong>med BURGUNDER M\u00d8NSTER<\/strong> med tilpassende n\u00f8ster i forhold til hvor mye du trenger til en lue.<br>Farge 1, Port Wine f.nr.293<br>Farge 2, Sand f.nr.183<br>Farge 3, Damask f.nr.567<br>Farge 4, Bramble f.nr.155<br>Farge 5, Titanic f.nr.151<\/p>\n\n\n\n<h2 class=\"wp-block-heading\">Garnpakke alternativ 4, lys bunnfarge med gr\u00f8nt m\u00f8nster <\/h2>\n\n\n\n<figure class=\"wp-block-gallery has-nested-images columns-default is-cropped wp-block-gallery-4 is-layout-flex wp-block-gallery-is-layout-flex\">\n<figure class=\"wp-block-image size-large\"><img loading=\"lazy\" decoding=\"async\" width=\"1024\" height=\"783\" data-id=\"6770\" src=\"https:\/\/www.tovefevang.no\/shop\/wp-content\/uploads\/sites\/2\/2025\/02\/DSC05691-l2400-72dpi-1024x783.jpg\" alt=\"\" class=\"wp-image-6770\" srcset=\"https:\/\/www.tovefevang.no\/shop\/wp-content\/uploads\/sites\/2\/2025\/02\/DSC05691-l2400-72dpi-1024x783.jpg 1024w, https:\/\/www.tovefevang.no\/shop\/wp-content\/uploads\/sites\/2\/2025\/02\/DSC05691-l2400-72dpi-300x230.jpg 300w, https:\/\/www.tovefevang.no\/shop\/wp-content\/uploads\/sites\/2\/2025\/02\/DSC05691-l2400-72dpi-768x588.jpg 768w, https:\/\/www.tovefevang.no\/shop\/wp-content\/uploads\/sites\/2\/2025\/02\/DSC05691-l2400-72dpi-1536x1175.jpg 1536w, https:\/\/www.tovefevang.no\/shop\/wp-content\/uploads\/sites\/2\/2025\/02\/DSC05691-l2400-72dpi-2048x1567.jpg 2048w, https:\/\/www.tovefevang.no\/shop\/wp-content\/uploads\/sites\/2\/2025\/02\/DSC05691-l2400-72dpi-416x318.jpg 416w\" sizes=\"auto, (max-width: 1024px) 100vw, 1024px\" \/><\/figure>\n<\/figure>\n\n\n\n<p><strong>BURRA LUE<\/strong><br><strong>ALTERNATIV 4, LYS BUNNFARGE<\/strong> <strong>med GR\u00d8NT M\u00d8NSTER<\/strong> med tilpassende n\u00f8ster i forhold til hvor mye du trenger til en lue.<br>Farge 1, Olive f.nr.825<br>Farge 2, Eesit\/White f.nr.120 eller Ivory f.nr.343<br>Farge 3, Majoram f.nr.489<br>Farge 4, Seaweed f.nr.253<br>Farge 5, Crimson f.nr.525 eller Madder f.nr.587\u00a0<\/p>\n\n\n\n<p><\/p>\n","protected":false},"excerpt":{"rendered":"<p><strong>Husk BURRA lue oppskriften m\u00e5 kj\u00f8pes separat i nettbutikken og lastes ned direkte.<\/strong><br \/><a href=\"https:\/\/www.tovefevang.no\/shop\/produkt\/burra-lue-i-fair-isle\/\">Kj\u00f8pes her.<\/a><\/p>\n","protected":false},"author":1,"featured_media":6775,"template":"","meta":{"advgb_blocks_editor_width":"","advgb_blocks_columns_visual_guide":""},"product_brand":[],"product_cat":[33],"product_tag":[],"class_list":{"0":"post-6781","1":"product","2":"type-product","3":"status-publish","4":"has-post-thumbnail","6":"product_cat-garnpakker","8":"first","9":"onbackorder","10":"taxable","11":"shipping-taxable","12":"purchasable","13":"product-type-variable","14":"wvs-archive-product-wrapper"},"yoast_head":"<!-- This site is optimized with the Yoast SEO plugin v27.4 - https:\/\/yoast.com\/product\/yoast-seo-wordpress\/ -->\n<title>Burra lue i Fair Isle - garnpakke - Idestuen AS - Tove Fevang<\/title>\n<meta name=\"robots\" content=\"index, follow, max-snippet:-1, max-image-preview:large, max-video-preview:-1\" \/>\n<link rel=\"canonical\" href=\"https:\/\/www.tovefevang.no\/shop\/produkt\/burra-lue-i-fair-isle-garnpakke\/\" \/>\n<meta property=\"og:locale\" content=\"nb_NO\" \/>\n<meta property=\"og:type\" content=\"article\" \/>\n<meta property=\"og:title\" content=\"Burra lue i Fair Isle - garnpakke - Idestuen AS - Tove Fevang\" \/>\n<meta property=\"og:description\" content=\"Husk BURRA lue oppskriften m\u00e5 kj\u00f8pes separat i nettbutikken og lastes ned direkte.Kj\u00f8pes her.\" \/>\n<meta property=\"og:url\" content=\"https:\/\/www.tovefevang.no\/shop\/produkt\/burra-lue-i-fair-isle-garnpakke\/\" \/>\n<meta property=\"og:site_name\" content=\"Idestuen AS - Tove Fevang\" \/>\n<meta property=\"article:publisher\" content=\"https:\/\/www.facebook.com\/tovefevang.no\" \/>\n<meta property=\"article:modified_time\" content=\"2026-03-30T15:44:36+00:00\" \/>\n<meta property=\"og:image\" content=\"https:\/\/www.tovefevang.no\/shop\/wp-content\/uploads\/sites\/2\/2025\/02\/Burra-lue-collage-1007x1024.png\" \/>\n\t<meta property=\"og:image:width\" content=\"1007\" \/>\n\t<meta property=\"og:image:height\" content=\"1024\" \/>\n\t<meta property=\"og:image:type\" content=\"image\/png\" \/>\n<meta name=\"twitter:card\" content=\"summary_large_image\" \/>\n<meta name=\"twitter:label1\" content=\"Ansl. lesetid\" \/>\n\t<meta name=\"twitter:data1\" content=\"3 minutter\" \/>\n<script type=\"application\/ld+json\" class=\"yoast-schema-graph\">{\"@context\":\"https:\\\/\\\/schema.org\",\"@graph\":[{\"@type\":\"WebPage\",\"@id\":\"https:\\\/\\\/www.tovefevang.no\\\/shop\\\/produkt\\\/burra-lue-i-fair-isle-garnpakke\\\/\",\"url\":\"https:\\\/\\\/www.tovefevang.no\\\/shop\\\/produkt\\\/burra-lue-i-fair-isle-garnpakke\\\/\",\"name\":\"Burra lue i Fair Isle - garnpakke - Idestuen AS - Tove Fevang\",\"isPartOf\":{\"@id\":\"https:\\\/\\\/www.tovefevang.no\\\/shop\\\/#website\"},\"primaryImageOfPage\":{\"@id\":\"https:\\\/\\\/www.tovefevang.no\\\/shop\\\/produkt\\\/burra-lue-i-fair-isle-garnpakke\\\/#primaryimage\"},\"image\":{\"@id\":\"https:\\\/\\\/www.tovefevang.no\\\/shop\\\/produkt\\\/burra-lue-i-fair-isle-garnpakke\\\/#primaryimage\"},\"thumbnailUrl\":\"https:\\\/\\\/www.tovefevang.no\\\/shop\\\/wp-content\\\/uploads\\\/sites\\\/2\\\/2025\\\/02\\\/Burra-lue-collage.png\",\"datePublished\":\"2025-02-22T14:08:14+00:00\",\"dateModified\":\"2026-03-30T15:44:36+00:00\",\"breadcrumb\":{\"@id\":\"https:\\\/\\\/www.tovefevang.no\\\/shop\\\/produkt\\\/burra-lue-i-fair-isle-garnpakke\\\/#breadcrumb\"},\"inLanguage\":\"nb-NO\",\"potentialAction\":[{\"@type\":\"ReadAction\",\"target\":[\"https:\\\/\\\/www.tovefevang.no\\\/shop\\\/produkt\\\/burra-lue-i-fair-isle-garnpakke\\\/\"]}]},{\"@type\":\"ImageObject\",\"inLanguage\":\"nb-NO\",\"@id\":\"https:\\\/\\\/www.tovefevang.no\\\/shop\\\/produkt\\\/burra-lue-i-fair-isle-garnpakke\\\/#primaryimage\",\"url\":\"https:\\\/\\\/www.tovefevang.no\\\/shop\\\/wp-content\\\/uploads\\\/sites\\\/2\\\/2025\\\/02\\\/Burra-lue-collage.png\",\"contentUrl\":\"https:\\\/\\\/www.tovefevang.no\\\/shop\\\/wp-content\\\/uploads\\\/sites\\\/2\\\/2025\\\/02\\\/Burra-lue-collage.png\",\"width\":1172,\"height\":1192},{\"@type\":\"BreadcrumbList\",\"@id\":\"https:\\\/\\\/www.tovefevang.no\\\/shop\\\/produkt\\\/burra-lue-i-fair-isle-garnpakke\\\/#breadcrumb\",\"itemListElement\":[{\"@type\":\"ListItem\",\"position\":1,\"name\":\"Hjem\",\"item\":\"https:\\\/\\\/www.tovefevang.no\\\/shop\\\/\"},{\"@type\":\"ListItem\",\"position\":2,\"name\":\"Nettbutikk\",\"item\":\"https:\\\/\\\/www.tovefevang.no\\\/shop\\\/butikk\\\/\"},{\"@type\":\"ListItem\",\"position\":3,\"name\":\"Burra lue i Fair Isle &#8211; garnpakke\"}]},{\"@type\":\"WebSite\",\"@id\":\"https:\\\/\\\/www.tovefevang.no\\\/shop\\\/#website\",\"url\":\"https:\\\/\\\/www.tovefevang.no\\\/shop\\\/\",\"name\":\"Idestuen AS - Tove Fevang\",\"description\":\"Idestuen AS - Tove Fevang\",\"publisher\":{\"@id\":\"https:\\\/\\\/www.tovefevang.no\\\/shop\\\/#organization\"},\"potentialAction\":[{\"@type\":\"SearchAction\",\"target\":{\"@type\":\"EntryPoint\",\"urlTemplate\":\"https:\\\/\\\/www.tovefevang.no\\\/shop\\\/?s={search_term_string}\"},\"query-input\":{\"@type\":\"PropertyValueSpecification\",\"valueRequired\":true,\"valueName\":\"search_term_string\"}}],\"inLanguage\":\"nb-NO\"},{\"@type\":\"Organization\",\"@id\":\"https:\\\/\\\/www.tovefevang.no\\\/shop\\\/#organization\",\"name\":\"Idestuen AS - Tove Fevang\",\"url\":\"https:\\\/\\\/www.tovefevang.no\\\/shop\\\/\",\"logo\":{\"@type\":\"ImageObject\",\"inLanguage\":\"nb-NO\",\"@id\":\"https:\\\/\\\/www.tovefevang.no\\\/shop\\\/#\\\/schema\\\/logo\\\/image\\\/\",\"url\":\"https:\\\/\\\/www.tovefevang.no\\\/shop\\\/wp-content\\\/uploads\\\/sites\\\/2\\\/2023\\\/11\\\/tovefevang-logo-1950_500.png\",\"contentUrl\":\"https:\\\/\\\/www.tovefevang.no\\\/shop\\\/wp-content\\\/uploads\\\/sites\\\/2\\\/2023\\\/11\\\/tovefevang-logo-1950_500.png\",\"width\":708,\"height\":181,\"caption\":\"Idestuen AS - Tove Fevang\"},\"image\":{\"@id\":\"https:\\\/\\\/www.tovefevang.no\\\/shop\\\/#\\\/schema\\\/logo\\\/image\\\/\"},\"sameAs\":[\"https:\\\/\\\/www.facebook.com\\\/tovefevang.no\"]}]}<\/script>\n<!-- \/ Yoast SEO plugin. -->","yoast_head_json":{"title":"Burra lue i Fair Isle - garnpakke - Idestuen AS - Tove Fevang","robots":{"index":"index","follow":"follow","max-snippet":"max-snippet:-1","max-image-preview":"max-image-preview:large","max-video-preview":"max-video-preview:-1"},"canonical":"https:\/\/www.tovefevang.no\/shop\/produkt\/burra-lue-i-fair-isle-garnpakke\/","og_locale":"nb_NO","og_type":"article","og_title":"Burra lue i Fair Isle - garnpakke - Idestuen AS - Tove Fevang","og_description":"Husk BURRA lue oppskriften m\u00e5 kj\u00f8pes separat i nettbutikken og lastes ned direkte.Kj\u00f8pes her.","og_url":"https:\/\/www.tovefevang.no\/shop\/produkt\/burra-lue-i-fair-isle-garnpakke\/","og_site_name":"Idestuen AS - Tove Fevang","article_publisher":"https:\/\/www.facebook.com\/tovefevang.no","article_modified_time":"2026-03-30T15:44:36+00:00","og_image":[{"width":1007,"height":1024,"url":"https:\/\/www.tovefevang.no\/shop\/wp-content\/uploads\/sites\/2\/2025\/02\/Burra-lue-collage-1007x1024.png","type":"image\/png"}],"twitter_card":"summary_large_image","twitter_misc":{"Ansl. lesetid":"3 minutter"},"schema":{"@context":"https:\/\/schema.org","@graph":[{"@type":"WebPage","@id":"https:\/\/www.tovefevang.no\/shop\/produkt\/burra-lue-i-fair-isle-garnpakke\/","url":"https:\/\/www.tovefevang.no\/shop\/produkt\/burra-lue-i-fair-isle-garnpakke\/","name":"Burra lue i Fair Isle - garnpakke - Idestuen AS - Tove Fevang","isPartOf":{"@id":"https:\/\/www.tovefevang.no\/shop\/#website"},"primaryImageOfPage":{"@id":"https:\/\/www.tovefevang.no\/shop\/produkt\/burra-lue-i-fair-isle-garnpakke\/#primaryimage"},"image":{"@id":"https:\/\/www.tovefevang.no\/shop\/produkt\/burra-lue-i-fair-isle-garnpakke\/#primaryimage"},"thumbnailUrl":"https:\/\/www.tovefevang.no\/shop\/wp-content\/uploads\/sites\/2\/2025\/02\/Burra-lue-collage.png","datePublished":"2025-02-22T14:08:14+00:00","dateModified":"2026-03-30T15:44:36+00:00","breadcrumb":{"@id":"https:\/\/www.tovefevang.no\/shop\/produkt\/burra-lue-i-fair-isle-garnpakke\/#breadcrumb"},"inLanguage":"nb-NO","potentialAction":[{"@type":"ReadAction","target":["https:\/\/www.tovefevang.no\/shop\/produkt\/burra-lue-i-fair-isle-garnpakke\/"]}]},{"@type":"ImageObject","inLanguage":"nb-NO","@id":"https:\/\/www.tovefevang.no\/shop\/produkt\/burra-lue-i-fair-isle-garnpakke\/#primaryimage","url":"https:\/\/www.tovefevang.no\/shop\/wp-content\/uploads\/sites\/2\/2025\/02\/Burra-lue-collage.png","contentUrl":"https:\/\/www.tovefevang.no\/shop\/wp-content\/uploads\/sites\/2\/2025\/02\/Burra-lue-collage.png","width":1172,"height":1192},{"@type":"BreadcrumbList","@id":"https:\/\/www.tovefevang.no\/shop\/produkt\/burra-lue-i-fair-isle-garnpakke\/#breadcrumb","itemListElement":[{"@type":"ListItem","position":1,"name":"Hjem","item":"https:\/\/www.tovefevang.no\/shop\/"},{"@type":"ListItem","position":2,"name":"Nettbutikk","item":"https:\/\/www.tovefevang.no\/shop\/butikk\/"},{"@type":"ListItem","position":3,"name":"Burra lue i Fair Isle &#8211; garnpakke"}]},{"@type":"WebSite","@id":"https:\/\/www.tovefevang.no\/shop\/#website","url":"https:\/\/www.tovefevang.no\/shop\/","name":"Idestuen AS - Tove Fevang","description":"Idestuen AS - Tove Fevang","publisher":{"@id":"https:\/\/www.tovefevang.no\/shop\/#organization"},"potentialAction":[{"@type":"SearchAction","target":{"@type":"EntryPoint","urlTemplate":"https:\/\/www.tovefevang.no\/shop\/?s={search_term_string}"},"query-input":{"@type":"PropertyValueSpecification","valueRequired":true,"valueName":"search_term_string"}}],"inLanguage":"nb-NO"},{"@type":"Organization","@id":"https:\/\/www.tovefevang.no\/shop\/#organization","name":"Idestuen AS - Tove Fevang","url":"https:\/\/www.tovefevang.no\/shop\/","logo":{"@type":"ImageObject","inLanguage":"nb-NO","@id":"https:\/\/www.tovefevang.no\/shop\/#\/schema\/logo\/image\/","url":"https:\/\/www.tovefevang.no\/shop\/wp-content\/uploads\/sites\/2\/2023\/11\/tovefevang-logo-1950_500.png","contentUrl":"https:\/\/www.tovefevang.no\/shop\/wp-content\/uploads\/sites\/2\/2023\/11\/tovefevang-logo-1950_500.png","width":708,"height":181,"caption":"Idestuen AS - Tove Fevang"},"image":{"@id":"https:\/\/www.tovefevang.no\/shop\/#\/schema\/logo\/image\/"},"sameAs":["https:\/\/www.facebook.com\/tovefevang.no"]}]}},"featured_img":"https:\/\/www.tovefevang.no\/shop\/wp-content\/uploads\/sites\/2\/2025\/02\/Burra-lue-collage.png","coauthors":[],"author_meta":{"author_link":"https:\/\/www.tovefevang.no\/shop\/author\/tove\/","display_name":"Tove Fevang"},"relative_dates":{"created":"Publisert 1 \u00e5r siden","modified":"Oppdatert 1 m\u00e5ned siden"},"absolute_dates":{"created":"Publisert 22. februar 2025","modified":"Oppdatert 30. mars 2026"},"absolute_dates_time":{"created":"Publisert 22. februar 2025 15:08","modified":"Oppdatert 30. mars 2026 17:44"},"featured_img_caption":"","tax_additional":{"product_brand":{"linked":[],"unlinked":[],"slug":"product_brand","name":"Merker"},"product_type":{"linked":["<a href=\"https:\/\/www.tovefevang.no\/shop\/?taxonomy=product_type&#038;term=variable\" class=\"advgb-post-tax-term\">variable<\/a>"],"unlinked":["<span class=\"advgb-post-tax-term\">variable<\/span>"],"slug":"product_type","name":"Produkttype"},"product_visibility":{"linked":[],"unlinked":[],"slug":"product_visibility","name":"Produktsynlighet"},"product_cat":{"linked":["<a href=\"https:\/\/www.tovefevang.no\/shop\/produktkategori\/produkter\/garnpakker\/\" class=\"advgb-post-tax-term\">Garnpakker<\/a>"],"unlinked":["<span class=\"advgb-post-tax-term\">Garnpakker<\/span>"],"slug":"product_cat","name":"Produktkategorier"},"product_tag":{"linked":[],"unlinked":[],"slug":"product_tag","name":"Produktstikkord"},"product_shipping_class":{"linked":[],"unlinked":[],"slug":"product_shipping_class","name":"Produkt fraktklasse"},"pos_product_visibility":{"linked":[],"unlinked":[],"slug":"pos_product_visibility","name":"POS Product visibility"},"pa_color":{"linked":[],"unlinked":[],"slug":"pa_color","name":"Produkt Farge"},"pa_size":{"linked":[],"unlinked":[],"slug":"pa_size","name":"Produkt St\u00f8rrelse"}},"series_order":"","_links":{"self":[{"href":"https:\/\/www.tovefevang.no\/shop\/wp-json\/wp\/v2\/product\/6781","targetHints":{"allow":["GET"]}}],"collection":[{"href":"https:\/\/www.tovefevang.no\/shop\/wp-json\/wp\/v2\/product"}],"about":[{"href":"https:\/\/www.tovefevang.no\/shop\/wp-json\/wp\/v2\/types\/product"}],"wp:featuredmedia":[{"embeddable":true,"href":"https:\/\/www.tovefevang.no\/shop\/wp-json\/wp\/v2\/media\/6775"}],"wp:attachment":[{"href":"https:\/\/www.tovefevang.no\/shop\/wp-json\/wp\/v2\/media?parent=6781"}],"wp:term":[{"taxonomy":"product_brand","embeddable":true,"href":"https:\/\/www.tovefevang.no\/shop\/wp-json\/wp\/v2\/product_brand?post=6781"},{"taxonomy":"product_cat","embeddable":true,"href":"https:\/\/www.tovefevang.no\/shop\/wp-json\/wp\/v2\/product_cat?post=6781"},{"taxonomy":"product_tag","embeddable":true,"href":"https:\/\/www.tovefevang.no\/shop\/wp-json\/wp\/v2\/product_tag?post=6781"}],"curies":[{"name":"wp","href":"https:\/\/api.w.org\/{rel}","templated":true}]}}