{"id":673,"date":"2023-12-03T16:53:16","date_gmt":"2023-12-03T15:53:16","guid":{"rendered":"https:\/\/www.tovefevang.no\/shop\/?post_type=product&#038;p=673"},"modified":"2023-12-03T17:11:25","modified_gmt":"2023-12-03T16:11:25","slug":"tofarget-patentstrikk-kurs-m-oppskrift-til-tove-skjerf","status":"publish","type":"product","link":"https:\/\/www.tovefevang.no\/shop\/produkt\/tofarget-patentstrikk-kurs-m-oppskrift-til-tove-skjerf\/","title":{"rendered":"Tofarget patentstrikk kurs  og oppskrift til Tove skjerf"},"content":{"rendered":"<p>Jeg har holdt kurs i tofarget patentstrikk mange ganger p\u00e5 strikkefestivaler, strikkecrusie og for mange husflidslag. Mange har spurt om dette kurset. S\u00e5 sammen med at oppskriften p\u00e5 skjerfet n\u00e5 kommer ut, kan du ogs\u00e5 f\u00e5 kj\u00f8pt kurskompendiet. Hvis tofarget patentstrikk er ukjent for deg.<\/p>\n<h2>Tove skjerf<\/h2>\n<p><strong>ST\u00d8RRELSE:<\/strong><br \/>\nca. 18 x 90 cm<\/p>\n<p><strong>MATERIALER:<\/strong><br \/>\n<strong>AlpakkaWool<\/strong>\u00a0fra Du store alpakka (60 % fineste alpakka, 40 % merinoull) 50 g = 166 m<br \/>\n<strong>Mini Sterk<\/strong>\u00a0fra Du store alpakka (40 % fineste alpakka, 40 % merinoull, 20 % nylon) 50 g = 166 m<\/p>\n<p><strong>FARGEFORSLAG og GARNMENGDE:<\/strong><br \/>\n<strong>Alpakka Wool:<\/strong><br \/>\nFarge A (= hovedfarge), Lys beige melert f. nr. 505, 100 g<br \/>\n<strong>Mini Sterk:<\/strong><br \/>\nFarge B (= kontrastfarge), Denim melert f. nr. 885, 100 g<br \/>\nELLER<br \/>\n<strong>Alpakka Wool:<\/strong><br \/>\nFarge A (= hovedfarge), Lys gr\u00e5 melert f. nr. 502, 100 g<br \/>\nFarge B (= kontrastfarge), M\u00f8rk gr\u00e5 melert f. nr. 503, 100 g<br \/>\nELLER<br \/>\n<strong>Alpakka Wool:<\/strong><br \/>\nFarge A (= hovedfarge), R\u00f8d f. nr. 513, 100 g<br \/>\n<strong>Mini Sterk:<\/strong><br \/>\nFarge B (= kontrastfarge), Lys brun melert f. nr. 823, 100 g<br \/>\nELLER<br \/>\n<strong>Mini Sterk:<\/strong><br \/>\nFarge A (= hovedfarge), Lys brun melert f. nr. 823, 100 g<br \/>\nFarge B (= kontrastfarge), Krem\/Natur mouline f. nr. 801, 100 g<br \/>\nELLER<br \/>\n<strong>Mini Sterk:<\/strong><br \/>\nFarge A (= hovedfarge), M\u00f8rk gr\u00e5bl\u00e5 f. nr. 861, 100 g<br \/>\nFarge B (= kontrastfarge), Lys gr\u00e5 melert f. nr. 841, 100 g<\/p>\n<p><strong>PINNER:<\/strong><br \/>\nKort rundpinne 60 cm f.eks. ChiaoGoo til nr. 2,75 mm<br \/>\nHjelpepinne nr.2,75 til fletting<\/p>\n<p><strong>STRIKKEFASTHET:\u00a0<\/strong><br \/>\nAlpakka Wool og Mini Sterk 25 masker tofarget patentstrikk p\u00e5 pinner nr. 2,75 = 10 cm<\/p>\n<p><a href=\"https:\/\/www.tovefevang.no\/blog\/2021\/02\/05\/tove-skjerf-oppskrift-tofarget-patent-med-fletter\/\">Du kan lese mer om oppskriften p\u00e5 bloggen her.<\/a><\/p>\n<div id=\"nf-form-10-cont\" class=\"nf-form-cont\" role=\"form\" aria-live=\"polite\" aria-labelledby=\"nf-form-title-10\" aria-describedby=\"nf-form-errors-10\">\n<p>&nbsp;<\/p>\n<div class=\"nf-form-wrap ninja-forms-form-wrap\">\n<div class=\"nf-debug-msg\"><\/div>\n<div class=\"nf-before-form\"><\/div>\n<div class=\"nf-form-layout\">\n<form>\n<div>\n<div class=\"nf-before-form-content\"><\/div>\n<\/div>\n<\/form>\n<\/div>\n<\/div>\n<\/div>\n","protected":false},"excerpt":{"rendered":"<p>Jeg har holdt kurs i tofarget patentstrikk mange ganger p\u00e5 strikkefestivaler, strikkecrusie og for mange husflidslag. Mange har spurt om dette kurset. S\u00e5 sammen med at oppskriften p\u00e5 skjerfet n\u00e5 kommer ut, kan du ogs\u00e5 f\u00e5 kj\u00f8pt kurskompendiet. Hvis tofarget patentstrikk er ukjent for deg. Tove skjerf ST\u00d8RRELSE: ca. 18 x 90 cm MATERIALER: AlpakkaWool\u00a0fra [&hellip;]<\/p>\n","protected":false},"author":4,"featured_media":663,"template":"","meta":{"advgb_blocks_editor_width":"","advgb_blocks_columns_visual_guide":""},"product_brand":[],"product_cat":[29],"product_tag":[],"class_list":{"0":"post-673","1":"product","2":"type-product","3":"status-publish","4":"has-post-thumbnail","6":"product_cat-sjerfogsjal","8":"first","9":"instock","10":"downloadable","11":"virtual","12":"sold-individually","13":"taxable","14":"purchasable","15":"product-type-simple"},"yoast_head":"<!-- This site is optimized with the Yoast SEO plugin v27.4 - https:\/\/yoast.com\/product\/yoast-seo-wordpress\/ -->\n<title>Tofarget patentstrikk kurs og oppskrift til Tove skjerf - Idestuen AS - Tove Fevang<\/title>\n<meta name=\"robots\" content=\"index, follow, max-snippet:-1, max-image-preview:large, max-video-preview:-1\" \/>\n<link rel=\"canonical\" href=\"https:\/\/www.tovefevang.no\/shop\/produkt\/tofarget-patentstrikk-kurs-m-oppskrift-til-tove-skjerf\/\" \/>\n<meta property=\"og:locale\" content=\"nb_NO\" \/>\n<meta property=\"og:type\" content=\"article\" \/>\n<meta property=\"og:title\" content=\"Tofarget patentstrikk kurs og oppskrift til Tove skjerf - Idestuen AS - Tove Fevang\" \/>\n<meta property=\"og:description\" content=\"Jeg har holdt kurs i tofarget patentstrikk mange ganger p\u00e5 strikkefestivaler, strikkecrusie og for mange husflidslag. Mange har spurt om dette kurset. S\u00e5 sammen med at oppskriften p\u00e5 skjerfet n\u00e5 kommer ut, kan du ogs\u00e5 f\u00e5 kj\u00f8pt kurskompendiet. Hvis tofarget patentstrikk er ukjent for deg. Tove skjerf ST\u00d8RRELSE: ca. 18 x 90 cm MATERIALER: AlpakkaWool\u00a0fra [&hellip;]\" \/>\n<meta property=\"og:url\" content=\"https:\/\/www.tovefevang.no\/shop\/produkt\/tofarget-patentstrikk-kurs-m-oppskrift-til-tove-skjerf\/\" \/>\n<meta property=\"og:site_name\" content=\"Idestuen AS - Tove Fevang\" \/>\n<meta property=\"article:publisher\" content=\"https:\/\/www.facebook.com\/tovefevang.no\" \/>\n<meta property=\"article:modified_time\" content=\"2023-12-03T16:11:25+00:00\" \/>\n<meta property=\"og:image\" content=\"https:\/\/www.tovefevang.no\/shop\/wp-content\/uploads\/sites\/2\/2023\/12\/tove-skjer-Tove-012-1920x1200_72.jpeg\" \/>\n\t<meta property=\"og:image:width\" content=\"1185\" \/>\n\t<meta property=\"og:image:height\" content=\"1200\" \/>\n\t<meta property=\"og:image:type\" content=\"image\/jpeg\" \/>\n<meta name=\"twitter:card\" content=\"summary_large_image\" \/>\n<meta name=\"twitter:label1\" content=\"Ansl. lesetid\" \/>\n\t<meta name=\"twitter:data1\" content=\"1 minutt\" \/>\n<script type=\"application\/ld+json\" class=\"yoast-schema-graph\">{\"@context\":\"https:\\\/\\\/schema.org\",\"@graph\":[{\"@type\":\"WebPage\",\"@id\":\"https:\\\/\\\/www.tovefevang.no\\\/shop\\\/produkt\\\/tofarget-patentstrikk-kurs-m-oppskrift-til-tove-skjerf\\\/\",\"url\":\"https:\\\/\\\/www.tovefevang.no\\\/shop\\\/produkt\\\/tofarget-patentstrikk-kurs-m-oppskrift-til-tove-skjerf\\\/\",\"name\":\"Tofarget patentstrikk kurs og oppskrift til Tove skjerf - Idestuen AS - Tove Fevang\",\"isPartOf\":{\"@id\":\"https:\\\/\\\/www.tovefevang.no\\\/shop\\\/#website\"},\"primaryImageOfPage\":{\"@id\":\"https:\\\/\\\/www.tovefevang.no\\\/shop\\\/produkt\\\/tofarget-patentstrikk-kurs-m-oppskrift-til-tove-skjerf\\\/#primaryimage\"},\"image\":{\"@id\":\"https:\\\/\\\/www.tovefevang.no\\\/shop\\\/produkt\\\/tofarget-patentstrikk-kurs-m-oppskrift-til-tove-skjerf\\\/#primaryimage\"},\"thumbnailUrl\":\"https:\\\/\\\/www.tovefevang.no\\\/shop\\\/wp-content\\\/uploads\\\/sites\\\/2\\\/2023\\\/12\\\/tove-skjer-Tove-012-1920x1200_72.jpeg\",\"datePublished\":\"2023-12-03T15:53:16+00:00\",\"dateModified\":\"2023-12-03T16:11:25+00:00\",\"breadcrumb\":{\"@id\":\"https:\\\/\\\/www.tovefevang.no\\\/shop\\\/produkt\\\/tofarget-patentstrikk-kurs-m-oppskrift-til-tove-skjerf\\\/#breadcrumb\"},\"inLanguage\":\"nb-NO\",\"potentialAction\":[{\"@type\":\"ReadAction\",\"target\":[\"https:\\\/\\\/www.tovefevang.no\\\/shop\\\/produkt\\\/tofarget-patentstrikk-kurs-m-oppskrift-til-tove-skjerf\\\/\"]}]},{\"@type\":\"ImageObject\",\"inLanguage\":\"nb-NO\",\"@id\":\"https:\\\/\\\/www.tovefevang.no\\\/shop\\\/produkt\\\/tofarget-patentstrikk-kurs-m-oppskrift-til-tove-skjerf\\\/#primaryimage\",\"url\":\"https:\\\/\\\/www.tovefevang.no\\\/shop\\\/wp-content\\\/uploads\\\/sites\\\/2\\\/2023\\\/12\\\/tove-skjer-Tove-012-1920x1200_72.jpeg\",\"contentUrl\":\"https:\\\/\\\/www.tovefevang.no\\\/shop\\\/wp-content\\\/uploads\\\/sites\\\/2\\\/2023\\\/12\\\/tove-skjer-Tove-012-1920x1200_72.jpeg\",\"width\":1185,\"height\":1200},{\"@type\":\"BreadcrumbList\",\"@id\":\"https:\\\/\\\/www.tovefevang.no\\\/shop\\\/produkt\\\/tofarget-patentstrikk-kurs-m-oppskrift-til-tove-skjerf\\\/#breadcrumb\",\"itemListElement\":[{\"@type\":\"ListItem\",\"position\":1,\"name\":\"Hjem\",\"item\":\"https:\\\/\\\/www.tovefevang.no\\\/shop\\\/\"},{\"@type\":\"ListItem\",\"position\":2,\"name\":\"Nettbutikk\",\"item\":\"https:\\\/\\\/www.tovefevang.no\\\/shop\\\/butikk\\\/\"},{\"@type\":\"ListItem\",\"position\":3,\"name\":\"Tofarget patentstrikk kurs og oppskrift til Tove skjerf\"}]},{\"@type\":\"WebSite\",\"@id\":\"https:\\\/\\\/www.tovefevang.no\\\/shop\\\/#website\",\"url\":\"https:\\\/\\\/www.tovefevang.no\\\/shop\\\/\",\"name\":\"Idestuen AS - Tove Fevang\",\"description\":\"Idestuen AS - Tove Fevang\",\"publisher\":{\"@id\":\"https:\\\/\\\/www.tovefevang.no\\\/shop\\\/#organization\"},\"potentialAction\":[{\"@type\":\"SearchAction\",\"target\":{\"@type\":\"EntryPoint\",\"urlTemplate\":\"https:\\\/\\\/www.tovefevang.no\\\/shop\\\/?s={search_term_string}\"},\"query-input\":{\"@type\":\"PropertyValueSpecification\",\"valueRequired\":true,\"valueName\":\"search_term_string\"}}],\"inLanguage\":\"nb-NO\"},{\"@type\":\"Organization\",\"@id\":\"https:\\\/\\\/www.tovefevang.no\\\/shop\\\/#organization\",\"name\":\"Idestuen AS - Tove Fevang\",\"url\":\"https:\\\/\\\/www.tovefevang.no\\\/shop\\\/\",\"logo\":{\"@type\":\"ImageObject\",\"inLanguage\":\"nb-NO\",\"@id\":\"https:\\\/\\\/www.tovefevang.no\\\/shop\\\/#\\\/schema\\\/logo\\\/image\\\/\",\"url\":\"https:\\\/\\\/www.tovefevang.no\\\/shop\\\/wp-content\\\/uploads\\\/sites\\\/2\\\/2023\\\/11\\\/tovefevang-logo-1950_500.png\",\"contentUrl\":\"https:\\\/\\\/www.tovefevang.no\\\/shop\\\/wp-content\\\/uploads\\\/sites\\\/2\\\/2023\\\/11\\\/tovefevang-logo-1950_500.png\",\"width\":708,\"height\":181,\"caption\":\"Idestuen AS - Tove Fevang\"},\"image\":{\"@id\":\"https:\\\/\\\/www.tovefevang.no\\\/shop\\\/#\\\/schema\\\/logo\\\/image\\\/\"},\"sameAs\":[\"https:\\\/\\\/www.facebook.com\\\/tovefevang.no\"]}]}<\/script>\n<!-- \/ Yoast SEO plugin. -->","yoast_head_json":{"title":"Tofarget patentstrikk kurs og oppskrift til Tove skjerf - Idestuen AS - Tove Fevang","robots":{"index":"index","follow":"follow","max-snippet":"max-snippet:-1","max-image-preview":"max-image-preview:large","max-video-preview":"max-video-preview:-1"},"canonical":"https:\/\/www.tovefevang.no\/shop\/produkt\/tofarget-patentstrikk-kurs-m-oppskrift-til-tove-skjerf\/","og_locale":"nb_NO","og_type":"article","og_title":"Tofarget patentstrikk kurs og oppskrift til Tove skjerf - Idestuen AS - Tove Fevang","og_description":"Jeg har holdt kurs i tofarget patentstrikk mange ganger p\u00e5 strikkefestivaler, strikkecrusie og for mange husflidslag. Mange har spurt om dette kurset. S\u00e5 sammen med at oppskriften p\u00e5 skjerfet n\u00e5 kommer ut, kan du ogs\u00e5 f\u00e5 kj\u00f8pt kurskompendiet. Hvis tofarget patentstrikk er ukjent for deg. Tove skjerf ST\u00d8RRELSE: ca. 18 x 90 cm MATERIALER: AlpakkaWool\u00a0fra [&hellip;]","og_url":"https:\/\/www.tovefevang.no\/shop\/produkt\/tofarget-patentstrikk-kurs-m-oppskrift-til-tove-skjerf\/","og_site_name":"Idestuen AS - Tove Fevang","article_publisher":"https:\/\/www.facebook.com\/tovefevang.no","article_modified_time":"2023-12-03T16:11:25+00:00","og_image":[{"width":1185,"height":1200,"url":"https:\/\/www.tovefevang.no\/shop\/wp-content\/uploads\/sites\/2\/2023\/12\/tove-skjer-Tove-012-1920x1200_72.jpeg","type":"image\/jpeg"}],"twitter_card":"summary_large_image","twitter_misc":{"Ansl. lesetid":"1 minutt"},"schema":{"@context":"https:\/\/schema.org","@graph":[{"@type":"WebPage","@id":"https:\/\/www.tovefevang.no\/shop\/produkt\/tofarget-patentstrikk-kurs-m-oppskrift-til-tove-skjerf\/","url":"https:\/\/www.tovefevang.no\/shop\/produkt\/tofarget-patentstrikk-kurs-m-oppskrift-til-tove-skjerf\/","name":"Tofarget patentstrikk kurs og oppskrift til Tove skjerf - Idestuen AS - Tove Fevang","isPartOf":{"@id":"https:\/\/www.tovefevang.no\/shop\/#website"},"primaryImageOfPage":{"@id":"https:\/\/www.tovefevang.no\/shop\/produkt\/tofarget-patentstrikk-kurs-m-oppskrift-til-tove-skjerf\/#primaryimage"},"image":{"@id":"https:\/\/www.tovefevang.no\/shop\/produkt\/tofarget-patentstrikk-kurs-m-oppskrift-til-tove-skjerf\/#primaryimage"},"thumbnailUrl":"https:\/\/www.tovefevang.no\/shop\/wp-content\/uploads\/sites\/2\/2023\/12\/tove-skjer-Tove-012-1920x1200_72.jpeg","datePublished":"2023-12-03T15:53:16+00:00","dateModified":"2023-12-03T16:11:25+00:00","breadcrumb":{"@id":"https:\/\/www.tovefevang.no\/shop\/produkt\/tofarget-patentstrikk-kurs-m-oppskrift-til-tove-skjerf\/#breadcrumb"},"inLanguage":"nb-NO","potentialAction":[{"@type":"ReadAction","target":["https:\/\/www.tovefevang.no\/shop\/produkt\/tofarget-patentstrikk-kurs-m-oppskrift-til-tove-skjerf\/"]}]},{"@type":"ImageObject","inLanguage":"nb-NO","@id":"https:\/\/www.tovefevang.no\/shop\/produkt\/tofarget-patentstrikk-kurs-m-oppskrift-til-tove-skjerf\/#primaryimage","url":"https:\/\/www.tovefevang.no\/shop\/wp-content\/uploads\/sites\/2\/2023\/12\/tove-skjer-Tove-012-1920x1200_72.jpeg","contentUrl":"https:\/\/www.tovefevang.no\/shop\/wp-content\/uploads\/sites\/2\/2023\/12\/tove-skjer-Tove-012-1920x1200_72.jpeg","width":1185,"height":1200},{"@type":"BreadcrumbList","@id":"https:\/\/www.tovefevang.no\/shop\/produkt\/tofarget-patentstrikk-kurs-m-oppskrift-til-tove-skjerf\/#breadcrumb","itemListElement":[{"@type":"ListItem","position":1,"name":"Hjem","item":"https:\/\/www.tovefevang.no\/shop\/"},{"@type":"ListItem","position":2,"name":"Nettbutikk","item":"https:\/\/www.tovefevang.no\/shop\/butikk\/"},{"@type":"ListItem","position":3,"name":"Tofarget patentstrikk kurs og oppskrift til Tove skjerf"}]},{"@type":"WebSite","@id":"https:\/\/www.tovefevang.no\/shop\/#website","url":"https:\/\/www.tovefevang.no\/shop\/","name":"Idestuen AS - Tove Fevang","description":"Idestuen AS - Tove Fevang","publisher":{"@id":"https:\/\/www.tovefevang.no\/shop\/#organization"},"potentialAction":[{"@type":"SearchAction","target":{"@type":"EntryPoint","urlTemplate":"https:\/\/www.tovefevang.no\/shop\/?s={search_term_string}"},"query-input":{"@type":"PropertyValueSpecification","valueRequired":true,"valueName":"search_term_string"}}],"inLanguage":"nb-NO"},{"@type":"Organization","@id":"https:\/\/www.tovefevang.no\/shop\/#organization","name":"Idestuen AS - Tove Fevang","url":"https:\/\/www.tovefevang.no\/shop\/","logo":{"@type":"ImageObject","inLanguage":"nb-NO","@id":"https:\/\/www.tovefevang.no\/shop\/#\/schema\/logo\/image\/","url":"https:\/\/www.tovefevang.no\/shop\/wp-content\/uploads\/sites\/2\/2023\/11\/tovefevang-logo-1950_500.png","contentUrl":"https:\/\/www.tovefevang.no\/shop\/wp-content\/uploads\/sites\/2\/2023\/11\/tovefevang-logo-1950_500.png","width":708,"height":181,"caption":"Idestuen AS - Tove Fevang"},"image":{"@id":"https:\/\/www.tovefevang.no\/shop\/#\/schema\/logo\/image\/"},"sameAs":["https:\/\/www.facebook.com\/tovefevang.no"]}]}},"featured_img":"https:\/\/www.tovefevang.no\/shop\/wp-content\/uploads\/sites\/2\/2023\/12\/tove-skjer-Tove-012-1920x1200_72.jpeg","coauthors":[],"author_meta":{"author_link":"https:\/\/www.tovefevang.no\/shop\/author\/geiradmin\/","display_name":"Geir Arnesen"},"relative_dates":{"created":"Publisert 2 \u00e5r siden","modified":"Oppdatert 2 \u00e5r siden"},"absolute_dates":{"created":"Publisert 3. desember 2023","modified":"Oppdatert 3. desember 2023"},"absolute_dates_time":{"created":"Publisert 3. desember 2023 16:53","modified":"Oppdatert 3. desember 2023 17:11"},"featured_img_caption":"","tax_additional":{"product_brand":{"linked":[],"unlinked":[],"slug":"product_brand","name":"Merker"},"product_type":{"linked":["<a href=\"https:\/\/www.tovefevang.no\/shop\/?taxonomy=product_type&#038;term=simple\" class=\"advgb-post-tax-term\">simple<\/a>"],"unlinked":["<span class=\"advgb-post-tax-term\">simple<\/span>"],"slug":"product_type","name":"Produkttype"},"product_visibility":{"linked":[],"unlinked":[],"slug":"product_visibility","name":"Produktsynlighet"},"product_cat":{"linked":["<a href=\"https:\/\/www.tovefevang.no\/shop\/produktkategori\/produkter\/oppskrift\/sjerfogsjal\/\" class=\"advgb-post-tax-term\">Skjerf og sjal<\/a>"],"unlinked":["<span class=\"advgb-post-tax-term\">Skjerf og sjal<\/span>"],"slug":"product_cat","name":"Produktkategorier"},"product_tag":{"linked":[],"unlinked":[],"slug":"product_tag","name":"Produktstikkord"},"product_shipping_class":{"linked":[],"unlinked":[],"slug":"product_shipping_class","name":"Produkt leveringsklasse"},"pos_product_visibility":{"linked":[],"unlinked":[],"slug":"pos_product_visibility","name":"POS Product visibility"},"pa_color":{"linked":[],"unlinked":[],"slug":"pa_color","name":"Produkt Farge"},"pa_size":{"linked":[],"unlinked":[],"slug":"pa_size","name":"Produkt St\u00f8rrelse"}},"series_order":"","_links":{"self":[{"href":"https:\/\/www.tovefevang.no\/shop\/wp-json\/wp\/v2\/product\/673","targetHints":{"allow":["GET"]}}],"collection":[{"href":"https:\/\/www.tovefevang.no\/shop\/wp-json\/wp\/v2\/product"}],"about":[{"href":"https:\/\/www.tovefevang.no\/shop\/wp-json\/wp\/v2\/types\/product"}],"wp:featuredmedia":[{"embeddable":true,"href":"https:\/\/www.tovefevang.no\/shop\/wp-json\/wp\/v2\/media\/663"}],"wp:attachment":[{"href":"https:\/\/www.tovefevang.no\/shop\/wp-json\/wp\/v2\/media?parent=673"}],"wp:term":[{"taxonomy":"product_brand","embeddable":true,"href":"https:\/\/www.tovefevang.no\/shop\/wp-json\/wp\/v2\/product_brand?post=673"},{"taxonomy":"product_cat","embeddable":true,"href":"https:\/\/www.tovefevang.no\/shop\/wp-json\/wp\/v2\/product_cat?post=673"},{"taxonomy":"product_tag","embeddable":true,"href":"https:\/\/www.tovefevang.no\/shop\/wp-json\/wp\/v2\/product_tag?post=673"}],"curies":[{"name":"wp","href":"https:\/\/api.w.org\/{rel}","templated":true}]}}