{"id":665,"date":"2023-12-03T16:50:03","date_gmt":"2023-12-03T15:50:03","guid":{"rendered":"https:\/\/www.tovefevang.no\/shop\/?post_type=product&#038;p=665"},"modified":"2023-12-03T17:08:20","modified_gmt":"2023-12-03T16:08:20","slug":"tofarget-patentstrikk-kurs","status":"publish","type":"product","link":"https:\/\/www.tovefevang.no\/shop\/produkt\/tofarget-patentstrikk-kurs\/","title":{"rendered":"Tofarget patentstrikk kurs"},"content":{"rendered":"<p>Jeg har holdt kurs i tofarget patentstrikk mange ganger p\u00e5 strikkefestivaler, strikkecrusie og for mange husflidslag. Mange har spurt om dette kurset. S\u00e5 sammen med at oppskriften p\u00e5 skjerfet n\u00e5 kommer ut, kan du ogs\u00e5 f\u00e5 kj\u00f8pt kurskompendiet. Hvis tofarget patentstrikk er ukjent for deg.<\/p>\n<p>&nbsp;<\/p>\n<div id=\"nf-form-10-cont\" class=\"nf-form-cont\" role=\"form\" aria-live=\"polite\" aria-labelledby=\"nf-form-title-10\" aria-describedby=\"nf-form-errors-10\">\n<p>&nbsp;<\/p>\n<div class=\"nf-form-wrap ninja-forms-form-wrap\">\n<div class=\"nf-debug-msg\"><\/div>\n<div class=\"nf-before-form\"><\/div>\n<div class=\"nf-form-layout\">\n<form>\n<div>\n<div class=\"nf-before-form-content\"><\/div>\n<\/div>\n<\/form>\n<\/div>\n<\/div>\n<\/div>\n","protected":false},"excerpt":{"rendered":"<p>Jeg har holdt kurs i tofarget patentstrikk mange ganger p\u00e5 strikkefestivaler, strikkecrusie og for mange husflidslag. Mange har spurt om dette kurset. S\u00e5 sammen med at oppskriften p\u00e5 skjerfet n\u00e5 kommer ut, kan du ogs\u00e5 f\u00e5 kj\u00f8pt kurskompendiet. Hvis tofarget patentstrikk er ukjent for deg. &nbsp; &nbsp;<\/p>\n","protected":false},"author":4,"featured_media":666,"template":"","meta":{"advgb_blocks_editor_width":"","advgb_blocks_columns_visual_guide":""},"product_brand":[],"product_cat":[29],"product_tag":[],"class_list":{"0":"post-665","1":"product","2":"type-product","3":"status-publish","4":"has-post-thumbnail","6":"product_cat-sjerfogsjal","8":"first","9":"instock","10":"downloadable","11":"virtual","12":"sold-individually","13":"taxable","14":"purchasable","15":"product-type-simple"},"yoast_head":"<!-- This site is optimized with the Yoast SEO plugin v27.4 - https:\/\/yoast.com\/product\/yoast-seo-wordpress\/ -->\n<title>Tofarget patentstrikk kurs - Idestuen AS - Tove Fevang<\/title>\n<meta name=\"robots\" content=\"index, follow, max-snippet:-1, max-image-preview:large, max-video-preview:-1\" \/>\n<link rel=\"canonical\" href=\"https:\/\/www.tovefevang.no\/shop\/produkt\/tofarget-patentstrikk-kurs\/\" \/>\n<meta property=\"og:locale\" content=\"nb_NO\" \/>\n<meta property=\"og:type\" content=\"article\" \/>\n<meta property=\"og:title\" content=\"Tofarget patentstrikk kurs - Idestuen AS - Tove Fevang\" \/>\n<meta property=\"og:description\" content=\"Jeg har holdt kurs i tofarget patentstrikk mange ganger p\u00e5 strikkefestivaler, strikkecrusie og for mange husflidslag. Mange har spurt om dette kurset. S\u00e5 sammen med at oppskriften p\u00e5 skjerfet n\u00e5 kommer ut, kan du ogs\u00e5 f\u00e5 kj\u00f8pt kurskompendiet. Hvis tofarget patentstrikk er ukjent for deg. &nbsp; &nbsp;\" \/>\n<meta property=\"og:url\" content=\"https:\/\/www.tovefevang.no\/shop\/produkt\/tofarget-patentstrikk-kurs\/\" \/>\n<meta property=\"og:site_name\" content=\"Idestuen AS - Tove Fevang\" \/>\n<meta property=\"article:publisher\" content=\"https:\/\/www.facebook.com\/tovefevang.no\" \/>\n<meta property=\"article:modified_time\" content=\"2023-12-03T16:08:20+00:00\" \/>\n<meta property=\"og:image\" content=\"https:\/\/www.tovefevang.no\/shop\/wp-content\/uploads\/sites\/2\/2023\/12\/tofarget-kurs-Skjermbilde-2021-02-04-kl.-17.50.26-1271x1536-1.png\" \/>\n\t<meta property=\"og:image:width\" content=\"1271\" \/>\n\t<meta property=\"og:image:height\" content=\"1536\" \/>\n\t<meta property=\"og:image:type\" content=\"image\/png\" \/>\n<meta name=\"twitter:card\" content=\"summary_large_image\" \/>\n<script type=\"application\/ld+json\" class=\"yoast-schema-graph\">{\"@context\":\"https:\\\/\\\/schema.org\",\"@graph\":[{\"@type\":\"WebPage\",\"@id\":\"https:\\\/\\\/www.tovefevang.no\\\/shop\\\/produkt\\\/tofarget-patentstrikk-kurs\\\/\",\"url\":\"https:\\\/\\\/www.tovefevang.no\\\/shop\\\/produkt\\\/tofarget-patentstrikk-kurs\\\/\",\"name\":\"Tofarget patentstrikk kurs - Idestuen AS - Tove Fevang\",\"isPartOf\":{\"@id\":\"https:\\\/\\\/www.tovefevang.no\\\/shop\\\/#website\"},\"primaryImageOfPage\":{\"@id\":\"https:\\\/\\\/www.tovefevang.no\\\/shop\\\/produkt\\\/tofarget-patentstrikk-kurs\\\/#primaryimage\"},\"image\":{\"@id\":\"https:\\\/\\\/www.tovefevang.no\\\/shop\\\/produkt\\\/tofarget-patentstrikk-kurs\\\/#primaryimage\"},\"thumbnailUrl\":\"https:\\\/\\\/www.tovefevang.no\\\/shop\\\/wp-content\\\/uploads\\\/sites\\\/2\\\/2023\\\/12\\\/tofarget-kurs-Skjermbilde-2021-02-04-kl.-17.50.26-1271x1536-1.png\",\"datePublished\":\"2023-12-03T15:50:03+00:00\",\"dateModified\":\"2023-12-03T16:08:20+00:00\",\"breadcrumb\":{\"@id\":\"https:\\\/\\\/www.tovefevang.no\\\/shop\\\/produkt\\\/tofarget-patentstrikk-kurs\\\/#breadcrumb\"},\"inLanguage\":\"nb-NO\",\"potentialAction\":[{\"@type\":\"ReadAction\",\"target\":[\"https:\\\/\\\/www.tovefevang.no\\\/shop\\\/produkt\\\/tofarget-patentstrikk-kurs\\\/\"]}]},{\"@type\":\"ImageObject\",\"inLanguage\":\"nb-NO\",\"@id\":\"https:\\\/\\\/www.tovefevang.no\\\/shop\\\/produkt\\\/tofarget-patentstrikk-kurs\\\/#primaryimage\",\"url\":\"https:\\\/\\\/www.tovefevang.no\\\/shop\\\/wp-content\\\/uploads\\\/sites\\\/2\\\/2023\\\/12\\\/tofarget-kurs-Skjermbilde-2021-02-04-kl.-17.50.26-1271x1536-1.png\",\"contentUrl\":\"https:\\\/\\\/www.tovefevang.no\\\/shop\\\/wp-content\\\/uploads\\\/sites\\\/2\\\/2023\\\/12\\\/tofarget-kurs-Skjermbilde-2021-02-04-kl.-17.50.26-1271x1536-1.png\",\"width\":1271,\"height\":1536},{\"@type\":\"BreadcrumbList\",\"@id\":\"https:\\\/\\\/www.tovefevang.no\\\/shop\\\/produkt\\\/tofarget-patentstrikk-kurs\\\/#breadcrumb\",\"itemListElement\":[{\"@type\":\"ListItem\",\"position\":1,\"name\":\"Hjem\",\"item\":\"https:\\\/\\\/www.tovefevang.no\\\/shop\\\/\"},{\"@type\":\"ListItem\",\"position\":2,\"name\":\"Nettbutikk\",\"item\":\"https:\\\/\\\/www.tovefevang.no\\\/shop\\\/butikk\\\/\"},{\"@type\":\"ListItem\",\"position\":3,\"name\":\"Tofarget patentstrikk kurs\"}]},{\"@type\":\"WebSite\",\"@id\":\"https:\\\/\\\/www.tovefevang.no\\\/shop\\\/#website\",\"url\":\"https:\\\/\\\/www.tovefevang.no\\\/shop\\\/\",\"name\":\"Idestuen AS - Tove Fevang\",\"description\":\"Idestuen AS - Tove Fevang\",\"publisher\":{\"@id\":\"https:\\\/\\\/www.tovefevang.no\\\/shop\\\/#organization\"},\"potentialAction\":[{\"@type\":\"SearchAction\",\"target\":{\"@type\":\"EntryPoint\",\"urlTemplate\":\"https:\\\/\\\/www.tovefevang.no\\\/shop\\\/?s={search_term_string}\"},\"query-input\":{\"@type\":\"PropertyValueSpecification\",\"valueRequired\":true,\"valueName\":\"search_term_string\"}}],\"inLanguage\":\"nb-NO\"},{\"@type\":\"Organization\",\"@id\":\"https:\\\/\\\/www.tovefevang.no\\\/shop\\\/#organization\",\"name\":\"Idestuen AS - Tove Fevang\",\"url\":\"https:\\\/\\\/www.tovefevang.no\\\/shop\\\/\",\"logo\":{\"@type\":\"ImageObject\",\"inLanguage\":\"nb-NO\",\"@id\":\"https:\\\/\\\/www.tovefevang.no\\\/shop\\\/#\\\/schema\\\/logo\\\/image\\\/\",\"url\":\"https:\\\/\\\/www.tovefevang.no\\\/shop\\\/wp-content\\\/uploads\\\/sites\\\/2\\\/2023\\\/11\\\/tovefevang-logo-1950_500.png\",\"contentUrl\":\"https:\\\/\\\/www.tovefevang.no\\\/shop\\\/wp-content\\\/uploads\\\/sites\\\/2\\\/2023\\\/11\\\/tovefevang-logo-1950_500.png\",\"width\":708,\"height\":181,\"caption\":\"Idestuen AS - Tove Fevang\"},\"image\":{\"@id\":\"https:\\\/\\\/www.tovefevang.no\\\/shop\\\/#\\\/schema\\\/logo\\\/image\\\/\"},\"sameAs\":[\"https:\\\/\\\/www.facebook.com\\\/tovefevang.no\"]}]}<\/script>\n<!-- \/ Yoast SEO plugin. -->","yoast_head_json":{"title":"Tofarget patentstrikk kurs - Idestuen AS - Tove Fevang","robots":{"index":"index","follow":"follow","max-snippet":"max-snippet:-1","max-image-preview":"max-image-preview:large","max-video-preview":"max-video-preview:-1"},"canonical":"https:\/\/www.tovefevang.no\/shop\/produkt\/tofarget-patentstrikk-kurs\/","og_locale":"nb_NO","og_type":"article","og_title":"Tofarget patentstrikk kurs - Idestuen AS - Tove Fevang","og_description":"Jeg har holdt kurs i tofarget patentstrikk mange ganger p\u00e5 strikkefestivaler, strikkecrusie og for mange husflidslag. Mange har spurt om dette kurset. S\u00e5 sammen med at oppskriften p\u00e5 skjerfet n\u00e5 kommer ut, kan du ogs\u00e5 f\u00e5 kj\u00f8pt kurskompendiet. Hvis tofarget patentstrikk er ukjent for deg. &nbsp; &nbsp;","og_url":"https:\/\/www.tovefevang.no\/shop\/produkt\/tofarget-patentstrikk-kurs\/","og_site_name":"Idestuen AS - Tove Fevang","article_publisher":"https:\/\/www.facebook.com\/tovefevang.no","article_modified_time":"2023-12-03T16:08:20+00:00","og_image":[{"width":1271,"height":1536,"url":"https:\/\/www.tovefevang.no\/shop\/wp-content\/uploads\/sites\/2\/2023\/12\/tofarget-kurs-Skjermbilde-2021-02-04-kl.-17.50.26-1271x1536-1.png","type":"image\/png"}],"twitter_card":"summary_large_image","schema":{"@context":"https:\/\/schema.org","@graph":[{"@type":"WebPage","@id":"https:\/\/www.tovefevang.no\/shop\/produkt\/tofarget-patentstrikk-kurs\/","url":"https:\/\/www.tovefevang.no\/shop\/produkt\/tofarget-patentstrikk-kurs\/","name":"Tofarget patentstrikk kurs - Idestuen AS - Tove Fevang","isPartOf":{"@id":"https:\/\/www.tovefevang.no\/shop\/#website"},"primaryImageOfPage":{"@id":"https:\/\/www.tovefevang.no\/shop\/produkt\/tofarget-patentstrikk-kurs\/#primaryimage"},"image":{"@id":"https:\/\/www.tovefevang.no\/shop\/produkt\/tofarget-patentstrikk-kurs\/#primaryimage"},"thumbnailUrl":"https:\/\/www.tovefevang.no\/shop\/wp-content\/uploads\/sites\/2\/2023\/12\/tofarget-kurs-Skjermbilde-2021-02-04-kl.-17.50.26-1271x1536-1.png","datePublished":"2023-12-03T15:50:03+00:00","dateModified":"2023-12-03T16:08:20+00:00","breadcrumb":{"@id":"https:\/\/www.tovefevang.no\/shop\/produkt\/tofarget-patentstrikk-kurs\/#breadcrumb"},"inLanguage":"nb-NO","potentialAction":[{"@type":"ReadAction","target":["https:\/\/www.tovefevang.no\/shop\/produkt\/tofarget-patentstrikk-kurs\/"]}]},{"@type":"ImageObject","inLanguage":"nb-NO","@id":"https:\/\/www.tovefevang.no\/shop\/produkt\/tofarget-patentstrikk-kurs\/#primaryimage","url":"https:\/\/www.tovefevang.no\/shop\/wp-content\/uploads\/sites\/2\/2023\/12\/tofarget-kurs-Skjermbilde-2021-02-04-kl.-17.50.26-1271x1536-1.png","contentUrl":"https:\/\/www.tovefevang.no\/shop\/wp-content\/uploads\/sites\/2\/2023\/12\/tofarget-kurs-Skjermbilde-2021-02-04-kl.-17.50.26-1271x1536-1.png","width":1271,"height":1536},{"@type":"BreadcrumbList","@id":"https:\/\/www.tovefevang.no\/shop\/produkt\/tofarget-patentstrikk-kurs\/#breadcrumb","itemListElement":[{"@type":"ListItem","position":1,"name":"Hjem","item":"https:\/\/www.tovefevang.no\/shop\/"},{"@type":"ListItem","position":2,"name":"Nettbutikk","item":"https:\/\/www.tovefevang.no\/shop\/butikk\/"},{"@type":"ListItem","position":3,"name":"Tofarget patentstrikk kurs"}]},{"@type":"WebSite","@id":"https:\/\/www.tovefevang.no\/shop\/#website","url":"https:\/\/www.tovefevang.no\/shop\/","name":"Idestuen AS - Tove Fevang","description":"Idestuen AS - Tove Fevang","publisher":{"@id":"https:\/\/www.tovefevang.no\/shop\/#organization"},"potentialAction":[{"@type":"SearchAction","target":{"@type":"EntryPoint","urlTemplate":"https:\/\/www.tovefevang.no\/shop\/?s={search_term_string}"},"query-input":{"@type":"PropertyValueSpecification","valueRequired":true,"valueName":"search_term_string"}}],"inLanguage":"nb-NO"},{"@type":"Organization","@id":"https:\/\/www.tovefevang.no\/shop\/#organization","name":"Idestuen AS - Tove Fevang","url":"https:\/\/www.tovefevang.no\/shop\/","logo":{"@type":"ImageObject","inLanguage":"nb-NO","@id":"https:\/\/www.tovefevang.no\/shop\/#\/schema\/logo\/image\/","url":"https:\/\/www.tovefevang.no\/shop\/wp-content\/uploads\/sites\/2\/2023\/11\/tovefevang-logo-1950_500.png","contentUrl":"https:\/\/www.tovefevang.no\/shop\/wp-content\/uploads\/sites\/2\/2023\/11\/tovefevang-logo-1950_500.png","width":708,"height":181,"caption":"Idestuen AS - Tove Fevang"},"image":{"@id":"https:\/\/www.tovefevang.no\/shop\/#\/schema\/logo\/image\/"},"sameAs":["https:\/\/www.facebook.com\/tovefevang.no"]}]}},"featured_img":"https:\/\/www.tovefevang.no\/shop\/wp-content\/uploads\/sites\/2\/2023\/12\/tofarget-kurs-Skjermbilde-2021-02-04-kl.-17.50.26-1271x1536-1.png","coauthors":[],"author_meta":{"author_link":"https:\/\/www.tovefevang.no\/shop\/author\/geiradmin\/","display_name":"Geir Arnesen"},"relative_dates":{"created":"Publisert 2 \u00e5r siden","modified":"Oppdatert 2 \u00e5r siden"},"absolute_dates":{"created":"Publisert 3. desember 2023","modified":"Oppdatert 3. desember 2023"},"absolute_dates_time":{"created":"Publisert 3. desember 2023 16:50","modified":"Oppdatert 3. desember 2023 17:08"},"featured_img_caption":"","tax_additional":{"product_brand":{"linked":[],"unlinked":[],"slug":"product_brand","name":"Merker"},"product_type":{"linked":["<a href=\"https:\/\/www.tovefevang.no\/shop\/?taxonomy=product_type&#038;term=simple\" class=\"advgb-post-tax-term\">simple<\/a>"],"unlinked":["<span class=\"advgb-post-tax-term\">simple<\/span>"],"slug":"product_type","name":"Produkttype"},"product_visibility":{"linked":[],"unlinked":[],"slug":"product_visibility","name":"Produktsynlighet"},"product_cat":{"linked":["<a href=\"https:\/\/www.tovefevang.no\/shop\/produktkategori\/produkter\/oppskrift\/sjerfogsjal\/\" class=\"advgb-post-tax-term\">Skjerf og sjal<\/a>"],"unlinked":["<span class=\"advgb-post-tax-term\">Skjerf og sjal<\/span>"],"slug":"product_cat","name":"Produktkategorier"},"product_tag":{"linked":[],"unlinked":[],"slug":"product_tag","name":"Produktstikkord"},"product_shipping_class":{"linked":[],"unlinked":[],"slug":"product_shipping_class","name":"Produkt fraktklasse"},"pos_product_visibility":{"linked":[],"unlinked":[],"slug":"pos_product_visibility","name":"POS Product visibility"},"pa_color":{"linked":[],"unlinked":[],"slug":"pa_color","name":"Produkt Farge"},"pa_size":{"linked":[],"unlinked":[],"slug":"pa_size","name":"Produkt St\u00f8rrelse"}},"series_order":"","_links":{"self":[{"href":"https:\/\/www.tovefevang.no\/shop\/wp-json\/wp\/v2\/product\/665","targetHints":{"allow":["GET"]}}],"collection":[{"href":"https:\/\/www.tovefevang.no\/shop\/wp-json\/wp\/v2\/product"}],"about":[{"href":"https:\/\/www.tovefevang.no\/shop\/wp-json\/wp\/v2\/types\/product"}],"wp:featuredmedia":[{"embeddable":true,"href":"https:\/\/www.tovefevang.no\/shop\/wp-json\/wp\/v2\/media\/666"}],"wp:attachment":[{"href":"https:\/\/www.tovefevang.no\/shop\/wp-json\/wp\/v2\/media?parent=665"}],"wp:term":[{"taxonomy":"product_brand","embeddable":true,"href":"https:\/\/www.tovefevang.no\/shop\/wp-json\/wp\/v2\/product_brand?post=665"},{"taxonomy":"product_cat","embeddable":true,"href":"https:\/\/www.tovefevang.no\/shop\/wp-json\/wp\/v2\/product_cat?post=665"},{"taxonomy":"product_tag","embeddable":true,"href":"https:\/\/www.tovefevang.no\/shop\/wp-json\/wp\/v2\/product_tag?post=665"}],"curies":[{"name":"wp","href":"https:\/\/api.w.org\/{rel}","templated":true}]}}