{"id":545,"date":"2023-12-02T11:08:04","date_gmt":"2023-12-02T10:08:04","guid":{"rendered":"https:\/\/www.tovefevang.no\/shop\/?post_type=product&#038;p=545"},"modified":"2024-07-17T16:56:06","modified_gmt":"2024-07-17T14:56:06","slug":"annette-sokker","status":"publish","type":"product","link":"https:\/\/www.tovefevang.no\/shop\/produkt\/annette-sokker\/","title":{"rendered":"Annette sokker"},"content":{"rendered":"<p><strong>ST\u00d8RRELSE:<\/strong><br \/>\nDame skost\u00f8rrelse ca. 37-39<br \/>\n<strong>MATERIALER:<\/strong><br \/>\n<strong>Alpakka forte fra Dalegarn\u00a0<\/strong>(80% alpakka, 20% nylon) 50 g = ca.133 m<br \/>\nLys denim melert f. nr. 714, 150 g (3 n\u00f8ster)<br \/>\neller<br \/>\nLatte beige melert f. nr. 701, 150 g (3 n\u00f8ster)<br \/>\neller<br \/>\nKamel nr. 726, 150 g (3 n\u00f8ster)<br \/>\nOpplysninger om garnet kan f\u00e5s hos: Dale Garn,\u00a0 www.dalegarn.no<\/p>\n<p><strong>PINNER:<\/strong><br \/>\nLang rundpinne 80 eller 100 cm f.eks. ChiaoGoo til<br \/>\nMagic-Loop nr. 2 \u00bd til (eller nr. 2 \u00bd str\u00f8mpe-p)<\/p>\n<p><strong>STRIKKEFASTHET:\u00a0<\/strong><br \/>\nAlpakka Forte, ca. 27 m glattstrikk p\u00e5 p nr. 2 \u00bd = 10 cm<\/p>\n<p>Etter at du har kj\u00f8pt og betalt oppskriften kan du laste ned oppskrifte direkte, i tillegg f\u00e5r du inkludert trinn for trinn hvordan du kan strikke to sokker p\u00e5 en gang med Magic-loop. I tillegg f\u00e5r du en lenke til video i oppskriften om hvordan legge opp med dekorative knuter, som er brukt som opplegg til sokkene.<\/p>\n<p><a href=\"https:\/\/www.tovefevang.no\/blog\/2020\/01\/31\/annette-sokkeoppskrift\/\">Les mer om oppskriften p\u00e5 bloggen her.<\/a><\/p>\n","protected":false},"excerpt":{"rendered":"<p>ST\u00d8RRELSE: Dame skost\u00f8rrelse ca. 37-39 MATERIALER: Alpakka forte fra Dalegarn\u00a0(80% alpakka, 20% nylon) 50 g = ca.133 m Lys denim melert f. nr. 714, 150 g (3 n\u00f8ster) eller Latte beige melert f. nr. 701, 150 g (3 n\u00f8ster) eller Kamel nr. 726, 150 g (3 n\u00f8ster) Opplysninger om garnet kan f\u00e5s hos: Dale Garn,\u00a0 [&hellip;]<\/p>\n","protected":false},"author":4,"featured_media":552,"template":"","meta":{"advgb_blocks_editor_width":"","advgb_blocks_columns_visual_guide":""},"product_brand":[],"product_cat":[20],"product_tag":[],"class_list":{"0":"post-545","1":"product","2":"type-product","3":"status-publish","4":"has-post-thumbnail","6":"product_cat-sokker","8":"first","9":"instock","10":"downloadable","11":"virtual","12":"sold-individually","13":"taxable","14":"purchasable","15":"product-type-simple"},"yoast_head":"<!-- This site is optimized with the Yoast SEO plugin v27.4 - https:\/\/yoast.com\/product\/yoast-seo-wordpress\/ -->\n<title>Annette sokker - Idestuen AS - Tove Fevang<\/title>\n<meta name=\"robots\" content=\"index, follow, max-snippet:-1, max-image-preview:large, max-video-preview:-1\" \/>\n<link rel=\"canonical\" href=\"https:\/\/www.tovefevang.no\/shop\/produkt\/annette-sokker\/\" \/>\n<meta property=\"og:locale\" content=\"nb_NO\" \/>\n<meta property=\"og:type\" content=\"article\" \/>\n<meta property=\"og:title\" content=\"Annette sokker - Idestuen AS - Tove Fevang\" \/>\n<meta property=\"og:description\" content=\"ST\u00d8RRELSE: Dame skost\u00f8rrelse ca. 37-39 MATERIALER: Alpakka forte fra Dalegarn\u00a0(80% alpakka, 20% nylon) 50 g = ca.133 m Lys denim melert f. nr. 714, 150 g (3 n\u00f8ster) eller Latte beige melert f. nr. 701, 150 g (3 n\u00f8ster) eller Kamel nr. 726, 150 g (3 n\u00f8ster) Opplysninger om garnet kan f\u00e5s hos: Dale Garn,\u00a0 [&hellip;]\" \/>\n<meta property=\"og:url\" content=\"https:\/\/www.tovefevang.no\/shop\/produkt\/annette-sokker\/\" \/>\n<meta property=\"og:site_name\" content=\"Idestuen AS - Tove Fevang\" \/>\n<meta property=\"article:publisher\" content=\"https:\/\/www.facebook.com\/tovefevang.no\" \/>\n<meta property=\"article:modified_time\" content=\"2024-07-17T14:56:06+00:00\" \/>\n<meta property=\"og:image\" content=\"https:\/\/www.tovefevang.no\/shop\/wp-content\/uploads\/sites\/2\/2023\/12\/annette-DSC9331-1920x1200_80.jpeg\" \/>\n\t<meta property=\"og:image:width\" content=\"1500\" \/>\n\t<meta property=\"og:image:height\" content=\"1200\" \/>\n\t<meta property=\"og:image:type\" content=\"image\/jpeg\" \/>\n<meta name=\"twitter:card\" content=\"summary_large_image\" \/>\n<meta name=\"twitter:label1\" content=\"Ansl. lesetid\" \/>\n\t<meta name=\"twitter:data1\" content=\"1 minutt\" \/>\n<script type=\"application\/ld+json\" class=\"yoast-schema-graph\">{\"@context\":\"https:\\\/\\\/schema.org\",\"@graph\":[{\"@type\":\"WebPage\",\"@id\":\"https:\\\/\\\/www.tovefevang.no\\\/shop\\\/produkt\\\/annette-sokker\\\/\",\"url\":\"https:\\\/\\\/www.tovefevang.no\\\/shop\\\/produkt\\\/annette-sokker\\\/\",\"name\":\"Annette sokker - Idestuen AS - Tove Fevang\",\"isPartOf\":{\"@id\":\"https:\\\/\\\/www.tovefevang.no\\\/shop\\\/#website\"},\"primaryImageOfPage\":{\"@id\":\"https:\\\/\\\/www.tovefevang.no\\\/shop\\\/produkt\\\/annette-sokker\\\/#primaryimage\"},\"image\":{\"@id\":\"https:\\\/\\\/www.tovefevang.no\\\/shop\\\/produkt\\\/annette-sokker\\\/#primaryimage\"},\"thumbnailUrl\":\"https:\\\/\\\/www.tovefevang.no\\\/shop\\\/wp-content\\\/uploads\\\/sites\\\/2\\\/2023\\\/12\\\/annette-DSC9331-1920x1200_80.jpeg\",\"datePublished\":\"2023-12-02T10:08:04+00:00\",\"dateModified\":\"2024-07-17T14:56:06+00:00\",\"breadcrumb\":{\"@id\":\"https:\\\/\\\/www.tovefevang.no\\\/shop\\\/produkt\\\/annette-sokker\\\/#breadcrumb\"},\"inLanguage\":\"nb-NO\",\"potentialAction\":[{\"@type\":\"ReadAction\",\"target\":[\"https:\\\/\\\/www.tovefevang.no\\\/shop\\\/produkt\\\/annette-sokker\\\/\"]}]},{\"@type\":\"ImageObject\",\"inLanguage\":\"nb-NO\",\"@id\":\"https:\\\/\\\/www.tovefevang.no\\\/shop\\\/produkt\\\/annette-sokker\\\/#primaryimage\",\"url\":\"https:\\\/\\\/www.tovefevang.no\\\/shop\\\/wp-content\\\/uploads\\\/sites\\\/2\\\/2023\\\/12\\\/annette-DSC9331-1920x1200_80.jpeg\",\"contentUrl\":\"https:\\\/\\\/www.tovefevang.no\\\/shop\\\/wp-content\\\/uploads\\\/sites\\\/2\\\/2023\\\/12\\\/annette-DSC9331-1920x1200_80.jpeg\",\"width\":1500,\"height\":1200},{\"@type\":\"BreadcrumbList\",\"@id\":\"https:\\\/\\\/www.tovefevang.no\\\/shop\\\/produkt\\\/annette-sokker\\\/#breadcrumb\",\"itemListElement\":[{\"@type\":\"ListItem\",\"position\":1,\"name\":\"Hjem\",\"item\":\"https:\\\/\\\/www.tovefevang.no\\\/shop\\\/\"},{\"@type\":\"ListItem\",\"position\":2,\"name\":\"Nettbutikk\",\"item\":\"https:\\\/\\\/www.tovefevang.no\\\/shop\\\/butikk\\\/\"},{\"@type\":\"ListItem\",\"position\":3,\"name\":\"Annette sokker\"}]},{\"@type\":\"WebSite\",\"@id\":\"https:\\\/\\\/www.tovefevang.no\\\/shop\\\/#website\",\"url\":\"https:\\\/\\\/www.tovefevang.no\\\/shop\\\/\",\"name\":\"Idestuen AS - Tove Fevang\",\"description\":\"Idestuen AS - Tove Fevang\",\"publisher\":{\"@id\":\"https:\\\/\\\/www.tovefevang.no\\\/shop\\\/#organization\"},\"potentialAction\":[{\"@type\":\"SearchAction\",\"target\":{\"@type\":\"EntryPoint\",\"urlTemplate\":\"https:\\\/\\\/www.tovefevang.no\\\/shop\\\/?s={search_term_string}\"},\"query-input\":{\"@type\":\"PropertyValueSpecification\",\"valueRequired\":true,\"valueName\":\"search_term_string\"}}],\"inLanguage\":\"nb-NO\"},{\"@type\":\"Organization\",\"@id\":\"https:\\\/\\\/www.tovefevang.no\\\/shop\\\/#organization\",\"name\":\"Idestuen AS - Tove Fevang\",\"url\":\"https:\\\/\\\/www.tovefevang.no\\\/shop\\\/\",\"logo\":{\"@type\":\"ImageObject\",\"inLanguage\":\"nb-NO\",\"@id\":\"https:\\\/\\\/www.tovefevang.no\\\/shop\\\/#\\\/schema\\\/logo\\\/image\\\/\",\"url\":\"https:\\\/\\\/www.tovefevang.no\\\/shop\\\/wp-content\\\/uploads\\\/sites\\\/2\\\/2023\\\/11\\\/tovefevang-logo-1950_500.png\",\"contentUrl\":\"https:\\\/\\\/www.tovefevang.no\\\/shop\\\/wp-content\\\/uploads\\\/sites\\\/2\\\/2023\\\/11\\\/tovefevang-logo-1950_500.png\",\"width\":708,\"height\":181,\"caption\":\"Idestuen AS - Tove Fevang\"},\"image\":{\"@id\":\"https:\\\/\\\/www.tovefevang.no\\\/shop\\\/#\\\/schema\\\/logo\\\/image\\\/\"},\"sameAs\":[\"https:\\\/\\\/www.facebook.com\\\/tovefevang.no\"]}]}<\/script>\n<!-- \/ Yoast SEO plugin. -->","yoast_head_json":{"title":"Annette sokker - Idestuen AS - Tove Fevang","robots":{"index":"index","follow":"follow","max-snippet":"max-snippet:-1","max-image-preview":"max-image-preview:large","max-video-preview":"max-video-preview:-1"},"canonical":"https:\/\/www.tovefevang.no\/shop\/produkt\/annette-sokker\/","og_locale":"nb_NO","og_type":"article","og_title":"Annette sokker - Idestuen AS - Tove Fevang","og_description":"ST\u00d8RRELSE: Dame skost\u00f8rrelse ca. 37-39 MATERIALER: Alpakka forte fra Dalegarn\u00a0(80% alpakka, 20% nylon) 50 g = ca.133 m Lys denim melert f. nr. 714, 150 g (3 n\u00f8ster) eller Latte beige melert f. nr. 701, 150 g (3 n\u00f8ster) eller Kamel nr. 726, 150 g (3 n\u00f8ster) Opplysninger om garnet kan f\u00e5s hos: Dale Garn,\u00a0 [&hellip;]","og_url":"https:\/\/www.tovefevang.no\/shop\/produkt\/annette-sokker\/","og_site_name":"Idestuen AS - Tove Fevang","article_publisher":"https:\/\/www.facebook.com\/tovefevang.no","article_modified_time":"2024-07-17T14:56:06+00:00","og_image":[{"width":1500,"height":1200,"url":"https:\/\/www.tovefevang.no\/shop\/wp-content\/uploads\/sites\/2\/2023\/12\/annette-DSC9331-1920x1200_80.jpeg","type":"image\/jpeg"}],"twitter_card":"summary_large_image","twitter_misc":{"Ansl. lesetid":"1 minutt"},"schema":{"@context":"https:\/\/schema.org","@graph":[{"@type":"WebPage","@id":"https:\/\/www.tovefevang.no\/shop\/produkt\/annette-sokker\/","url":"https:\/\/www.tovefevang.no\/shop\/produkt\/annette-sokker\/","name":"Annette sokker - Idestuen AS - Tove Fevang","isPartOf":{"@id":"https:\/\/www.tovefevang.no\/shop\/#website"},"primaryImageOfPage":{"@id":"https:\/\/www.tovefevang.no\/shop\/produkt\/annette-sokker\/#primaryimage"},"image":{"@id":"https:\/\/www.tovefevang.no\/shop\/produkt\/annette-sokker\/#primaryimage"},"thumbnailUrl":"https:\/\/www.tovefevang.no\/shop\/wp-content\/uploads\/sites\/2\/2023\/12\/annette-DSC9331-1920x1200_80.jpeg","datePublished":"2023-12-02T10:08:04+00:00","dateModified":"2024-07-17T14:56:06+00:00","breadcrumb":{"@id":"https:\/\/www.tovefevang.no\/shop\/produkt\/annette-sokker\/#breadcrumb"},"inLanguage":"nb-NO","potentialAction":[{"@type":"ReadAction","target":["https:\/\/www.tovefevang.no\/shop\/produkt\/annette-sokker\/"]}]},{"@type":"ImageObject","inLanguage":"nb-NO","@id":"https:\/\/www.tovefevang.no\/shop\/produkt\/annette-sokker\/#primaryimage","url":"https:\/\/www.tovefevang.no\/shop\/wp-content\/uploads\/sites\/2\/2023\/12\/annette-DSC9331-1920x1200_80.jpeg","contentUrl":"https:\/\/www.tovefevang.no\/shop\/wp-content\/uploads\/sites\/2\/2023\/12\/annette-DSC9331-1920x1200_80.jpeg","width":1500,"height":1200},{"@type":"BreadcrumbList","@id":"https:\/\/www.tovefevang.no\/shop\/produkt\/annette-sokker\/#breadcrumb","itemListElement":[{"@type":"ListItem","position":1,"name":"Hjem","item":"https:\/\/www.tovefevang.no\/shop\/"},{"@type":"ListItem","position":2,"name":"Nettbutikk","item":"https:\/\/www.tovefevang.no\/shop\/butikk\/"},{"@type":"ListItem","position":3,"name":"Annette sokker"}]},{"@type":"WebSite","@id":"https:\/\/www.tovefevang.no\/shop\/#website","url":"https:\/\/www.tovefevang.no\/shop\/","name":"Idestuen AS - Tove Fevang","description":"Idestuen AS - Tove Fevang","publisher":{"@id":"https:\/\/www.tovefevang.no\/shop\/#organization"},"potentialAction":[{"@type":"SearchAction","target":{"@type":"EntryPoint","urlTemplate":"https:\/\/www.tovefevang.no\/shop\/?s={search_term_string}"},"query-input":{"@type":"PropertyValueSpecification","valueRequired":true,"valueName":"search_term_string"}}],"inLanguage":"nb-NO"},{"@type":"Organization","@id":"https:\/\/www.tovefevang.no\/shop\/#organization","name":"Idestuen AS - Tove Fevang","url":"https:\/\/www.tovefevang.no\/shop\/","logo":{"@type":"ImageObject","inLanguage":"nb-NO","@id":"https:\/\/www.tovefevang.no\/shop\/#\/schema\/logo\/image\/","url":"https:\/\/www.tovefevang.no\/shop\/wp-content\/uploads\/sites\/2\/2023\/11\/tovefevang-logo-1950_500.png","contentUrl":"https:\/\/www.tovefevang.no\/shop\/wp-content\/uploads\/sites\/2\/2023\/11\/tovefevang-logo-1950_500.png","width":708,"height":181,"caption":"Idestuen AS - Tove Fevang"},"image":{"@id":"https:\/\/www.tovefevang.no\/shop\/#\/schema\/logo\/image\/"},"sameAs":["https:\/\/www.facebook.com\/tovefevang.no"]}]}},"featured_img":"https:\/\/www.tovefevang.no\/shop\/wp-content\/uploads\/sites\/2\/2023\/12\/annette-DSC9331-1920x1200_80.jpeg","coauthors":[],"author_meta":{"author_link":"https:\/\/www.tovefevang.no\/shop\/author\/geiradmin\/","display_name":"Geir Arnesen"},"relative_dates":{"created":"Publisert 2 \u00e5r siden","modified":"Oppdatert 2 \u00e5r siden"},"absolute_dates":{"created":"Publisert 2. desember 2023","modified":"Oppdatert 17. juli 2024"},"absolute_dates_time":{"created":"Publisert 2. desember 2023 11:08","modified":"Oppdatert 17. juli 2024 16:56"},"featured_img_caption":"","tax_additional":{"product_brand":{"linked":[],"unlinked":[],"slug":"product_brand","name":"Merker"},"product_type":{"linked":["<a href=\"https:\/\/www.tovefevang.no\/shop\/?taxonomy=product_type&#038;term=simple\" class=\"advgb-post-tax-term\">simple<\/a>"],"unlinked":["<span class=\"advgb-post-tax-term\">simple<\/span>"],"slug":"product_type","name":"Produkttype"},"product_visibility":{"linked":[],"unlinked":[],"slug":"product_visibility","name":"Produktsynlighet"},"product_cat":{"linked":["<a href=\"https:\/\/www.tovefevang.no\/shop\/produktkategori\/produkter\/oppskrift\/sokker\/\" class=\"advgb-post-tax-term\">Sokker<\/a>"],"unlinked":["<span class=\"advgb-post-tax-term\">Sokker<\/span>"],"slug":"product_cat","name":"Produktkategorier"},"product_tag":{"linked":[],"unlinked":[],"slug":"product_tag","name":"Produktstikkord"},"product_shipping_class":{"linked":[],"unlinked":[],"slug":"product_shipping_class","name":"Produkt fraktklasse"},"pos_product_visibility":{"linked":[],"unlinked":[],"slug":"pos_product_visibility","name":"POS Product visibility"},"pa_color":{"linked":[],"unlinked":[],"slug":"pa_color","name":"Produkt Farge"},"pa_size":{"linked":[],"unlinked":[],"slug":"pa_size","name":"Produkt St\u00f8rrelse"}},"series_order":"","_links":{"self":[{"href":"https:\/\/www.tovefevang.no\/shop\/wp-json\/wp\/v2\/product\/545","targetHints":{"allow":["GET"]}}],"collection":[{"href":"https:\/\/www.tovefevang.no\/shop\/wp-json\/wp\/v2\/product"}],"about":[{"href":"https:\/\/www.tovefevang.no\/shop\/wp-json\/wp\/v2\/types\/product"}],"wp:featuredmedia":[{"embeddable":true,"href":"https:\/\/www.tovefevang.no\/shop\/wp-json\/wp\/v2\/media\/552"}],"wp:attachment":[{"href":"https:\/\/www.tovefevang.no\/shop\/wp-json\/wp\/v2\/media?parent=545"}],"wp:term":[{"taxonomy":"product_brand","embeddable":true,"href":"https:\/\/www.tovefevang.no\/shop\/wp-json\/wp\/v2\/product_brand?post=545"},{"taxonomy":"product_cat","embeddable":true,"href":"https:\/\/www.tovefevang.no\/shop\/wp-json\/wp\/v2\/product_cat?post=545"},{"taxonomy":"product_tag","embeddable":true,"href":"https:\/\/www.tovefevang.no\/shop\/wp-json\/wp\/v2\/product_tag?post=545"}],"curies":[{"name":"wp","href":"https:\/\/api.w.org\/{rel}","templated":true}]}}