{"id":3612,"date":"2024-12-28T18:10:54","date_gmt":"2024-12-28T17:10:54","guid":{"rendered":"https:\/\/www.tovefevang.no\/shop\/?post_type=product&#038;p=3612"},"modified":"2024-12-30T18:35:40","modified_gmt":"2024-12-30T17:35:40","slug":"klassiske-damevotter","status":"publish","type":"product","link":"https:\/\/www.tovefevang.no\/shop\/produkt\/klassiske-damevotter\/","title":{"rendered":"Klassiske damevotter"},"content":{"rendered":"\n<p><strong>ST\u00d8RRELSER:<br><\/strong><a href=\"Dame: One size\">Dame: One size<\/a><\/p>\n\n\n\n<p><strong>MATERIALER og GARNFORBRUK:<br><\/strong>Spindrift, Jamieson of Shetland (100 % shetlandsull ) 25 g = ca. 107 meter = 1 n\u00f8ste<br>Bunnfarge, Crimson f.nr. 525, 50 g<br>M\u00f8nsterfarge, Natural White f.nr. 104, 25 g<br>Spindrift garnet som er brukt i oppskriften finner du her i nettbutikken og det er 76 lekre farger i Spindrift \u00e5 velge mellom.<\/p>\n\n\n\n<p><strong>PINNER:<\/strong><br>ChiaoGoo rund-p 100 cm nr. 2,5 (= 75\u00a0 cm vaier og 13 cm pinnetupper) til Magic-Loop<br><br><strong>STRIKKEFASTHET:\u00a0<\/strong><br>30 m m\u00f8nsterstrikk p\u00e5 p nr. 2,5 = 10 cm<\/p>\n\n\n\n<p><\/p>\n\n\n\n<p><\/p>\n\n\n\n<p><\/p>\n\n\n\n<p><\/p>\n\n\n\n<p><\/p>\n\n\n\n<p><\/p>\n\n\n\n<p><\/p>\n","protected":false},"excerpt":{"rendered":"<p><!-- wp:paragraph --><\/p>\n<p><!-- wp:paragraph --><\/p>\n<p>Klassiske damevotter er strikket i garnet Spindrift\u00a0 fra Jamiesons of Shetland 100 % shetlandsull . Oppskriften er i en st\u00f8rrelse (one size). Vottene er strikket i det klassiske r\u00f8dt og naturhvit, du kan lage dine egne fargekombinasjoner. Husk \u00e5 bruke store nok kontraster slik at m\u00f8nsteret kommer godt frem. I nettbutikken\u00a0 finner du 76 lekre farger i Spindrift garnet. <br \/><strong>Tips!<\/strong> Samtidig finner du over 50 farger av\u00a0 2 ply Jumper weight fra Jamieson &amp; Smith. Begge garnene er i 100 % shetlandsull, de har samme strikkefasthet og l\u00f8pemeter. S\u00e5 de kan kombineres om hverandre.<\/p>\n<p><strong>I oppskriften finner du ogs\u00e5 link til flere unike videoer som gir ekstra forklaringer p\u00e5 ulike steg i arbeidet. Det er ogs\u00e5 trinn-for-trinn bilder, som viser hvordan du strikker Magic-Loop og to votter samtidig<\/strong><\/p>\n<p><!-- wp:paragraph --><\/p>\n<p><strong>ST\u00d8RRELSER:<br \/><\/strong>Dame: One size<\/p>\n<p><!-- \/wp:paragraph --><\/p>\n<p><!-- wp:paragraph --><\/p>\n<p><strong>MATERIALER og GARNFORBRUK:<br \/><\/strong>Spindrift, Jamieson of Shetland (100 % shetlandsull ) 25 g = ca. 107 meter = 1 n\u00f8ste<br \/>Bunnfarge, Crimson f.nr. 525, 50 g<br \/>M\u00f8nsterfarge, Natural White f.nr. 104, 25 g<br \/>Spindrift garnet som er brukt i oppskriften finner du her i nettbutikken og det er 76 lekre farger i Spindrift \u00e5 velge mellom.<\/p>\n<p><!-- \/wp:paragraph --><\/p>\n<p><!-- wp:paragraph --><\/p>\n<p><strong>PINNER:<\/strong><br \/>ChiaoGoo rund-p 100 cm nr. 2,5 (= 75\u00a0 cm vaier og 13 cm pinnetupper) til Magic-Loop<\/p>\n<p><strong>STRIKKEFASTHET:\u00a0<\/strong><br \/>30 m m\u00f8nsterstrikk p\u00e5 p nr. 2,5 = 10 cm<\/p>\n<p><!-- \/wp:paragraph --><\/p>\n<p><!-- \/wp:paragraph --><\/p>\n<p><!-- wp:paragraph --><\/p>\n<p>&nbsp;<\/p>\n<p><!-- \/wp:paragraph --><\/p>\n<p><!-- wp:paragraph --><\/p>\n<p><!-- \/wp:paragraph --><\/p>\n","protected":false},"author":1,"featured_media":3613,"template":"","meta":{"advgb_blocks_editor_width":"","advgb_blocks_columns_visual_guide":""},"product_brand":[],"product_cat":[42,28,18],"product_tag":[],"class_list":{"0":"post-3612","1":"product","2":"type-product","3":"status-publish","4":"has-post-thumbnail","6":"product_cat-gratis-oppskrifter","7":"product_cat-luerogtilbehor","8":"product_cat-oppskrift","10":"first","11":"instock","12":"downloadable","13":"virtual","14":"sold-individually","15":"taxable","16":"purchasable","17":"product-type-simple"},"yoast_head":"<!-- This site is optimized with the Yoast SEO plugin v27.4 - https:\/\/yoast.com\/product\/yoast-seo-wordpress\/ -->\n<title>Klassiske damevotter - Idestuen AS - Tove Fevang<\/title>\n<meta name=\"robots\" content=\"index, follow, max-snippet:-1, max-image-preview:large, max-video-preview:-1\" \/>\n<link rel=\"canonical\" href=\"https:\/\/www.tovefevang.no\/shop\/produkt\/klassiske-damevotter\/\" \/>\n<meta property=\"og:locale\" content=\"nb_NO\" \/>\n<meta property=\"og:type\" content=\"article\" \/>\n<meta property=\"og:title\" content=\"Klassiske damevotter - Idestuen AS - Tove Fevang\" \/>\n<meta property=\"og:description\" content=\"Klassiske damevotter er strikket i garnet Spindrift\u00a0 fra Jamiesons of Shetland 100 % shetlandsull . Oppskriften er i en st\u00f8rrelse (one size). Vottene er strikket i det klassiske r\u00f8dt og naturhvit, du kan lage dine egne fargekombinasjoner. Husk \u00e5 bruke store nok kontraster slik at m\u00f8nsteret kommer godt frem. I nettbutikken\u00a0 finner du 76 lekre farger i Spindrift garnet. Tips! Samtidig finner du over 50 farger av\u00a0 2 ply Jumper weight fra Jamieson &amp; Smith. Begge garnene er i 100 % shetlandsull, de har samme strikkefasthet og l\u00f8pemeter. S\u00e5 de kan kombineres om hverandre. I oppskriften finner du ogs\u00e5 link til flere unike videoer som gir ekstra forklaringer p\u00e5 ulike steg i arbeidet. Det er ogs\u00e5 trinn-for-trinn bilder, som viser hvordan du strikker Magic-Loop og to votter samtidig  ST\u00d8RRELSER:Dame: One size    MATERIALER og GARNFORBRUK:Spindrift, Jamieson of Shetland (100 % shetlandsull ) 25 g = ca. 107 meter = 1 n\u00f8steBunnfarge, Crimson f.nr. 525, 50 gM\u00f8nsterfarge, Natural White f.nr. 104, 25 gSpindrift garnet som er brukt i oppskriften finner du her i nettbutikken og det er 76 lekre farger i Spindrift \u00e5 velge mellom.    PINNER:ChiaoGoo rund-p 100 cm nr. 2,5 (= 75\u00a0 cm vaier og 13 cm pinnetupper) til Magic-LoopSTRIKKEFASTHET:\u00a030 m m\u00f8nsterstrikk p\u00e5 p nr. 2,5 = 10 cm     &nbsp;\" \/>\n<meta property=\"og:url\" content=\"https:\/\/www.tovefevang.no\/shop\/produkt\/klassiske-damevotter\/\" \/>\n<meta property=\"og:site_name\" content=\"Idestuen AS - Tove Fevang\" \/>\n<meta property=\"article:publisher\" content=\"https:\/\/www.facebook.com\/tovefevang.no\" \/>\n<meta property=\"article:modified_time\" content=\"2024-12-30T17:35:40+00:00\" \/>\n<meta property=\"og:image\" content=\"https:\/\/www.tovefevang.no\/shop\/wp-content\/uploads\/sites\/2\/2024\/12\/DSC05320-1920x1080_72-q75.jpg\" \/>\n\t<meta property=\"og:image:width\" content=\"1468\" \/>\n\t<meta property=\"og:image:height\" content=\"1080\" \/>\n\t<meta property=\"og:image:type\" content=\"image\/jpeg\" \/>\n<meta name=\"twitter:card\" content=\"summary_large_image\" \/>\n<meta name=\"twitter:label1\" content=\"Ansl. lesetid\" \/>\n\t<meta name=\"twitter:data1\" content=\"1 minutt\" \/>\n<script type=\"application\/ld+json\" class=\"yoast-schema-graph\">{\"@context\":\"https:\\\/\\\/schema.org\",\"@graph\":[{\"@type\":\"WebPage\",\"@id\":\"https:\\\/\\\/www.tovefevang.no\\\/shop\\\/produkt\\\/klassiske-damevotter\\\/\",\"url\":\"https:\\\/\\\/www.tovefevang.no\\\/shop\\\/produkt\\\/klassiske-damevotter\\\/\",\"name\":\"Klassiske damevotter - Idestuen AS - Tove Fevang\",\"isPartOf\":{\"@id\":\"https:\\\/\\\/www.tovefevang.no\\\/shop\\\/#website\"},\"primaryImageOfPage\":{\"@id\":\"https:\\\/\\\/www.tovefevang.no\\\/shop\\\/produkt\\\/klassiske-damevotter\\\/#primaryimage\"},\"image\":{\"@id\":\"https:\\\/\\\/www.tovefevang.no\\\/shop\\\/produkt\\\/klassiske-damevotter\\\/#primaryimage\"},\"thumbnailUrl\":\"https:\\\/\\\/www.tovefevang.no\\\/shop\\\/wp-content\\\/uploads\\\/sites\\\/2\\\/2024\\\/12\\\/DSC05320-1920x1080_72-q75.jpg\",\"datePublished\":\"2024-12-28T17:10:54+00:00\",\"dateModified\":\"2024-12-30T17:35:40+00:00\",\"breadcrumb\":{\"@id\":\"https:\\\/\\\/www.tovefevang.no\\\/shop\\\/produkt\\\/klassiske-damevotter\\\/#breadcrumb\"},\"inLanguage\":\"nb-NO\",\"potentialAction\":[{\"@type\":\"ReadAction\",\"target\":[\"https:\\\/\\\/www.tovefevang.no\\\/shop\\\/produkt\\\/klassiske-damevotter\\\/\"]}]},{\"@type\":\"ImageObject\",\"inLanguage\":\"nb-NO\",\"@id\":\"https:\\\/\\\/www.tovefevang.no\\\/shop\\\/produkt\\\/klassiske-damevotter\\\/#primaryimage\",\"url\":\"https:\\\/\\\/www.tovefevang.no\\\/shop\\\/wp-content\\\/uploads\\\/sites\\\/2\\\/2024\\\/12\\\/DSC05320-1920x1080_72-q75.jpg\",\"contentUrl\":\"https:\\\/\\\/www.tovefevang.no\\\/shop\\\/wp-content\\\/uploads\\\/sites\\\/2\\\/2024\\\/12\\\/DSC05320-1920x1080_72-q75.jpg\",\"width\":1468,\"height\":1080},{\"@type\":\"BreadcrumbList\",\"@id\":\"https:\\\/\\\/www.tovefevang.no\\\/shop\\\/produkt\\\/klassiske-damevotter\\\/#breadcrumb\",\"itemListElement\":[{\"@type\":\"ListItem\",\"position\":1,\"name\":\"Hjem\",\"item\":\"https:\\\/\\\/www.tovefevang.no\\\/shop\\\/\"},{\"@type\":\"ListItem\",\"position\":2,\"name\":\"Nettbutikk\",\"item\":\"https:\\\/\\\/www.tovefevang.no\\\/shop\\\/butikk\\\/\"},{\"@type\":\"ListItem\",\"position\":3,\"name\":\"Klassiske damevotter\"}]},{\"@type\":\"WebSite\",\"@id\":\"https:\\\/\\\/www.tovefevang.no\\\/shop\\\/#website\",\"url\":\"https:\\\/\\\/www.tovefevang.no\\\/shop\\\/\",\"name\":\"Idestuen AS - Tove Fevang\",\"description\":\"Idestuen AS - Tove Fevang\",\"publisher\":{\"@id\":\"https:\\\/\\\/www.tovefevang.no\\\/shop\\\/#organization\"},\"potentialAction\":[{\"@type\":\"SearchAction\",\"target\":{\"@type\":\"EntryPoint\",\"urlTemplate\":\"https:\\\/\\\/www.tovefevang.no\\\/shop\\\/?s={search_term_string}\"},\"query-input\":{\"@type\":\"PropertyValueSpecification\",\"valueRequired\":true,\"valueName\":\"search_term_string\"}}],\"inLanguage\":\"nb-NO\"},{\"@type\":\"Organization\",\"@id\":\"https:\\\/\\\/www.tovefevang.no\\\/shop\\\/#organization\",\"name\":\"Idestuen AS - Tove Fevang\",\"url\":\"https:\\\/\\\/www.tovefevang.no\\\/shop\\\/\",\"logo\":{\"@type\":\"ImageObject\",\"inLanguage\":\"nb-NO\",\"@id\":\"https:\\\/\\\/www.tovefevang.no\\\/shop\\\/#\\\/schema\\\/logo\\\/image\\\/\",\"url\":\"https:\\\/\\\/www.tovefevang.no\\\/shop\\\/wp-content\\\/uploads\\\/sites\\\/2\\\/2023\\\/11\\\/tovefevang-logo-1950_500.png\",\"contentUrl\":\"https:\\\/\\\/www.tovefevang.no\\\/shop\\\/wp-content\\\/uploads\\\/sites\\\/2\\\/2023\\\/11\\\/tovefevang-logo-1950_500.png\",\"width\":708,\"height\":181,\"caption\":\"Idestuen AS - Tove Fevang\"},\"image\":{\"@id\":\"https:\\\/\\\/www.tovefevang.no\\\/shop\\\/#\\\/schema\\\/logo\\\/image\\\/\"},\"sameAs\":[\"https:\\\/\\\/www.facebook.com\\\/tovefevang.no\"]}]}<\/script>\n<!-- \/ Yoast SEO plugin. -->","yoast_head_json":{"title":"Klassiske damevotter - Idestuen AS - Tove Fevang","robots":{"index":"index","follow":"follow","max-snippet":"max-snippet:-1","max-image-preview":"max-image-preview:large","max-video-preview":"max-video-preview:-1"},"canonical":"https:\/\/www.tovefevang.no\/shop\/produkt\/klassiske-damevotter\/","og_locale":"nb_NO","og_type":"article","og_title":"Klassiske damevotter - Idestuen AS - Tove Fevang","og_description":"Klassiske damevotter er strikket i garnet Spindrift\u00a0 fra Jamiesons of Shetland 100 % shetlandsull . Oppskriften er i en st\u00f8rrelse (one size). Vottene er strikket i det klassiske r\u00f8dt og naturhvit, du kan lage dine egne fargekombinasjoner. Husk \u00e5 bruke store nok kontraster slik at m\u00f8nsteret kommer godt frem. I nettbutikken\u00a0 finner du 76 lekre farger i Spindrift garnet. Tips! Samtidig finner du over 50 farger av\u00a0 2 ply Jumper weight fra Jamieson &amp; Smith. Begge garnene er i 100 % shetlandsull, de har samme strikkefasthet og l\u00f8pemeter. S\u00e5 de kan kombineres om hverandre. I oppskriften finner du ogs\u00e5 link til flere unike videoer som gir ekstra forklaringer p\u00e5 ulike steg i arbeidet. Det er ogs\u00e5 trinn-for-trinn bilder, som viser hvordan du strikker Magic-Loop og to votter samtidig  ST\u00d8RRELSER:Dame: One size    MATERIALER og GARNFORBRUK:Spindrift, Jamieson of Shetland (100 % shetlandsull ) 25 g = ca. 107 meter = 1 n\u00f8steBunnfarge, Crimson f.nr. 525, 50 gM\u00f8nsterfarge, Natural White f.nr. 104, 25 gSpindrift garnet som er brukt i oppskriften finner du her i nettbutikken og det er 76 lekre farger i Spindrift \u00e5 velge mellom.    PINNER:ChiaoGoo rund-p 100 cm nr. 2,5 (= 75\u00a0 cm vaier og 13 cm pinnetupper) til Magic-LoopSTRIKKEFASTHET:\u00a030 m m\u00f8nsterstrikk p\u00e5 p nr. 2,5 = 10 cm     &nbsp;","og_url":"https:\/\/www.tovefevang.no\/shop\/produkt\/klassiske-damevotter\/","og_site_name":"Idestuen AS - Tove Fevang","article_publisher":"https:\/\/www.facebook.com\/tovefevang.no","article_modified_time":"2024-12-30T17:35:40+00:00","og_image":[{"width":1468,"height":1080,"url":"https:\/\/www.tovefevang.no\/shop\/wp-content\/uploads\/sites\/2\/2024\/12\/DSC05320-1920x1080_72-q75.jpg","type":"image\/jpeg"}],"twitter_card":"summary_large_image","twitter_misc":{"Ansl. lesetid":"1 minutt"},"schema":{"@context":"https:\/\/schema.org","@graph":[{"@type":"WebPage","@id":"https:\/\/www.tovefevang.no\/shop\/produkt\/klassiske-damevotter\/","url":"https:\/\/www.tovefevang.no\/shop\/produkt\/klassiske-damevotter\/","name":"Klassiske damevotter - Idestuen AS - Tove Fevang","isPartOf":{"@id":"https:\/\/www.tovefevang.no\/shop\/#website"},"primaryImageOfPage":{"@id":"https:\/\/www.tovefevang.no\/shop\/produkt\/klassiske-damevotter\/#primaryimage"},"image":{"@id":"https:\/\/www.tovefevang.no\/shop\/produkt\/klassiske-damevotter\/#primaryimage"},"thumbnailUrl":"https:\/\/www.tovefevang.no\/shop\/wp-content\/uploads\/sites\/2\/2024\/12\/DSC05320-1920x1080_72-q75.jpg","datePublished":"2024-12-28T17:10:54+00:00","dateModified":"2024-12-30T17:35:40+00:00","breadcrumb":{"@id":"https:\/\/www.tovefevang.no\/shop\/produkt\/klassiske-damevotter\/#breadcrumb"},"inLanguage":"nb-NO","potentialAction":[{"@type":"ReadAction","target":["https:\/\/www.tovefevang.no\/shop\/produkt\/klassiske-damevotter\/"]}]},{"@type":"ImageObject","inLanguage":"nb-NO","@id":"https:\/\/www.tovefevang.no\/shop\/produkt\/klassiske-damevotter\/#primaryimage","url":"https:\/\/www.tovefevang.no\/shop\/wp-content\/uploads\/sites\/2\/2024\/12\/DSC05320-1920x1080_72-q75.jpg","contentUrl":"https:\/\/www.tovefevang.no\/shop\/wp-content\/uploads\/sites\/2\/2024\/12\/DSC05320-1920x1080_72-q75.jpg","width":1468,"height":1080},{"@type":"BreadcrumbList","@id":"https:\/\/www.tovefevang.no\/shop\/produkt\/klassiske-damevotter\/#breadcrumb","itemListElement":[{"@type":"ListItem","position":1,"name":"Hjem","item":"https:\/\/www.tovefevang.no\/shop\/"},{"@type":"ListItem","position":2,"name":"Nettbutikk","item":"https:\/\/www.tovefevang.no\/shop\/butikk\/"},{"@type":"ListItem","position":3,"name":"Klassiske damevotter"}]},{"@type":"WebSite","@id":"https:\/\/www.tovefevang.no\/shop\/#website","url":"https:\/\/www.tovefevang.no\/shop\/","name":"Idestuen AS - Tove Fevang","description":"Idestuen AS - Tove Fevang","publisher":{"@id":"https:\/\/www.tovefevang.no\/shop\/#organization"},"potentialAction":[{"@type":"SearchAction","target":{"@type":"EntryPoint","urlTemplate":"https:\/\/www.tovefevang.no\/shop\/?s={search_term_string}"},"query-input":{"@type":"PropertyValueSpecification","valueRequired":true,"valueName":"search_term_string"}}],"inLanguage":"nb-NO"},{"@type":"Organization","@id":"https:\/\/www.tovefevang.no\/shop\/#organization","name":"Idestuen AS - Tove Fevang","url":"https:\/\/www.tovefevang.no\/shop\/","logo":{"@type":"ImageObject","inLanguage":"nb-NO","@id":"https:\/\/www.tovefevang.no\/shop\/#\/schema\/logo\/image\/","url":"https:\/\/www.tovefevang.no\/shop\/wp-content\/uploads\/sites\/2\/2023\/11\/tovefevang-logo-1950_500.png","contentUrl":"https:\/\/www.tovefevang.no\/shop\/wp-content\/uploads\/sites\/2\/2023\/11\/tovefevang-logo-1950_500.png","width":708,"height":181,"caption":"Idestuen AS - Tove Fevang"},"image":{"@id":"https:\/\/www.tovefevang.no\/shop\/#\/schema\/logo\/image\/"},"sameAs":["https:\/\/www.facebook.com\/tovefevang.no"]}]}},"featured_img":"https:\/\/www.tovefevang.no\/shop\/wp-content\/uploads\/sites\/2\/2024\/12\/DSC05320-1920x1080_72-q75.jpg","coauthors":[],"author_meta":{"author_link":"https:\/\/www.tovefevang.no\/shop\/author\/tove\/","display_name":"Tove Fevang"},"relative_dates":{"created":"Publisert 1 \u00e5r siden","modified":"Oppdatert 1 \u00e5r siden"},"absolute_dates":{"created":"Publisert 28. desember 2024","modified":"Oppdatert 30. desember 2024"},"absolute_dates_time":{"created":"Publisert 28. desember 2024 18:10","modified":"Oppdatert 30. desember 2024 18:35"},"featured_img_caption":"","tax_additional":{"product_brand":{"linked":[],"unlinked":[],"slug":"product_brand","name":"Merker"},"product_type":{"linked":["<a href=\"https:\/\/www.tovefevang.no\/shop\/?taxonomy=product_type&#038;term=simple\" class=\"advgb-post-tax-term\">simple<\/a>"],"unlinked":["<span class=\"advgb-post-tax-term\">simple<\/span>"],"slug":"product_type","name":"Produkttype"},"product_visibility":{"linked":[],"unlinked":[],"slug":"product_visibility","name":"Produktsynlighet"},"product_cat":{"linked":["<a href=\"https:\/\/www.tovefevang.no\/shop\/produktkategori\/produkter\/oppskrift\/gratis-oppskrifter\/\" class=\"advgb-post-tax-term\">Gratis oppskrifter<\/a>","<a href=\"https:\/\/www.tovefevang.no\/shop\/produktkategori\/produkter\/oppskrift\/luerogtilbehor\/\" class=\"advgb-post-tax-term\">Luer, panneb\u00e5nd og pulsvarmere<\/a>","<a href=\"https:\/\/www.tovefevang.no\/shop\/produktkategori\/produkter\/oppskrift\/\" class=\"advgb-post-tax-term\">Oppskrifter<\/a>"],"unlinked":["<span class=\"advgb-post-tax-term\">Gratis oppskrifter<\/span>","<span class=\"advgb-post-tax-term\">Luer, panneb\u00e5nd og pulsvarmere<\/span>","<span class=\"advgb-post-tax-term\">Oppskrifter<\/span>"],"slug":"product_cat","name":"Produktkategorier"},"product_tag":{"linked":[],"unlinked":[],"slug":"product_tag","name":"Produktstikkord"},"product_shipping_class":{"linked":[],"unlinked":[],"slug":"product_shipping_class","name":"Produkt fraktklasse"},"pos_product_visibility":{"linked":[],"unlinked":[],"slug":"pos_product_visibility","name":"POS Product visibility"},"pa_color":{"linked":[],"unlinked":[],"slug":"pa_color","name":"Produkt Farge"},"pa_size":{"linked":[],"unlinked":[],"slug":"pa_size","name":"Produkt St\u00f8rrelse"}},"series_order":"","_links":{"self":[{"href":"https:\/\/www.tovefevang.no\/shop\/wp-json\/wp\/v2\/product\/3612","targetHints":{"allow":["GET"]}}],"collection":[{"href":"https:\/\/www.tovefevang.no\/shop\/wp-json\/wp\/v2\/product"}],"about":[{"href":"https:\/\/www.tovefevang.no\/shop\/wp-json\/wp\/v2\/types\/product"}],"wp:featuredmedia":[{"embeddable":true,"href":"https:\/\/www.tovefevang.no\/shop\/wp-json\/wp\/v2\/media\/3613"}],"wp:attachment":[{"href":"https:\/\/www.tovefevang.no\/shop\/wp-json\/wp\/v2\/media?parent=3612"}],"wp:term":[{"taxonomy":"product_brand","embeddable":true,"href":"https:\/\/www.tovefevang.no\/shop\/wp-json\/wp\/v2\/product_brand?post=3612"},{"taxonomy":"product_cat","embeddable":true,"href":"https:\/\/www.tovefevang.no\/shop\/wp-json\/wp\/v2\/product_cat?post=3612"},{"taxonomy":"product_tag","embeddable":true,"href":"https:\/\/www.tovefevang.no\/shop\/wp-json\/wp\/v2\/product_tag?post=3612"}],"curies":[{"name":"wp","href":"https:\/\/api.w.org\/{rel}","templated":true}]}}