{"id":3360,"date":"2024-12-02T15:50:02","date_gmt":"2024-12-02T14:50:02","guid":{"rendered":"https:\/\/www.tovefevang.no\/shop\/?post_type=product&#038;p=3360"},"modified":"2024-12-09T22:36:04","modified_gmt":"2024-12-09T21:36:04","slug":"margaret-halstorkle-skjerf","status":"publish","type":"product","link":"https:\/\/www.tovefevang.no\/shop\/produkt\/margaret-halstorkle-skjerf\/","title":{"rendered":"Margaret  halst\u00f8rkle\/skjerf"},"content":{"rendered":"\n<p><strong>ST\u00d8RRELSER:<br><\/strong>Liten (stor)<br>Ustrukket\/f\u00f8r blokking<br>Lengde fra spiss til spiss: ca. 75 (96) cm<br>Bredde p\u00e5 midten: ca. 35 (28) cm<\/p>\n\n\n\n<p><strong>MATERIALER og GARNFORBRUK:<br><\/strong>Ultra, Jamieson of Shetland (50 % shetlandsull 50 % lamull) 25 g = ca. 194 meter = 1 n\u00f8ste<br><strong>Lite halst\u00f8rkle:<br><\/strong>Mooskit f.nr. 106, 75 g (3 n\u00f8ster)<br><strong>Stort halst\u00f8rkle:<br><\/strong>Titanic f.nr. 151, 75 g (3 n\u00f8ster)<br>Ultra garnet som er brukt i oppskriften finner du her i nettbutikken og det er 22 lekre farger i Ultra \u00e5 velge mellom. <\/p>\n\n\n\n<p><strong>PINNER:<\/strong><br>ChiaoGoo rund-p 60 cm nr. 2,75 (= 35&nbsp; cm vaier og 13 cm pinnetupper)&nbsp;<br><br><strong>STRIKKEFASTHET:&nbsp;<\/strong><br>Ustrukket\/f\u00f8r blokking<br>32 masker og 64 pinner rettstrikk med pinner nr. 2,75 = 10 x 10 cm<\/p>\n\n\n\n<p><\/p>\n\n\n\n<p><\/p>\n\n\n\n<p><\/p>\n\n\n\n<p><\/p>\n","protected":false},"excerpt":{"rendered":"<p><!-- wp:paragraph --><\/p>\n<p><!-- wp:paragraph --><\/p>\n<p>Margaret halst\u00f8rkle er strikket i garnet Ultra (lace weight) fra Jamiesons of Shetland 50 % shetlandsull og 50 % lamull. Oppskriften har 2 st\u00f8rrelser p\u00e5 halst\u00f8rkleet og er strikket fra kortside til kortside, frem og tilbake. P\u00e5 den ene siden er det en tradisjonell Shetland hullbord p\u00e5 motsatt side er det strikket \u00abrundkant\u00bb (ikke I-cord). Den rundekanten gj\u00f8r at kanten blir veldig elastisk. Mellom rundkant og hullborden er det strikket rettstrikk (riller).<\/p>\n<p>Shetlandssjal ble tradisjonelt strikket i rettstrikk og med mange intrikate hullstrikk m\u00f8nstre (Shetland lace knitting). Hullborden p\u00e5 halst\u00f8rkleet er en gammel tradisjonell Shetlands hullbord (lace), hvor m\u00f8nsteret strikkes b\u00e5de p\u00e5 rett- og vrangpinnene. Litt ulikt det vi til vanligvis kjenner hvor generelt hullm\u00f8nster strikkes p\u00e5 retten og p\u00e5 vrangen strikkes det kun rett- eller vrangmasker.<br \/>Margaret halst\u00f8rkle er dedikert til v\u00e5r guide p\u00e5 strikketurer Shetland gjennom mange \u00e5r og som ogs\u00e5 er blitt en god venn.<\/p>\n<p><strong><br \/>I oppskriften finner du ogs\u00e5 link til 2 unike videoer som gir ekstra forklaringer p\u00e5 ulike steg i arbeidet.<\/strong><\/p>\n<p><strong>ST\u00d8RRELSER:<br \/><\/strong>Liten (stor)<br \/>Ustrukket\/f\u00f8r blokking<br \/>Lengde fra spiss til spiss: ca. 75 (96) cm<br \/>Bredde p\u00e5 midten: ca. 35 (28) cm<\/p>\n<p><!-- \/wp:paragraph --><\/p>\n<p><!-- wp:paragraph --><\/p>\n<p><strong>MATERIALER og GARNFORBRUK:<br \/><\/strong>Ultra, Jamieson of Shetland (50 % shetlandsull 50 % lamull) 25 g = ca. 194 meter = 1 n\u00f8ste<br \/><strong>Lite halst\u00f8rkle:<br \/><\/strong>Mooskit f.nr. 106, 75 g (3 n\u00f8ster)<br \/><strong>Stort halst\u00f8rkle:<br \/><\/strong>Titanic f.nr. 151, 75 g (3 n\u00f8ster)<br \/>Ultra garnet som er brukt i oppskriften finner du her i nettbutikken og det er 22 lekre farger i Ultra \u00e5 velge mellom.\u00a0<\/p>\n<p><!-- \/wp:paragraph --><\/p>\n<p><!-- wp:paragraph --><\/p>\n<p><!-- \/wp:paragraph --><\/p>\n<p><!-- wp:paragraph --><\/p>\n<p><!-- \/wp:paragraph --><\/p>\n<p><!-- wp:paragraph --><\/p>\n<p><strong>PINNER:<\/strong><br \/>ChiaoGoo rund-p 60 cm nr. 2,75 (= 35\u00a0 cm vaier og 13 cm pinnetupper)\u00a0<\/p>\n<p><strong>STRIKKEFASTHET:\u00a0<\/strong><br \/>Ustrukket\/f\u00f8r blokking<br \/>32 masker og 64 pinner rettstrikk med pinner nr. 2,75 = 10 x 10 cm<\/p>\n<p><!-- \/wp:paragraph --><\/p>\n<p><!-- wp:paragraph --><\/p>\n<p><!-- \/wp:paragraph --><\/p>\n","protected":false},"author":1,"featured_media":3364,"template":"","meta":{"advgb_blocks_editor_width":"","advgb_blocks_columns_visual_guide":""},"product_brand":[],"product_cat":[18,29],"product_tag":[],"class_list":{"0":"post-3360","1":"product","2":"type-product","3":"status-publish","4":"has-post-thumbnail","6":"product_cat-oppskrift","7":"product_cat-sjerfogsjal","9":"first","10":"instock","11":"downloadable","12":"virtual","13":"sold-individually","14":"taxable","15":"purchasable","16":"product-type-simple"},"yoast_head":"<!-- This site is optimized with the Yoast SEO plugin v27.4 - https:\/\/yoast.com\/product\/yoast-seo-wordpress\/ -->\n<title>Margaret halst\u00f8rkle\/skjerf - Idestuen AS - Tove Fevang<\/title>\n<meta name=\"robots\" content=\"index, follow, max-snippet:-1, max-image-preview:large, max-video-preview:-1\" \/>\n<link rel=\"canonical\" href=\"https:\/\/www.tovefevang.no\/shop\/produkt\/margaret-halstorkle-skjerf\/\" \/>\n<meta property=\"og:locale\" content=\"nb_NO\" \/>\n<meta property=\"og:type\" content=\"article\" \/>\n<meta property=\"og:title\" content=\"Margaret halst\u00f8rkle\/skjerf - Idestuen AS - Tove Fevang\" \/>\n<meta property=\"og:description\" content=\"Margaret halst\u00f8rkle er strikket i garnet Ultra (lace weight) fra Jamiesons of Shetland 50 % shetlandsull og 50 % lamull. Oppskriften har 2 st\u00f8rrelser p\u00e5 halst\u00f8rkleet og er strikket fra kortside til kortside, frem og tilbake. P\u00e5 den ene siden er det en tradisjonell Shetland hullbord p\u00e5 motsatt side er det strikket \u00abrundkant\u00bb (ikke I-cord). Den rundekanten gj\u00f8r at kanten blir veldig elastisk. Mellom rundkant og hullborden er det strikket rettstrikk (riller). Shetlandssjal ble tradisjonelt strikket i rettstrikk og med mange intrikate hullstrikk m\u00f8nstre (Shetland lace knitting). Hullborden p\u00e5 halst\u00f8rkleet er en gammel tradisjonell Shetlands hullbord (lace), hvor m\u00f8nsteret strikkes b\u00e5de p\u00e5 rett- og vrangpinnene. Litt ulikt det vi til vanligvis kjenner hvor generelt hullm\u00f8nster strikkes p\u00e5 retten og p\u00e5 vrangen strikkes det kun rett- eller vrangmasker.Margaret halst\u00f8rkle er dedikert til v\u00e5r guide p\u00e5 strikketurer Shetland gjennom mange \u00e5r og som ogs\u00e5 er blitt en god venn. I oppskriften finner du ogs\u00e5 link til 2 unike videoer som gir ekstra forklaringer p\u00e5 ulike steg i arbeidet. ST\u00d8RRELSER:Liten (stor)Ustrukket\/f\u00f8r blokkingLengde fra spiss til spiss: ca. 75 (96) cmBredde p\u00e5 midten: ca. 35 (28) cm    MATERIALER og GARNFORBRUK:Ultra, Jamieson of Shetland (50 % shetlandsull 50 % lamull) 25 g = ca. 194 meter = 1 n\u00f8steLite halst\u00f8rkle:Mooskit f.nr. 106, 75 g (3 n\u00f8ster)Stort halst\u00f8rkle:Titanic f.nr. 151, 75 g (3 n\u00f8ster)Ultra garnet som er brukt i oppskriften finner du her i nettbutikken og det er 22 lekre farger i Ultra \u00e5 velge mellom.\u00a0          PINNER:ChiaoGoo rund-p 60 cm nr. 2,75 (= 35\u00a0 cm vaier og 13 cm pinnetupper)\u00a0STRIKKEFASTHET:\u00a0Ustrukket\/f\u00f8r blokking32 masker og 64 pinner rettstrikk med pinner nr. 2,75 = 10 x 10 cm\" \/>\n<meta property=\"og:url\" content=\"https:\/\/www.tovefevang.no\/shop\/produkt\/margaret-halstorkle-skjerf\/\" \/>\n<meta property=\"og:site_name\" content=\"Idestuen AS - Tove Fevang\" \/>\n<meta property=\"article:publisher\" content=\"https:\/\/www.facebook.com\/tovefevang.no\" \/>\n<meta property=\"article:modified_time\" content=\"2024-12-09T21:36:04+00:00\" \/>\n<meta property=\"og:image\" content=\"https:\/\/www.tovefevang.no\/shop\/wp-content\/uploads\/sites\/2\/2024\/12\/DSC04533-l2400_72-q80.jpg\" \/>\n\t<meta property=\"og:image:width\" content=\"2400\" \/>\n\t<meta property=\"og:image:height\" content=\"2141\" \/>\n\t<meta property=\"og:image:type\" content=\"image\/jpeg\" \/>\n<meta name=\"twitter:card\" content=\"summary_large_image\" \/>\n<meta name=\"twitter:label1\" content=\"Ansl. lesetid\" \/>\n\t<meta name=\"twitter:data1\" content=\"1 minutt\" \/>\n<script type=\"application\/ld+json\" class=\"yoast-schema-graph\">{\"@context\":\"https:\\\/\\\/schema.org\",\"@graph\":[{\"@type\":\"WebPage\",\"@id\":\"https:\\\/\\\/www.tovefevang.no\\\/shop\\\/produkt\\\/margaret-halstorkle-skjerf\\\/\",\"url\":\"https:\\\/\\\/www.tovefevang.no\\\/shop\\\/produkt\\\/margaret-halstorkle-skjerf\\\/\",\"name\":\"Margaret halst\u00f8rkle\\\/skjerf - Idestuen AS - Tove Fevang\",\"isPartOf\":{\"@id\":\"https:\\\/\\\/www.tovefevang.no\\\/shop\\\/#website\"},\"primaryImageOfPage\":{\"@id\":\"https:\\\/\\\/www.tovefevang.no\\\/shop\\\/produkt\\\/margaret-halstorkle-skjerf\\\/#primaryimage\"},\"image\":{\"@id\":\"https:\\\/\\\/www.tovefevang.no\\\/shop\\\/produkt\\\/margaret-halstorkle-skjerf\\\/#primaryimage\"},\"thumbnailUrl\":\"https:\\\/\\\/www.tovefevang.no\\\/shop\\\/wp-content\\\/uploads\\\/sites\\\/2\\\/2024\\\/12\\\/DSC04533-l2400_72-q80.jpg\",\"datePublished\":\"2024-12-02T14:50:02+00:00\",\"dateModified\":\"2024-12-09T21:36:04+00:00\",\"breadcrumb\":{\"@id\":\"https:\\\/\\\/www.tovefevang.no\\\/shop\\\/produkt\\\/margaret-halstorkle-skjerf\\\/#breadcrumb\"},\"inLanguage\":\"nb-NO\",\"potentialAction\":[{\"@type\":\"ReadAction\",\"target\":[\"https:\\\/\\\/www.tovefevang.no\\\/shop\\\/produkt\\\/margaret-halstorkle-skjerf\\\/\"]}]},{\"@type\":\"ImageObject\",\"inLanguage\":\"nb-NO\",\"@id\":\"https:\\\/\\\/www.tovefevang.no\\\/shop\\\/produkt\\\/margaret-halstorkle-skjerf\\\/#primaryimage\",\"url\":\"https:\\\/\\\/www.tovefevang.no\\\/shop\\\/wp-content\\\/uploads\\\/sites\\\/2\\\/2024\\\/12\\\/DSC04533-l2400_72-q80.jpg\",\"contentUrl\":\"https:\\\/\\\/www.tovefevang.no\\\/shop\\\/wp-content\\\/uploads\\\/sites\\\/2\\\/2024\\\/12\\\/DSC04533-l2400_72-q80.jpg\",\"width\":2400,\"height\":2141},{\"@type\":\"BreadcrumbList\",\"@id\":\"https:\\\/\\\/www.tovefevang.no\\\/shop\\\/produkt\\\/margaret-halstorkle-skjerf\\\/#breadcrumb\",\"itemListElement\":[{\"@type\":\"ListItem\",\"position\":1,\"name\":\"Hjem\",\"item\":\"https:\\\/\\\/www.tovefevang.no\\\/shop\\\/\"},{\"@type\":\"ListItem\",\"position\":2,\"name\":\"Nettbutikk\",\"item\":\"https:\\\/\\\/www.tovefevang.no\\\/shop\\\/butikk\\\/\"},{\"@type\":\"ListItem\",\"position\":3,\"name\":\"Margaret halst\u00f8rkle\\\/skjerf\"}]},{\"@type\":\"WebSite\",\"@id\":\"https:\\\/\\\/www.tovefevang.no\\\/shop\\\/#website\",\"url\":\"https:\\\/\\\/www.tovefevang.no\\\/shop\\\/\",\"name\":\"Idestuen AS - Tove Fevang\",\"description\":\"Idestuen AS - Tove Fevang\",\"publisher\":{\"@id\":\"https:\\\/\\\/www.tovefevang.no\\\/shop\\\/#organization\"},\"potentialAction\":[{\"@type\":\"SearchAction\",\"target\":{\"@type\":\"EntryPoint\",\"urlTemplate\":\"https:\\\/\\\/www.tovefevang.no\\\/shop\\\/?s={search_term_string}\"},\"query-input\":{\"@type\":\"PropertyValueSpecification\",\"valueRequired\":true,\"valueName\":\"search_term_string\"}}],\"inLanguage\":\"nb-NO\"},{\"@type\":\"Organization\",\"@id\":\"https:\\\/\\\/www.tovefevang.no\\\/shop\\\/#organization\",\"name\":\"Idestuen AS - Tove Fevang\",\"url\":\"https:\\\/\\\/www.tovefevang.no\\\/shop\\\/\",\"logo\":{\"@type\":\"ImageObject\",\"inLanguage\":\"nb-NO\",\"@id\":\"https:\\\/\\\/www.tovefevang.no\\\/shop\\\/#\\\/schema\\\/logo\\\/image\\\/\",\"url\":\"https:\\\/\\\/www.tovefevang.no\\\/shop\\\/wp-content\\\/uploads\\\/sites\\\/2\\\/2023\\\/11\\\/tovefevang-logo-1950_500.png\",\"contentUrl\":\"https:\\\/\\\/www.tovefevang.no\\\/shop\\\/wp-content\\\/uploads\\\/sites\\\/2\\\/2023\\\/11\\\/tovefevang-logo-1950_500.png\",\"width\":708,\"height\":181,\"caption\":\"Idestuen AS - Tove Fevang\"},\"image\":{\"@id\":\"https:\\\/\\\/www.tovefevang.no\\\/shop\\\/#\\\/schema\\\/logo\\\/image\\\/\"},\"sameAs\":[\"https:\\\/\\\/www.facebook.com\\\/tovefevang.no\"]}]}<\/script>\n<!-- \/ Yoast SEO plugin. -->","yoast_head_json":{"title":"Margaret halst\u00f8rkle\/skjerf - Idestuen AS - Tove Fevang","robots":{"index":"index","follow":"follow","max-snippet":"max-snippet:-1","max-image-preview":"max-image-preview:large","max-video-preview":"max-video-preview:-1"},"canonical":"https:\/\/www.tovefevang.no\/shop\/produkt\/margaret-halstorkle-skjerf\/","og_locale":"nb_NO","og_type":"article","og_title":"Margaret halst\u00f8rkle\/skjerf - Idestuen AS - Tove Fevang","og_description":"Margaret halst\u00f8rkle er strikket i garnet Ultra (lace weight) fra Jamiesons of Shetland 50 % shetlandsull og 50 % lamull. Oppskriften har 2 st\u00f8rrelser p\u00e5 halst\u00f8rkleet og er strikket fra kortside til kortside, frem og tilbake. P\u00e5 den ene siden er det en tradisjonell Shetland hullbord p\u00e5 motsatt side er det strikket \u00abrundkant\u00bb (ikke I-cord). Den rundekanten gj\u00f8r at kanten blir veldig elastisk. Mellom rundkant og hullborden er det strikket rettstrikk (riller). Shetlandssjal ble tradisjonelt strikket i rettstrikk og med mange intrikate hullstrikk m\u00f8nstre (Shetland lace knitting). Hullborden p\u00e5 halst\u00f8rkleet er en gammel tradisjonell Shetlands hullbord (lace), hvor m\u00f8nsteret strikkes b\u00e5de p\u00e5 rett- og vrangpinnene. Litt ulikt det vi til vanligvis kjenner hvor generelt hullm\u00f8nster strikkes p\u00e5 retten og p\u00e5 vrangen strikkes det kun rett- eller vrangmasker.Margaret halst\u00f8rkle er dedikert til v\u00e5r guide p\u00e5 strikketurer Shetland gjennom mange \u00e5r og som ogs\u00e5 er blitt en god venn. I oppskriften finner du ogs\u00e5 link til 2 unike videoer som gir ekstra forklaringer p\u00e5 ulike steg i arbeidet. ST\u00d8RRELSER:Liten (stor)Ustrukket\/f\u00f8r blokkingLengde fra spiss til spiss: ca. 75 (96) cmBredde p\u00e5 midten: ca. 35 (28) cm    MATERIALER og GARNFORBRUK:Ultra, Jamieson of Shetland (50 % shetlandsull 50 % lamull) 25 g = ca. 194 meter = 1 n\u00f8steLite halst\u00f8rkle:Mooskit f.nr. 106, 75 g (3 n\u00f8ster)Stort halst\u00f8rkle:Titanic f.nr. 151, 75 g (3 n\u00f8ster)Ultra garnet som er brukt i oppskriften finner du her i nettbutikken og det er 22 lekre farger i Ultra \u00e5 velge mellom.\u00a0          PINNER:ChiaoGoo rund-p 60 cm nr. 2,75 (= 35\u00a0 cm vaier og 13 cm pinnetupper)\u00a0STRIKKEFASTHET:\u00a0Ustrukket\/f\u00f8r blokking32 masker og 64 pinner rettstrikk med pinner nr. 2,75 = 10 x 10 cm","og_url":"https:\/\/www.tovefevang.no\/shop\/produkt\/margaret-halstorkle-skjerf\/","og_site_name":"Idestuen AS - Tove Fevang","article_publisher":"https:\/\/www.facebook.com\/tovefevang.no","article_modified_time":"2024-12-09T21:36:04+00:00","og_image":[{"width":2400,"height":2141,"url":"https:\/\/www.tovefevang.no\/shop\/wp-content\/uploads\/sites\/2\/2024\/12\/DSC04533-l2400_72-q80.jpg","type":"image\/jpeg"}],"twitter_card":"summary_large_image","twitter_misc":{"Ansl. lesetid":"1 minutt"},"schema":{"@context":"https:\/\/schema.org","@graph":[{"@type":"WebPage","@id":"https:\/\/www.tovefevang.no\/shop\/produkt\/margaret-halstorkle-skjerf\/","url":"https:\/\/www.tovefevang.no\/shop\/produkt\/margaret-halstorkle-skjerf\/","name":"Margaret halst\u00f8rkle\/skjerf - Idestuen AS - Tove Fevang","isPartOf":{"@id":"https:\/\/www.tovefevang.no\/shop\/#website"},"primaryImageOfPage":{"@id":"https:\/\/www.tovefevang.no\/shop\/produkt\/margaret-halstorkle-skjerf\/#primaryimage"},"image":{"@id":"https:\/\/www.tovefevang.no\/shop\/produkt\/margaret-halstorkle-skjerf\/#primaryimage"},"thumbnailUrl":"https:\/\/www.tovefevang.no\/shop\/wp-content\/uploads\/sites\/2\/2024\/12\/DSC04533-l2400_72-q80.jpg","datePublished":"2024-12-02T14:50:02+00:00","dateModified":"2024-12-09T21:36:04+00:00","breadcrumb":{"@id":"https:\/\/www.tovefevang.no\/shop\/produkt\/margaret-halstorkle-skjerf\/#breadcrumb"},"inLanguage":"nb-NO","potentialAction":[{"@type":"ReadAction","target":["https:\/\/www.tovefevang.no\/shop\/produkt\/margaret-halstorkle-skjerf\/"]}]},{"@type":"ImageObject","inLanguage":"nb-NO","@id":"https:\/\/www.tovefevang.no\/shop\/produkt\/margaret-halstorkle-skjerf\/#primaryimage","url":"https:\/\/www.tovefevang.no\/shop\/wp-content\/uploads\/sites\/2\/2024\/12\/DSC04533-l2400_72-q80.jpg","contentUrl":"https:\/\/www.tovefevang.no\/shop\/wp-content\/uploads\/sites\/2\/2024\/12\/DSC04533-l2400_72-q80.jpg","width":2400,"height":2141},{"@type":"BreadcrumbList","@id":"https:\/\/www.tovefevang.no\/shop\/produkt\/margaret-halstorkle-skjerf\/#breadcrumb","itemListElement":[{"@type":"ListItem","position":1,"name":"Hjem","item":"https:\/\/www.tovefevang.no\/shop\/"},{"@type":"ListItem","position":2,"name":"Nettbutikk","item":"https:\/\/www.tovefevang.no\/shop\/butikk\/"},{"@type":"ListItem","position":3,"name":"Margaret halst\u00f8rkle\/skjerf"}]},{"@type":"WebSite","@id":"https:\/\/www.tovefevang.no\/shop\/#website","url":"https:\/\/www.tovefevang.no\/shop\/","name":"Idestuen AS - Tove Fevang","description":"Idestuen AS - Tove Fevang","publisher":{"@id":"https:\/\/www.tovefevang.no\/shop\/#organization"},"potentialAction":[{"@type":"SearchAction","target":{"@type":"EntryPoint","urlTemplate":"https:\/\/www.tovefevang.no\/shop\/?s={search_term_string}"},"query-input":{"@type":"PropertyValueSpecification","valueRequired":true,"valueName":"search_term_string"}}],"inLanguage":"nb-NO"},{"@type":"Organization","@id":"https:\/\/www.tovefevang.no\/shop\/#organization","name":"Idestuen AS - Tove Fevang","url":"https:\/\/www.tovefevang.no\/shop\/","logo":{"@type":"ImageObject","inLanguage":"nb-NO","@id":"https:\/\/www.tovefevang.no\/shop\/#\/schema\/logo\/image\/","url":"https:\/\/www.tovefevang.no\/shop\/wp-content\/uploads\/sites\/2\/2023\/11\/tovefevang-logo-1950_500.png","contentUrl":"https:\/\/www.tovefevang.no\/shop\/wp-content\/uploads\/sites\/2\/2023\/11\/tovefevang-logo-1950_500.png","width":708,"height":181,"caption":"Idestuen AS - Tove Fevang"},"image":{"@id":"https:\/\/www.tovefevang.no\/shop\/#\/schema\/logo\/image\/"},"sameAs":["https:\/\/www.facebook.com\/tovefevang.no"]}]}},"featured_img":"https:\/\/www.tovefevang.no\/shop\/wp-content\/uploads\/sites\/2\/2024\/12\/DSC04533-l2400_72-q80.jpg","coauthors":[],"author_meta":{"author_link":"https:\/\/www.tovefevang.no\/shop\/author\/tove\/","display_name":"Tove Fevang"},"relative_dates":{"created":"Publisert 1 \u00e5r siden","modified":"Oppdatert 1 \u00e5r siden"},"absolute_dates":{"created":"Publisert 2. desember 2024","modified":"Oppdatert 9. desember 2024"},"absolute_dates_time":{"created":"Publisert 2. desember 2024 15:50","modified":"Oppdatert 9. desember 2024 22:36"},"featured_img_caption":"","tax_additional":{"product_brand":{"linked":[],"unlinked":[],"slug":"product_brand","name":"Merker"},"product_type":{"linked":["<a href=\"https:\/\/www.tovefevang.no\/shop\/?taxonomy=product_type&#038;term=simple\" class=\"advgb-post-tax-term\">simple<\/a>"],"unlinked":["<span class=\"advgb-post-tax-term\">simple<\/span>"],"slug":"product_type","name":"Produkttype"},"product_visibility":{"linked":[],"unlinked":[],"slug":"product_visibility","name":"Produktsynlighet"},"product_cat":{"linked":["<a href=\"https:\/\/www.tovefevang.no\/shop\/produktkategori\/produkter\/oppskrift\/\" class=\"advgb-post-tax-term\">Oppskrifter<\/a>","<a href=\"https:\/\/www.tovefevang.no\/shop\/produktkategori\/produkter\/oppskrift\/sjerfogsjal\/\" class=\"advgb-post-tax-term\">Skjerf og sjal<\/a>"],"unlinked":["<span class=\"advgb-post-tax-term\">Oppskrifter<\/span>","<span class=\"advgb-post-tax-term\">Skjerf og sjal<\/span>"],"slug":"product_cat","name":"Produktkategorier"},"product_tag":{"linked":[],"unlinked":[],"slug":"product_tag","name":"Produktstikkord"},"product_shipping_class":{"linked":[],"unlinked":[],"slug":"product_shipping_class","name":"Produkt fraktklasse"},"pos_product_visibility":{"linked":[],"unlinked":[],"slug":"pos_product_visibility","name":"POS Product visibility"},"pa_color":{"linked":[],"unlinked":[],"slug":"pa_color","name":"Produkt Farge"},"pa_size":{"linked":[],"unlinked":[],"slug":"pa_size","name":"Produkt St\u00f8rrelse"}},"series_order":"","_links":{"self":[{"href":"https:\/\/www.tovefevang.no\/shop\/wp-json\/wp\/v2\/product\/3360","targetHints":{"allow":["GET"]}}],"collection":[{"href":"https:\/\/www.tovefevang.no\/shop\/wp-json\/wp\/v2\/product"}],"about":[{"href":"https:\/\/www.tovefevang.no\/shop\/wp-json\/wp\/v2\/types\/product"}],"wp:featuredmedia":[{"embeddable":true,"href":"https:\/\/www.tovefevang.no\/shop\/wp-json\/wp\/v2\/media\/3364"}],"wp:attachment":[{"href":"https:\/\/www.tovefevang.no\/shop\/wp-json\/wp\/v2\/media?parent=3360"}],"wp:term":[{"taxonomy":"product_brand","embeddable":true,"href":"https:\/\/www.tovefevang.no\/shop\/wp-json\/wp\/v2\/product_brand?post=3360"},{"taxonomy":"product_cat","embeddable":true,"href":"https:\/\/www.tovefevang.no\/shop\/wp-json\/wp\/v2\/product_cat?post=3360"},{"taxonomy":"product_tag","embeddable":true,"href":"https:\/\/www.tovefevang.no\/shop\/wp-json\/wp\/v2\/product_tag?post=3360"}],"curies":[{"name":"wp","href":"https:\/\/api.w.org\/{rel}","templated":true}]}}