{"id":3031,"date":"2024-10-15T15:17:41","date_gmt":"2024-10-15T13:17:41","guid":{"rendered":"https:\/\/www.tovefevang.no\/shop\/?post_type=product&#038;p=3031"},"modified":"2025-03-16T15:45:29","modified_gmt":"2025-03-16T14:45:29","slug":"sara-poncho-med-fletter-og-strukturstrikk","status":"publish","type":"product","link":"https:\/\/www.tovefevang.no\/shop\/produkt\/sara-poncho-med-fletter-og-strukturstrikk\/","title":{"rendered":"Sara poncho med fletter og strukturstrikk"},"content":{"rendered":"\n<p><strong>ST\u00d8RRELSE:<\/strong><br>Dame ca. 60 x 145 cm ferdig strukket\/blokket<\/p>\n\n\n\n<p><strong>MATERIALER og GARNFORBRUK:<\/strong><br>Ultra, Jamieson of Shetland (50 % shetlandsull 50 % lammeull) 25 g = ca. 194 meter = 1 n\u00f8ste<br>eller<br>Meadow, The fibre co (40 % wool, 25 % Llama, 20 % lin, 15% silk) 100 g = ca. 498 m = 1 hespe\/bunt<\/p>\n\n\n\n<p><strong>ALTERNATIV 1, Ultra fra Jamiesons of Shetland<\/strong>&nbsp;<br>Eesit f. nr. 105, 325 g<\/p>\n\n\n\n<p><strong>ALTERNATIV 2, Meadow fra The Fibre co<\/strong><br>Prairie f. nr. MD140z, 400 g<\/p>\n\n\n\n<p><strong>PINNER:<\/strong><br>ChiaoGoo rund-p 60 eller 80 cm nr. 2,5 (= 35 eller 55 cm vaier og 13 cm pinnetupper) \u00a0 og nr. 3 til opplegg og felling.<br><br><strong>STRIKKEFASTHET:\u00a0<\/strong><br>32 m dobbelperlestrikk p\u00e5 p nr. 2,5 = 10 cm\u00a0<\/p>\n\n\n\n<p><strong>TILBEH\u00d8R:<\/strong><br>6 knapper<\/p>\n\n\n\n<p><\/p>\n\n\n\n<p><\/p>\n\n\n\n<p><\/p>\n\n\n\n<p><\/p>\n","protected":false},"excerpt":{"rendered":"<p><!-- wp:paragraph --><\/p>\n<p><!-- wp:paragraph --><\/p>\n<p><strong>Sara poncho er strikkes enten i Ultra fra Jamiesons of Shetland (lyse poncho), 50 % shetlands ull og 50 % lammeull som gj\u00f8r den varm og god. \u00d8nsker du en ikke fult s\u00e5 varm poncho s\u00e5 er garnet Meadow fra The Fibre co (beige poncho) det rette valget 40 % wool, 25 % Llama, 20 % lin, 15% silk. Ponchoen er strikket som et stort rektangel frem og tilbake og deretter kneppet sammen p\u00e5 langsidene. Slik kan du bruke det ogs\u00e5 som et teppe eller skjerf.<br \/>Til et baby teppe s\u00e5 utelater du knapphullene og strikker teppet ca. 80 cm i h\u00f8yden.<br \/>Strikketeknikken i Sara poncho er dobbel perlestrikk, perlestrikk, sturkturstrikk, fletter over 4 og 6 masker.\u00a0<br \/>I oppskriften finner du ogs\u00e5 link til 6 unike videoer som gir ekstra forklaringer p\u00e5 ulike steg i arbeidet.<\/strong><\/p>\n<p><strong>ST\u00d8RRELSE:<\/strong><br \/>Dame ca. 60 x 145 cm ferdig strukket\/blokket<\/p>\n<p><!-- \/wp:paragraph --><\/p>\n<p><!-- wp:paragraph --><\/p>\n<p><strong>MATERIALER og GARNFORBRUK:<\/strong><br \/>Ultra, Jamieson of Shetland (50 % shetlandsull 50 % lammeull) 25 g = ca. 194 meter = 1 n\u00f8ste<br \/>eller<br \/>Meadow, The fibre co (40 % wool, 25 % Llama, 20 % lin, 15% silk) 100 g = ca. 498 m = 1 hespe\/bunt<\/p>\n<p><!-- \/wp:paragraph --><\/p>\n<p><!-- wp:paragraph --><\/p>\n<p><strong>ALTERNATIV 1, Ultra fra Jamiesons of Shetland<\/strong>\u00a0<br \/>Eesit f. nr. 105, 325 g<\/p>\n<p><!-- \/wp:paragraph --><\/p>\n<p><!-- wp:paragraph --><\/p>\n<p><strong>ALTERNATIV 2, Meadow fra The Fibre co<\/strong><br \/>Prairie f. nr. MD140z, 400 g<\/p>\n<p><!-- \/wp:paragraph --><\/p>\n<p><!-- wp:paragraph --><\/p>\n<p><strong>PINNER:<\/strong><br \/>ChiaoGoo rund-p 60 eller 80 cm nr. 2,5 (= 35 eller 55 cm vaier og 13 cm pinnetupper) \u00a0 og nr. 3 til opplegg og felling.<\/p>\n<p><strong>STRIKKEFASTHET:\u00a0<\/strong><br \/>32 m dobbelperlestrikk p\u00e5 p nr. 2,5 = 10 cm\u00a0<\/p>\n<p><!-- \/wp:paragraph --><\/p>\n<p><!-- wp:paragraph --><\/p>\n<p><strong>TILBEH\u00d8R:<\/strong><br \/>6 knapper<\/p>\n<p><!-- \/wp:paragraph --><\/p>\n","protected":false},"author":1,"featured_media":3032,"template":"","meta":{"advgb_blocks_editor_width":"","advgb_blocks_columns_visual_guide":""},"product_brand":[],"product_cat":[18,29],"product_tag":[],"class_list":{"0":"post-3031","1":"product","2":"type-product","3":"status-publish","4":"has-post-thumbnail","6":"product_cat-oppskrift","7":"product_cat-sjerfogsjal","9":"first","10":"instock","11":"downloadable","12":"virtual","13":"sold-individually","14":"taxable","15":"purchasable","16":"product-type-simple"},"yoast_head":"<!-- This site is optimized with the Yoast SEO plugin v27.4 - https:\/\/yoast.com\/product\/yoast-seo-wordpress\/ -->\n<title>Sara poncho med fletter og strukturstrikk - Idestuen AS - Tove Fevang<\/title>\n<meta name=\"robots\" content=\"index, follow, max-snippet:-1, max-image-preview:large, max-video-preview:-1\" \/>\n<link rel=\"canonical\" href=\"https:\/\/www.tovefevang.no\/shop\/produkt\/sara-poncho-med-fletter-og-strukturstrikk\/\" \/>\n<meta property=\"og:locale\" content=\"nb_NO\" \/>\n<meta property=\"og:type\" content=\"article\" \/>\n<meta property=\"og:title\" content=\"Sara poncho med fletter og strukturstrikk - Idestuen AS - Tove Fevang\" \/>\n<meta property=\"og:description\" content=\"Sara poncho er strikkes enten i Ultra fra Jamiesons of Shetland (lyse poncho), 50 % shetlands ull og 50 % lammeull som gj\u00f8r den varm og god. \u00d8nsker du en ikke fult s\u00e5 varm poncho s\u00e5 er garnet Meadow fra The Fibre co (beige poncho) det rette valget 40 % wool, 25 % Llama, 20 % lin, 15% silk. Ponchoen er strikket som et stort rektangel frem og tilbake og deretter kneppet sammen p\u00e5 langsidene. Slik kan du bruke det ogs\u00e5 som et teppe eller skjerf.Til et baby teppe s\u00e5 utelater du knapphullene og strikker teppet ca. 80 cm i h\u00f8yden.Strikketeknikken i Sara poncho er dobbel perlestrikk, perlestrikk, sturkturstrikk, fletter over 4 og 6 masker.\u00a0I oppskriften finner du ogs\u00e5 link til 6 unike videoer som gir ekstra forklaringer p\u00e5 ulike steg i arbeidet. ST\u00d8RRELSE:Dame ca. 60 x 145 cm ferdig strukket\/blokket    MATERIALER og GARNFORBRUK:Ultra, Jamieson of Shetland (50 % shetlandsull 50 % lammeull) 25 g = ca. 194 meter = 1 n\u00f8steellerMeadow, The fibre co (40 % wool, 25 % Llama, 20 % lin, 15% silk) 100 g = ca. 498 m = 1 hespe\/bunt    ALTERNATIV 1, Ultra fra Jamiesons of Shetland\u00a0Eesit f. nr. 105, 325 g    ALTERNATIV 2, Meadow fra The Fibre coPrairie f. nr. MD140z, 400 g    PINNER:ChiaoGoo rund-p 60 eller 80 cm nr. 2,5 (= 35 eller 55 cm vaier og 13 cm pinnetupper) \u00a0 og nr. 3 til opplegg og felling.STRIKKEFASTHET:\u00a032 m dobbelperlestrikk p\u00e5 p nr. 2,5 = 10 cm\u00a0    TILBEH\u00d8R:6 knapper\" \/>\n<meta property=\"og:url\" content=\"https:\/\/www.tovefevang.no\/shop\/produkt\/sara-poncho-med-fletter-og-strukturstrikk\/\" \/>\n<meta property=\"og:site_name\" content=\"Idestuen AS - Tove Fevang\" \/>\n<meta property=\"article:publisher\" content=\"https:\/\/www.facebook.com\/tovefevang.no\" \/>\n<meta property=\"article:modified_time\" content=\"2025-03-16T14:45:29+00:00\" \/>\n<meta property=\"og:image\" content=\"https:\/\/www.tovefevang.no\/shop\/wp-content\/uploads\/sites\/2\/2024\/10\/DSC04502-Edit-l2400_72-q80.jpg\" \/>\n\t<meta property=\"og:image:width\" content=\"2400\" \/>\n\t<meta property=\"og:image:height\" content=\"2106\" \/>\n\t<meta property=\"og:image:type\" content=\"image\/jpeg\" \/>\n<meta name=\"twitter:card\" content=\"summary_large_image\" \/>\n<meta name=\"twitter:label1\" content=\"Ansl. lesetid\" \/>\n\t<meta name=\"twitter:data1\" content=\"1 minutt\" \/>\n<script type=\"application\/ld+json\" class=\"yoast-schema-graph\">{\"@context\":\"https:\\\/\\\/schema.org\",\"@graph\":[{\"@type\":\"WebPage\",\"@id\":\"https:\\\/\\\/www.tovefevang.no\\\/shop\\\/produkt\\\/sara-poncho-med-fletter-og-strukturstrikk\\\/\",\"url\":\"https:\\\/\\\/www.tovefevang.no\\\/shop\\\/produkt\\\/sara-poncho-med-fletter-og-strukturstrikk\\\/\",\"name\":\"Sara poncho med fletter og strukturstrikk - Idestuen AS - Tove Fevang\",\"isPartOf\":{\"@id\":\"https:\\\/\\\/www.tovefevang.no\\\/shop\\\/#website\"},\"primaryImageOfPage\":{\"@id\":\"https:\\\/\\\/www.tovefevang.no\\\/shop\\\/produkt\\\/sara-poncho-med-fletter-og-strukturstrikk\\\/#primaryimage\"},\"image\":{\"@id\":\"https:\\\/\\\/www.tovefevang.no\\\/shop\\\/produkt\\\/sara-poncho-med-fletter-og-strukturstrikk\\\/#primaryimage\"},\"thumbnailUrl\":\"https:\\\/\\\/www.tovefevang.no\\\/shop\\\/wp-content\\\/uploads\\\/sites\\\/2\\\/2024\\\/10\\\/DSC04502-Edit-l2400_72-q80.jpg\",\"datePublished\":\"2024-10-15T13:17:41+00:00\",\"dateModified\":\"2025-03-16T14:45:29+00:00\",\"breadcrumb\":{\"@id\":\"https:\\\/\\\/www.tovefevang.no\\\/shop\\\/produkt\\\/sara-poncho-med-fletter-og-strukturstrikk\\\/#breadcrumb\"},\"inLanguage\":\"nb-NO\",\"potentialAction\":[{\"@type\":\"ReadAction\",\"target\":[\"https:\\\/\\\/www.tovefevang.no\\\/shop\\\/produkt\\\/sara-poncho-med-fletter-og-strukturstrikk\\\/\"]}]},{\"@type\":\"ImageObject\",\"inLanguage\":\"nb-NO\",\"@id\":\"https:\\\/\\\/www.tovefevang.no\\\/shop\\\/produkt\\\/sara-poncho-med-fletter-og-strukturstrikk\\\/#primaryimage\",\"url\":\"https:\\\/\\\/www.tovefevang.no\\\/shop\\\/wp-content\\\/uploads\\\/sites\\\/2\\\/2024\\\/10\\\/DSC04502-Edit-l2400_72-q80.jpg\",\"contentUrl\":\"https:\\\/\\\/www.tovefevang.no\\\/shop\\\/wp-content\\\/uploads\\\/sites\\\/2\\\/2024\\\/10\\\/DSC04502-Edit-l2400_72-q80.jpg\",\"width\":2400,\"height\":2106},{\"@type\":\"BreadcrumbList\",\"@id\":\"https:\\\/\\\/www.tovefevang.no\\\/shop\\\/produkt\\\/sara-poncho-med-fletter-og-strukturstrikk\\\/#breadcrumb\",\"itemListElement\":[{\"@type\":\"ListItem\",\"position\":1,\"name\":\"Hjem\",\"item\":\"https:\\\/\\\/www.tovefevang.no\\\/shop\\\/\"},{\"@type\":\"ListItem\",\"position\":2,\"name\":\"Nettbutikk\",\"item\":\"https:\\\/\\\/www.tovefevang.no\\\/shop\\\/butikk\\\/\"},{\"@type\":\"ListItem\",\"position\":3,\"name\":\"Sara poncho med fletter og strukturstrikk\"}]},{\"@type\":\"WebSite\",\"@id\":\"https:\\\/\\\/www.tovefevang.no\\\/shop\\\/#website\",\"url\":\"https:\\\/\\\/www.tovefevang.no\\\/shop\\\/\",\"name\":\"Idestuen AS - Tove Fevang\",\"description\":\"Idestuen AS - Tove Fevang\",\"publisher\":{\"@id\":\"https:\\\/\\\/www.tovefevang.no\\\/shop\\\/#organization\"},\"potentialAction\":[{\"@type\":\"SearchAction\",\"target\":{\"@type\":\"EntryPoint\",\"urlTemplate\":\"https:\\\/\\\/www.tovefevang.no\\\/shop\\\/?s={search_term_string}\"},\"query-input\":{\"@type\":\"PropertyValueSpecification\",\"valueRequired\":true,\"valueName\":\"search_term_string\"}}],\"inLanguage\":\"nb-NO\"},{\"@type\":\"Organization\",\"@id\":\"https:\\\/\\\/www.tovefevang.no\\\/shop\\\/#organization\",\"name\":\"Idestuen AS - Tove Fevang\",\"url\":\"https:\\\/\\\/www.tovefevang.no\\\/shop\\\/\",\"logo\":{\"@type\":\"ImageObject\",\"inLanguage\":\"nb-NO\",\"@id\":\"https:\\\/\\\/www.tovefevang.no\\\/shop\\\/#\\\/schema\\\/logo\\\/image\\\/\",\"url\":\"https:\\\/\\\/www.tovefevang.no\\\/shop\\\/wp-content\\\/uploads\\\/sites\\\/2\\\/2023\\\/11\\\/tovefevang-logo-1950_500.png\",\"contentUrl\":\"https:\\\/\\\/www.tovefevang.no\\\/shop\\\/wp-content\\\/uploads\\\/sites\\\/2\\\/2023\\\/11\\\/tovefevang-logo-1950_500.png\",\"width\":708,\"height\":181,\"caption\":\"Idestuen AS - Tove Fevang\"},\"image\":{\"@id\":\"https:\\\/\\\/www.tovefevang.no\\\/shop\\\/#\\\/schema\\\/logo\\\/image\\\/\"},\"sameAs\":[\"https:\\\/\\\/www.facebook.com\\\/tovefevang.no\"]}]}<\/script>\n<!-- \/ Yoast SEO plugin. -->","yoast_head_json":{"title":"Sara poncho med fletter og strukturstrikk - Idestuen AS - Tove Fevang","robots":{"index":"index","follow":"follow","max-snippet":"max-snippet:-1","max-image-preview":"max-image-preview:large","max-video-preview":"max-video-preview:-1"},"canonical":"https:\/\/www.tovefevang.no\/shop\/produkt\/sara-poncho-med-fletter-og-strukturstrikk\/","og_locale":"nb_NO","og_type":"article","og_title":"Sara poncho med fletter og strukturstrikk - Idestuen AS - Tove Fevang","og_description":"Sara poncho er strikkes enten i Ultra fra Jamiesons of Shetland (lyse poncho), 50 % shetlands ull og 50 % lammeull som gj\u00f8r den varm og god. \u00d8nsker du en ikke fult s\u00e5 varm poncho s\u00e5 er garnet Meadow fra The Fibre co (beige poncho) det rette valget 40 % wool, 25 % Llama, 20 % lin, 15% silk. Ponchoen er strikket som et stort rektangel frem og tilbake og deretter kneppet sammen p\u00e5 langsidene. Slik kan du bruke det ogs\u00e5 som et teppe eller skjerf.Til et baby teppe s\u00e5 utelater du knapphullene og strikker teppet ca. 80 cm i h\u00f8yden.Strikketeknikken i Sara poncho er dobbel perlestrikk, perlestrikk, sturkturstrikk, fletter over 4 og 6 masker.\u00a0I oppskriften finner du ogs\u00e5 link til 6 unike videoer som gir ekstra forklaringer p\u00e5 ulike steg i arbeidet. ST\u00d8RRELSE:Dame ca. 60 x 145 cm ferdig strukket\/blokket    MATERIALER og GARNFORBRUK:Ultra, Jamieson of Shetland (50 % shetlandsull 50 % lammeull) 25 g = ca. 194 meter = 1 n\u00f8steellerMeadow, The fibre co (40 % wool, 25 % Llama, 20 % lin, 15% silk) 100 g = ca. 498 m = 1 hespe\/bunt    ALTERNATIV 1, Ultra fra Jamiesons of Shetland\u00a0Eesit f. nr. 105, 325 g    ALTERNATIV 2, Meadow fra The Fibre coPrairie f. nr. MD140z, 400 g    PINNER:ChiaoGoo rund-p 60 eller 80 cm nr. 2,5 (= 35 eller 55 cm vaier og 13 cm pinnetupper) \u00a0 og nr. 3 til opplegg og felling.STRIKKEFASTHET:\u00a032 m dobbelperlestrikk p\u00e5 p nr. 2,5 = 10 cm\u00a0    TILBEH\u00d8R:6 knapper","og_url":"https:\/\/www.tovefevang.no\/shop\/produkt\/sara-poncho-med-fletter-og-strukturstrikk\/","og_site_name":"Idestuen AS - Tove Fevang","article_publisher":"https:\/\/www.facebook.com\/tovefevang.no","article_modified_time":"2025-03-16T14:45:29+00:00","og_image":[{"width":2400,"height":2106,"url":"https:\/\/www.tovefevang.no\/shop\/wp-content\/uploads\/sites\/2\/2024\/10\/DSC04502-Edit-l2400_72-q80.jpg","type":"image\/jpeg"}],"twitter_card":"summary_large_image","twitter_misc":{"Ansl. lesetid":"1 minutt"},"schema":{"@context":"https:\/\/schema.org","@graph":[{"@type":"WebPage","@id":"https:\/\/www.tovefevang.no\/shop\/produkt\/sara-poncho-med-fletter-og-strukturstrikk\/","url":"https:\/\/www.tovefevang.no\/shop\/produkt\/sara-poncho-med-fletter-og-strukturstrikk\/","name":"Sara poncho med fletter og strukturstrikk - Idestuen AS - Tove Fevang","isPartOf":{"@id":"https:\/\/www.tovefevang.no\/shop\/#website"},"primaryImageOfPage":{"@id":"https:\/\/www.tovefevang.no\/shop\/produkt\/sara-poncho-med-fletter-og-strukturstrikk\/#primaryimage"},"image":{"@id":"https:\/\/www.tovefevang.no\/shop\/produkt\/sara-poncho-med-fletter-og-strukturstrikk\/#primaryimage"},"thumbnailUrl":"https:\/\/www.tovefevang.no\/shop\/wp-content\/uploads\/sites\/2\/2024\/10\/DSC04502-Edit-l2400_72-q80.jpg","datePublished":"2024-10-15T13:17:41+00:00","dateModified":"2025-03-16T14:45:29+00:00","breadcrumb":{"@id":"https:\/\/www.tovefevang.no\/shop\/produkt\/sara-poncho-med-fletter-og-strukturstrikk\/#breadcrumb"},"inLanguage":"nb-NO","potentialAction":[{"@type":"ReadAction","target":["https:\/\/www.tovefevang.no\/shop\/produkt\/sara-poncho-med-fletter-og-strukturstrikk\/"]}]},{"@type":"ImageObject","inLanguage":"nb-NO","@id":"https:\/\/www.tovefevang.no\/shop\/produkt\/sara-poncho-med-fletter-og-strukturstrikk\/#primaryimage","url":"https:\/\/www.tovefevang.no\/shop\/wp-content\/uploads\/sites\/2\/2024\/10\/DSC04502-Edit-l2400_72-q80.jpg","contentUrl":"https:\/\/www.tovefevang.no\/shop\/wp-content\/uploads\/sites\/2\/2024\/10\/DSC04502-Edit-l2400_72-q80.jpg","width":2400,"height":2106},{"@type":"BreadcrumbList","@id":"https:\/\/www.tovefevang.no\/shop\/produkt\/sara-poncho-med-fletter-og-strukturstrikk\/#breadcrumb","itemListElement":[{"@type":"ListItem","position":1,"name":"Hjem","item":"https:\/\/www.tovefevang.no\/shop\/"},{"@type":"ListItem","position":2,"name":"Nettbutikk","item":"https:\/\/www.tovefevang.no\/shop\/butikk\/"},{"@type":"ListItem","position":3,"name":"Sara poncho med fletter og strukturstrikk"}]},{"@type":"WebSite","@id":"https:\/\/www.tovefevang.no\/shop\/#website","url":"https:\/\/www.tovefevang.no\/shop\/","name":"Idestuen AS - Tove Fevang","description":"Idestuen AS - Tove Fevang","publisher":{"@id":"https:\/\/www.tovefevang.no\/shop\/#organization"},"potentialAction":[{"@type":"SearchAction","target":{"@type":"EntryPoint","urlTemplate":"https:\/\/www.tovefevang.no\/shop\/?s={search_term_string}"},"query-input":{"@type":"PropertyValueSpecification","valueRequired":true,"valueName":"search_term_string"}}],"inLanguage":"nb-NO"},{"@type":"Organization","@id":"https:\/\/www.tovefevang.no\/shop\/#organization","name":"Idestuen AS - Tove Fevang","url":"https:\/\/www.tovefevang.no\/shop\/","logo":{"@type":"ImageObject","inLanguage":"nb-NO","@id":"https:\/\/www.tovefevang.no\/shop\/#\/schema\/logo\/image\/","url":"https:\/\/www.tovefevang.no\/shop\/wp-content\/uploads\/sites\/2\/2023\/11\/tovefevang-logo-1950_500.png","contentUrl":"https:\/\/www.tovefevang.no\/shop\/wp-content\/uploads\/sites\/2\/2023\/11\/tovefevang-logo-1950_500.png","width":708,"height":181,"caption":"Idestuen AS - Tove Fevang"},"image":{"@id":"https:\/\/www.tovefevang.no\/shop\/#\/schema\/logo\/image\/"},"sameAs":["https:\/\/www.facebook.com\/tovefevang.no"]}]}},"featured_img":"https:\/\/www.tovefevang.no\/shop\/wp-content\/uploads\/sites\/2\/2024\/10\/DSC04502-Edit-l2400_72-q80.jpg","coauthors":[],"author_meta":{"author_link":"https:\/\/www.tovefevang.no\/shop\/author\/tove\/","display_name":"Tove Fevang"},"relative_dates":{"created":"Publisert 2 \u00e5r siden","modified":"Oppdatert 1 \u00e5r siden"},"absolute_dates":{"created":"Publisert 15. oktober 2024","modified":"Oppdatert 16. mars 2025"},"absolute_dates_time":{"created":"Publisert 15. oktober 2024 15:17","modified":"Oppdatert 16. mars 2025 15:45"},"featured_img_caption":"","tax_additional":{"product_brand":{"linked":[],"unlinked":[],"slug":"product_brand","name":"Merker"},"product_type":{"linked":["<a href=\"https:\/\/www.tovefevang.no\/shop\/?taxonomy=product_type&#038;term=simple\" class=\"advgb-post-tax-term\">simple<\/a>"],"unlinked":["<span class=\"advgb-post-tax-term\">simple<\/span>"],"slug":"product_type","name":"Produkttype"},"product_visibility":{"linked":[],"unlinked":[],"slug":"product_visibility","name":"Produktsynlighet"},"product_cat":{"linked":["<a href=\"https:\/\/www.tovefevang.no\/shop\/produktkategori\/produkter\/oppskrift\/\" class=\"advgb-post-tax-term\">Oppskrifter<\/a>","<a href=\"https:\/\/www.tovefevang.no\/shop\/produktkategori\/produkter\/oppskrift\/sjerfogsjal\/\" class=\"advgb-post-tax-term\">Skjerf og sjal<\/a>"],"unlinked":["<span class=\"advgb-post-tax-term\">Oppskrifter<\/span>","<span class=\"advgb-post-tax-term\">Skjerf og sjal<\/span>"],"slug":"product_cat","name":"Produktkategorier"},"product_tag":{"linked":[],"unlinked":[],"slug":"product_tag","name":"Produktstikkord"},"product_shipping_class":{"linked":[],"unlinked":[],"slug":"product_shipping_class","name":"Produkt fraktklasse"},"pos_product_visibility":{"linked":[],"unlinked":[],"slug":"pos_product_visibility","name":"POS Product visibility"},"pa_color":{"linked":[],"unlinked":[],"slug":"pa_color","name":"Produkt Farge"},"pa_size":{"linked":[],"unlinked":[],"slug":"pa_size","name":"Produkt St\u00f8rrelse"}},"series_order":"","_links":{"self":[{"href":"https:\/\/www.tovefevang.no\/shop\/wp-json\/wp\/v2\/product\/3031","targetHints":{"allow":["GET"]}}],"collection":[{"href":"https:\/\/www.tovefevang.no\/shop\/wp-json\/wp\/v2\/product"}],"about":[{"href":"https:\/\/www.tovefevang.no\/shop\/wp-json\/wp\/v2\/types\/product"}],"wp:featuredmedia":[{"embeddable":true,"href":"https:\/\/www.tovefevang.no\/shop\/wp-json\/wp\/v2\/media\/3032"}],"wp:attachment":[{"href":"https:\/\/www.tovefevang.no\/shop\/wp-json\/wp\/v2\/media?parent=3031"}],"wp:term":[{"taxonomy":"product_brand","embeddable":true,"href":"https:\/\/www.tovefevang.no\/shop\/wp-json\/wp\/v2\/product_brand?post=3031"},{"taxonomy":"product_cat","embeddable":true,"href":"https:\/\/www.tovefevang.no\/shop\/wp-json\/wp\/v2\/product_cat?post=3031"},{"taxonomy":"product_tag","embeddable":true,"href":"https:\/\/www.tovefevang.no\/shop\/wp-json\/wp\/v2\/product_tag?post=3031"}],"curies":[{"name":"wp","href":"https:\/\/api.w.org\/{rel}","templated":true}]}}