{"id":2916,"date":"2024-09-15T16:25:56","date_gmt":"2024-09-15T14:25:56","guid":{"rendered":"https:\/\/www.tovefevang.no\/shop\/?post_type=product&#038;p=2916"},"modified":"2026-03-30T17:44:31","modified_gmt":"2026-03-30T15:44:31","slug":"burra-los-hals-og-panneband-i-fair-isle-garnpakke","status":"publish","type":"product","link":"https:\/\/www.tovefevang.no\/shop\/produkt\/burra-los-hals-og-panneband-i-fair-isle-garnpakke\/","title":{"rendered":"Burra l\u00f8s hals og panneb\u00e5nd i Fair Isle &#8211; garnpakke"},"content":{"rendered":"\n<p><strong>ST\u00d8RRELSER:<br><\/strong><strong>L\u00d8S HALS:<br><\/strong>H\u00f8yde: 17 cm<br>Omkrets nederst (ferdig blokket): 56 cm<br>Omkrets \u00f8verst (ferdig blokket): 42 cm<\/p>\n\n\n\n<p><strong>PANNEB\u00c5ND:<\/strong><br>Hodeomkrets (ferdig blokket) ca. 52-59 cm<br>H\u00f8yde med alt 1 vrangbord: 10 cm<br>H\u00f8yde med alt 2 vrangbord: 13 cm<\/p>\n\n\n\n<p><strong>MATERIALER og GARNFORBRUK:<\/strong><br>Spindrift fra Jamieson of Shetland (100 % shetlandsull), 25 g = ca. 105 meter = 1 n\u00f8ste<\/p>\n\n\n\n<h2 class=\"wp-block-heading\">Garnpakke bl\u00e5 bunnfarge<\/h2>\n\n\n\n<figure class=\"wp-block-gallery has-nested-images columns-default is-cropped wp-block-gallery-1 is-layout-flex wp-block-gallery-is-layout-flex\">\n<figure class=\"wp-block-image size-large\"><img loading=\"lazy\" decoding=\"async\" width=\"1024\" height=\"779\" data-id=\"2917\" src=\"https:\/\/www.tovefevang.no\/shop\/wp-content\/uploads\/sites\/2\/2024\/09\/DSC04138-1920x1200_72-1024x779.jpg\" alt=\"\" class=\"wp-image-2917\" srcset=\"https:\/\/www.tovefevang.no\/shop\/wp-content\/uploads\/sites\/2\/2024\/09\/DSC04138-1920x1200_72-1024x779.jpg 1024w, https:\/\/www.tovefevang.no\/shop\/wp-content\/uploads\/sites\/2\/2024\/09\/DSC04138-1920x1200_72-300x228.jpg 300w, https:\/\/www.tovefevang.no\/shop\/wp-content\/uploads\/sites\/2\/2024\/09\/DSC04138-1920x1200_72-768x584.jpg 768w, https:\/\/www.tovefevang.no\/shop\/wp-content\/uploads\/sites\/2\/2024\/09\/DSC04138-1920x1200_72-1536x1168.jpg 1536w, https:\/\/www.tovefevang.no\/shop\/wp-content\/uploads\/sites\/2\/2024\/09\/DSC04138-1920x1200_72-416x316.jpg 416w, https:\/\/www.tovefevang.no\/shop\/wp-content\/uploads\/sites\/2\/2024\/09\/DSC04138-1920x1200_72.jpg 1578w\" sizes=\"auto, (max-width: 1024px) 100vw, 1024px\" \/><\/figure>\n\n\n\n<figure class=\"wp-block-image size-large\"><img loading=\"lazy\" decoding=\"async\" width=\"1024\" height=\"1024\" data-id=\"2920\" src=\"https:\/\/www.tovefevang.no\/shop\/wp-content\/uploads\/sites\/2\/2024\/09\/DSC04142-1920x1200_72-1024x1024.jpg\" alt=\"\" class=\"wp-image-2920\" srcset=\"https:\/\/www.tovefevang.no\/shop\/wp-content\/uploads\/sites\/2\/2024\/09\/DSC04142-1920x1200_72-1024x1024.jpg 1024w, https:\/\/www.tovefevang.no\/shop\/wp-content\/uploads\/sites\/2\/2024\/09\/DSC04142-1920x1200_72-300x300.jpg 300w, https:\/\/www.tovefevang.no\/shop\/wp-content\/uploads\/sites\/2\/2024\/09\/DSC04142-1920x1200_72-150x150.jpg 150w, https:\/\/www.tovefevang.no\/shop\/wp-content\/uploads\/sites\/2\/2024\/09\/DSC04142-1920x1200_72-768x768.jpg 768w, https:\/\/www.tovefevang.no\/shop\/wp-content\/uploads\/sites\/2\/2024\/09\/DSC04142-1920x1200_72-324x324.jpg 324w, https:\/\/www.tovefevang.no\/shop\/wp-content\/uploads\/sites\/2\/2024\/09\/DSC04142-1920x1200_72-416x416.jpg 416w, https:\/\/www.tovefevang.no\/shop\/wp-content\/uploads\/sites\/2\/2024\/09\/DSC04142-1920x1200_72-100x100.jpg 100w, https:\/\/www.tovefevang.no\/shop\/wp-content\/uploads\/sites\/2\/2024\/09\/DSC04142-1920x1200_72-50x50.jpg 50w, https:\/\/www.tovefevang.no\/shop\/wp-content\/uploads\/sites\/2\/2024\/09\/DSC04142-1920x1200_72.jpg 1200w\" sizes=\"auto, (max-width: 1024px) 100vw, 1024px\" \/><\/figure>\n<\/figure>\n\n\n\n<p><strong>HELE SETTET, L\u00d8S HALS OG PANNEB\u00c5ND:<br>ALTERNATIV 1, BL\u00c5 BUNNFARGE<\/strong><br>Farge 1, Midnight f.nr. 160, 75 g<br>Farge 2, Mooskit f.nr. 106, 25 g<br>Farge 3, Camel f.nr. 141, 25 g<br>Farge 4, Wren. f.nr. 246, 25 g<br>Farge 5, Sunset f.nr. 186, 25 g<\/p>\n\n\n\n<h2 class=\"wp-block-heading\">Garnpakke lys bunnfarge<\/h2>\n\n\n\n<figure class=\"wp-block-gallery has-nested-images columns-default is-cropped wp-block-gallery-2 is-layout-flex wp-block-gallery-is-layout-flex\">\n<figure class=\"wp-block-image size-large\"><img loading=\"lazy\" decoding=\"async\" width=\"1024\" height=\"779\" data-id=\"2918\" src=\"https:\/\/www.tovefevang.no\/shop\/wp-content\/uploads\/sites\/2\/2024\/09\/DSC04136-1920x1200_72-1024x779.jpg\" alt=\"\" class=\"wp-image-2918\" srcset=\"https:\/\/www.tovefevang.no\/shop\/wp-content\/uploads\/sites\/2\/2024\/09\/DSC04136-1920x1200_72-1024x779.jpg 1024w, https:\/\/www.tovefevang.no\/shop\/wp-content\/uploads\/sites\/2\/2024\/09\/DSC04136-1920x1200_72-300x228.jpg 300w, https:\/\/www.tovefevang.no\/shop\/wp-content\/uploads\/sites\/2\/2024\/09\/DSC04136-1920x1200_72-768x584.jpg 768w, https:\/\/www.tovefevang.no\/shop\/wp-content\/uploads\/sites\/2\/2024\/09\/DSC04136-1920x1200_72-1536x1168.jpg 1536w, https:\/\/www.tovefevang.no\/shop\/wp-content\/uploads\/sites\/2\/2024\/09\/DSC04136-1920x1200_72-416x316.jpg 416w, https:\/\/www.tovefevang.no\/shop\/wp-content\/uploads\/sites\/2\/2024\/09\/DSC04136-1920x1200_72.jpg 1578w\" sizes=\"auto, (max-width: 1024px) 100vw, 1024px\" \/><\/figure>\n\n\n\n<figure class=\"wp-block-image size-large\"><img loading=\"lazy\" decoding=\"async\" width=\"1024\" height=\"1024\" data-id=\"2919\" src=\"https:\/\/www.tovefevang.no\/shop\/wp-content\/uploads\/sites\/2\/2024\/09\/DSC04143-1920x1200_72-1024x1024.jpg\" alt=\"\" class=\"wp-image-2919\" srcset=\"https:\/\/www.tovefevang.no\/shop\/wp-content\/uploads\/sites\/2\/2024\/09\/DSC04143-1920x1200_72-1024x1024.jpg 1024w, https:\/\/www.tovefevang.no\/shop\/wp-content\/uploads\/sites\/2\/2024\/09\/DSC04143-1920x1200_72-300x300.jpg 300w, https:\/\/www.tovefevang.no\/shop\/wp-content\/uploads\/sites\/2\/2024\/09\/DSC04143-1920x1200_72-150x150.jpg 150w, https:\/\/www.tovefevang.no\/shop\/wp-content\/uploads\/sites\/2\/2024\/09\/DSC04143-1920x1200_72-768x768.jpg 768w, https:\/\/www.tovefevang.no\/shop\/wp-content\/uploads\/sites\/2\/2024\/09\/DSC04143-1920x1200_72-324x324.jpg 324w, https:\/\/www.tovefevang.no\/shop\/wp-content\/uploads\/sites\/2\/2024\/09\/DSC04143-1920x1200_72-416x416.jpg 416w, https:\/\/www.tovefevang.no\/shop\/wp-content\/uploads\/sites\/2\/2024\/09\/DSC04143-1920x1200_72-100x100.jpg 100w, https:\/\/www.tovefevang.no\/shop\/wp-content\/uploads\/sites\/2\/2024\/09\/DSC04143-1920x1200_72-50x50.jpg 50w, https:\/\/www.tovefevang.no\/shop\/wp-content\/uploads\/sites\/2\/2024\/09\/DSC04143-1920x1200_72.jpg 1200w\" sizes=\"auto, (max-width: 1024px) 100vw, 1024px\" \/><\/figure>\n<\/figure>\n\n\n\n<p><strong>HELE SETTET, L\u00d8S HALS OG PANNEB\u00c5ND:<br>ALTERNATIV 2, LYS BUNNFARGE<\/strong><br>Farge 1, Midnight f.nr. 160, 50 g<br>Farge 2, Eesit f.nr. 105, 50 g<br>Farge 3, Highland mist f.nr. 1390, 25 g<br>Farge 4, Pacific f.nr. 763, 25 g<br>Farge 5, Sunset f.nr. 186, 25 g<\/p>\n\n\n\n<p><\/p>\n","protected":false},"excerpt":{"rendered":"<p>Husk BURRA l\u00f8s hals og panneb\u00e5nd oppskriften m\u00e5 kj\u00f8pes separat i nettbutikken og lastes ned direkte.<br \/><a href=\"https:\/\/www.tovefevang.no\/shop\/produkt\/burra-los-hals-og-panneband-i-fair-isle\/\">Kj\u00f8pes her.<\/a><\/p>\n","protected":false},"author":4,"featured_media":2875,"template":"","meta":{"advgb_blocks_editor_width":"","advgb_blocks_columns_visual_guide":""},"product_brand":[],"product_cat":[33],"product_tag":[],"class_list":{"0":"post-2916","1":"product","2":"type-product","3":"status-publish","4":"has-post-thumbnail","6":"product_cat-garnpakker","8":"first","9":"onbackorder","10":"taxable","11":"shipping-taxable","12":"purchasable","13":"product-type-variable","14":"wvs-archive-product-wrapper"},"yoast_head":"<!-- This site is optimized with the Yoast SEO plugin v27.4 - https:\/\/yoast.com\/product\/yoast-seo-wordpress\/ -->\n<title>Burra l\u00f8s hals og panneb\u00e5nd i Fair Isle - garnpakke - Idestuen AS - Tove Fevang<\/title>\n<meta name=\"robots\" content=\"index, follow, max-snippet:-1, max-image-preview:large, max-video-preview:-1\" \/>\n<link rel=\"canonical\" href=\"https:\/\/www.tovefevang.no\/shop\/produkt\/burra-los-hals-og-panneband-i-fair-isle-garnpakke\/\" \/>\n<meta property=\"og:locale\" content=\"nb_NO\" \/>\n<meta property=\"og:type\" content=\"article\" \/>\n<meta property=\"og:title\" content=\"Burra l\u00f8s hals og panneb\u00e5nd i Fair Isle - garnpakke - Idestuen AS - Tove Fevang\" \/>\n<meta property=\"og:description\" content=\"Husk BURRA l\u00f8s hals og panneb\u00e5nd oppskriften m\u00e5 kj\u00f8pes separat i nettbutikken og lastes ned direkte.Kj\u00f8pes her.\" \/>\n<meta property=\"og:url\" content=\"https:\/\/www.tovefevang.no\/shop\/produkt\/burra-los-hals-og-panneband-i-fair-isle-garnpakke\/\" \/>\n<meta property=\"og:site_name\" content=\"Idestuen AS - Tove Fevang\" \/>\n<meta property=\"article:publisher\" content=\"https:\/\/www.facebook.com\/tovefevang.no\" \/>\n<meta property=\"article:modified_time\" content=\"2026-03-30T15:44:31+00:00\" \/>\n<meta property=\"og:image\" content=\"https:\/\/www.tovefevang.no\/shop\/wp-content\/uploads\/sites\/2\/2024\/09\/Burra_los_hals_panneband-1024x887.png\" \/>\n\t<meta property=\"og:image:width\" content=\"1024\" \/>\n\t<meta property=\"og:image:height\" content=\"887\" \/>\n\t<meta property=\"og:image:type\" content=\"image\/png\" \/>\n<meta name=\"twitter:card\" content=\"summary_large_image\" \/>\n<meta name=\"twitter:label1\" content=\"Ansl. lesetid\" \/>\n\t<meta name=\"twitter:data1\" content=\"2 minutter\" \/>\n<script type=\"application\/ld+json\" class=\"yoast-schema-graph\">{\"@context\":\"https:\\\/\\\/schema.org\",\"@graph\":[{\"@type\":\"WebPage\",\"@id\":\"https:\\\/\\\/www.tovefevang.no\\\/shop\\\/produkt\\\/burra-los-hals-og-panneband-i-fair-isle-garnpakke\\\/\",\"url\":\"https:\\\/\\\/www.tovefevang.no\\\/shop\\\/produkt\\\/burra-los-hals-og-panneband-i-fair-isle-garnpakke\\\/\",\"name\":\"Burra l\u00f8s hals og panneb\u00e5nd i Fair Isle - garnpakke - Idestuen AS - Tove Fevang\",\"isPartOf\":{\"@id\":\"https:\\\/\\\/www.tovefevang.no\\\/shop\\\/#website\"},\"primaryImageOfPage\":{\"@id\":\"https:\\\/\\\/www.tovefevang.no\\\/shop\\\/produkt\\\/burra-los-hals-og-panneband-i-fair-isle-garnpakke\\\/#primaryimage\"},\"image\":{\"@id\":\"https:\\\/\\\/www.tovefevang.no\\\/shop\\\/produkt\\\/burra-los-hals-og-panneband-i-fair-isle-garnpakke\\\/#primaryimage\"},\"thumbnailUrl\":\"https:\\\/\\\/www.tovefevang.no\\\/shop\\\/wp-content\\\/uploads\\\/sites\\\/2\\\/2024\\\/09\\\/Burra_los_hals_panneband.png\",\"datePublished\":\"2024-09-15T14:25:56+00:00\",\"dateModified\":\"2026-03-30T15:44:31+00:00\",\"breadcrumb\":{\"@id\":\"https:\\\/\\\/www.tovefevang.no\\\/shop\\\/produkt\\\/burra-los-hals-og-panneband-i-fair-isle-garnpakke\\\/#breadcrumb\"},\"inLanguage\":\"nb-NO\",\"potentialAction\":[{\"@type\":\"ReadAction\",\"target\":[\"https:\\\/\\\/www.tovefevang.no\\\/shop\\\/produkt\\\/burra-los-hals-og-panneband-i-fair-isle-garnpakke\\\/\"]}]},{\"@type\":\"ImageObject\",\"inLanguage\":\"nb-NO\",\"@id\":\"https:\\\/\\\/www.tovefevang.no\\\/shop\\\/produkt\\\/burra-los-hals-og-panneband-i-fair-isle-garnpakke\\\/#primaryimage\",\"url\":\"https:\\\/\\\/www.tovefevang.no\\\/shop\\\/wp-content\\\/uploads\\\/sites\\\/2\\\/2024\\\/09\\\/Burra_los_hals_panneband.png\",\"contentUrl\":\"https:\\\/\\\/www.tovefevang.no\\\/shop\\\/wp-content\\\/uploads\\\/sites\\\/2\\\/2024\\\/09\\\/Burra_los_hals_panneband.png\",\"width\":1820,\"height\":1576},{\"@type\":\"BreadcrumbList\",\"@id\":\"https:\\\/\\\/www.tovefevang.no\\\/shop\\\/produkt\\\/burra-los-hals-og-panneband-i-fair-isle-garnpakke\\\/#breadcrumb\",\"itemListElement\":[{\"@type\":\"ListItem\",\"position\":1,\"name\":\"Hjem\",\"item\":\"https:\\\/\\\/www.tovefevang.no\\\/shop\\\/\"},{\"@type\":\"ListItem\",\"position\":2,\"name\":\"Nettbutikk\",\"item\":\"https:\\\/\\\/www.tovefevang.no\\\/shop\\\/butikk\\\/\"},{\"@type\":\"ListItem\",\"position\":3,\"name\":\"Burra l\u00f8s hals og panneb\u00e5nd i Fair Isle &#8211; garnpakke\"}]},{\"@type\":\"WebSite\",\"@id\":\"https:\\\/\\\/www.tovefevang.no\\\/shop\\\/#website\",\"url\":\"https:\\\/\\\/www.tovefevang.no\\\/shop\\\/\",\"name\":\"Idestuen AS - Tove Fevang\",\"description\":\"Idestuen AS - Tove Fevang\",\"publisher\":{\"@id\":\"https:\\\/\\\/www.tovefevang.no\\\/shop\\\/#organization\"},\"potentialAction\":[{\"@type\":\"SearchAction\",\"target\":{\"@type\":\"EntryPoint\",\"urlTemplate\":\"https:\\\/\\\/www.tovefevang.no\\\/shop\\\/?s={search_term_string}\"},\"query-input\":{\"@type\":\"PropertyValueSpecification\",\"valueRequired\":true,\"valueName\":\"search_term_string\"}}],\"inLanguage\":\"nb-NO\"},{\"@type\":\"Organization\",\"@id\":\"https:\\\/\\\/www.tovefevang.no\\\/shop\\\/#organization\",\"name\":\"Idestuen AS - Tove Fevang\",\"url\":\"https:\\\/\\\/www.tovefevang.no\\\/shop\\\/\",\"logo\":{\"@type\":\"ImageObject\",\"inLanguage\":\"nb-NO\",\"@id\":\"https:\\\/\\\/www.tovefevang.no\\\/shop\\\/#\\\/schema\\\/logo\\\/image\\\/\",\"url\":\"https:\\\/\\\/www.tovefevang.no\\\/shop\\\/wp-content\\\/uploads\\\/sites\\\/2\\\/2023\\\/11\\\/tovefevang-logo-1950_500.png\",\"contentUrl\":\"https:\\\/\\\/www.tovefevang.no\\\/shop\\\/wp-content\\\/uploads\\\/sites\\\/2\\\/2023\\\/11\\\/tovefevang-logo-1950_500.png\",\"width\":708,\"height\":181,\"caption\":\"Idestuen AS - Tove Fevang\"},\"image\":{\"@id\":\"https:\\\/\\\/www.tovefevang.no\\\/shop\\\/#\\\/schema\\\/logo\\\/image\\\/\"},\"sameAs\":[\"https:\\\/\\\/www.facebook.com\\\/tovefevang.no\"]}]}<\/script>\n<!-- \/ Yoast SEO plugin. -->","yoast_head_json":{"title":"Burra l\u00f8s hals og panneb\u00e5nd i Fair Isle - garnpakke - Idestuen AS - Tove Fevang","robots":{"index":"index","follow":"follow","max-snippet":"max-snippet:-1","max-image-preview":"max-image-preview:large","max-video-preview":"max-video-preview:-1"},"canonical":"https:\/\/www.tovefevang.no\/shop\/produkt\/burra-los-hals-og-panneband-i-fair-isle-garnpakke\/","og_locale":"nb_NO","og_type":"article","og_title":"Burra l\u00f8s hals og panneb\u00e5nd i Fair Isle - garnpakke - Idestuen AS - Tove Fevang","og_description":"Husk BURRA l\u00f8s hals og panneb\u00e5nd oppskriften m\u00e5 kj\u00f8pes separat i nettbutikken og lastes ned direkte.Kj\u00f8pes her.","og_url":"https:\/\/www.tovefevang.no\/shop\/produkt\/burra-los-hals-og-panneband-i-fair-isle-garnpakke\/","og_site_name":"Idestuen AS - Tove Fevang","article_publisher":"https:\/\/www.facebook.com\/tovefevang.no","article_modified_time":"2026-03-30T15:44:31+00:00","og_image":[{"width":1024,"height":887,"url":"https:\/\/www.tovefevang.no\/shop\/wp-content\/uploads\/sites\/2\/2024\/09\/Burra_los_hals_panneband-1024x887.png","type":"image\/png"}],"twitter_card":"summary_large_image","twitter_misc":{"Ansl. lesetid":"2 minutter"},"schema":{"@context":"https:\/\/schema.org","@graph":[{"@type":"WebPage","@id":"https:\/\/www.tovefevang.no\/shop\/produkt\/burra-los-hals-og-panneband-i-fair-isle-garnpakke\/","url":"https:\/\/www.tovefevang.no\/shop\/produkt\/burra-los-hals-og-panneband-i-fair-isle-garnpakke\/","name":"Burra l\u00f8s hals og panneb\u00e5nd i Fair Isle - garnpakke - Idestuen AS - Tove Fevang","isPartOf":{"@id":"https:\/\/www.tovefevang.no\/shop\/#website"},"primaryImageOfPage":{"@id":"https:\/\/www.tovefevang.no\/shop\/produkt\/burra-los-hals-og-panneband-i-fair-isle-garnpakke\/#primaryimage"},"image":{"@id":"https:\/\/www.tovefevang.no\/shop\/produkt\/burra-los-hals-og-panneband-i-fair-isle-garnpakke\/#primaryimage"},"thumbnailUrl":"https:\/\/www.tovefevang.no\/shop\/wp-content\/uploads\/sites\/2\/2024\/09\/Burra_los_hals_panneband.png","datePublished":"2024-09-15T14:25:56+00:00","dateModified":"2026-03-30T15:44:31+00:00","breadcrumb":{"@id":"https:\/\/www.tovefevang.no\/shop\/produkt\/burra-los-hals-og-panneband-i-fair-isle-garnpakke\/#breadcrumb"},"inLanguage":"nb-NO","potentialAction":[{"@type":"ReadAction","target":["https:\/\/www.tovefevang.no\/shop\/produkt\/burra-los-hals-og-panneband-i-fair-isle-garnpakke\/"]}]},{"@type":"ImageObject","inLanguage":"nb-NO","@id":"https:\/\/www.tovefevang.no\/shop\/produkt\/burra-los-hals-og-panneband-i-fair-isle-garnpakke\/#primaryimage","url":"https:\/\/www.tovefevang.no\/shop\/wp-content\/uploads\/sites\/2\/2024\/09\/Burra_los_hals_panneband.png","contentUrl":"https:\/\/www.tovefevang.no\/shop\/wp-content\/uploads\/sites\/2\/2024\/09\/Burra_los_hals_panneband.png","width":1820,"height":1576},{"@type":"BreadcrumbList","@id":"https:\/\/www.tovefevang.no\/shop\/produkt\/burra-los-hals-og-panneband-i-fair-isle-garnpakke\/#breadcrumb","itemListElement":[{"@type":"ListItem","position":1,"name":"Hjem","item":"https:\/\/www.tovefevang.no\/shop\/"},{"@type":"ListItem","position":2,"name":"Nettbutikk","item":"https:\/\/www.tovefevang.no\/shop\/butikk\/"},{"@type":"ListItem","position":3,"name":"Burra l\u00f8s hals og panneb\u00e5nd i Fair Isle &#8211; garnpakke"}]},{"@type":"WebSite","@id":"https:\/\/www.tovefevang.no\/shop\/#website","url":"https:\/\/www.tovefevang.no\/shop\/","name":"Idestuen AS - Tove Fevang","description":"Idestuen AS - Tove Fevang","publisher":{"@id":"https:\/\/www.tovefevang.no\/shop\/#organization"},"potentialAction":[{"@type":"SearchAction","target":{"@type":"EntryPoint","urlTemplate":"https:\/\/www.tovefevang.no\/shop\/?s={search_term_string}"},"query-input":{"@type":"PropertyValueSpecification","valueRequired":true,"valueName":"search_term_string"}}],"inLanguage":"nb-NO"},{"@type":"Organization","@id":"https:\/\/www.tovefevang.no\/shop\/#organization","name":"Idestuen AS - Tove Fevang","url":"https:\/\/www.tovefevang.no\/shop\/","logo":{"@type":"ImageObject","inLanguage":"nb-NO","@id":"https:\/\/www.tovefevang.no\/shop\/#\/schema\/logo\/image\/","url":"https:\/\/www.tovefevang.no\/shop\/wp-content\/uploads\/sites\/2\/2023\/11\/tovefevang-logo-1950_500.png","contentUrl":"https:\/\/www.tovefevang.no\/shop\/wp-content\/uploads\/sites\/2\/2023\/11\/tovefevang-logo-1950_500.png","width":708,"height":181,"caption":"Idestuen AS - Tove Fevang"},"image":{"@id":"https:\/\/www.tovefevang.no\/shop\/#\/schema\/logo\/image\/"},"sameAs":["https:\/\/www.facebook.com\/tovefevang.no"]}]}},"featured_img":"https:\/\/www.tovefevang.no\/shop\/wp-content\/uploads\/sites\/2\/2024\/09\/Burra_los_hals_panneband.png","coauthors":[],"author_meta":{"author_link":"https:\/\/www.tovefevang.no\/shop\/author\/geiradmin\/","display_name":"Geir Arnesen"},"relative_dates":{"created":"Publisert 2 \u00e5r siden","modified":"Oppdatert 1 m\u00e5ned siden"},"absolute_dates":{"created":"Publisert 15. september 2024","modified":"Oppdatert 30. mars 2026"},"absolute_dates_time":{"created":"Publisert 15. september 2024 16:25","modified":"Oppdatert 30. mars 2026 17:44"},"featured_img_caption":"","tax_additional":{"product_brand":{"linked":[],"unlinked":[],"slug":"product_brand","name":"Merker"},"product_type":{"linked":["<a href=\"https:\/\/www.tovefevang.no\/shop\/?taxonomy=product_type&#038;term=variable\" class=\"advgb-post-tax-term\">variable<\/a>"],"unlinked":["<span class=\"advgb-post-tax-term\">variable<\/span>"],"slug":"product_type","name":"Produkttype"},"product_visibility":{"linked":[],"unlinked":[],"slug":"product_visibility","name":"Produktsynlighet"},"product_cat":{"linked":["<a href=\"https:\/\/www.tovefevang.no\/shop\/produktkategori\/produkter\/garnpakker\/\" class=\"advgb-post-tax-term\">Garnpakker<\/a>"],"unlinked":["<span class=\"advgb-post-tax-term\">Garnpakker<\/span>"],"slug":"product_cat","name":"Produktkategorier"},"product_tag":{"linked":[],"unlinked":[],"slug":"product_tag","name":"Produktstikkord"},"product_shipping_class":{"linked":[],"unlinked":[],"slug":"product_shipping_class","name":"Produkt fraktklasse"},"pos_product_visibility":{"linked":[],"unlinked":[],"slug":"pos_product_visibility","name":"POS Product visibility"},"pa_color":{"linked":[],"unlinked":[],"slug":"pa_color","name":"Produkt Farge"},"pa_size":{"linked":[],"unlinked":[],"slug":"pa_size","name":"Produkt St\u00f8rrelse"}},"series_order":"","_links":{"self":[{"href":"https:\/\/www.tovefevang.no\/shop\/wp-json\/wp\/v2\/product\/2916","targetHints":{"allow":["GET"]}}],"collection":[{"href":"https:\/\/www.tovefevang.no\/shop\/wp-json\/wp\/v2\/product"}],"about":[{"href":"https:\/\/www.tovefevang.no\/shop\/wp-json\/wp\/v2\/types\/product"}],"wp:featuredmedia":[{"embeddable":true,"href":"https:\/\/www.tovefevang.no\/shop\/wp-json\/wp\/v2\/media\/2875"}],"wp:attachment":[{"href":"https:\/\/www.tovefevang.no\/shop\/wp-json\/wp\/v2\/media?parent=2916"}],"wp:term":[{"taxonomy":"product_brand","embeddable":true,"href":"https:\/\/www.tovefevang.no\/shop\/wp-json\/wp\/v2\/product_brand?post=2916"},{"taxonomy":"product_cat","embeddable":true,"href":"https:\/\/www.tovefevang.no\/shop\/wp-json\/wp\/v2\/product_cat?post=2916"},{"taxonomy":"product_tag","embeddable":true,"href":"https:\/\/www.tovefevang.no\/shop\/wp-json\/wp\/v2\/product_tag?post=2916"}],"curies":[{"name":"wp","href":"https:\/\/api.w.org\/{rel}","templated":true}]}}