{"id":2282,"date":"2024-05-20T22:25:52","date_gmt":"2024-05-20T20:25:52","guid":{"rendered":"https:\/\/www.tovefevang.no\/shop\/?post_type=product&#038;p=2282"},"modified":"2025-12-11T10:59:14","modified_gmt":"2025-12-11T09:59:14","slug":"redesigned-project-7","status":"publish","type":"product","link":"https:\/\/www.tovefevang.no\/shop\/produkt\/redesigned-project-7\/","title":{"rendered":"RE:DESIGNED project 7"},"content":{"rendered":"","protected":false},"excerpt":{"rendered":"<p><strong>PROJECT<\/strong> <strong>7<\/strong> er det perfekte strikkepinnemappen for \u00e5 organisere dine rundpinner. Den har 6 lommer med trykknapper for \u00e5 holde rundpinnene p\u00e5 plass. Bak disse lommene er det \u00e5pne rom hvor du kan oppbevare strikkeoppskrifter eller lignende. Et elastisk b\u00e5nd lar deg holde m\u00e5leb\u00e5ndet ditt lett tilgjengelig, og det er 6 hull i skinnet hvor det er plass til 3 syn\u00e5ler. Til slutt er det en glidel\u00e5slomme hvor du kan oppbevare saksen og annet l\u00f8st strikketilbeh\u00f8r. Hele mappen brettes elegant sammen og festes med et trykk, noe som gj\u00f8r det enkelt \u00e5 b\u00e6re med de viktigste strikkeverkt\u00f8yene dine.<\/p>\n<p>Farge: Valn\u00f8tt eller Tan<br \/>\nKvalitet: 100% skinn<br \/>\nM\u00e5l: H:22 x B:15,5 x D:2 cm<\/p>\n<p><strong>PROJECT<\/strong> <strong>7<\/strong> er laget av v\u00e5r Urban-kvalitet, som er naturlig farget kuskinn. F\u00f8r overflaten er ferdig behandlet med fargestoff for \u00e5 bevare det originale m\u00f8nsteret til det r\u00e5 skinnet. Kvaliteten er definert av dens naturlige og myke utseende og f\u00f8lelse, med hver sak er unik med individuelle egenskaper. Etter at saken er farget, p\u00e5f\u00f8res en lett voks manuelt p\u00e5 overflaten. Du kan eventuelt p\u00e5f\u00f8re RE:DESIGNED skinnbalsam p\u00e5 etuiet ditt for \u00e5 \u00f8ke holdbarheten til l\u00e6ret og gj\u00f8re det mer motstandsdyktig mot smuss og vann.<\/p>\n","protected":false},"author":4,"featured_media":2286,"template":"","meta":{"advgb_blocks_editor_width":"","advgb_blocks_columns_visual_guide":""},"product_brand":[],"product_cat":[38],"product_tag":[],"class_list":{"0":"post-2282","1":"product","2":"type-product","3":"status-publish","4":"has-post-thumbnail","6":"product_cat-redesigned","8":"first","9":"outofstock","10":"taxable","11":"shipping-taxable","12":"purchasable","13":"product-type-variable","14":"wvs-archive-product-wrapper"},"yoast_head":"<!-- This site is optimized with the Yoast SEO plugin v27.4 - https:\/\/yoast.com\/product\/yoast-seo-wordpress\/ -->\n<title>RE:DESIGNED project 7 - Idestuen AS - Tove Fevang<\/title>\n<meta name=\"robots\" content=\"index, follow, max-snippet:-1, max-image-preview:large, max-video-preview:-1\" \/>\n<link rel=\"canonical\" href=\"https:\/\/www.tovefevang.no\/shop\/produkt\/redesigned-project-7\/\" \/>\n<meta property=\"og:locale\" content=\"nb_NO\" \/>\n<meta property=\"og:type\" content=\"article\" \/>\n<meta property=\"og:title\" content=\"RE:DESIGNED project 7 - Idestuen AS - Tove Fevang\" \/>\n<meta property=\"og:description\" content=\"PROJECT 7 er det perfekte strikkepinnemappen for \u00e5 organisere dine rundpinner. Den har 6 lommer med trykknapper for \u00e5 holde rundpinnene p\u00e5 plass. Bak disse lommene er det \u00e5pne rom hvor du kan oppbevare strikkeoppskrifter eller lignende. Et elastisk b\u00e5nd lar deg holde m\u00e5leb\u00e5ndet ditt lett tilgjengelig, og det er 6 hull i skinnet hvor det er plass til 3 syn\u00e5ler. Til slutt er det en glidel\u00e5slomme hvor du kan oppbevare saksen og annet l\u00f8st strikketilbeh\u00f8r. Hele mappen brettes elegant sammen og festes med et trykk, noe som gj\u00f8r det enkelt \u00e5 b\u00e6re med de viktigste strikkeverkt\u00f8yene dine.  Farge: Valn\u00f8tt eller Tan Kvalitet: 100% skinn M\u00e5l: H:22 x B:15,5 x D:2 cm  PROJECT 7 er laget av v\u00e5r Urban-kvalitet, som er naturlig farget kuskinn. F\u00f8r overflaten er ferdig behandlet med fargestoff for \u00e5 bevare det originale m\u00f8nsteret til det r\u00e5 skinnet. Kvaliteten er definert av dens naturlige og myke utseende og f\u00f8lelse, med hver sak er unik med individuelle egenskaper. Etter at saken er farget, p\u00e5f\u00f8res en lett voks manuelt p\u00e5 overflaten. Du kan eventuelt p\u00e5f\u00f8re RE:DESIGNED skinnbalsam p\u00e5 etuiet ditt for \u00e5 \u00f8ke holdbarheten til l\u00e6ret og gj\u00f8re det mer motstandsdyktig mot smuss og vann.\" \/>\n<meta property=\"og:url\" content=\"https:\/\/www.tovefevang.no\/shop\/produkt\/redesigned-project-7\/\" \/>\n<meta property=\"og:site_name\" content=\"Idestuen AS - Tove Fevang\" \/>\n<meta property=\"article:publisher\" content=\"https:\/\/www.facebook.com\/tovefevang.no\" \/>\n<meta property=\"article:modified_time\" content=\"2025-12-11T09:59:14+00:00\" \/>\n<meta property=\"og:image\" content=\"https:\/\/www.tovefevang.no\/shop\/wp-content\/uploads\/sites\/2\/2024\/05\/6124-Walnut-Gold-Extra-6.jpg\" \/>\n\t<meta property=\"og:image:width\" content=\"2000\" \/>\n\t<meta property=\"og:image:height\" content=\"2000\" \/>\n\t<meta property=\"og:image:type\" content=\"image\/jpeg\" \/>\n<meta name=\"twitter:card\" content=\"summary_large_image\" \/>\n<meta name=\"twitter:label1\" content=\"Ansl. lesetid\" \/>\n\t<meta name=\"twitter:data1\" content=\"1 minutt\" \/>\n<script type=\"application\/ld+json\" class=\"yoast-schema-graph\">{\"@context\":\"https:\\\/\\\/schema.org\",\"@graph\":[{\"@type\":\"WebPage\",\"@id\":\"https:\\\/\\\/www.tovefevang.no\\\/shop\\\/produkt\\\/redesigned-project-7\\\/\",\"url\":\"https:\\\/\\\/www.tovefevang.no\\\/shop\\\/produkt\\\/redesigned-project-7\\\/\",\"name\":\"RE:DESIGNED project 7 - Idestuen AS - Tove Fevang\",\"isPartOf\":{\"@id\":\"https:\\\/\\\/www.tovefevang.no\\\/shop\\\/#website\"},\"primaryImageOfPage\":{\"@id\":\"https:\\\/\\\/www.tovefevang.no\\\/shop\\\/produkt\\\/redesigned-project-7\\\/#primaryimage\"},\"image\":{\"@id\":\"https:\\\/\\\/www.tovefevang.no\\\/shop\\\/produkt\\\/redesigned-project-7\\\/#primaryimage\"},\"thumbnailUrl\":\"https:\\\/\\\/www.tovefevang.no\\\/shop\\\/wp-content\\\/uploads\\\/sites\\\/2\\\/2024\\\/05\\\/6124-Walnut-Gold-Extra-6.jpg\",\"datePublished\":\"2024-05-20T20:25:52+00:00\",\"dateModified\":\"2025-12-11T09:59:14+00:00\",\"breadcrumb\":{\"@id\":\"https:\\\/\\\/www.tovefevang.no\\\/shop\\\/produkt\\\/redesigned-project-7\\\/#breadcrumb\"},\"inLanguage\":\"nb-NO\",\"potentialAction\":[{\"@type\":\"ReadAction\",\"target\":[\"https:\\\/\\\/www.tovefevang.no\\\/shop\\\/produkt\\\/redesigned-project-7\\\/\"]}]},{\"@type\":\"ImageObject\",\"inLanguage\":\"nb-NO\",\"@id\":\"https:\\\/\\\/www.tovefevang.no\\\/shop\\\/produkt\\\/redesigned-project-7\\\/#primaryimage\",\"url\":\"https:\\\/\\\/www.tovefevang.no\\\/shop\\\/wp-content\\\/uploads\\\/sites\\\/2\\\/2024\\\/05\\\/6124-Walnut-Gold-Extra-6.jpg\",\"contentUrl\":\"https:\\\/\\\/www.tovefevang.no\\\/shop\\\/wp-content\\\/uploads\\\/sites\\\/2\\\/2024\\\/05\\\/6124-Walnut-Gold-Extra-6.jpg\",\"width\":2000,\"height\":2000},{\"@type\":\"BreadcrumbList\",\"@id\":\"https:\\\/\\\/www.tovefevang.no\\\/shop\\\/produkt\\\/redesigned-project-7\\\/#breadcrumb\",\"itemListElement\":[{\"@type\":\"ListItem\",\"position\":1,\"name\":\"Hjem\",\"item\":\"https:\\\/\\\/www.tovefevang.no\\\/shop\\\/\"},{\"@type\":\"ListItem\",\"position\":2,\"name\":\"Nettbutikk\",\"item\":\"https:\\\/\\\/www.tovefevang.no\\\/shop\\\/butikk\\\/\"},{\"@type\":\"ListItem\",\"position\":3,\"name\":\"RE:DESIGNED project 7\"}]},{\"@type\":\"WebSite\",\"@id\":\"https:\\\/\\\/www.tovefevang.no\\\/shop\\\/#website\",\"url\":\"https:\\\/\\\/www.tovefevang.no\\\/shop\\\/\",\"name\":\"Idestuen AS - Tove Fevang\",\"description\":\"Idestuen AS - Tove Fevang\",\"publisher\":{\"@id\":\"https:\\\/\\\/www.tovefevang.no\\\/shop\\\/#organization\"},\"potentialAction\":[{\"@type\":\"SearchAction\",\"target\":{\"@type\":\"EntryPoint\",\"urlTemplate\":\"https:\\\/\\\/www.tovefevang.no\\\/shop\\\/?s={search_term_string}\"},\"query-input\":{\"@type\":\"PropertyValueSpecification\",\"valueRequired\":true,\"valueName\":\"search_term_string\"}}],\"inLanguage\":\"nb-NO\"},{\"@type\":\"Organization\",\"@id\":\"https:\\\/\\\/www.tovefevang.no\\\/shop\\\/#organization\",\"name\":\"Idestuen AS - Tove Fevang\",\"url\":\"https:\\\/\\\/www.tovefevang.no\\\/shop\\\/\",\"logo\":{\"@type\":\"ImageObject\",\"inLanguage\":\"nb-NO\",\"@id\":\"https:\\\/\\\/www.tovefevang.no\\\/shop\\\/#\\\/schema\\\/logo\\\/image\\\/\",\"url\":\"https:\\\/\\\/www.tovefevang.no\\\/shop\\\/wp-content\\\/uploads\\\/sites\\\/2\\\/2023\\\/11\\\/tovefevang-logo-1950_500.png\",\"contentUrl\":\"https:\\\/\\\/www.tovefevang.no\\\/shop\\\/wp-content\\\/uploads\\\/sites\\\/2\\\/2023\\\/11\\\/tovefevang-logo-1950_500.png\",\"width\":708,\"height\":181,\"caption\":\"Idestuen AS - Tove Fevang\"},\"image\":{\"@id\":\"https:\\\/\\\/www.tovefevang.no\\\/shop\\\/#\\\/schema\\\/logo\\\/image\\\/\"},\"sameAs\":[\"https:\\\/\\\/www.facebook.com\\\/tovefevang.no\"]}]}<\/script>\n<!-- \/ Yoast SEO plugin. -->","yoast_head_json":{"title":"RE:DESIGNED project 7 - Idestuen AS - Tove Fevang","robots":{"index":"index","follow":"follow","max-snippet":"max-snippet:-1","max-image-preview":"max-image-preview:large","max-video-preview":"max-video-preview:-1"},"canonical":"https:\/\/www.tovefevang.no\/shop\/produkt\/redesigned-project-7\/","og_locale":"nb_NO","og_type":"article","og_title":"RE:DESIGNED project 7 - Idestuen AS - Tove Fevang","og_description":"PROJECT 7 er det perfekte strikkepinnemappen for \u00e5 organisere dine rundpinner. Den har 6 lommer med trykknapper for \u00e5 holde rundpinnene p\u00e5 plass. Bak disse lommene er det \u00e5pne rom hvor du kan oppbevare strikkeoppskrifter eller lignende. Et elastisk b\u00e5nd lar deg holde m\u00e5leb\u00e5ndet ditt lett tilgjengelig, og det er 6 hull i skinnet hvor det er plass til 3 syn\u00e5ler. Til slutt er det en glidel\u00e5slomme hvor du kan oppbevare saksen og annet l\u00f8st strikketilbeh\u00f8r. Hele mappen brettes elegant sammen og festes med et trykk, noe som gj\u00f8r det enkelt \u00e5 b\u00e6re med de viktigste strikkeverkt\u00f8yene dine.  Farge: Valn\u00f8tt eller Tan Kvalitet: 100% skinn M\u00e5l: H:22 x B:15,5 x D:2 cm  PROJECT 7 er laget av v\u00e5r Urban-kvalitet, som er naturlig farget kuskinn. F\u00f8r overflaten er ferdig behandlet med fargestoff for \u00e5 bevare det originale m\u00f8nsteret til det r\u00e5 skinnet. Kvaliteten er definert av dens naturlige og myke utseende og f\u00f8lelse, med hver sak er unik med individuelle egenskaper. Etter at saken er farget, p\u00e5f\u00f8res en lett voks manuelt p\u00e5 overflaten. Du kan eventuelt p\u00e5f\u00f8re RE:DESIGNED skinnbalsam p\u00e5 etuiet ditt for \u00e5 \u00f8ke holdbarheten til l\u00e6ret og gj\u00f8re det mer motstandsdyktig mot smuss og vann.","og_url":"https:\/\/www.tovefevang.no\/shop\/produkt\/redesigned-project-7\/","og_site_name":"Idestuen AS - Tove Fevang","article_publisher":"https:\/\/www.facebook.com\/tovefevang.no","article_modified_time":"2025-12-11T09:59:14+00:00","og_image":[{"width":2000,"height":2000,"url":"https:\/\/www.tovefevang.no\/shop\/wp-content\/uploads\/sites\/2\/2024\/05\/6124-Walnut-Gold-Extra-6.jpg","type":"image\/jpeg"}],"twitter_card":"summary_large_image","twitter_misc":{"Ansl. lesetid":"1 minutt"},"schema":{"@context":"https:\/\/schema.org","@graph":[{"@type":"WebPage","@id":"https:\/\/www.tovefevang.no\/shop\/produkt\/redesigned-project-7\/","url":"https:\/\/www.tovefevang.no\/shop\/produkt\/redesigned-project-7\/","name":"RE:DESIGNED project 7 - Idestuen AS - Tove Fevang","isPartOf":{"@id":"https:\/\/www.tovefevang.no\/shop\/#website"},"primaryImageOfPage":{"@id":"https:\/\/www.tovefevang.no\/shop\/produkt\/redesigned-project-7\/#primaryimage"},"image":{"@id":"https:\/\/www.tovefevang.no\/shop\/produkt\/redesigned-project-7\/#primaryimage"},"thumbnailUrl":"https:\/\/www.tovefevang.no\/shop\/wp-content\/uploads\/sites\/2\/2024\/05\/6124-Walnut-Gold-Extra-6.jpg","datePublished":"2024-05-20T20:25:52+00:00","dateModified":"2025-12-11T09:59:14+00:00","breadcrumb":{"@id":"https:\/\/www.tovefevang.no\/shop\/produkt\/redesigned-project-7\/#breadcrumb"},"inLanguage":"nb-NO","potentialAction":[{"@type":"ReadAction","target":["https:\/\/www.tovefevang.no\/shop\/produkt\/redesigned-project-7\/"]}]},{"@type":"ImageObject","inLanguage":"nb-NO","@id":"https:\/\/www.tovefevang.no\/shop\/produkt\/redesigned-project-7\/#primaryimage","url":"https:\/\/www.tovefevang.no\/shop\/wp-content\/uploads\/sites\/2\/2024\/05\/6124-Walnut-Gold-Extra-6.jpg","contentUrl":"https:\/\/www.tovefevang.no\/shop\/wp-content\/uploads\/sites\/2\/2024\/05\/6124-Walnut-Gold-Extra-6.jpg","width":2000,"height":2000},{"@type":"BreadcrumbList","@id":"https:\/\/www.tovefevang.no\/shop\/produkt\/redesigned-project-7\/#breadcrumb","itemListElement":[{"@type":"ListItem","position":1,"name":"Hjem","item":"https:\/\/www.tovefevang.no\/shop\/"},{"@type":"ListItem","position":2,"name":"Nettbutikk","item":"https:\/\/www.tovefevang.no\/shop\/butikk\/"},{"@type":"ListItem","position":3,"name":"RE:DESIGNED project 7"}]},{"@type":"WebSite","@id":"https:\/\/www.tovefevang.no\/shop\/#website","url":"https:\/\/www.tovefevang.no\/shop\/","name":"Idestuen AS - Tove Fevang","description":"Idestuen AS - Tove Fevang","publisher":{"@id":"https:\/\/www.tovefevang.no\/shop\/#organization"},"potentialAction":[{"@type":"SearchAction","target":{"@type":"EntryPoint","urlTemplate":"https:\/\/www.tovefevang.no\/shop\/?s={search_term_string}"},"query-input":{"@type":"PropertyValueSpecification","valueRequired":true,"valueName":"search_term_string"}}],"inLanguage":"nb-NO"},{"@type":"Organization","@id":"https:\/\/www.tovefevang.no\/shop\/#organization","name":"Idestuen AS - Tove Fevang","url":"https:\/\/www.tovefevang.no\/shop\/","logo":{"@type":"ImageObject","inLanguage":"nb-NO","@id":"https:\/\/www.tovefevang.no\/shop\/#\/schema\/logo\/image\/","url":"https:\/\/www.tovefevang.no\/shop\/wp-content\/uploads\/sites\/2\/2023\/11\/tovefevang-logo-1950_500.png","contentUrl":"https:\/\/www.tovefevang.no\/shop\/wp-content\/uploads\/sites\/2\/2023\/11\/tovefevang-logo-1950_500.png","width":708,"height":181,"caption":"Idestuen AS - Tove Fevang"},"image":{"@id":"https:\/\/www.tovefevang.no\/shop\/#\/schema\/logo\/image\/"},"sameAs":["https:\/\/www.facebook.com\/tovefevang.no"]}]}},"featured_img":"https:\/\/www.tovefevang.no\/shop\/wp-content\/uploads\/sites\/2\/2024\/05\/6124-Walnut-Gold-Extra-6.jpg","coauthors":[],"author_meta":{"author_link":"https:\/\/www.tovefevang.no\/shop\/author\/geiradmin\/","display_name":"Geir Arnesen"},"relative_dates":{"created":"Publisert 2 \u00e5r siden","modified":"Oppdatert 5 m\u00e5neder siden"},"absolute_dates":{"created":"Publisert 20. mai 2024","modified":"Oppdatert 11. desember 2025"},"absolute_dates_time":{"created":"Publisert 20. mai 2024 22:25","modified":"Oppdatert 11. desember 2025 10:59"},"featured_img_caption":"","tax_additional":{"product_brand":{"linked":[],"unlinked":[],"slug":"product_brand","name":"Merker"},"product_type":{"linked":["<a href=\"https:\/\/www.tovefevang.no\/shop\/?taxonomy=product_type&#038;term=variable\" class=\"advgb-post-tax-term\">variable<\/a>"],"unlinked":["<span class=\"advgb-post-tax-term\">variable<\/span>"],"slug":"product_type","name":"Produkttype"},"product_visibility":{"linked":["<a href=\"https:\/\/www.tovefevang.no\/shop\/?taxonomy=product_visibility&#038;term=outofstock\" class=\"advgb-post-tax-term\">outofstock<\/a>"],"unlinked":["<span class=\"advgb-post-tax-term\">outofstock<\/span>"],"slug":"product_visibility","name":"Produktsynlighet"},"product_cat":{"linked":["<a href=\"https:\/\/www.tovefevang.no\/shop\/produktkategori\/produkter\/tilbehor\/redesigned\/\" class=\"advgb-post-tax-term\">RE:DESIGNED<\/a>"],"unlinked":["<span class=\"advgb-post-tax-term\">RE:DESIGNED<\/span>"],"slug":"product_cat","name":"Produktkategorier"},"product_tag":{"linked":[],"unlinked":[],"slug":"product_tag","name":"Produktstikkord"},"product_shipping_class":{"linked":[],"unlinked":[],"slug":"product_shipping_class","name":"Produkt fraktklasse"},"pos_product_visibility":{"linked":[],"unlinked":[],"slug":"pos_product_visibility","name":"POS Product visibility"},"pa_color":{"linked":[],"unlinked":[],"slug":"pa_color","name":"Produkt Farge"},"pa_size":{"linked":[],"unlinked":[],"slug":"pa_size","name":"Produkt St\u00f8rrelse"}},"series_order":"","_links":{"self":[{"href":"https:\/\/www.tovefevang.no\/shop\/wp-json\/wp\/v2\/product\/2282","targetHints":{"allow":["GET"]}}],"collection":[{"href":"https:\/\/www.tovefevang.no\/shop\/wp-json\/wp\/v2\/product"}],"about":[{"href":"https:\/\/www.tovefevang.no\/shop\/wp-json\/wp\/v2\/types\/product"}],"wp:featuredmedia":[{"embeddable":true,"href":"https:\/\/www.tovefevang.no\/shop\/wp-json\/wp\/v2\/media\/2286"}],"wp:attachment":[{"href":"https:\/\/www.tovefevang.no\/shop\/wp-json\/wp\/v2\/media?parent=2282"}],"wp:term":[{"taxonomy":"product_brand","embeddable":true,"href":"https:\/\/www.tovefevang.no\/shop\/wp-json\/wp\/v2\/product_brand?post=2282"},{"taxonomy":"product_cat","embeddable":true,"href":"https:\/\/www.tovefevang.no\/shop\/wp-json\/wp\/v2\/product_cat?post=2282"},{"taxonomy":"product_tag","embeddable":true,"href":"https:\/\/www.tovefevang.no\/shop\/wp-json\/wp\/v2\/product_tag?post=2282"}],"curies":[{"name":"wp","href":"https:\/\/api.w.org\/{rel}","templated":true}]}}