{"id":2237,"date":"2024-05-20T21:26:04","date_gmt":"2024-05-20T19:26:04","guid":{"rendered":"https:\/\/www.tovefevang.no\/shop\/?post_type=product&#038;p=2237"},"modified":"2025-11-25T14:59:46","modified_gmt":"2025-11-25T13:59:46","slug":"redesigned-project-4","status":"publish","type":"product","link":"https:\/\/www.tovefevang.no\/shop\/produkt\/redesigned-project-4\/","title":{"rendered":"RE:DESIGNED project 4"},"content":{"rendered":"","protected":false},"excerpt":{"rendered":"<p><strong>PROJECT<\/strong> 4 er en minste prosjektvesken laget av mykt skinn med plass til et lite strikkeprosjekt og strikketilbeh\u00f8r. Prosjektvesken har 4 \u00e5pne lommer p\u00e5 innsiden som er dype nok for sm\u00e5saker og annet tilbeh\u00f8r, slik at du kan organisere tingene dine og enkelt finne dem igjen. Du finner til og med en liten skinnlapp inni med hull hvor du kan sette 3 syn\u00e5ler. Vesken lukkes med YKK-metallglidel\u00e5s, noe som gj\u00f8r at strikkeutstyret alltid er i orden. Den har et lite h\u00e5ndtak p\u00e5 siden, som gj\u00f8r det enkelt \u00e5 b\u00e6re med seg. Et ekstra tilbeh\u00f8r som f\u00f8lger med er en n\u00f8kkelring designet for oppbevaring av m\u00e5leb\u00e5ndet ditt, slik at det ikke blir borte.<\/p>\n<p>Tips! Prosjektvesken kan brukes til s\u00e5 mye mer enn bare til strikket\u00f8yet, f.eks. er den fin som en liten veske ogs\u00e5!<\/p>\n<p>Farge: Valn\u00f8tt eller Tan<br \/>\nKvalitet: 100% skinn<br \/>\nM\u00e5l: H:15 x B:21 x D:6,5 cm<\/p>\n<p><strong>PROJECT<\/strong> 4 er laget av v\u00e5r Urban-kvalitet, som er naturlig farget kuskinn. Overflaten er ferdig behandlet med fargestoff for \u00e5 bevare det originale m\u00f8nsteret til r\u00e5skinnet. Kvaliteten er definert av dets naturlige og myke utseende og f\u00f8lelse, hver veske er unik med individuelle egenskaper. Etter at posen er farget, p\u00e5f\u00f8res en lett voks manuelt p\u00e5 overflaten. Du kan velge om du vil sette vesken inn med RE:DESIGNED skinnbalsam for \u00e5 \u00f8ke holdbarheten til l\u00e6ret og gj\u00f8re skinnet mer motstandsdyktig mot smuss og vann.<\/p>\n","protected":false},"author":4,"featured_media":2249,"template":"","meta":{"advgb_blocks_editor_width":"","advgb_blocks_columns_visual_guide":""},"product_brand":[],"product_cat":[38],"product_tag":[],"class_list":{"0":"post-2237","1":"product","2":"type-product","3":"status-publish","4":"has-post-thumbnail","6":"product_cat-redesigned","8":"first","9":"onbackorder","10":"taxable","11":"shipping-taxable","12":"purchasable","13":"product-type-variable","14":"wvs-archive-product-wrapper"},"yoast_head":"<!-- This site is optimized with the Yoast SEO plugin v27.4 - https:\/\/yoast.com\/product\/yoast-seo-wordpress\/ -->\n<title>RE:DESIGNED project 4 - Idestuen AS - Tove Fevang<\/title>\n<meta name=\"robots\" content=\"index, follow, max-snippet:-1, max-image-preview:large, max-video-preview:-1\" \/>\n<link rel=\"canonical\" href=\"https:\/\/www.tovefevang.no\/shop\/produkt\/redesigned-project-4\/\" \/>\n<meta property=\"og:locale\" content=\"nb_NO\" \/>\n<meta property=\"og:type\" content=\"article\" \/>\n<meta property=\"og:title\" content=\"RE:DESIGNED project 4 - Idestuen AS - Tove Fevang\" \/>\n<meta property=\"og:description\" content=\"PROJECT 4 er en minste prosjektvesken laget av mykt skinn med plass til et lite strikkeprosjekt og strikketilbeh\u00f8r. Prosjektvesken har 4 \u00e5pne lommer p\u00e5 innsiden som er dype nok for sm\u00e5saker og annet tilbeh\u00f8r, slik at du kan organisere tingene dine og enkelt finne dem igjen. Du finner til og med en liten skinnlapp inni med hull hvor du kan sette 3 syn\u00e5ler. Vesken lukkes med YKK-metallglidel\u00e5s, noe som gj\u00f8r at strikkeutstyret alltid er i orden. Den har et lite h\u00e5ndtak p\u00e5 siden, som gj\u00f8r det enkelt \u00e5 b\u00e6re med seg. Et ekstra tilbeh\u00f8r som f\u00f8lger med er en n\u00f8kkelring designet for oppbevaring av m\u00e5leb\u00e5ndet ditt, slik at det ikke blir borte.  Tips! Prosjektvesken kan brukes til s\u00e5 mye mer enn bare til strikket\u00f8yet, f.eks. er den fin som en liten veske ogs\u00e5!  Farge: Valn\u00f8tt eller Tan Kvalitet: 100% skinn M\u00e5l: H:15 x B:21 x D:6,5 cm  PROJECT 4 er laget av v\u00e5r Urban-kvalitet, som er naturlig farget kuskinn. Overflaten er ferdig behandlet med fargestoff for \u00e5 bevare det originale m\u00f8nsteret til r\u00e5skinnet. Kvaliteten er definert av dets naturlige og myke utseende og f\u00f8lelse, hver veske er unik med individuelle egenskaper. Etter at posen er farget, p\u00e5f\u00f8res en lett voks manuelt p\u00e5 overflaten. Du kan velge om du vil sette vesken inn med RE:DESIGNED skinnbalsam for \u00e5 \u00f8ke holdbarheten til l\u00e6ret og gj\u00f8re skinnet mer motstandsdyktig mot smuss og vann.\" \/>\n<meta property=\"og:url\" content=\"https:\/\/www.tovefevang.no\/shop\/produkt\/redesigned-project-4\/\" \/>\n<meta property=\"og:site_name\" content=\"Idestuen AS - Tove Fevang\" \/>\n<meta property=\"article:publisher\" content=\"https:\/\/www.facebook.com\/tovefevang.no\" \/>\n<meta property=\"article:modified_time\" content=\"2025-11-25T13:59:46+00:00\" \/>\n<meta property=\"og:image\" content=\"https:\/\/www.tovefevang.no\/shop\/wp-content\/uploads\/sites\/2\/2024\/05\/6121-Burned-Tan-Gold-Extra-1.jpg\" \/>\n\t<meta property=\"og:image:width\" content=\"1452\" \/>\n\t<meta property=\"og:image:height\" content=\"1452\" \/>\n\t<meta property=\"og:image:type\" content=\"image\/jpeg\" \/>\n<meta name=\"twitter:card\" content=\"summary_large_image\" \/>\n<meta name=\"twitter:label1\" content=\"Ansl. lesetid\" \/>\n\t<meta name=\"twitter:data1\" content=\"1 minutt\" \/>\n<script type=\"application\/ld+json\" class=\"yoast-schema-graph\">{\"@context\":\"https:\\\/\\\/schema.org\",\"@graph\":[{\"@type\":\"WebPage\",\"@id\":\"https:\\\/\\\/www.tovefevang.no\\\/shop\\\/produkt\\\/redesigned-project-4\\\/\",\"url\":\"https:\\\/\\\/www.tovefevang.no\\\/shop\\\/produkt\\\/redesigned-project-4\\\/\",\"name\":\"RE:DESIGNED project 4 - Idestuen AS - Tove Fevang\",\"isPartOf\":{\"@id\":\"https:\\\/\\\/www.tovefevang.no\\\/shop\\\/#website\"},\"primaryImageOfPage\":{\"@id\":\"https:\\\/\\\/www.tovefevang.no\\\/shop\\\/produkt\\\/redesigned-project-4\\\/#primaryimage\"},\"image\":{\"@id\":\"https:\\\/\\\/www.tovefevang.no\\\/shop\\\/produkt\\\/redesigned-project-4\\\/#primaryimage\"},\"thumbnailUrl\":\"https:\\\/\\\/www.tovefevang.no\\\/shop\\\/wp-content\\\/uploads\\\/sites\\\/2\\\/2024\\\/05\\\/6121-Burned-Tan-Gold-Extra-1.jpg\",\"datePublished\":\"2024-05-20T19:26:04+00:00\",\"dateModified\":\"2025-11-25T13:59:46+00:00\",\"breadcrumb\":{\"@id\":\"https:\\\/\\\/www.tovefevang.no\\\/shop\\\/produkt\\\/redesigned-project-4\\\/#breadcrumb\"},\"inLanguage\":\"nb-NO\",\"potentialAction\":[{\"@type\":\"ReadAction\",\"target\":[\"https:\\\/\\\/www.tovefevang.no\\\/shop\\\/produkt\\\/redesigned-project-4\\\/\"]}]},{\"@type\":\"ImageObject\",\"inLanguage\":\"nb-NO\",\"@id\":\"https:\\\/\\\/www.tovefevang.no\\\/shop\\\/produkt\\\/redesigned-project-4\\\/#primaryimage\",\"url\":\"https:\\\/\\\/www.tovefevang.no\\\/shop\\\/wp-content\\\/uploads\\\/sites\\\/2\\\/2024\\\/05\\\/6121-Burned-Tan-Gold-Extra-1.jpg\",\"contentUrl\":\"https:\\\/\\\/www.tovefevang.no\\\/shop\\\/wp-content\\\/uploads\\\/sites\\\/2\\\/2024\\\/05\\\/6121-Burned-Tan-Gold-Extra-1.jpg\",\"width\":1452,\"height\":1452},{\"@type\":\"BreadcrumbList\",\"@id\":\"https:\\\/\\\/www.tovefevang.no\\\/shop\\\/produkt\\\/redesigned-project-4\\\/#breadcrumb\",\"itemListElement\":[{\"@type\":\"ListItem\",\"position\":1,\"name\":\"Hjem\",\"item\":\"https:\\\/\\\/www.tovefevang.no\\\/shop\\\/\"},{\"@type\":\"ListItem\",\"position\":2,\"name\":\"Nettbutikk\",\"item\":\"https:\\\/\\\/www.tovefevang.no\\\/shop\\\/butikk\\\/\"},{\"@type\":\"ListItem\",\"position\":3,\"name\":\"RE:DESIGNED project 4\"}]},{\"@type\":\"WebSite\",\"@id\":\"https:\\\/\\\/www.tovefevang.no\\\/shop\\\/#website\",\"url\":\"https:\\\/\\\/www.tovefevang.no\\\/shop\\\/\",\"name\":\"Idestuen AS - Tove Fevang\",\"description\":\"Idestuen AS - Tove Fevang\",\"publisher\":{\"@id\":\"https:\\\/\\\/www.tovefevang.no\\\/shop\\\/#organization\"},\"potentialAction\":[{\"@type\":\"SearchAction\",\"target\":{\"@type\":\"EntryPoint\",\"urlTemplate\":\"https:\\\/\\\/www.tovefevang.no\\\/shop\\\/?s={search_term_string}\"},\"query-input\":{\"@type\":\"PropertyValueSpecification\",\"valueRequired\":true,\"valueName\":\"search_term_string\"}}],\"inLanguage\":\"nb-NO\"},{\"@type\":\"Organization\",\"@id\":\"https:\\\/\\\/www.tovefevang.no\\\/shop\\\/#organization\",\"name\":\"Idestuen AS - Tove Fevang\",\"url\":\"https:\\\/\\\/www.tovefevang.no\\\/shop\\\/\",\"logo\":{\"@type\":\"ImageObject\",\"inLanguage\":\"nb-NO\",\"@id\":\"https:\\\/\\\/www.tovefevang.no\\\/shop\\\/#\\\/schema\\\/logo\\\/image\\\/\",\"url\":\"https:\\\/\\\/www.tovefevang.no\\\/shop\\\/wp-content\\\/uploads\\\/sites\\\/2\\\/2023\\\/11\\\/tovefevang-logo-1950_500.png\",\"contentUrl\":\"https:\\\/\\\/www.tovefevang.no\\\/shop\\\/wp-content\\\/uploads\\\/sites\\\/2\\\/2023\\\/11\\\/tovefevang-logo-1950_500.png\",\"width\":708,\"height\":181,\"caption\":\"Idestuen AS - Tove Fevang\"},\"image\":{\"@id\":\"https:\\\/\\\/www.tovefevang.no\\\/shop\\\/#\\\/schema\\\/logo\\\/image\\\/\"},\"sameAs\":[\"https:\\\/\\\/www.facebook.com\\\/tovefevang.no\"]}]}<\/script>\n<!-- \/ Yoast SEO plugin. -->","yoast_head_json":{"title":"RE:DESIGNED project 4 - Idestuen AS - Tove Fevang","robots":{"index":"index","follow":"follow","max-snippet":"max-snippet:-1","max-image-preview":"max-image-preview:large","max-video-preview":"max-video-preview:-1"},"canonical":"https:\/\/www.tovefevang.no\/shop\/produkt\/redesigned-project-4\/","og_locale":"nb_NO","og_type":"article","og_title":"RE:DESIGNED project 4 - Idestuen AS - Tove Fevang","og_description":"PROJECT 4 er en minste prosjektvesken laget av mykt skinn med plass til et lite strikkeprosjekt og strikketilbeh\u00f8r. Prosjektvesken har 4 \u00e5pne lommer p\u00e5 innsiden som er dype nok for sm\u00e5saker og annet tilbeh\u00f8r, slik at du kan organisere tingene dine og enkelt finne dem igjen. Du finner til og med en liten skinnlapp inni med hull hvor du kan sette 3 syn\u00e5ler. Vesken lukkes med YKK-metallglidel\u00e5s, noe som gj\u00f8r at strikkeutstyret alltid er i orden. Den har et lite h\u00e5ndtak p\u00e5 siden, som gj\u00f8r det enkelt \u00e5 b\u00e6re med seg. Et ekstra tilbeh\u00f8r som f\u00f8lger med er en n\u00f8kkelring designet for oppbevaring av m\u00e5leb\u00e5ndet ditt, slik at det ikke blir borte.  Tips! Prosjektvesken kan brukes til s\u00e5 mye mer enn bare til strikket\u00f8yet, f.eks. er den fin som en liten veske ogs\u00e5!  Farge: Valn\u00f8tt eller Tan Kvalitet: 100% skinn M\u00e5l: H:15 x B:21 x D:6,5 cm  PROJECT 4 er laget av v\u00e5r Urban-kvalitet, som er naturlig farget kuskinn. Overflaten er ferdig behandlet med fargestoff for \u00e5 bevare det originale m\u00f8nsteret til r\u00e5skinnet. Kvaliteten er definert av dets naturlige og myke utseende og f\u00f8lelse, hver veske er unik med individuelle egenskaper. Etter at posen er farget, p\u00e5f\u00f8res en lett voks manuelt p\u00e5 overflaten. Du kan velge om du vil sette vesken inn med RE:DESIGNED skinnbalsam for \u00e5 \u00f8ke holdbarheten til l\u00e6ret og gj\u00f8re skinnet mer motstandsdyktig mot smuss og vann.","og_url":"https:\/\/www.tovefevang.no\/shop\/produkt\/redesigned-project-4\/","og_site_name":"Idestuen AS - Tove Fevang","article_publisher":"https:\/\/www.facebook.com\/tovefevang.no","article_modified_time":"2025-11-25T13:59:46+00:00","og_image":[{"width":1452,"height":1452,"url":"https:\/\/www.tovefevang.no\/shop\/wp-content\/uploads\/sites\/2\/2024\/05\/6121-Burned-Tan-Gold-Extra-1.jpg","type":"image\/jpeg"}],"twitter_card":"summary_large_image","twitter_misc":{"Ansl. lesetid":"1 minutt"},"schema":{"@context":"https:\/\/schema.org","@graph":[{"@type":"WebPage","@id":"https:\/\/www.tovefevang.no\/shop\/produkt\/redesigned-project-4\/","url":"https:\/\/www.tovefevang.no\/shop\/produkt\/redesigned-project-4\/","name":"RE:DESIGNED project 4 - Idestuen AS - Tove Fevang","isPartOf":{"@id":"https:\/\/www.tovefevang.no\/shop\/#website"},"primaryImageOfPage":{"@id":"https:\/\/www.tovefevang.no\/shop\/produkt\/redesigned-project-4\/#primaryimage"},"image":{"@id":"https:\/\/www.tovefevang.no\/shop\/produkt\/redesigned-project-4\/#primaryimage"},"thumbnailUrl":"https:\/\/www.tovefevang.no\/shop\/wp-content\/uploads\/sites\/2\/2024\/05\/6121-Burned-Tan-Gold-Extra-1.jpg","datePublished":"2024-05-20T19:26:04+00:00","dateModified":"2025-11-25T13:59:46+00:00","breadcrumb":{"@id":"https:\/\/www.tovefevang.no\/shop\/produkt\/redesigned-project-4\/#breadcrumb"},"inLanguage":"nb-NO","potentialAction":[{"@type":"ReadAction","target":["https:\/\/www.tovefevang.no\/shop\/produkt\/redesigned-project-4\/"]}]},{"@type":"ImageObject","inLanguage":"nb-NO","@id":"https:\/\/www.tovefevang.no\/shop\/produkt\/redesigned-project-4\/#primaryimage","url":"https:\/\/www.tovefevang.no\/shop\/wp-content\/uploads\/sites\/2\/2024\/05\/6121-Burned-Tan-Gold-Extra-1.jpg","contentUrl":"https:\/\/www.tovefevang.no\/shop\/wp-content\/uploads\/sites\/2\/2024\/05\/6121-Burned-Tan-Gold-Extra-1.jpg","width":1452,"height":1452},{"@type":"BreadcrumbList","@id":"https:\/\/www.tovefevang.no\/shop\/produkt\/redesigned-project-4\/#breadcrumb","itemListElement":[{"@type":"ListItem","position":1,"name":"Hjem","item":"https:\/\/www.tovefevang.no\/shop\/"},{"@type":"ListItem","position":2,"name":"Nettbutikk","item":"https:\/\/www.tovefevang.no\/shop\/butikk\/"},{"@type":"ListItem","position":3,"name":"RE:DESIGNED project 4"}]},{"@type":"WebSite","@id":"https:\/\/www.tovefevang.no\/shop\/#website","url":"https:\/\/www.tovefevang.no\/shop\/","name":"Idestuen AS - Tove Fevang","description":"Idestuen AS - Tove Fevang","publisher":{"@id":"https:\/\/www.tovefevang.no\/shop\/#organization"},"potentialAction":[{"@type":"SearchAction","target":{"@type":"EntryPoint","urlTemplate":"https:\/\/www.tovefevang.no\/shop\/?s={search_term_string}"},"query-input":{"@type":"PropertyValueSpecification","valueRequired":true,"valueName":"search_term_string"}}],"inLanguage":"nb-NO"},{"@type":"Organization","@id":"https:\/\/www.tovefevang.no\/shop\/#organization","name":"Idestuen AS - Tove Fevang","url":"https:\/\/www.tovefevang.no\/shop\/","logo":{"@type":"ImageObject","inLanguage":"nb-NO","@id":"https:\/\/www.tovefevang.no\/shop\/#\/schema\/logo\/image\/","url":"https:\/\/www.tovefevang.no\/shop\/wp-content\/uploads\/sites\/2\/2023\/11\/tovefevang-logo-1950_500.png","contentUrl":"https:\/\/www.tovefevang.no\/shop\/wp-content\/uploads\/sites\/2\/2023\/11\/tovefevang-logo-1950_500.png","width":708,"height":181,"caption":"Idestuen AS - Tove Fevang"},"image":{"@id":"https:\/\/www.tovefevang.no\/shop\/#\/schema\/logo\/image\/"},"sameAs":["https:\/\/www.facebook.com\/tovefevang.no"]}]}},"featured_img":"https:\/\/www.tovefevang.no\/shop\/wp-content\/uploads\/sites\/2\/2024\/05\/6121-Burned-Tan-Gold-Extra-1.jpg","coauthors":[],"author_meta":{"author_link":"https:\/\/www.tovefevang.no\/shop\/author\/geiradmin\/","display_name":"Geir Arnesen"},"relative_dates":{"created":"Publisert 2 \u00e5r siden","modified":"Oppdatert 5 m\u00e5neder siden"},"absolute_dates":{"created":"Publisert 20. mai 2024","modified":"Oppdatert 25. november 2025"},"absolute_dates_time":{"created":"Publisert 20. mai 2024 21:26","modified":"Oppdatert 25. november 2025 14:59"},"featured_img_caption":"","tax_additional":{"product_brand":{"linked":[],"unlinked":[],"slug":"product_brand","name":"Merker"},"product_type":{"linked":["<a href=\"https:\/\/www.tovefevang.no\/shop\/?taxonomy=product_type&#038;term=variable\" class=\"advgb-post-tax-term\">variable<\/a>"],"unlinked":["<span class=\"advgb-post-tax-term\">variable<\/span>"],"slug":"product_type","name":"Produkttype"},"product_visibility":{"linked":[],"unlinked":[],"slug":"product_visibility","name":"Produktsynlighet"},"product_cat":{"linked":["<a href=\"https:\/\/www.tovefevang.no\/shop\/produktkategori\/produkter\/tilbehor\/redesigned\/\" class=\"advgb-post-tax-term\">RE:DESIGNED<\/a>"],"unlinked":["<span class=\"advgb-post-tax-term\">RE:DESIGNED<\/span>"],"slug":"product_cat","name":"Produktkategorier"},"product_tag":{"linked":[],"unlinked":[],"slug":"product_tag","name":"Produktstikkord"},"product_shipping_class":{"linked":[],"unlinked":[],"slug":"product_shipping_class","name":"Produkt fraktklasse"},"pos_product_visibility":{"linked":[],"unlinked":[],"slug":"pos_product_visibility","name":"POS Product visibility"},"pa_color":{"linked":[],"unlinked":[],"slug":"pa_color","name":"Produkt Farge"},"pa_size":{"linked":[],"unlinked":[],"slug":"pa_size","name":"Produkt St\u00f8rrelse"}},"series_order":"","_links":{"self":[{"href":"https:\/\/www.tovefevang.no\/shop\/wp-json\/wp\/v2\/product\/2237","targetHints":{"allow":["GET"]}}],"collection":[{"href":"https:\/\/www.tovefevang.no\/shop\/wp-json\/wp\/v2\/product"}],"about":[{"href":"https:\/\/www.tovefevang.no\/shop\/wp-json\/wp\/v2\/types\/product"}],"wp:featuredmedia":[{"embeddable":true,"href":"https:\/\/www.tovefevang.no\/shop\/wp-json\/wp\/v2\/media\/2249"}],"wp:attachment":[{"href":"https:\/\/www.tovefevang.no\/shop\/wp-json\/wp\/v2\/media?parent=2237"}],"wp:term":[{"taxonomy":"product_brand","embeddable":true,"href":"https:\/\/www.tovefevang.no\/shop\/wp-json\/wp\/v2\/product_brand?post=2237"},{"taxonomy":"product_cat","embeddable":true,"href":"https:\/\/www.tovefevang.no\/shop\/wp-json\/wp\/v2\/product_cat?post=2237"},{"taxonomy":"product_tag","embeddable":true,"href":"https:\/\/www.tovefevang.no\/shop\/wp-json\/wp\/v2\/product_tag?post=2237"}],"curies":[{"name":"wp","href":"https:\/\/api.w.org\/{rel}","templated":true}]}}