{"id":1993,"date":"2024-04-23T12:15:33","date_gmt":"2024-04-23T10:15:33","guid":{"rendered":"https:\/\/www.tovefevang.no\/shop\/?post_type=product&#038;p=1993"},"modified":"2025-10-06T15:23:49","modified_gmt":"2025-10-06T13:23:49","slug":"burra-pulsvarmere","status":"publish","type":"product","link":"https:\/\/www.tovefevang.no\/shop\/produkt\/burra-pulsvarmere\/","title":{"rendered":"Burra pulsvarmere"},"content":{"rendered":"","protected":false},"excerpt":{"rendered":"<p><!-- wp:paragraph --><\/p>\n<p><strong>ST\u00d8RRELSE:<\/strong><br \/>\n<strong>Dame: One size<\/strong><\/p>\n<p><strong>MATERIALER og GARNFORBRUK:<\/strong><br \/>\nSpindrift Jamieson of Shetland (100 % shetlandsull), 25 g = ca. 105 meter = 1 n\u00f8ste<\/p>\n<p><strong>ALTERNATIV 1<br \/>\n<\/strong><strong>BL\u00c5 BUNNFARGE<\/strong><br \/>\nFarge 1, Midnight f. nr. 160, 50 g<br \/>\nFarge 2, Mooskit f. nr. 106, 25 g<br \/>\nFarge 3, Camel f.nr. 141, 25 g<br \/>\nFarge 4, Wren. f.nr. 246, 25 g<br \/>\nFarge 5, Sunset f.nr. 186, 25 g<\/p>\n<p><strong>ALTERNATIV 2<br \/>\n<\/strong><strong>LYS BUNNFARGE<\/strong><br \/>\nFarge 1, Midnight f.nr. 160, 25 g<br \/>\nFarge 2, Eesit f.nr. 105, 25 g<br \/>\nFarge 3, Highland mist f.nr.1390, 25 g<br \/>\nFarge 4, Pacific f.nr. 763, 25 g<br \/>\nFarge 5, Sunset f.nr. 186, 25 g<\/p>\n<p><!-- \/wp:paragraph --> <!-- wp:paragraph --><\/p>\n<p>Opplysninger om garnet f\u00e5s hos: www.tovefevang.no\/shop<\/p>\n<p><strong>PINNER (veiledende):<\/strong><br \/>\nChiaoGoo Rundp nr 2,75 (75 \u2013 100 cm) til vrangborder og nr. 3,25 til m\u00f8nsterstrikk<\/p>\n<p><strong>STRIKKEFASTHET:<\/strong><br \/>\n33 m og ca. 40 omg. m\u00f8nsterstrikk p\u00e5 p nr. 3,25 = 10 x 10 cm<\/p>\n<p><!-- \/wp:paragraph --><\/p>\n","protected":false},"author":4,"featured_media":1994,"template":"","meta":{"advgb_blocks_editor_width":"","advgb_blocks_columns_visual_guide":""},"product_brand":[],"product_cat":[28,18],"product_tag":[],"class_list":{"0":"post-1993","1":"product","2":"type-product","3":"status-publish","4":"has-post-thumbnail","6":"product_cat-luerogtilbehor","7":"product_cat-oppskrift","9":"first","10":"instock","11":"downloadable","12":"virtual","13":"taxable","14":"purchasable","15":"product-type-simple"},"yoast_head":"<!-- This site is optimized with the Yoast SEO plugin v27.3 - https:\/\/yoast.com\/product\/yoast-seo-wordpress\/ -->\n<title>Burra pulsvarmere - Idestuen AS - Tove Fevang<\/title>\n<meta name=\"robots\" content=\"index, follow, max-snippet:-1, max-image-preview:large, max-video-preview:-1\" \/>\n<link rel=\"canonical\" href=\"https:\/\/www.tovefevang.no\/shop\/produkt\/burra-pulsvarmere\/\" \/>\n<meta property=\"og:locale\" content=\"nb_NO\" \/>\n<meta property=\"og:type\" content=\"article\" \/>\n<meta property=\"og:title\" content=\"Burra pulsvarmere - Idestuen AS - Tove Fevang\" \/>\n<meta property=\"og:description\" content=\"ST\u00d8RRELSE: Dame: One size  MATERIALER og GARNFORBRUK: Spindrift Jamieson of Shetland (100 % shetlandsull), 25 g = ca. 105 meter = 1 n\u00f8ste  ALTERNATIV 1 BL\u00c5 BUNNFARGE Farge 1, Midnight f. nr. 160, 50 g Farge 2, Mooskit f. nr. 106, 25 g Farge 3, Camel f.nr. 141, 25 g Farge 4, Wren. f.nr. 246, 25 g Farge 5, Sunset f.nr. 186, 25 g  ALTERNATIV 2 LYS BUNNFARGE Farge 1, Midnight f.nr. 160, 25 g Farge 2, Eesit f.nr. 105, 25 g Farge 3, Highland mist f.nr.1390, 25 g Farge 4, Pacific f.nr. 763, 25 g Farge 5, Sunset f.nr. 186, 25 g     Opplysninger om garnet f\u00e5s hos: www.tovefevang.no\/shop  PINNER (veiledende): ChiaoGoo Rundp nr 2,75 (75 \u2013 100 cm) til vrangborder og nr. 3,25 til m\u00f8nsterstrikk  STRIKKEFASTHET: 33 m og ca. 40 omg. m\u00f8nsterstrikk p\u00e5 p nr. 3,25 = 10 x 10 cm\" \/>\n<meta property=\"og:url\" content=\"https:\/\/www.tovefevang.no\/shop\/produkt\/burra-pulsvarmere\/\" \/>\n<meta property=\"og:site_name\" content=\"Idestuen AS - Tove Fevang\" \/>\n<meta property=\"article:publisher\" content=\"https:\/\/www.facebook.com\/tovefevang.no\" \/>\n<meta property=\"article:modified_time\" content=\"2025-10-06T13:23:49+00:00\" \/>\n<meta property=\"og:image\" content=\"https:\/\/www.tovefevang.no\/shop\/wp-content\/uploads\/sites\/2\/2024\/04\/Burra_pulsvarmere_forside-1024x972-1.jpg\" \/>\n\t<meta property=\"og:image:width\" content=\"1024\" \/>\n\t<meta property=\"og:image:height\" content=\"972\" \/>\n\t<meta property=\"og:image:type\" content=\"image\/jpeg\" \/>\n<meta name=\"twitter:card\" content=\"summary_large_image\" \/>\n<meta name=\"twitter:label1\" content=\"Ansl. lesetid\" \/>\n\t<meta name=\"twitter:data1\" content=\"1 minutt\" \/>\n<script type=\"application\/ld+json\" class=\"yoast-schema-graph\">{\"@context\":\"https:\\\/\\\/schema.org\",\"@graph\":[{\"@type\":\"WebPage\",\"@id\":\"https:\\\/\\\/www.tovefevang.no\\\/shop\\\/produkt\\\/burra-pulsvarmere\\\/\",\"url\":\"https:\\\/\\\/www.tovefevang.no\\\/shop\\\/produkt\\\/burra-pulsvarmere\\\/\",\"name\":\"Burra pulsvarmere - Idestuen AS - Tove Fevang\",\"isPartOf\":{\"@id\":\"https:\\\/\\\/www.tovefevang.no\\\/shop\\\/#website\"},\"primaryImageOfPage\":{\"@id\":\"https:\\\/\\\/www.tovefevang.no\\\/shop\\\/produkt\\\/burra-pulsvarmere\\\/#primaryimage\"},\"image\":{\"@id\":\"https:\\\/\\\/www.tovefevang.no\\\/shop\\\/produkt\\\/burra-pulsvarmere\\\/#primaryimage\"},\"thumbnailUrl\":\"https:\\\/\\\/www.tovefevang.no\\\/shop\\\/wp-content\\\/uploads\\\/sites\\\/2\\\/2024\\\/04\\\/Burra_pulsvarmere_forside-1024x972-1.jpg\",\"datePublished\":\"2024-04-23T10:15:33+00:00\",\"dateModified\":\"2025-10-06T13:23:49+00:00\",\"breadcrumb\":{\"@id\":\"https:\\\/\\\/www.tovefevang.no\\\/shop\\\/produkt\\\/burra-pulsvarmere\\\/#breadcrumb\"},\"inLanguage\":\"nb-NO\",\"potentialAction\":[{\"@type\":\"ReadAction\",\"target\":[\"https:\\\/\\\/www.tovefevang.no\\\/shop\\\/produkt\\\/burra-pulsvarmere\\\/\"]}]},{\"@type\":\"ImageObject\",\"inLanguage\":\"nb-NO\",\"@id\":\"https:\\\/\\\/www.tovefevang.no\\\/shop\\\/produkt\\\/burra-pulsvarmere\\\/#primaryimage\",\"url\":\"https:\\\/\\\/www.tovefevang.no\\\/shop\\\/wp-content\\\/uploads\\\/sites\\\/2\\\/2024\\\/04\\\/Burra_pulsvarmere_forside-1024x972-1.jpg\",\"contentUrl\":\"https:\\\/\\\/www.tovefevang.no\\\/shop\\\/wp-content\\\/uploads\\\/sites\\\/2\\\/2024\\\/04\\\/Burra_pulsvarmere_forside-1024x972-1.jpg\",\"width\":1024,\"height\":972},{\"@type\":\"BreadcrumbList\",\"@id\":\"https:\\\/\\\/www.tovefevang.no\\\/shop\\\/produkt\\\/burra-pulsvarmere\\\/#breadcrumb\",\"itemListElement\":[{\"@type\":\"ListItem\",\"position\":1,\"name\":\"Hjem\",\"item\":\"https:\\\/\\\/www.tovefevang.no\\\/shop\\\/\"},{\"@type\":\"ListItem\",\"position\":2,\"name\":\"Nettbutikk\",\"item\":\"https:\\\/\\\/www.tovefevang.no\\\/shop\\\/butikk\\\/\"},{\"@type\":\"ListItem\",\"position\":3,\"name\":\"Burra pulsvarmere\"}]},{\"@type\":\"WebSite\",\"@id\":\"https:\\\/\\\/www.tovefevang.no\\\/shop\\\/#website\",\"url\":\"https:\\\/\\\/www.tovefevang.no\\\/shop\\\/\",\"name\":\"Idestuen AS - Tove Fevang\",\"description\":\"Idestuen AS - Tove Fevang\",\"publisher\":{\"@id\":\"https:\\\/\\\/www.tovefevang.no\\\/shop\\\/#organization\"},\"potentialAction\":[{\"@type\":\"SearchAction\",\"target\":{\"@type\":\"EntryPoint\",\"urlTemplate\":\"https:\\\/\\\/www.tovefevang.no\\\/shop\\\/?s={search_term_string}\"},\"query-input\":{\"@type\":\"PropertyValueSpecification\",\"valueRequired\":true,\"valueName\":\"search_term_string\"}}],\"inLanguage\":\"nb-NO\"},{\"@type\":\"Organization\",\"@id\":\"https:\\\/\\\/www.tovefevang.no\\\/shop\\\/#organization\",\"name\":\"Idestuen AS - Tove Fevang\",\"url\":\"https:\\\/\\\/www.tovefevang.no\\\/shop\\\/\",\"logo\":{\"@type\":\"ImageObject\",\"inLanguage\":\"nb-NO\",\"@id\":\"https:\\\/\\\/www.tovefevang.no\\\/shop\\\/#\\\/schema\\\/logo\\\/image\\\/\",\"url\":\"https:\\\/\\\/www.tovefevang.no\\\/shop\\\/wp-content\\\/uploads\\\/sites\\\/2\\\/2023\\\/11\\\/tovefevang-logo-1950_500.png\",\"contentUrl\":\"https:\\\/\\\/www.tovefevang.no\\\/shop\\\/wp-content\\\/uploads\\\/sites\\\/2\\\/2023\\\/11\\\/tovefevang-logo-1950_500.png\",\"width\":708,\"height\":181,\"caption\":\"Idestuen AS - Tove Fevang\"},\"image\":{\"@id\":\"https:\\\/\\\/www.tovefevang.no\\\/shop\\\/#\\\/schema\\\/logo\\\/image\\\/\"},\"sameAs\":[\"https:\\\/\\\/www.facebook.com\\\/tovefevang.no\"]}]}<\/script>\n<!-- \/ Yoast SEO plugin. -->","yoast_head_json":{"title":"Burra pulsvarmere - Idestuen AS - Tove Fevang","robots":{"index":"index","follow":"follow","max-snippet":"max-snippet:-1","max-image-preview":"max-image-preview:large","max-video-preview":"max-video-preview:-1"},"canonical":"https:\/\/www.tovefevang.no\/shop\/produkt\/burra-pulsvarmere\/","og_locale":"nb_NO","og_type":"article","og_title":"Burra pulsvarmere - Idestuen AS - Tove Fevang","og_description":"ST\u00d8RRELSE: Dame: One size  MATERIALER og GARNFORBRUK: Spindrift Jamieson of Shetland (100 % shetlandsull), 25 g = ca. 105 meter = 1 n\u00f8ste  ALTERNATIV 1 BL\u00c5 BUNNFARGE Farge 1, Midnight f. nr. 160, 50 g Farge 2, Mooskit f. nr. 106, 25 g Farge 3, Camel f.nr. 141, 25 g Farge 4, Wren. f.nr. 246, 25 g Farge 5, Sunset f.nr. 186, 25 g  ALTERNATIV 2 LYS BUNNFARGE Farge 1, Midnight f.nr. 160, 25 g Farge 2, Eesit f.nr. 105, 25 g Farge 3, Highland mist f.nr.1390, 25 g Farge 4, Pacific f.nr. 763, 25 g Farge 5, Sunset f.nr. 186, 25 g     Opplysninger om garnet f\u00e5s hos: www.tovefevang.no\/shop  PINNER (veiledende): ChiaoGoo Rundp nr 2,75 (75 \u2013 100 cm) til vrangborder og nr. 3,25 til m\u00f8nsterstrikk  STRIKKEFASTHET: 33 m og ca. 40 omg. m\u00f8nsterstrikk p\u00e5 p nr. 3,25 = 10 x 10 cm","og_url":"https:\/\/www.tovefevang.no\/shop\/produkt\/burra-pulsvarmere\/","og_site_name":"Idestuen AS - Tove Fevang","article_publisher":"https:\/\/www.facebook.com\/tovefevang.no","article_modified_time":"2025-10-06T13:23:49+00:00","og_image":[{"width":1024,"height":972,"url":"https:\/\/www.tovefevang.no\/shop\/wp-content\/uploads\/sites\/2\/2024\/04\/Burra_pulsvarmere_forside-1024x972-1.jpg","type":"image\/jpeg"}],"twitter_card":"summary_large_image","twitter_misc":{"Ansl. lesetid":"1 minutt"},"schema":{"@context":"https:\/\/schema.org","@graph":[{"@type":"WebPage","@id":"https:\/\/www.tovefevang.no\/shop\/produkt\/burra-pulsvarmere\/","url":"https:\/\/www.tovefevang.no\/shop\/produkt\/burra-pulsvarmere\/","name":"Burra pulsvarmere - Idestuen AS - Tove Fevang","isPartOf":{"@id":"https:\/\/www.tovefevang.no\/shop\/#website"},"primaryImageOfPage":{"@id":"https:\/\/www.tovefevang.no\/shop\/produkt\/burra-pulsvarmere\/#primaryimage"},"image":{"@id":"https:\/\/www.tovefevang.no\/shop\/produkt\/burra-pulsvarmere\/#primaryimage"},"thumbnailUrl":"https:\/\/www.tovefevang.no\/shop\/wp-content\/uploads\/sites\/2\/2024\/04\/Burra_pulsvarmere_forside-1024x972-1.jpg","datePublished":"2024-04-23T10:15:33+00:00","dateModified":"2025-10-06T13:23:49+00:00","breadcrumb":{"@id":"https:\/\/www.tovefevang.no\/shop\/produkt\/burra-pulsvarmere\/#breadcrumb"},"inLanguage":"nb-NO","potentialAction":[{"@type":"ReadAction","target":["https:\/\/www.tovefevang.no\/shop\/produkt\/burra-pulsvarmere\/"]}]},{"@type":"ImageObject","inLanguage":"nb-NO","@id":"https:\/\/www.tovefevang.no\/shop\/produkt\/burra-pulsvarmere\/#primaryimage","url":"https:\/\/www.tovefevang.no\/shop\/wp-content\/uploads\/sites\/2\/2024\/04\/Burra_pulsvarmere_forside-1024x972-1.jpg","contentUrl":"https:\/\/www.tovefevang.no\/shop\/wp-content\/uploads\/sites\/2\/2024\/04\/Burra_pulsvarmere_forside-1024x972-1.jpg","width":1024,"height":972},{"@type":"BreadcrumbList","@id":"https:\/\/www.tovefevang.no\/shop\/produkt\/burra-pulsvarmere\/#breadcrumb","itemListElement":[{"@type":"ListItem","position":1,"name":"Hjem","item":"https:\/\/www.tovefevang.no\/shop\/"},{"@type":"ListItem","position":2,"name":"Nettbutikk","item":"https:\/\/www.tovefevang.no\/shop\/butikk\/"},{"@type":"ListItem","position":3,"name":"Burra pulsvarmere"}]},{"@type":"WebSite","@id":"https:\/\/www.tovefevang.no\/shop\/#website","url":"https:\/\/www.tovefevang.no\/shop\/","name":"Idestuen AS - Tove Fevang","description":"Idestuen AS - Tove Fevang","publisher":{"@id":"https:\/\/www.tovefevang.no\/shop\/#organization"},"potentialAction":[{"@type":"SearchAction","target":{"@type":"EntryPoint","urlTemplate":"https:\/\/www.tovefevang.no\/shop\/?s={search_term_string}"},"query-input":{"@type":"PropertyValueSpecification","valueRequired":true,"valueName":"search_term_string"}}],"inLanguage":"nb-NO"},{"@type":"Organization","@id":"https:\/\/www.tovefevang.no\/shop\/#organization","name":"Idestuen AS - Tove Fevang","url":"https:\/\/www.tovefevang.no\/shop\/","logo":{"@type":"ImageObject","inLanguage":"nb-NO","@id":"https:\/\/www.tovefevang.no\/shop\/#\/schema\/logo\/image\/","url":"https:\/\/www.tovefevang.no\/shop\/wp-content\/uploads\/sites\/2\/2023\/11\/tovefevang-logo-1950_500.png","contentUrl":"https:\/\/www.tovefevang.no\/shop\/wp-content\/uploads\/sites\/2\/2023\/11\/tovefevang-logo-1950_500.png","width":708,"height":181,"caption":"Idestuen AS - Tove Fevang"},"image":{"@id":"https:\/\/www.tovefevang.no\/shop\/#\/schema\/logo\/image\/"},"sameAs":["https:\/\/www.facebook.com\/tovefevang.no"]}]}},"featured_img":"https:\/\/www.tovefevang.no\/shop\/wp-content\/uploads\/sites\/2\/2024\/04\/Burra_pulsvarmere_forside-1024x972-1.jpg","coauthors":[],"author_meta":{"author_link":"https:\/\/www.tovefevang.no\/shop\/author\/geiradmin\/","display_name":"Geir Arnesen"},"relative_dates":{"created":"Publisert 2 \u00e5r siden","modified":"Oppdatert 6 m\u00e5neder siden"},"absolute_dates":{"created":"Publisert 23. april 2024","modified":"Oppdatert 6. oktober 2025"},"absolute_dates_time":{"created":"Publisert 23. april 2024 12:15","modified":"Oppdatert 6. oktober 2025 15:23"},"featured_img_caption":"","tax_additional":{"product_brand":{"linked":[],"unlinked":[],"slug":"product_brand","name":"Merker"},"product_type":{"linked":["<a href=\"https:\/\/www.tovefevang.no\/shop\/?taxonomy=product_type&#038;term=simple\" class=\"advgb-post-tax-term\">simple<\/a>"],"unlinked":["<span class=\"advgb-post-tax-term\">simple<\/span>"],"slug":"product_type","name":"Produkttype"},"product_visibility":{"linked":[],"unlinked":[],"slug":"product_visibility","name":"Produktsynlighet"},"product_cat":{"linked":["<a href=\"https:\/\/www.tovefevang.no\/shop\/produktkategori\/produkter\/oppskrift\/luerogtilbehor\/\" class=\"advgb-post-tax-term\">Luer, panneb\u00e5nd og pulsvarmere<\/a>","<a href=\"https:\/\/www.tovefevang.no\/shop\/produktkategori\/produkter\/oppskrift\/\" class=\"advgb-post-tax-term\">Oppskrifter<\/a>"],"unlinked":["<span class=\"advgb-post-tax-term\">Luer, panneb\u00e5nd og pulsvarmere<\/span>","<span class=\"advgb-post-tax-term\">Oppskrifter<\/span>"],"slug":"product_cat","name":"Produktkategorier"},"product_tag":{"linked":[],"unlinked":[],"slug":"product_tag","name":"Produktstikkord"},"product_shipping_class":{"linked":[],"unlinked":[],"slug":"product_shipping_class","name":"Produkt fraktklasse"},"pos_product_visibility":{"linked":[],"unlinked":[],"slug":"pos_product_visibility","name":"POS Product visibility"},"pa_color":{"linked":[],"unlinked":[],"slug":"pa_color","name":"Produkt Farge"},"pa_size":{"linked":[],"unlinked":[],"slug":"pa_size","name":"Produkt St\u00f8rrelse"}},"series_order":"","_links":{"self":[{"href":"https:\/\/www.tovefevang.no\/shop\/wp-json\/wp\/v2\/product\/1993","targetHints":{"allow":["GET"]}}],"collection":[{"href":"https:\/\/www.tovefevang.no\/shop\/wp-json\/wp\/v2\/product"}],"about":[{"href":"https:\/\/www.tovefevang.no\/shop\/wp-json\/wp\/v2\/types\/product"}],"wp:featuredmedia":[{"embeddable":true,"href":"https:\/\/www.tovefevang.no\/shop\/wp-json\/wp\/v2\/media\/1994"}],"wp:attachment":[{"href":"https:\/\/www.tovefevang.no\/shop\/wp-json\/wp\/v2\/media?parent=1993"}],"wp:term":[{"taxonomy":"product_brand","embeddable":true,"href":"https:\/\/www.tovefevang.no\/shop\/wp-json\/wp\/v2\/product_brand?post=1993"},{"taxonomy":"product_cat","embeddable":true,"href":"https:\/\/www.tovefevang.no\/shop\/wp-json\/wp\/v2\/product_cat?post=1993"},{"taxonomy":"product_tag","embeddable":true,"href":"https:\/\/www.tovefevang.no\/shop\/wp-json\/wp\/v2\/product_tag?post=1993"}],"curies":[{"name":"wp","href":"https:\/\/api.w.org\/{rel}","templated":true}]}}