{"id":19,"date":"2023-11-22T22:16:27","date_gmt":"2023-11-22T21:16:27","guid":{"rendered":"https:\/\/www.tovefevang.no\/shop\/?post_type=product&#038;p=19"},"modified":"2024-09-14T19:39:52","modified_gmt":"2024-09-14T17:39:52","slug":"filippa","status":"publish","type":"product","link":"https:\/\/www.tovefevang.no\/shop\/produkt\/filippa\/","title":{"rendered":"Fiiine Filippa sokkeoppskrift"},"content":{"rendered":"<p>Etter at du har betalt kan du laste ned en 11 siders pdf med sokkeoppskriften Fiiine Filippasokker, inkludert trinn for trinn hvordan du kan strikke to sokker p\u00e5 en gang med Magic-loop.<\/p>\n<p>I oppskriften er det ogs\u00e5 6 ulike videoer som forklarer mange av strikketeknikkene inkludert trinn-for-trinn video hvordan 3. pinne i oppskriften strikkes (det er denne som &laquo;flytter maskene&raquo; slik at fletter og perlestrikket ser ut som de kommer ingensteds fra i oppleggskanten).<\/p>\n<div id=\"nf-form-33-cont\" class=\"nf-form-cont\" role=\"form\" aria-live=\"polite\" aria-labelledby=\"nf-form-title-33\" aria-describedby=\"nf-form-errors-33\">\n<h2 id=\"litt-generell-info-om-oppskriften\" class=\"wp-block-heading\">Litt generell info om oppskriften:<\/h2>\n<p><strong>ST\u00d8RRELSE:<\/strong><br \/>\nDame skost\u00f8rrelse ca. 36-41,5<\/p>\n<p><strong>MATERIALER<\/strong>:<br \/>\nMeadow (40 % ull, 25 % alpakka, 20 % silke, 15 % lin) 100 g = ca. 498 m<br \/>\nPrairie f. nr. MD140Z: 100 g<br \/>\neller<br \/>\nBluebonnet f. nr. MD050Z: 100 g<br \/>\neller<br \/>\nBedstraw f. nr. MD230: 100 g<br \/>\nSokkene veier 56 gram i str. 38<\/p>\n<p>Garnet finner du her <a href=\"_wp_link_placeholder\" data-wplink-edit=\"true\">https:\/\/www.tovefevang.no\/shop\/produktkategori\/produkter\/garn\/fibre-company\/<\/a><\/p>\n<p>Strikkes sokkene i ren ull, kan det v\u00e6re smart \u00e5 strikke h\u00e6len med en forsterkningstr\u00e5d sammen med den ullkvaliteten som brukes og eventuelt ogs\u00e5 t\u00e5en\/ eller helt fra t\u00e5ballen og ut (hvis man vet at en sliter sokkene der)<\/p>\n<p><strong>PINNER:<\/strong><br \/>\nLang rundpinne 100 cm f.eks. ChiaoGoo til<br \/>\nMagic-Loop nr. 2 til (eller nr. 2 str\u00f8mpe-p)<\/p>\n<p><strong>TILBEH\u00d8R:<\/strong><br \/>\n10 maskemark\u00f8rer<\/p>\n<p><strong>STRIKKEFASTHET:\u00a0<\/strong><br \/>\nMeadow fra det engelske The Fibre co, ca. 33-34 m glattstrikk p\u00e5 p nr. 2 = 10 cm<\/p>\n<\/div>\n<p><a href=\"\/blog\/2023\/03\/31\/fiiine-filippa-sokkeoppskrift\/\">Du kan lese mer her.<\/a><\/p>\n<div id=\"nf-form-33-cont\" class=\"nf-form-cont\" role=\"form\" aria-live=\"polite\" aria-labelledby=\"nf-form-title-33\" aria-describedby=\"nf-form-errors-33\">\n<div class=\"nf-form-wrap ninja-forms-form-wrap\">\n<div class=\"nf-debug-msg\"><\/div>\n<div class=\"nf-before-form\"><\/div>\n<div class=\"nf-form-layout\">\n<form>\n<div>\n<div class=\"nf-before-form-content\"><\/div>\n<\/div>\n<\/form>\n<\/div>\n<\/div>\n<\/div>\n","protected":false},"excerpt":{"rendered":"<p>Etter at du har betalt kan du laste ned en 11 siders pdf med sokkeoppskriften Fiiine Filippasokker, inkludert trinn for trinn hvordan du kan strikke to sokker p\u00e5 en gang med Magic-loop. I oppskriften er det ogs\u00e5 6 ulike videoer som forklarer mange av strikketeknikkene inkludert trinn-for-trinn video hvordan 3. pinne i oppskriften strikkes (det [&hellip;]<\/p>\n","protected":false},"author":4,"featured_media":20,"template":"","meta":{"advgb_blocks_editor_width":"","advgb_blocks_columns_visual_guide":""},"product_brand":[],"product_cat":[20],"product_tag":[],"class_list":{"0":"post-19","1":"product","2":"type-product","3":"status-publish","4":"has-post-thumbnail","6":"product_cat-sokker","8":"first","9":"instock","10":"downloadable","11":"virtual","12":"sold-individually","13":"taxable","14":"purchasable","15":"product-type-simple"},"yoast_head":"<!-- This site is optimized with the Yoast SEO plugin v27.4 - https:\/\/yoast.com\/product\/yoast-seo-wordpress\/ -->\n<title>Fiiine Filippa sokkeoppskrift - Idestuen AS - Tove Fevang<\/title>\n<meta name=\"robots\" content=\"index, follow, max-snippet:-1, max-image-preview:large, max-video-preview:-1\" \/>\n<link rel=\"canonical\" href=\"https:\/\/www.tovefevang.no\/shop\/produkt\/filippa\/\" \/>\n<meta property=\"og:locale\" content=\"nb_NO\" \/>\n<meta property=\"og:type\" content=\"article\" \/>\n<meta property=\"og:title\" content=\"Fiiine Filippa sokkeoppskrift - Idestuen AS - Tove Fevang\" \/>\n<meta property=\"og:description\" content=\"Etter at du har betalt kan du laste ned en 11 siders pdf med sokkeoppskriften Fiiine Filippasokker, inkludert trinn for trinn hvordan du kan strikke to sokker p\u00e5 en gang med Magic-loop. I oppskriften er det ogs\u00e5 6 ulike videoer som forklarer mange av strikketeknikkene inkludert trinn-for-trinn video hvordan 3. pinne i oppskriften strikkes (det [&hellip;]\" \/>\n<meta property=\"og:url\" content=\"https:\/\/www.tovefevang.no\/shop\/produkt\/filippa\/\" \/>\n<meta property=\"og:site_name\" content=\"Idestuen AS - Tove Fevang\" \/>\n<meta property=\"article:publisher\" content=\"https:\/\/www.facebook.com\/tovefevang.no\" \/>\n<meta property=\"article:modified_time\" content=\"2024-09-14T17:39:52+00:00\" \/>\n<meta property=\"og:image\" content=\"https:\/\/www.tovefevang.no\/shop\/wp-content\/uploads\/sites\/2\/2023\/11\/filippa-sokkeoppskrift.jpeg\" \/>\n\t<meta property=\"og:image:width\" content=\"2048\" \/>\n\t<meta property=\"og:image:height\" content=\"1642\" \/>\n\t<meta property=\"og:image:type\" content=\"image\/jpeg\" \/>\n<meta name=\"twitter:card\" content=\"summary_large_image\" \/>\n<meta name=\"twitter:label1\" content=\"Ansl. lesetid\" \/>\n\t<meta name=\"twitter:data1\" content=\"2 minutter\" \/>\n<script type=\"application\/ld+json\" class=\"yoast-schema-graph\">{\"@context\":\"https:\\\/\\\/schema.org\",\"@graph\":[{\"@type\":\"WebPage\",\"@id\":\"https:\\\/\\\/www.tovefevang.no\\\/shop\\\/produkt\\\/filippa\\\/\",\"url\":\"https:\\\/\\\/www.tovefevang.no\\\/shop\\\/produkt\\\/filippa\\\/\",\"name\":\"Fiiine Filippa sokkeoppskrift - Idestuen AS - Tove Fevang\",\"isPartOf\":{\"@id\":\"https:\\\/\\\/www.tovefevang.no\\\/shop\\\/#website\"},\"primaryImageOfPage\":{\"@id\":\"https:\\\/\\\/www.tovefevang.no\\\/shop\\\/produkt\\\/filippa\\\/#primaryimage\"},\"image\":{\"@id\":\"https:\\\/\\\/www.tovefevang.no\\\/shop\\\/produkt\\\/filippa\\\/#primaryimage\"},\"thumbnailUrl\":\"https:\\\/\\\/www.tovefevang.no\\\/shop\\\/wp-content\\\/uploads\\\/sites\\\/2\\\/2023\\\/11\\\/filippa-sokkeoppskrift.jpeg\",\"datePublished\":\"2023-11-22T21:16:27+00:00\",\"dateModified\":\"2024-09-14T17:39:52+00:00\",\"breadcrumb\":{\"@id\":\"https:\\\/\\\/www.tovefevang.no\\\/shop\\\/produkt\\\/filippa\\\/#breadcrumb\"},\"inLanguage\":\"nb-NO\",\"potentialAction\":[{\"@type\":\"ReadAction\",\"target\":[\"https:\\\/\\\/www.tovefevang.no\\\/shop\\\/produkt\\\/filippa\\\/\"]}]},{\"@type\":\"ImageObject\",\"inLanguage\":\"nb-NO\",\"@id\":\"https:\\\/\\\/www.tovefevang.no\\\/shop\\\/produkt\\\/filippa\\\/#primaryimage\",\"url\":\"https:\\\/\\\/www.tovefevang.no\\\/shop\\\/wp-content\\\/uploads\\\/sites\\\/2\\\/2023\\\/11\\\/filippa-sokkeoppskrift.jpeg\",\"contentUrl\":\"https:\\\/\\\/www.tovefevang.no\\\/shop\\\/wp-content\\\/uploads\\\/sites\\\/2\\\/2023\\\/11\\\/filippa-sokkeoppskrift.jpeg\",\"width\":2048,\"height\":1642},{\"@type\":\"BreadcrumbList\",\"@id\":\"https:\\\/\\\/www.tovefevang.no\\\/shop\\\/produkt\\\/filippa\\\/#breadcrumb\",\"itemListElement\":[{\"@type\":\"ListItem\",\"position\":1,\"name\":\"Hjem\",\"item\":\"https:\\\/\\\/www.tovefevang.no\\\/shop\\\/\"},{\"@type\":\"ListItem\",\"position\":2,\"name\":\"Nettbutikk\",\"item\":\"https:\\\/\\\/www.tovefevang.no\\\/shop\\\/butikk\\\/\"},{\"@type\":\"ListItem\",\"position\":3,\"name\":\"Fiiine Filippa sokkeoppskrift\"}]},{\"@type\":\"WebSite\",\"@id\":\"https:\\\/\\\/www.tovefevang.no\\\/shop\\\/#website\",\"url\":\"https:\\\/\\\/www.tovefevang.no\\\/shop\\\/\",\"name\":\"Idestuen AS - Tove Fevang\",\"description\":\"Idestuen AS - Tove Fevang\",\"publisher\":{\"@id\":\"https:\\\/\\\/www.tovefevang.no\\\/shop\\\/#organization\"},\"potentialAction\":[{\"@type\":\"SearchAction\",\"target\":{\"@type\":\"EntryPoint\",\"urlTemplate\":\"https:\\\/\\\/www.tovefevang.no\\\/shop\\\/?s={search_term_string}\"},\"query-input\":{\"@type\":\"PropertyValueSpecification\",\"valueRequired\":true,\"valueName\":\"search_term_string\"}}],\"inLanguage\":\"nb-NO\"},{\"@type\":\"Organization\",\"@id\":\"https:\\\/\\\/www.tovefevang.no\\\/shop\\\/#organization\",\"name\":\"Idestuen AS - Tove Fevang\",\"url\":\"https:\\\/\\\/www.tovefevang.no\\\/shop\\\/\",\"logo\":{\"@type\":\"ImageObject\",\"inLanguage\":\"nb-NO\",\"@id\":\"https:\\\/\\\/www.tovefevang.no\\\/shop\\\/#\\\/schema\\\/logo\\\/image\\\/\",\"url\":\"https:\\\/\\\/www.tovefevang.no\\\/shop\\\/wp-content\\\/uploads\\\/sites\\\/2\\\/2023\\\/11\\\/tovefevang-logo-1950_500.png\",\"contentUrl\":\"https:\\\/\\\/www.tovefevang.no\\\/shop\\\/wp-content\\\/uploads\\\/sites\\\/2\\\/2023\\\/11\\\/tovefevang-logo-1950_500.png\",\"width\":708,\"height\":181,\"caption\":\"Idestuen AS - Tove Fevang\"},\"image\":{\"@id\":\"https:\\\/\\\/www.tovefevang.no\\\/shop\\\/#\\\/schema\\\/logo\\\/image\\\/\"},\"sameAs\":[\"https:\\\/\\\/www.facebook.com\\\/tovefevang.no\"]}]}<\/script>\n<!-- \/ Yoast SEO plugin. -->","yoast_head_json":{"title":"Fiiine Filippa sokkeoppskrift - Idestuen AS - Tove Fevang","robots":{"index":"index","follow":"follow","max-snippet":"max-snippet:-1","max-image-preview":"max-image-preview:large","max-video-preview":"max-video-preview:-1"},"canonical":"https:\/\/www.tovefevang.no\/shop\/produkt\/filippa\/","og_locale":"nb_NO","og_type":"article","og_title":"Fiiine Filippa sokkeoppskrift - Idestuen AS - Tove Fevang","og_description":"Etter at du har betalt kan du laste ned en 11 siders pdf med sokkeoppskriften Fiiine Filippasokker, inkludert trinn for trinn hvordan du kan strikke to sokker p\u00e5 en gang med Magic-loop. I oppskriften er det ogs\u00e5 6 ulike videoer som forklarer mange av strikketeknikkene inkludert trinn-for-trinn video hvordan 3. pinne i oppskriften strikkes (det [&hellip;]","og_url":"https:\/\/www.tovefevang.no\/shop\/produkt\/filippa\/","og_site_name":"Idestuen AS - Tove Fevang","article_publisher":"https:\/\/www.facebook.com\/tovefevang.no","article_modified_time":"2024-09-14T17:39:52+00:00","og_image":[{"width":2048,"height":1642,"url":"https:\/\/www.tovefevang.no\/shop\/wp-content\/uploads\/sites\/2\/2023\/11\/filippa-sokkeoppskrift.jpeg","type":"image\/jpeg"}],"twitter_card":"summary_large_image","twitter_misc":{"Ansl. lesetid":"2 minutter"},"schema":{"@context":"https:\/\/schema.org","@graph":[{"@type":"WebPage","@id":"https:\/\/www.tovefevang.no\/shop\/produkt\/filippa\/","url":"https:\/\/www.tovefevang.no\/shop\/produkt\/filippa\/","name":"Fiiine Filippa sokkeoppskrift - Idestuen AS - Tove Fevang","isPartOf":{"@id":"https:\/\/www.tovefevang.no\/shop\/#website"},"primaryImageOfPage":{"@id":"https:\/\/www.tovefevang.no\/shop\/produkt\/filippa\/#primaryimage"},"image":{"@id":"https:\/\/www.tovefevang.no\/shop\/produkt\/filippa\/#primaryimage"},"thumbnailUrl":"https:\/\/www.tovefevang.no\/shop\/wp-content\/uploads\/sites\/2\/2023\/11\/filippa-sokkeoppskrift.jpeg","datePublished":"2023-11-22T21:16:27+00:00","dateModified":"2024-09-14T17:39:52+00:00","breadcrumb":{"@id":"https:\/\/www.tovefevang.no\/shop\/produkt\/filippa\/#breadcrumb"},"inLanguage":"nb-NO","potentialAction":[{"@type":"ReadAction","target":["https:\/\/www.tovefevang.no\/shop\/produkt\/filippa\/"]}]},{"@type":"ImageObject","inLanguage":"nb-NO","@id":"https:\/\/www.tovefevang.no\/shop\/produkt\/filippa\/#primaryimage","url":"https:\/\/www.tovefevang.no\/shop\/wp-content\/uploads\/sites\/2\/2023\/11\/filippa-sokkeoppskrift.jpeg","contentUrl":"https:\/\/www.tovefevang.no\/shop\/wp-content\/uploads\/sites\/2\/2023\/11\/filippa-sokkeoppskrift.jpeg","width":2048,"height":1642},{"@type":"BreadcrumbList","@id":"https:\/\/www.tovefevang.no\/shop\/produkt\/filippa\/#breadcrumb","itemListElement":[{"@type":"ListItem","position":1,"name":"Hjem","item":"https:\/\/www.tovefevang.no\/shop\/"},{"@type":"ListItem","position":2,"name":"Nettbutikk","item":"https:\/\/www.tovefevang.no\/shop\/butikk\/"},{"@type":"ListItem","position":3,"name":"Fiiine Filippa sokkeoppskrift"}]},{"@type":"WebSite","@id":"https:\/\/www.tovefevang.no\/shop\/#website","url":"https:\/\/www.tovefevang.no\/shop\/","name":"Idestuen AS - Tove Fevang","description":"Idestuen AS - Tove Fevang","publisher":{"@id":"https:\/\/www.tovefevang.no\/shop\/#organization"},"potentialAction":[{"@type":"SearchAction","target":{"@type":"EntryPoint","urlTemplate":"https:\/\/www.tovefevang.no\/shop\/?s={search_term_string}"},"query-input":{"@type":"PropertyValueSpecification","valueRequired":true,"valueName":"search_term_string"}}],"inLanguage":"nb-NO"},{"@type":"Organization","@id":"https:\/\/www.tovefevang.no\/shop\/#organization","name":"Idestuen AS - Tove Fevang","url":"https:\/\/www.tovefevang.no\/shop\/","logo":{"@type":"ImageObject","inLanguage":"nb-NO","@id":"https:\/\/www.tovefevang.no\/shop\/#\/schema\/logo\/image\/","url":"https:\/\/www.tovefevang.no\/shop\/wp-content\/uploads\/sites\/2\/2023\/11\/tovefevang-logo-1950_500.png","contentUrl":"https:\/\/www.tovefevang.no\/shop\/wp-content\/uploads\/sites\/2\/2023\/11\/tovefevang-logo-1950_500.png","width":708,"height":181,"caption":"Idestuen AS - Tove Fevang"},"image":{"@id":"https:\/\/www.tovefevang.no\/shop\/#\/schema\/logo\/image\/"},"sameAs":["https:\/\/www.facebook.com\/tovefevang.no"]}]}},"featured_img":"https:\/\/www.tovefevang.no\/shop\/wp-content\/uploads\/sites\/2\/2023\/11\/filippa-sokkeoppskrift.jpeg","coauthors":[],"author_meta":{"author_link":"https:\/\/www.tovefevang.no\/shop\/author\/geiradmin\/","display_name":"Geir Arnesen"},"relative_dates":{"created":"Publisert 2 \u00e5r siden","modified":"Oppdatert 2 \u00e5r siden"},"absolute_dates":{"created":"Publisert 22. november 2023","modified":"Oppdatert 14. september 2024"},"absolute_dates_time":{"created":"Publisert 22. november 2023 22:16","modified":"Oppdatert 14. september 2024 19:39"},"featured_img_caption":"","tax_additional":{"product_brand":{"linked":[],"unlinked":[],"slug":"product_brand","name":"Merker"},"product_type":{"linked":["<a href=\"https:\/\/www.tovefevang.no\/shop\/?taxonomy=product_type&#038;term=simple\" class=\"advgb-post-tax-term\">simple<\/a>"],"unlinked":["<span class=\"advgb-post-tax-term\">simple<\/span>"],"slug":"product_type","name":"Produkttype"},"product_visibility":{"linked":[],"unlinked":[],"slug":"product_visibility","name":"Produktsynlighet"},"product_cat":{"linked":["<a href=\"https:\/\/www.tovefevang.no\/shop\/produktkategori\/produkter\/oppskrift\/sokker\/\" class=\"advgb-post-tax-term\">Sokker<\/a>"],"unlinked":["<span class=\"advgb-post-tax-term\">Sokker<\/span>"],"slug":"product_cat","name":"Produktkategorier"},"product_tag":{"linked":[],"unlinked":[],"slug":"product_tag","name":"Produktstikkord"},"product_shipping_class":{"linked":[],"unlinked":[],"slug":"product_shipping_class","name":"Produkt fraktklasse"},"pos_product_visibility":{"linked":[],"unlinked":[],"slug":"pos_product_visibility","name":"POS Product visibility"},"pa_color":{"linked":[],"unlinked":[],"slug":"pa_color","name":"Produkt Farge"},"pa_size":{"linked":[],"unlinked":[],"slug":"pa_size","name":"Produkt St\u00f8rrelse"}},"series_order":"","_links":{"self":[{"href":"https:\/\/www.tovefevang.no\/shop\/wp-json\/wp\/v2\/product\/19","targetHints":{"allow":["GET"]}}],"collection":[{"href":"https:\/\/www.tovefevang.no\/shop\/wp-json\/wp\/v2\/product"}],"about":[{"href":"https:\/\/www.tovefevang.no\/shop\/wp-json\/wp\/v2\/types\/product"}],"wp:featuredmedia":[{"embeddable":true,"href":"https:\/\/www.tovefevang.no\/shop\/wp-json\/wp\/v2\/media\/20"}],"wp:attachment":[{"href":"https:\/\/www.tovefevang.no\/shop\/wp-json\/wp\/v2\/media?parent=19"}],"wp:term":[{"taxonomy":"product_brand","embeddable":true,"href":"https:\/\/www.tovefevang.no\/shop\/wp-json\/wp\/v2\/product_brand?post=19"},{"taxonomy":"product_cat","embeddable":true,"href":"https:\/\/www.tovefevang.no\/shop\/wp-json\/wp\/v2\/product_cat?post=19"},{"taxonomy":"product_tag","embeddable":true,"href":"https:\/\/www.tovefevang.no\/shop\/wp-json\/wp\/v2\/product_tag?post=19"}],"curies":[{"name":"wp","href":"https:\/\/api.w.org\/{rel}","templated":true}]}}