{"id":1710,"date":"2024-03-21T19:28:31","date_gmt":"2024-03-21T18:28:31","guid":{"rendered":"https:\/\/www.tovefevang.no\/shop\/?post_type=product&#038;p=1710"},"modified":"2024-03-28T12:02:08","modified_gmt":"2024-03-28T11:02:08","slug":"geir-flettegenser","status":"publish","type":"product","link":"https:\/\/www.tovefevang.no\/shop\/produkt\/geir-flettegenser\/","title":{"rendered":"GEIR flettegenser"},"content":{"rendered":"","protected":false},"excerpt":{"rendered":"<h4 class=\"p1\"><b>Opplysninger oppskriften:<\/b><\/h4>\n<p class=\"p2\"><b>ST\u00d8RRELSE:<\/b><br \/>\n(1) 2 (3) 4 (5) 6<\/p>\n<p><b>PLAGGETS M\u00c5L:<\/b><br \/>\nOvervidde: (92) 102 (110) 119 (127) 137 cm<br \/>\nHel lengde: (63) 65 (68) 70 (72) 74 cm<br \/>\nErmelengde: (49) 50 (50) 51 (52) 53 cm eller \u00f8nsket lengde<br \/>\nOvervidde m\u00e5les rett overbrystkassen og med stramt m\u00e5leb\u00e5nd.<\/p>\n<p class=\"p2\"><b>GARN:<\/b><br \/>\nSpindrift fra Jamieson`s of Shetland (100 % Shetlands ull)\u00a0<b>NB!\u00a0<\/b>25 g n\u00f8ster = ca. 105 m (50 = 210 m)<\/p>\n<p><b>GARNFORBRUK:<\/b><br \/>\nMooskit f.nr. 106, (350) 375 (425) 450 (500) 575 g<br \/>\nOpplysninger om garnet f\u00e5s hos: www.tovefevang.no<\/p>\n<p class=\"p2\"><b>PINNER (veiledende):<\/b><br \/>\n<b>Bol og ermer:\u00a0<\/b>ChiaoGoo rundp 80 cm (bol) og 120 cm til Magic-Loop (ermer) og raglanfelling nr. 2 \u00bd vrangbord og nr. 2 \u00be til glattstrikk\/fletter<br \/>\n<b>Halskant:\u00a0<\/b>ChiaoGoo rundp 60-80 p nr. 2 \u00bd og 2 \u00bc, pluss en ekstra rundpinne for \u00e5 lage\/legge opp masker p\u00e5 innsiden av halskanten p nr. 2 eller tynnere.<br \/>\nEventuelt hjelpepinne til fletter, hvis ikke teknikken strikke fletter uten hjelpepinne benyttes.<\/p>\n<p class=\"p2\"><b>STRIKKEFASTHET:<\/b><br \/>\n28 m og ca. 42 omg. glattstrikk p\u00e5 p nr. 2,75 = 10 x 10 cm<\/p>\n<p class=\"p2\"><b>TILBEH\u00d8R:<\/b><br \/>\n24 tynne maskemark\u00f8rer<\/p>\n<p><a href=\"https:\/\/www.tovefevang.no\/blog\/2024\/03\/28\/geir-flettegenser\/\">Les mer om oppskriften p\u00e5 nettsiden her.<\/a><\/p>\n","protected":false},"author":1,"featured_media":1711,"template":"","meta":{"advgb_blocks_editor_width":"","advgb_blocks_columns_visual_guide":""},"product_brand":[],"product_cat":[34,18],"product_tag":[],"class_list":{"0":"post-1710","1":"product","2":"type-product","3":"status-publish","4":"has-post-thumbnail","6":"product_cat-genser","7":"product_cat-oppskrift","9":"first","10":"instock","11":"downloadable","12":"virtual","13":"taxable","14":"purchasable","15":"product-type-simple"},"yoast_head":"<!-- This site is optimized with the Yoast SEO plugin v27.4 - https:\/\/yoast.com\/product\/yoast-seo-wordpress\/ -->\n<title>GEIR flettegenser - Idestuen AS - Tove Fevang<\/title>\n<meta name=\"robots\" content=\"index, follow, max-snippet:-1, max-image-preview:large, max-video-preview:-1\" \/>\n<link rel=\"canonical\" href=\"https:\/\/www.tovefevang.no\/shop\/produkt\/geir-flettegenser\/\" \/>\n<meta property=\"og:locale\" content=\"nb_NO\" \/>\n<meta property=\"og:type\" content=\"article\" \/>\n<meta property=\"og:title\" content=\"GEIR flettegenser - Idestuen AS - Tove Fevang\" \/>\n<meta property=\"og:description\" content=\"Opplysninger oppskriften: ST\u00d8RRELSE: (1) 2 (3) 4 (5) 6 PLAGGETS M\u00c5L: Overvidde: (92) 102 (110) 119 (127) 137 cm Hel lengde: (63) 65 (68) 70 (72) 74 cm Ermelengde: (49) 50 (50) 51 (52) 53 cm eller \u00f8nsket lengde Overvidde m\u00e5les rett overbrystkassen og med stramt m\u00e5leb\u00e5nd. GARN: Spindrift fra Jamieson`s of Shetland (100 % Shetlands ull)\u00a0NB!\u00a025 g n\u00f8ster = ca. 105 m (50 = 210 m) GARNFORBRUK: Mooskit f.nr. 106, (350) 375 (425) 450 (500) 575 g Opplysninger om garnet f\u00e5s hos: www.tovefevang.no PINNER (veiledende): Bol og ermer:\u00a0ChiaoGoo rundp 80 cm (bol) og 120 cm til Magic-Loop (ermer) og raglanfelling nr. 2 \u00bd vrangbord og nr. 2 \u00be til glattstrikk\/fletter Halskant:\u00a0ChiaoGoo rundp 60-80 p nr. 2 \u00bd og 2 \u00bc, pluss en ekstra rundpinne for \u00e5 lage\/legge opp masker p\u00e5 innsiden av halskanten p nr. 2 eller tynnere. Eventuelt hjelpepinne til fletter, hvis ikke teknikken strikke fletter uten hjelpepinne benyttes. STRIKKEFASTHET: 28 m og ca. 42 omg. glattstrikk p\u00e5 p nr. 2,75 = 10 x 10 cm TILBEH\u00d8R: 24 tynne maskemark\u00f8rer  Les mer om oppskriften p\u00e5 nettsiden her.\" \/>\n<meta property=\"og:url\" content=\"https:\/\/www.tovefevang.no\/shop\/produkt\/geir-flettegenser\/\" \/>\n<meta property=\"og:site_name\" content=\"Idestuen AS - Tove Fevang\" \/>\n<meta property=\"article:publisher\" content=\"https:\/\/www.facebook.com\/tovefevang.no\" \/>\n<meta property=\"article:modified_time\" content=\"2024-03-28T11:02:08+00:00\" \/>\n<meta property=\"og:image\" content=\"https:\/\/www.tovefevang.no\/shop\/wp-content\/uploads\/sites\/2\/2024\/03\/DSC08190-1920x1200-72dpi.jpg\" \/>\n\t<meta property=\"og:image:width\" content=\"857\" \/>\n\t<meta property=\"og:image:height\" content=\"1200\" \/>\n\t<meta property=\"og:image:type\" content=\"image\/jpeg\" \/>\n<meta name=\"twitter:card\" content=\"summary_large_image\" \/>\n<meta name=\"twitter:label1\" content=\"Ansl. lesetid\" \/>\n\t<meta name=\"twitter:data1\" content=\"1 minutt\" \/>\n<script type=\"application\/ld+json\" class=\"yoast-schema-graph\">{\"@context\":\"https:\\\/\\\/schema.org\",\"@graph\":[{\"@type\":\"WebPage\",\"@id\":\"https:\\\/\\\/www.tovefevang.no\\\/shop\\\/produkt\\\/geir-flettegenser\\\/\",\"url\":\"https:\\\/\\\/www.tovefevang.no\\\/shop\\\/produkt\\\/geir-flettegenser\\\/\",\"name\":\"GEIR flettegenser - Idestuen AS - Tove Fevang\",\"isPartOf\":{\"@id\":\"https:\\\/\\\/www.tovefevang.no\\\/shop\\\/#website\"},\"primaryImageOfPage\":{\"@id\":\"https:\\\/\\\/www.tovefevang.no\\\/shop\\\/produkt\\\/geir-flettegenser\\\/#primaryimage\"},\"image\":{\"@id\":\"https:\\\/\\\/www.tovefevang.no\\\/shop\\\/produkt\\\/geir-flettegenser\\\/#primaryimage\"},\"thumbnailUrl\":\"https:\\\/\\\/www.tovefevang.no\\\/shop\\\/wp-content\\\/uploads\\\/sites\\\/2\\\/2024\\\/03\\\/DSC08190-1920x1200-72dpi.jpg\",\"datePublished\":\"2024-03-21T18:28:31+00:00\",\"dateModified\":\"2024-03-28T11:02:08+00:00\",\"breadcrumb\":{\"@id\":\"https:\\\/\\\/www.tovefevang.no\\\/shop\\\/produkt\\\/geir-flettegenser\\\/#breadcrumb\"},\"inLanguage\":\"nb-NO\",\"potentialAction\":[{\"@type\":\"ReadAction\",\"target\":[\"https:\\\/\\\/www.tovefevang.no\\\/shop\\\/produkt\\\/geir-flettegenser\\\/\"]}]},{\"@type\":\"ImageObject\",\"inLanguage\":\"nb-NO\",\"@id\":\"https:\\\/\\\/www.tovefevang.no\\\/shop\\\/produkt\\\/geir-flettegenser\\\/#primaryimage\",\"url\":\"https:\\\/\\\/www.tovefevang.no\\\/shop\\\/wp-content\\\/uploads\\\/sites\\\/2\\\/2024\\\/03\\\/DSC08190-1920x1200-72dpi.jpg\",\"contentUrl\":\"https:\\\/\\\/www.tovefevang.no\\\/shop\\\/wp-content\\\/uploads\\\/sites\\\/2\\\/2024\\\/03\\\/DSC08190-1920x1200-72dpi.jpg\",\"width\":857,\"height\":1200},{\"@type\":\"BreadcrumbList\",\"@id\":\"https:\\\/\\\/www.tovefevang.no\\\/shop\\\/produkt\\\/geir-flettegenser\\\/#breadcrumb\",\"itemListElement\":[{\"@type\":\"ListItem\",\"position\":1,\"name\":\"Hjem\",\"item\":\"https:\\\/\\\/www.tovefevang.no\\\/shop\\\/\"},{\"@type\":\"ListItem\",\"position\":2,\"name\":\"Nettbutikk\",\"item\":\"https:\\\/\\\/www.tovefevang.no\\\/shop\\\/butikk\\\/\"},{\"@type\":\"ListItem\",\"position\":3,\"name\":\"GEIR flettegenser\"}]},{\"@type\":\"WebSite\",\"@id\":\"https:\\\/\\\/www.tovefevang.no\\\/shop\\\/#website\",\"url\":\"https:\\\/\\\/www.tovefevang.no\\\/shop\\\/\",\"name\":\"Idestuen AS - Tove Fevang\",\"description\":\"Idestuen AS - Tove Fevang\",\"publisher\":{\"@id\":\"https:\\\/\\\/www.tovefevang.no\\\/shop\\\/#organization\"},\"potentialAction\":[{\"@type\":\"SearchAction\",\"target\":{\"@type\":\"EntryPoint\",\"urlTemplate\":\"https:\\\/\\\/www.tovefevang.no\\\/shop\\\/?s={search_term_string}\"},\"query-input\":{\"@type\":\"PropertyValueSpecification\",\"valueRequired\":true,\"valueName\":\"search_term_string\"}}],\"inLanguage\":\"nb-NO\"},{\"@type\":\"Organization\",\"@id\":\"https:\\\/\\\/www.tovefevang.no\\\/shop\\\/#organization\",\"name\":\"Idestuen AS - Tove Fevang\",\"url\":\"https:\\\/\\\/www.tovefevang.no\\\/shop\\\/\",\"logo\":{\"@type\":\"ImageObject\",\"inLanguage\":\"nb-NO\",\"@id\":\"https:\\\/\\\/www.tovefevang.no\\\/shop\\\/#\\\/schema\\\/logo\\\/image\\\/\",\"url\":\"https:\\\/\\\/www.tovefevang.no\\\/shop\\\/wp-content\\\/uploads\\\/sites\\\/2\\\/2023\\\/11\\\/tovefevang-logo-1950_500.png\",\"contentUrl\":\"https:\\\/\\\/www.tovefevang.no\\\/shop\\\/wp-content\\\/uploads\\\/sites\\\/2\\\/2023\\\/11\\\/tovefevang-logo-1950_500.png\",\"width\":708,\"height\":181,\"caption\":\"Idestuen AS - Tove Fevang\"},\"image\":{\"@id\":\"https:\\\/\\\/www.tovefevang.no\\\/shop\\\/#\\\/schema\\\/logo\\\/image\\\/\"},\"sameAs\":[\"https:\\\/\\\/www.facebook.com\\\/tovefevang.no\"]}]}<\/script>\n<!-- \/ Yoast SEO plugin. -->","yoast_head_json":{"title":"GEIR flettegenser - Idestuen AS - Tove Fevang","robots":{"index":"index","follow":"follow","max-snippet":"max-snippet:-1","max-image-preview":"max-image-preview:large","max-video-preview":"max-video-preview:-1"},"canonical":"https:\/\/www.tovefevang.no\/shop\/produkt\/geir-flettegenser\/","og_locale":"nb_NO","og_type":"article","og_title":"GEIR flettegenser - Idestuen AS - Tove Fevang","og_description":"Opplysninger oppskriften: ST\u00d8RRELSE: (1) 2 (3) 4 (5) 6 PLAGGETS M\u00c5L: Overvidde: (92) 102 (110) 119 (127) 137 cm Hel lengde: (63) 65 (68) 70 (72) 74 cm Ermelengde: (49) 50 (50) 51 (52) 53 cm eller \u00f8nsket lengde Overvidde m\u00e5les rett overbrystkassen og med stramt m\u00e5leb\u00e5nd. GARN: Spindrift fra Jamieson`s of Shetland (100 % Shetlands ull)\u00a0NB!\u00a025 g n\u00f8ster = ca. 105 m (50 = 210 m) GARNFORBRUK: Mooskit f.nr. 106, (350) 375 (425) 450 (500) 575 g Opplysninger om garnet f\u00e5s hos: www.tovefevang.no PINNER (veiledende): Bol og ermer:\u00a0ChiaoGoo rundp 80 cm (bol) og 120 cm til Magic-Loop (ermer) og raglanfelling nr. 2 \u00bd vrangbord og nr. 2 \u00be til glattstrikk\/fletter Halskant:\u00a0ChiaoGoo rundp 60-80 p nr. 2 \u00bd og 2 \u00bc, pluss en ekstra rundpinne for \u00e5 lage\/legge opp masker p\u00e5 innsiden av halskanten p nr. 2 eller tynnere. Eventuelt hjelpepinne til fletter, hvis ikke teknikken strikke fletter uten hjelpepinne benyttes. STRIKKEFASTHET: 28 m og ca. 42 omg. glattstrikk p\u00e5 p nr. 2,75 = 10 x 10 cm TILBEH\u00d8R: 24 tynne maskemark\u00f8rer  Les mer om oppskriften p\u00e5 nettsiden her.","og_url":"https:\/\/www.tovefevang.no\/shop\/produkt\/geir-flettegenser\/","og_site_name":"Idestuen AS - Tove Fevang","article_publisher":"https:\/\/www.facebook.com\/tovefevang.no","article_modified_time":"2024-03-28T11:02:08+00:00","og_image":[{"width":857,"height":1200,"url":"https:\/\/www.tovefevang.no\/shop\/wp-content\/uploads\/sites\/2\/2024\/03\/DSC08190-1920x1200-72dpi.jpg","type":"image\/jpeg"}],"twitter_card":"summary_large_image","twitter_misc":{"Ansl. lesetid":"1 minutt"},"schema":{"@context":"https:\/\/schema.org","@graph":[{"@type":"WebPage","@id":"https:\/\/www.tovefevang.no\/shop\/produkt\/geir-flettegenser\/","url":"https:\/\/www.tovefevang.no\/shop\/produkt\/geir-flettegenser\/","name":"GEIR flettegenser - Idestuen AS - Tove Fevang","isPartOf":{"@id":"https:\/\/www.tovefevang.no\/shop\/#website"},"primaryImageOfPage":{"@id":"https:\/\/www.tovefevang.no\/shop\/produkt\/geir-flettegenser\/#primaryimage"},"image":{"@id":"https:\/\/www.tovefevang.no\/shop\/produkt\/geir-flettegenser\/#primaryimage"},"thumbnailUrl":"https:\/\/www.tovefevang.no\/shop\/wp-content\/uploads\/sites\/2\/2024\/03\/DSC08190-1920x1200-72dpi.jpg","datePublished":"2024-03-21T18:28:31+00:00","dateModified":"2024-03-28T11:02:08+00:00","breadcrumb":{"@id":"https:\/\/www.tovefevang.no\/shop\/produkt\/geir-flettegenser\/#breadcrumb"},"inLanguage":"nb-NO","potentialAction":[{"@type":"ReadAction","target":["https:\/\/www.tovefevang.no\/shop\/produkt\/geir-flettegenser\/"]}]},{"@type":"ImageObject","inLanguage":"nb-NO","@id":"https:\/\/www.tovefevang.no\/shop\/produkt\/geir-flettegenser\/#primaryimage","url":"https:\/\/www.tovefevang.no\/shop\/wp-content\/uploads\/sites\/2\/2024\/03\/DSC08190-1920x1200-72dpi.jpg","contentUrl":"https:\/\/www.tovefevang.no\/shop\/wp-content\/uploads\/sites\/2\/2024\/03\/DSC08190-1920x1200-72dpi.jpg","width":857,"height":1200},{"@type":"BreadcrumbList","@id":"https:\/\/www.tovefevang.no\/shop\/produkt\/geir-flettegenser\/#breadcrumb","itemListElement":[{"@type":"ListItem","position":1,"name":"Hjem","item":"https:\/\/www.tovefevang.no\/shop\/"},{"@type":"ListItem","position":2,"name":"Nettbutikk","item":"https:\/\/www.tovefevang.no\/shop\/butikk\/"},{"@type":"ListItem","position":3,"name":"GEIR flettegenser"}]},{"@type":"WebSite","@id":"https:\/\/www.tovefevang.no\/shop\/#website","url":"https:\/\/www.tovefevang.no\/shop\/","name":"Idestuen AS - Tove Fevang","description":"Idestuen AS - Tove Fevang","publisher":{"@id":"https:\/\/www.tovefevang.no\/shop\/#organization"},"potentialAction":[{"@type":"SearchAction","target":{"@type":"EntryPoint","urlTemplate":"https:\/\/www.tovefevang.no\/shop\/?s={search_term_string}"},"query-input":{"@type":"PropertyValueSpecification","valueRequired":true,"valueName":"search_term_string"}}],"inLanguage":"nb-NO"},{"@type":"Organization","@id":"https:\/\/www.tovefevang.no\/shop\/#organization","name":"Idestuen AS - Tove Fevang","url":"https:\/\/www.tovefevang.no\/shop\/","logo":{"@type":"ImageObject","inLanguage":"nb-NO","@id":"https:\/\/www.tovefevang.no\/shop\/#\/schema\/logo\/image\/","url":"https:\/\/www.tovefevang.no\/shop\/wp-content\/uploads\/sites\/2\/2023\/11\/tovefevang-logo-1950_500.png","contentUrl":"https:\/\/www.tovefevang.no\/shop\/wp-content\/uploads\/sites\/2\/2023\/11\/tovefevang-logo-1950_500.png","width":708,"height":181,"caption":"Idestuen AS - Tove Fevang"},"image":{"@id":"https:\/\/www.tovefevang.no\/shop\/#\/schema\/logo\/image\/"},"sameAs":["https:\/\/www.facebook.com\/tovefevang.no"]}]}},"featured_img":"https:\/\/www.tovefevang.no\/shop\/wp-content\/uploads\/sites\/2\/2024\/03\/DSC08190-1920x1200-72dpi.jpg","coauthors":[],"author_meta":{"author_link":"https:\/\/www.tovefevang.no\/shop\/author\/tove\/","display_name":"Tove Fevang"},"relative_dates":{"created":"Publisert 2 \u00e5r siden","modified":"Oppdatert 2 \u00e5r siden"},"absolute_dates":{"created":"Publisert 21. mars 2024","modified":"Oppdatert 28. mars 2024"},"absolute_dates_time":{"created":"Publisert 21. mars 2024 19:28","modified":"Oppdatert 28. mars 2024 12:02"},"featured_img_caption":"","tax_additional":{"product_brand":{"linked":[],"unlinked":[],"slug":"product_brand","name":"Merker"},"product_type":{"linked":["<a href=\"https:\/\/www.tovefevang.no\/shop\/?taxonomy=product_type&#038;term=simple\" class=\"advgb-post-tax-term\">simple<\/a>"],"unlinked":["<span class=\"advgb-post-tax-term\">simple<\/span>"],"slug":"product_type","name":"Produkttype"},"product_visibility":{"linked":[],"unlinked":[],"slug":"product_visibility","name":"Produktsynlighet"},"product_cat":{"linked":["<a href=\"https:\/\/www.tovefevang.no\/shop\/produktkategori\/produkter\/oppskrift\/genser\/\" class=\"advgb-post-tax-term\">Genser<\/a>","<a href=\"https:\/\/www.tovefevang.no\/shop\/produktkategori\/produkter\/oppskrift\/\" class=\"advgb-post-tax-term\">Oppskrifter<\/a>"],"unlinked":["<span class=\"advgb-post-tax-term\">Genser<\/span>","<span class=\"advgb-post-tax-term\">Oppskrifter<\/span>"],"slug":"product_cat","name":"Produktkategorier"},"product_tag":{"linked":[],"unlinked":[],"slug":"product_tag","name":"Produktstikkord"},"product_shipping_class":{"linked":[],"unlinked":[],"slug":"product_shipping_class","name":"Produkt fraktklasse"},"pos_product_visibility":{"linked":[],"unlinked":[],"slug":"pos_product_visibility","name":"POS Product visibility"},"pa_color":{"linked":[],"unlinked":[],"slug":"pa_color","name":"Produkt Farge"},"pa_size":{"linked":[],"unlinked":[],"slug":"pa_size","name":"Produkt St\u00f8rrelse"}},"series_order":"","_links":{"self":[{"href":"https:\/\/www.tovefevang.no\/shop\/wp-json\/wp\/v2\/product\/1710","targetHints":{"allow":["GET"]}}],"collection":[{"href":"https:\/\/www.tovefevang.no\/shop\/wp-json\/wp\/v2\/product"}],"about":[{"href":"https:\/\/www.tovefevang.no\/shop\/wp-json\/wp\/v2\/types\/product"}],"wp:featuredmedia":[{"embeddable":true,"href":"https:\/\/www.tovefevang.no\/shop\/wp-json\/wp\/v2\/media\/1711"}],"wp:attachment":[{"href":"https:\/\/www.tovefevang.no\/shop\/wp-json\/wp\/v2\/media?parent=1710"}],"wp:term":[{"taxonomy":"product_brand","embeddable":true,"href":"https:\/\/www.tovefevang.no\/shop\/wp-json\/wp\/v2\/product_brand?post=1710"},{"taxonomy":"product_cat","embeddable":true,"href":"https:\/\/www.tovefevang.no\/shop\/wp-json\/wp\/v2\/product_cat?post=1710"},{"taxonomy":"product_tag","embeddable":true,"href":"https:\/\/www.tovefevang.no\/shop\/wp-json\/wp\/v2\/product_tag?post=1710"}],"curies":[{"name":"wp","href":"https:\/\/api.w.org\/{rel}","templated":true}]}}