{"id":13329,"date":"2026-04-01T17:02:12","date_gmt":"2026-04-01T15:02:12","guid":{"rendered":"https:\/\/www.tovefevang.no\/shop\/?post_type=product&#038;p=13329"},"modified":"2026-04-06T11:45:57","modified_gmt":"2026-04-06T09:45:57","slug":"firkantpinner-quads-10-cm-utskiftbare-pinnetupper-til-lose-vaiere","status":"publish","type":"product","link":"https:\/\/www.tovefevang.no\/shop\/produkt\/firkantpinner-quads-10-cm-utskiftbare-pinnetupper-til-lose-vaiere\/","title":{"rendered":"Firkantpinner (Quads) 10 cm utskiftbare pinnetupper (til l\u00f8se vaiere)"},"content":{"rendered":"","protected":false},"excerpt":{"rendered":"<p class=\"p1\">Quads utskiftbare firkantpinnetupper.<br \/>\nMer behagelig \u00e5 holde enn en rundpinne p\u00e5 grunn av de flate sidene og avrundede hj\u00f8rnene. De er m\u00e5lrettet kalibrert for \u00e5 oppn\u00e5 samme strikkefasthet som rundpinner. Det er ikke n\u00f8dvendig \u00e5 &laquo;oppgradere&raquo; pinnest\u00f8rrelsen som med andre merker. Passer sammen med alle ChiaoGoo Small l\u00f8se vaiere. Det sies at firkantpinner gir et mer behagelig grep og mindre belasting for hender og\u00a0 fingre.<br \/>\nAnbefales \u00e5 bruke sammen med v\u00e5re NYE swiveladaptere (360 grader snurr) for enda mer komfortabel strikking.<\/p>\n<p>ChiaoGoo har livtidsgaranti p\u00e5 pinner og vaier ved produksjonsfeil, dog ikke p\u00e5 slitasje og feilbruk, dessverre.<\/p>\n<p class=\"p1\"><a href=\"https:\/\/www.tovefevang.no\/blog\/2026\/04\/05\/chiaogoo-strikkepinner-du-fortjener-det-beste-2-2\/\">Les mer om ChiaoGoo her:<\/a><\/p>\n<p class=\"p1\">\n","protected":false},"author":4,"featured_media":13322,"template":"","meta":{"advgb_blocks_editor_width":"","advgb_blocks_columns_visual_guide":""},"product_brand":[],"product_cat":[27,67],"product_tag":[],"class_list":{"0":"post-13329","1":"product","2":"type-product","3":"status-publish","4":"has-post-thumbnail","6":"product_cat-chiagoo","7":"product_cat-pinnetupper-vaiere","9":"first","10":"instock","11":"taxable","12":"shipping-taxable","13":"purchasable","14":"product-type-variable","15":"wvs-archive-product-wrapper"},"yoast_head":"<!-- This site is optimized with the Yoast SEO plugin v27.4 - https:\/\/yoast.com\/product\/yoast-seo-wordpress\/ -->\n<title>Firkantpinner (Quads) 10 cm utskiftbare pinnetupper (til l\u00f8se vaiere) - Idestuen AS - Tove Fevang<\/title>\n<meta name=\"robots\" content=\"index, follow, max-snippet:-1, max-image-preview:large, max-video-preview:-1\" \/>\n<link rel=\"canonical\" href=\"https:\/\/www.tovefevang.no\/shop\/produkt\/firkantpinner-quads-10-cm-utskiftbare-pinnetupper-til-lose-vaiere\/\" \/>\n<meta property=\"og:locale\" content=\"nb_NO\" \/>\n<meta property=\"og:type\" content=\"article\" \/>\n<meta property=\"og:title\" content=\"Firkantpinner (Quads) 10 cm utskiftbare pinnetupper (til l\u00f8se vaiere) - Idestuen AS - Tove Fevang\" \/>\n<meta property=\"og:description\" content=\"Quads utskiftbare firkantpinnetupper. Mer behagelig \u00e5 holde enn en rundpinne p\u00e5 grunn av de flate sidene og avrundede hj\u00f8rnene. De er m\u00e5lrettet kalibrert for \u00e5 oppn\u00e5 samme strikkefasthet som rundpinner. Det er ikke n\u00f8dvendig \u00e5 &quot;oppgradere&quot; pinnest\u00f8rrelsen som med andre merker. Passer sammen med alle ChiaoGoo Small l\u00f8se vaiere. Det sies at firkantpinner gir et mer behagelig grep og mindre belasting for hender og\u00a0 fingre. Anbefales \u00e5 bruke sammen med v\u00e5re NYE swiveladaptere (360 grader snurr) for enda mer komfortabel strikking. ChiaoGoo har livtidsgaranti p\u00e5 pinner og vaier ved produksjonsfeil, dog ikke p\u00e5 slitasje og feilbruk, dessverre. Les mer om ChiaoGoo her:\" \/>\n<meta property=\"og:url\" content=\"https:\/\/www.tovefevang.no\/shop\/produkt\/firkantpinner-quads-10-cm-utskiftbare-pinnetupper-til-lose-vaiere\/\" \/>\n<meta property=\"og:site_name\" content=\"Idestuen AS - Tove Fevang\" \/>\n<meta property=\"article:publisher\" content=\"https:\/\/www.facebook.com\/tovefevang.no\" \/>\n<meta property=\"article:modified_time\" content=\"2026-04-06T09:45:57+00:00\" \/>\n<meta property=\"og:image\" content=\"https:\/\/www.tovefevang.no\/shop\/wp-content\/uploads\/sites\/2\/2026\/04\/quads.png\" \/>\n\t<meta property=\"og:image:width\" content=\"900\" \/>\n\t<meta property=\"og:image:height\" content=\"1592\" \/>\n\t<meta property=\"og:image:type\" content=\"image\/png\" \/>\n<meta name=\"twitter:card\" content=\"summary_large_image\" \/>\n<meta name=\"twitter:label1\" content=\"Ansl. lesetid\" \/>\n\t<meta name=\"twitter:data1\" content=\"1 minutt\" \/>\n<script type=\"application\/ld+json\" class=\"yoast-schema-graph\">{\"@context\":\"https:\\\/\\\/schema.org\",\"@graph\":[{\"@type\":\"WebPage\",\"@id\":\"https:\\\/\\\/www.tovefevang.no\\\/shop\\\/produkt\\\/firkantpinner-quads-10-cm-utskiftbare-pinnetupper-til-lose-vaiere\\\/\",\"url\":\"https:\\\/\\\/www.tovefevang.no\\\/shop\\\/produkt\\\/firkantpinner-quads-10-cm-utskiftbare-pinnetupper-til-lose-vaiere\\\/\",\"name\":\"Firkantpinner (Quads) 10 cm utskiftbare pinnetupper (til l\u00f8se vaiere) - Idestuen AS - Tove Fevang\",\"isPartOf\":{\"@id\":\"https:\\\/\\\/www.tovefevang.no\\\/shop\\\/#website\"},\"primaryImageOfPage\":{\"@id\":\"https:\\\/\\\/www.tovefevang.no\\\/shop\\\/produkt\\\/firkantpinner-quads-10-cm-utskiftbare-pinnetupper-til-lose-vaiere\\\/#primaryimage\"},\"image\":{\"@id\":\"https:\\\/\\\/www.tovefevang.no\\\/shop\\\/produkt\\\/firkantpinner-quads-10-cm-utskiftbare-pinnetupper-til-lose-vaiere\\\/#primaryimage\"},\"thumbnailUrl\":\"https:\\\/\\\/www.tovefevang.no\\\/shop\\\/wp-content\\\/uploads\\\/sites\\\/2\\\/2026\\\/04\\\/quads.png\",\"datePublished\":\"2026-04-01T15:02:12+00:00\",\"dateModified\":\"2026-04-06T09:45:57+00:00\",\"breadcrumb\":{\"@id\":\"https:\\\/\\\/www.tovefevang.no\\\/shop\\\/produkt\\\/firkantpinner-quads-10-cm-utskiftbare-pinnetupper-til-lose-vaiere\\\/#breadcrumb\"},\"inLanguage\":\"nb-NO\",\"potentialAction\":[{\"@type\":\"ReadAction\",\"target\":[\"https:\\\/\\\/www.tovefevang.no\\\/shop\\\/produkt\\\/firkantpinner-quads-10-cm-utskiftbare-pinnetupper-til-lose-vaiere\\\/\"]}]},{\"@type\":\"ImageObject\",\"inLanguage\":\"nb-NO\",\"@id\":\"https:\\\/\\\/www.tovefevang.no\\\/shop\\\/produkt\\\/firkantpinner-quads-10-cm-utskiftbare-pinnetupper-til-lose-vaiere\\\/#primaryimage\",\"url\":\"https:\\\/\\\/www.tovefevang.no\\\/shop\\\/wp-content\\\/uploads\\\/sites\\\/2\\\/2026\\\/04\\\/quads.png\",\"contentUrl\":\"https:\\\/\\\/www.tovefevang.no\\\/shop\\\/wp-content\\\/uploads\\\/sites\\\/2\\\/2026\\\/04\\\/quads.png\",\"width\":900,\"height\":1592},{\"@type\":\"BreadcrumbList\",\"@id\":\"https:\\\/\\\/www.tovefevang.no\\\/shop\\\/produkt\\\/firkantpinner-quads-10-cm-utskiftbare-pinnetupper-til-lose-vaiere\\\/#breadcrumb\",\"itemListElement\":[{\"@type\":\"ListItem\",\"position\":1,\"name\":\"Hjem\",\"item\":\"https:\\\/\\\/www.tovefevang.no\\\/shop\\\/\"},{\"@type\":\"ListItem\",\"position\":2,\"name\":\"Nettbutikk\",\"item\":\"https:\\\/\\\/www.tovefevang.no\\\/shop\\\/butikk\\\/\"},{\"@type\":\"ListItem\",\"position\":3,\"name\":\"Firkantpinner (Quads) 10 cm utskiftbare pinnetupper (til l\u00f8se vaiere)\"}]},{\"@type\":\"WebSite\",\"@id\":\"https:\\\/\\\/www.tovefevang.no\\\/shop\\\/#website\",\"url\":\"https:\\\/\\\/www.tovefevang.no\\\/shop\\\/\",\"name\":\"Idestuen AS - Tove Fevang\",\"description\":\"Idestuen AS - Tove Fevang\",\"publisher\":{\"@id\":\"https:\\\/\\\/www.tovefevang.no\\\/shop\\\/#organization\"},\"potentialAction\":[{\"@type\":\"SearchAction\",\"target\":{\"@type\":\"EntryPoint\",\"urlTemplate\":\"https:\\\/\\\/www.tovefevang.no\\\/shop\\\/?s={search_term_string}\"},\"query-input\":{\"@type\":\"PropertyValueSpecification\",\"valueRequired\":true,\"valueName\":\"search_term_string\"}}],\"inLanguage\":\"nb-NO\"},{\"@type\":\"Organization\",\"@id\":\"https:\\\/\\\/www.tovefevang.no\\\/shop\\\/#organization\",\"name\":\"Idestuen AS - Tove Fevang\",\"url\":\"https:\\\/\\\/www.tovefevang.no\\\/shop\\\/\",\"logo\":{\"@type\":\"ImageObject\",\"inLanguage\":\"nb-NO\",\"@id\":\"https:\\\/\\\/www.tovefevang.no\\\/shop\\\/#\\\/schema\\\/logo\\\/image\\\/\",\"url\":\"https:\\\/\\\/www.tovefevang.no\\\/shop\\\/wp-content\\\/uploads\\\/sites\\\/2\\\/2023\\\/11\\\/tovefevang-logo-1950_500.png\",\"contentUrl\":\"https:\\\/\\\/www.tovefevang.no\\\/shop\\\/wp-content\\\/uploads\\\/sites\\\/2\\\/2023\\\/11\\\/tovefevang-logo-1950_500.png\",\"width\":708,\"height\":181,\"caption\":\"Idestuen AS - Tove Fevang\"},\"image\":{\"@id\":\"https:\\\/\\\/www.tovefevang.no\\\/shop\\\/#\\\/schema\\\/logo\\\/image\\\/\"},\"sameAs\":[\"https:\\\/\\\/www.facebook.com\\\/tovefevang.no\"]}]}<\/script>\n<!-- \/ Yoast SEO plugin. -->","yoast_head_json":{"title":"Firkantpinner (Quads) 10 cm utskiftbare pinnetupper (til l\u00f8se vaiere) - Idestuen AS - Tove Fevang","robots":{"index":"index","follow":"follow","max-snippet":"max-snippet:-1","max-image-preview":"max-image-preview:large","max-video-preview":"max-video-preview:-1"},"canonical":"https:\/\/www.tovefevang.no\/shop\/produkt\/firkantpinner-quads-10-cm-utskiftbare-pinnetupper-til-lose-vaiere\/","og_locale":"nb_NO","og_type":"article","og_title":"Firkantpinner (Quads) 10 cm utskiftbare pinnetupper (til l\u00f8se vaiere) - Idestuen AS - Tove Fevang","og_description":"Quads utskiftbare firkantpinnetupper. Mer behagelig \u00e5 holde enn en rundpinne p\u00e5 grunn av de flate sidene og avrundede hj\u00f8rnene. De er m\u00e5lrettet kalibrert for \u00e5 oppn\u00e5 samme strikkefasthet som rundpinner. Det er ikke n\u00f8dvendig \u00e5 \"oppgradere\" pinnest\u00f8rrelsen som med andre merker. Passer sammen med alle ChiaoGoo Small l\u00f8se vaiere. Det sies at firkantpinner gir et mer behagelig grep og mindre belasting for hender og\u00a0 fingre. Anbefales \u00e5 bruke sammen med v\u00e5re NYE swiveladaptere (360 grader snurr) for enda mer komfortabel strikking. ChiaoGoo har livtidsgaranti p\u00e5 pinner og vaier ved produksjonsfeil, dog ikke p\u00e5 slitasje og feilbruk, dessverre. Les mer om ChiaoGoo her:","og_url":"https:\/\/www.tovefevang.no\/shop\/produkt\/firkantpinner-quads-10-cm-utskiftbare-pinnetupper-til-lose-vaiere\/","og_site_name":"Idestuen AS - Tove Fevang","article_publisher":"https:\/\/www.facebook.com\/tovefevang.no","article_modified_time":"2026-04-06T09:45:57+00:00","og_image":[{"width":900,"height":1592,"url":"https:\/\/www.tovefevang.no\/shop\/wp-content\/uploads\/sites\/2\/2026\/04\/quads.png","type":"image\/png"}],"twitter_card":"summary_large_image","twitter_misc":{"Ansl. lesetid":"1 minutt"},"schema":{"@context":"https:\/\/schema.org","@graph":[{"@type":"WebPage","@id":"https:\/\/www.tovefevang.no\/shop\/produkt\/firkantpinner-quads-10-cm-utskiftbare-pinnetupper-til-lose-vaiere\/","url":"https:\/\/www.tovefevang.no\/shop\/produkt\/firkantpinner-quads-10-cm-utskiftbare-pinnetupper-til-lose-vaiere\/","name":"Firkantpinner (Quads) 10 cm utskiftbare pinnetupper (til l\u00f8se vaiere) - Idestuen AS - Tove Fevang","isPartOf":{"@id":"https:\/\/www.tovefevang.no\/shop\/#website"},"primaryImageOfPage":{"@id":"https:\/\/www.tovefevang.no\/shop\/produkt\/firkantpinner-quads-10-cm-utskiftbare-pinnetupper-til-lose-vaiere\/#primaryimage"},"image":{"@id":"https:\/\/www.tovefevang.no\/shop\/produkt\/firkantpinner-quads-10-cm-utskiftbare-pinnetupper-til-lose-vaiere\/#primaryimage"},"thumbnailUrl":"https:\/\/www.tovefevang.no\/shop\/wp-content\/uploads\/sites\/2\/2026\/04\/quads.png","datePublished":"2026-04-01T15:02:12+00:00","dateModified":"2026-04-06T09:45:57+00:00","breadcrumb":{"@id":"https:\/\/www.tovefevang.no\/shop\/produkt\/firkantpinner-quads-10-cm-utskiftbare-pinnetupper-til-lose-vaiere\/#breadcrumb"},"inLanguage":"nb-NO","potentialAction":[{"@type":"ReadAction","target":["https:\/\/www.tovefevang.no\/shop\/produkt\/firkantpinner-quads-10-cm-utskiftbare-pinnetupper-til-lose-vaiere\/"]}]},{"@type":"ImageObject","inLanguage":"nb-NO","@id":"https:\/\/www.tovefevang.no\/shop\/produkt\/firkantpinner-quads-10-cm-utskiftbare-pinnetupper-til-lose-vaiere\/#primaryimage","url":"https:\/\/www.tovefevang.no\/shop\/wp-content\/uploads\/sites\/2\/2026\/04\/quads.png","contentUrl":"https:\/\/www.tovefevang.no\/shop\/wp-content\/uploads\/sites\/2\/2026\/04\/quads.png","width":900,"height":1592},{"@type":"BreadcrumbList","@id":"https:\/\/www.tovefevang.no\/shop\/produkt\/firkantpinner-quads-10-cm-utskiftbare-pinnetupper-til-lose-vaiere\/#breadcrumb","itemListElement":[{"@type":"ListItem","position":1,"name":"Hjem","item":"https:\/\/www.tovefevang.no\/shop\/"},{"@type":"ListItem","position":2,"name":"Nettbutikk","item":"https:\/\/www.tovefevang.no\/shop\/butikk\/"},{"@type":"ListItem","position":3,"name":"Firkantpinner (Quads) 10 cm utskiftbare pinnetupper (til l\u00f8se vaiere)"}]},{"@type":"WebSite","@id":"https:\/\/www.tovefevang.no\/shop\/#website","url":"https:\/\/www.tovefevang.no\/shop\/","name":"Idestuen AS - Tove Fevang","description":"Idestuen AS - Tove Fevang","publisher":{"@id":"https:\/\/www.tovefevang.no\/shop\/#organization"},"potentialAction":[{"@type":"SearchAction","target":{"@type":"EntryPoint","urlTemplate":"https:\/\/www.tovefevang.no\/shop\/?s={search_term_string}"},"query-input":{"@type":"PropertyValueSpecification","valueRequired":true,"valueName":"search_term_string"}}],"inLanguage":"nb-NO"},{"@type":"Organization","@id":"https:\/\/www.tovefevang.no\/shop\/#organization","name":"Idestuen AS - Tove Fevang","url":"https:\/\/www.tovefevang.no\/shop\/","logo":{"@type":"ImageObject","inLanguage":"nb-NO","@id":"https:\/\/www.tovefevang.no\/shop\/#\/schema\/logo\/image\/","url":"https:\/\/www.tovefevang.no\/shop\/wp-content\/uploads\/sites\/2\/2023\/11\/tovefevang-logo-1950_500.png","contentUrl":"https:\/\/www.tovefevang.no\/shop\/wp-content\/uploads\/sites\/2\/2023\/11\/tovefevang-logo-1950_500.png","width":708,"height":181,"caption":"Idestuen AS - Tove Fevang"},"image":{"@id":"https:\/\/www.tovefevang.no\/shop\/#\/schema\/logo\/image\/"},"sameAs":["https:\/\/www.facebook.com\/tovefevang.no"]}]}},"featured_img":"https:\/\/www.tovefevang.no\/shop\/wp-content\/uploads\/sites\/2\/2026\/04\/quads.png","coauthors":[],"author_meta":{"author_link":"https:\/\/www.tovefevang.no\/shop\/author\/geiradmin\/","display_name":"Geir Arnesen"},"relative_dates":{"created":"Publisert 3 uker siden","modified":"Oppdatert 2 uker siden"},"absolute_dates":{"created":"Publisert 1. april 2026","modified":"Oppdatert 6. april 2026"},"absolute_dates_time":{"created":"Publisert 1. april 2026 17:02","modified":"Oppdatert 6. april 2026 11:45"},"featured_img_caption":"","tax_additional":{"product_brand":{"linked":[],"unlinked":[],"slug":"product_brand","name":"Merker"},"product_type":{"linked":["<a href=\"https:\/\/www.tovefevang.no\/shop\/?taxonomy=product_type&#038;term=variable\" class=\"advgb-post-tax-term\">variable<\/a>"],"unlinked":["<span class=\"advgb-post-tax-term\">variable<\/span>"],"slug":"product_type","name":"Produkttype"},"product_visibility":{"linked":[],"unlinked":[],"slug":"product_visibility","name":"Produktsynlighet"},"product_cat":{"linked":["<a href=\"https:\/\/www.tovefevang.no\/shop\/produktkategori\/produkter\/chiagoo\/\" class=\"advgb-post-tax-term\">ChiaoGoo strikkepinner og tilbeh\u00f8r<\/a>","<a href=\"https:\/\/www.tovefevang.no\/shop\/produktkategori\/produkter\/chiagoo\/pinnetupper-vaiere\/\" class=\"advgb-post-tax-term\">Utskiftbare pinnetupper og l\u00f8se vaiere<\/a>"],"unlinked":["<span class=\"advgb-post-tax-term\">ChiaoGoo strikkepinner og tilbeh\u00f8r<\/span>","<span class=\"advgb-post-tax-term\">Utskiftbare pinnetupper og l\u00f8se vaiere<\/span>"],"slug":"product_cat","name":"Produktkategorier"},"product_tag":{"linked":[],"unlinked":[],"slug":"product_tag","name":"Produktstikkord"},"product_shipping_class":{"linked":[],"unlinked":[],"slug":"product_shipping_class","name":"Produkt fraktklasse"},"pos_product_visibility":{"linked":[],"unlinked":[],"slug":"pos_product_visibility","name":"POS Product visibility"},"pa_color":{"linked":[],"unlinked":[],"slug":"pa_color","name":"Produkt Farge"},"pa_size":{"linked":[],"unlinked":[],"slug":"pa_size","name":"Produkt St\u00f8rrelse"}},"series_order":"","_links":{"self":[{"href":"https:\/\/www.tovefevang.no\/shop\/wp-json\/wp\/v2\/product\/13329","targetHints":{"allow":["GET"]}}],"collection":[{"href":"https:\/\/www.tovefevang.no\/shop\/wp-json\/wp\/v2\/product"}],"about":[{"href":"https:\/\/www.tovefevang.no\/shop\/wp-json\/wp\/v2\/types\/product"}],"wp:featuredmedia":[{"embeddable":true,"href":"https:\/\/www.tovefevang.no\/shop\/wp-json\/wp\/v2\/media\/13322"}],"wp:attachment":[{"href":"https:\/\/www.tovefevang.no\/shop\/wp-json\/wp\/v2\/media?parent=13329"}],"wp:term":[{"taxonomy":"product_brand","embeddable":true,"href":"https:\/\/www.tovefevang.no\/shop\/wp-json\/wp\/v2\/product_brand?post=13329"},{"taxonomy":"product_cat","embeddable":true,"href":"https:\/\/www.tovefevang.no\/shop\/wp-json\/wp\/v2\/product_cat?post=13329"},{"taxonomy":"product_tag","embeddable":true,"href":"https:\/\/www.tovefevang.no\/shop\/wp-json\/wp\/v2\/product_tag?post=13329"}],"curies":[{"name":"wp","href":"https:\/\/api.w.org\/{rel}","templated":true}]}}