{"id":13121,"date":"2026-03-12T09:51:45","date_gmt":"2026-03-12T08:51:45","guid":{"rendered":"https:\/\/www.tovefevang.no\/shop\/?post_type=product&#038;p=13121"},"modified":"2026-04-09T08:38:13","modified_gmt":"2026-04-09T06:38:13","slug":"unst-tam-alpelue-beret-i-fair-isle-garnpakke","status":"publish","type":"product","link":"https:\/\/www.tovefevang.no\/shop\/produkt\/unst-tam-alpelue-beret-i-fair-isle-garnpakke\/","title":{"rendered":"Unst tam (alpelue\/beret) i Fair Isle &#8211; garnpakke"},"content":{"rendered":"\n<p><strong>ST\u00d8RRELSE:<\/strong><br>Dame ca. 54-59 cm hodeomkrets<\/p>\n\n\n\n<p><strong>MATERIALER:<\/strong><br>2 ply jumper fra Jamieson &amp; Smith =J&amp;S (100 % shetlands ull),<br>25 g = ca. 105 meter<br>Shetland Spindrift fra Jamieson\u00b4s of Shetland =JOS (100 % shetlands ull),<br>25 g = ca. 105 meter<br><strong>NB!<\/strong>&nbsp;Shetlandsgarn er 25 g n\u00f8ster og garnet fra begge produsenter kan brukes om hverandre<\/p>\n\n\n\n<p><strong>Husk Unst tam oppskriften m\u00e5 kj\u00f8pes separat i nettbutikken og lastes ned direkte.<\/strong> <a href=\"https:\/\/www.tovefevang.no\/shop\/produkt\/cathrine-damelue\/\">Kj\u00f8pes her.<\/a><\/p>\n\n\n\n<p><strong>Lys bunnfarge og bl\u00e5tt m\u00f8nster<\/strong><br>Farge 1, Lys koksgr\u00e5 f. nr. 27 (J&amp;S), 25 g<br>Farge 2, Stone beige f.nr. 202 ,(J&amp;S), 25 g<br>Farge 3, Turkis f. nr. FC39MIX (J&amp;S), 25 g<br>Farge 4, Bl\u00e5 f. nr. FC47MIX (J&amp;S), 25 g<br>Farge 5, Dyp lilla f. nr. FC14MIX (J&amp;S), 25 g<\/p>\n\n\n\n<p><strong>Sort bunnfarge og gyldent m\u00f8nster<\/strong><br>Farge 1, Sort f. nr. 77 (J&amp;S), 50 g<br>Farge 2, Koks f. nr.54 (J&amp;S), 25 g<br>Farge 3, Lys beige f.nr. 2 grey brown (J&amp;S), 25 g<br>Farge 4, Gylden brun f. nr. FC38MIX (J&amp;S), 25 g<br>Farge 5, Aprikos f. nr. FC7MIX(J&amp;S), 25 g<\/p>\n","protected":false},"excerpt":{"rendered":"<p><strong>Husk Unst tam oppskriften m\u00e5 kj\u00f8pes separat i nettbutikken og lastes ned direkte.<\/strong> <a href=\"https:\/\/www.tovefevang.no\/shop\/produkt\/cathrine-damelue\/\">Kj\u00f8pes her.<\/a><\/p>\n","protected":false},"author":4,"featured_media":13094,"template":"","meta":{"advgb_blocks_editor_width":"","advgb_blocks_columns_visual_guide":""},"product_brand":[],"product_cat":[33],"product_tag":[],"class_list":{"0":"post-13121","1":"product","2":"type-product","3":"status-publish","4":"has-post-thumbnail","6":"product_cat-garnpakker","8":"first","9":"instock","10":"taxable","11":"shipping-taxable","12":"purchasable","13":"product-type-variable","14":"wvs-archive-product-wrapper"},"yoast_head":"<!-- This site is optimized with the Yoast SEO plugin v27.4 - https:\/\/yoast.com\/product\/yoast-seo-wordpress\/ -->\n<title>Unst tam (alpelue\/beret) i Fair Isle - garnpakke - Idestuen AS - Tove Fevang<\/title>\n<meta name=\"robots\" content=\"index, follow, max-snippet:-1, max-image-preview:large, max-video-preview:-1\" \/>\n<link rel=\"canonical\" href=\"https:\/\/www.tovefevang.no\/shop\/produkt\/unst-tam-alpelue-beret-i-fair-isle-garnpakke\/\" \/>\n<meta property=\"og:locale\" content=\"nb_NO\" \/>\n<meta property=\"og:type\" content=\"article\" \/>\n<meta property=\"og:title\" content=\"Unst tam (alpelue\/beret) i Fair Isle - garnpakke - Idestuen AS - Tove Fevang\" \/>\n<meta property=\"og:description\" content=\"Husk Unst tam oppskriften m\u00e5 kj\u00f8pes separat i nettbutikken og lastes ned direkte. Kj\u00f8pes her.\" \/>\n<meta property=\"og:url\" content=\"https:\/\/www.tovefevang.no\/shop\/produkt\/unst-tam-alpelue-beret-i-fair-isle-garnpakke\/\" \/>\n<meta property=\"og:site_name\" content=\"Idestuen AS - Tove Fevang\" \/>\n<meta property=\"article:publisher\" content=\"https:\/\/www.facebook.com\/tovefevang.no\" \/>\n<meta property=\"article:modified_time\" content=\"2026-04-09T06:38:13+00:00\" \/>\n<meta property=\"og:image\" content=\"https:\/\/www.tovefevang.no\/shop\/wp-content\/uploads\/sites\/2\/2026\/03\/DSC04841-1920x1200-72dpi.jpg\" \/>\n\t<meta property=\"og:image:width\" content=\"1400\" \/>\n\t<meta property=\"og:image:height\" content=\"1200\" \/>\n\t<meta property=\"og:image:type\" content=\"image\/jpeg\" \/>\n<meta name=\"twitter:card\" content=\"summary_large_image\" \/>\n<meta name=\"twitter:label1\" content=\"Ansl. lesetid\" \/>\n\t<meta name=\"twitter:data1\" content=\"2 minutter\" \/>\n<script type=\"application\/ld+json\" class=\"yoast-schema-graph\">{\"@context\":\"https:\\\/\\\/schema.org\",\"@graph\":[{\"@type\":\"WebPage\",\"@id\":\"https:\\\/\\\/www.tovefevang.no\\\/shop\\\/produkt\\\/unst-tam-alpelue-beret-i-fair-isle-garnpakke\\\/\",\"url\":\"https:\\\/\\\/www.tovefevang.no\\\/shop\\\/produkt\\\/unst-tam-alpelue-beret-i-fair-isle-garnpakke\\\/\",\"name\":\"Unst tam (alpelue\\\/beret) i Fair Isle - garnpakke - Idestuen AS - Tove Fevang\",\"isPartOf\":{\"@id\":\"https:\\\/\\\/www.tovefevang.no\\\/shop\\\/#website\"},\"primaryImageOfPage\":{\"@id\":\"https:\\\/\\\/www.tovefevang.no\\\/shop\\\/produkt\\\/unst-tam-alpelue-beret-i-fair-isle-garnpakke\\\/#primaryimage\"},\"image\":{\"@id\":\"https:\\\/\\\/www.tovefevang.no\\\/shop\\\/produkt\\\/unst-tam-alpelue-beret-i-fair-isle-garnpakke\\\/#primaryimage\"},\"thumbnailUrl\":\"https:\\\/\\\/www.tovefevang.no\\\/shop\\\/wp-content\\\/uploads\\\/sites\\\/2\\\/2026\\\/03\\\/DSC04841-1920x1200-72dpi.jpg\",\"datePublished\":\"2026-03-12T08:51:45+00:00\",\"dateModified\":\"2026-04-09T06:38:13+00:00\",\"breadcrumb\":{\"@id\":\"https:\\\/\\\/www.tovefevang.no\\\/shop\\\/produkt\\\/unst-tam-alpelue-beret-i-fair-isle-garnpakke\\\/#breadcrumb\"},\"inLanguage\":\"nb-NO\",\"potentialAction\":[{\"@type\":\"ReadAction\",\"target\":[\"https:\\\/\\\/www.tovefevang.no\\\/shop\\\/produkt\\\/unst-tam-alpelue-beret-i-fair-isle-garnpakke\\\/\"]}]},{\"@type\":\"ImageObject\",\"inLanguage\":\"nb-NO\",\"@id\":\"https:\\\/\\\/www.tovefevang.no\\\/shop\\\/produkt\\\/unst-tam-alpelue-beret-i-fair-isle-garnpakke\\\/#primaryimage\",\"url\":\"https:\\\/\\\/www.tovefevang.no\\\/shop\\\/wp-content\\\/uploads\\\/sites\\\/2\\\/2026\\\/03\\\/DSC04841-1920x1200-72dpi.jpg\",\"contentUrl\":\"https:\\\/\\\/www.tovefevang.no\\\/shop\\\/wp-content\\\/uploads\\\/sites\\\/2\\\/2026\\\/03\\\/DSC04841-1920x1200-72dpi.jpg\",\"width\":1400,\"height\":1200},{\"@type\":\"BreadcrumbList\",\"@id\":\"https:\\\/\\\/www.tovefevang.no\\\/shop\\\/produkt\\\/unst-tam-alpelue-beret-i-fair-isle-garnpakke\\\/#breadcrumb\",\"itemListElement\":[{\"@type\":\"ListItem\",\"position\":1,\"name\":\"Hjem\",\"item\":\"https:\\\/\\\/www.tovefevang.no\\\/shop\\\/\"},{\"@type\":\"ListItem\",\"position\":2,\"name\":\"Nettbutikk\",\"item\":\"https:\\\/\\\/www.tovefevang.no\\\/shop\\\/butikk\\\/\"},{\"@type\":\"ListItem\",\"position\":3,\"name\":\"Unst tam (alpelue\\\/beret) i Fair Isle &#8211; garnpakke\"}]},{\"@type\":\"WebSite\",\"@id\":\"https:\\\/\\\/www.tovefevang.no\\\/shop\\\/#website\",\"url\":\"https:\\\/\\\/www.tovefevang.no\\\/shop\\\/\",\"name\":\"Idestuen AS - Tove Fevang\",\"description\":\"Idestuen AS - Tove Fevang\",\"publisher\":{\"@id\":\"https:\\\/\\\/www.tovefevang.no\\\/shop\\\/#organization\"},\"potentialAction\":[{\"@type\":\"SearchAction\",\"target\":{\"@type\":\"EntryPoint\",\"urlTemplate\":\"https:\\\/\\\/www.tovefevang.no\\\/shop\\\/?s={search_term_string}\"},\"query-input\":{\"@type\":\"PropertyValueSpecification\",\"valueRequired\":true,\"valueName\":\"search_term_string\"}}],\"inLanguage\":\"nb-NO\"},{\"@type\":\"Organization\",\"@id\":\"https:\\\/\\\/www.tovefevang.no\\\/shop\\\/#organization\",\"name\":\"Idestuen AS - Tove Fevang\",\"url\":\"https:\\\/\\\/www.tovefevang.no\\\/shop\\\/\",\"logo\":{\"@type\":\"ImageObject\",\"inLanguage\":\"nb-NO\",\"@id\":\"https:\\\/\\\/www.tovefevang.no\\\/shop\\\/#\\\/schema\\\/logo\\\/image\\\/\",\"url\":\"https:\\\/\\\/www.tovefevang.no\\\/shop\\\/wp-content\\\/uploads\\\/sites\\\/2\\\/2023\\\/11\\\/tovefevang-logo-1950_500.png\",\"contentUrl\":\"https:\\\/\\\/www.tovefevang.no\\\/shop\\\/wp-content\\\/uploads\\\/sites\\\/2\\\/2023\\\/11\\\/tovefevang-logo-1950_500.png\",\"width\":708,\"height\":181,\"caption\":\"Idestuen AS - Tove Fevang\"},\"image\":{\"@id\":\"https:\\\/\\\/www.tovefevang.no\\\/shop\\\/#\\\/schema\\\/logo\\\/image\\\/\"},\"sameAs\":[\"https:\\\/\\\/www.facebook.com\\\/tovefevang.no\"]}]}<\/script>\n<!-- \/ Yoast SEO plugin. -->","yoast_head_json":{"title":"Unst tam (alpelue\/beret) i Fair Isle - garnpakke - Idestuen AS - Tove Fevang","robots":{"index":"index","follow":"follow","max-snippet":"max-snippet:-1","max-image-preview":"max-image-preview:large","max-video-preview":"max-video-preview:-1"},"canonical":"https:\/\/www.tovefevang.no\/shop\/produkt\/unst-tam-alpelue-beret-i-fair-isle-garnpakke\/","og_locale":"nb_NO","og_type":"article","og_title":"Unst tam (alpelue\/beret) i Fair Isle - garnpakke - Idestuen AS - Tove Fevang","og_description":"Husk Unst tam oppskriften m\u00e5 kj\u00f8pes separat i nettbutikken og lastes ned direkte. Kj\u00f8pes her.","og_url":"https:\/\/www.tovefevang.no\/shop\/produkt\/unst-tam-alpelue-beret-i-fair-isle-garnpakke\/","og_site_name":"Idestuen AS - Tove Fevang","article_publisher":"https:\/\/www.facebook.com\/tovefevang.no","article_modified_time":"2026-04-09T06:38:13+00:00","og_image":[{"width":1400,"height":1200,"url":"https:\/\/www.tovefevang.no\/shop\/wp-content\/uploads\/sites\/2\/2026\/03\/DSC04841-1920x1200-72dpi.jpg","type":"image\/jpeg"}],"twitter_card":"summary_large_image","twitter_misc":{"Ansl. lesetid":"2 minutter"},"schema":{"@context":"https:\/\/schema.org","@graph":[{"@type":"WebPage","@id":"https:\/\/www.tovefevang.no\/shop\/produkt\/unst-tam-alpelue-beret-i-fair-isle-garnpakke\/","url":"https:\/\/www.tovefevang.no\/shop\/produkt\/unst-tam-alpelue-beret-i-fair-isle-garnpakke\/","name":"Unst tam (alpelue\/beret) i Fair Isle - garnpakke - Idestuen AS - Tove Fevang","isPartOf":{"@id":"https:\/\/www.tovefevang.no\/shop\/#website"},"primaryImageOfPage":{"@id":"https:\/\/www.tovefevang.no\/shop\/produkt\/unst-tam-alpelue-beret-i-fair-isle-garnpakke\/#primaryimage"},"image":{"@id":"https:\/\/www.tovefevang.no\/shop\/produkt\/unst-tam-alpelue-beret-i-fair-isle-garnpakke\/#primaryimage"},"thumbnailUrl":"https:\/\/www.tovefevang.no\/shop\/wp-content\/uploads\/sites\/2\/2026\/03\/DSC04841-1920x1200-72dpi.jpg","datePublished":"2026-03-12T08:51:45+00:00","dateModified":"2026-04-09T06:38:13+00:00","breadcrumb":{"@id":"https:\/\/www.tovefevang.no\/shop\/produkt\/unst-tam-alpelue-beret-i-fair-isle-garnpakke\/#breadcrumb"},"inLanguage":"nb-NO","potentialAction":[{"@type":"ReadAction","target":["https:\/\/www.tovefevang.no\/shop\/produkt\/unst-tam-alpelue-beret-i-fair-isle-garnpakke\/"]}]},{"@type":"ImageObject","inLanguage":"nb-NO","@id":"https:\/\/www.tovefevang.no\/shop\/produkt\/unst-tam-alpelue-beret-i-fair-isle-garnpakke\/#primaryimage","url":"https:\/\/www.tovefevang.no\/shop\/wp-content\/uploads\/sites\/2\/2026\/03\/DSC04841-1920x1200-72dpi.jpg","contentUrl":"https:\/\/www.tovefevang.no\/shop\/wp-content\/uploads\/sites\/2\/2026\/03\/DSC04841-1920x1200-72dpi.jpg","width":1400,"height":1200},{"@type":"BreadcrumbList","@id":"https:\/\/www.tovefevang.no\/shop\/produkt\/unst-tam-alpelue-beret-i-fair-isle-garnpakke\/#breadcrumb","itemListElement":[{"@type":"ListItem","position":1,"name":"Hjem","item":"https:\/\/www.tovefevang.no\/shop\/"},{"@type":"ListItem","position":2,"name":"Nettbutikk","item":"https:\/\/www.tovefevang.no\/shop\/butikk\/"},{"@type":"ListItem","position":3,"name":"Unst tam (alpelue\/beret) i Fair Isle &#8211; garnpakke"}]},{"@type":"WebSite","@id":"https:\/\/www.tovefevang.no\/shop\/#website","url":"https:\/\/www.tovefevang.no\/shop\/","name":"Idestuen AS - Tove Fevang","description":"Idestuen AS - Tove Fevang","publisher":{"@id":"https:\/\/www.tovefevang.no\/shop\/#organization"},"potentialAction":[{"@type":"SearchAction","target":{"@type":"EntryPoint","urlTemplate":"https:\/\/www.tovefevang.no\/shop\/?s={search_term_string}"},"query-input":{"@type":"PropertyValueSpecification","valueRequired":true,"valueName":"search_term_string"}}],"inLanguage":"nb-NO"},{"@type":"Organization","@id":"https:\/\/www.tovefevang.no\/shop\/#organization","name":"Idestuen AS - Tove Fevang","url":"https:\/\/www.tovefevang.no\/shop\/","logo":{"@type":"ImageObject","inLanguage":"nb-NO","@id":"https:\/\/www.tovefevang.no\/shop\/#\/schema\/logo\/image\/","url":"https:\/\/www.tovefevang.no\/shop\/wp-content\/uploads\/sites\/2\/2023\/11\/tovefevang-logo-1950_500.png","contentUrl":"https:\/\/www.tovefevang.no\/shop\/wp-content\/uploads\/sites\/2\/2023\/11\/tovefevang-logo-1950_500.png","width":708,"height":181,"caption":"Idestuen AS - Tove Fevang"},"image":{"@id":"https:\/\/www.tovefevang.no\/shop\/#\/schema\/logo\/image\/"},"sameAs":["https:\/\/www.facebook.com\/tovefevang.no"]}]}},"featured_img":"https:\/\/www.tovefevang.no\/shop\/wp-content\/uploads\/sites\/2\/2026\/03\/DSC04841-1920x1200-72dpi.jpg","coauthors":[],"author_meta":{"author_link":"https:\/\/www.tovefevang.no\/shop\/author\/geiradmin\/","display_name":"Geir Arnesen"},"relative_dates":{"created":"Publisert 2 m\u00e5neder siden","modified":"Oppdatert 3 uker siden"},"absolute_dates":{"created":"Publisert 12. mars 2026","modified":"Oppdatert 9. april 2026"},"absolute_dates_time":{"created":"Publisert 12. mars 2026 09:51","modified":"Oppdatert 9. april 2026 08:38"},"featured_img_caption":"","tax_additional":{"product_brand":{"linked":[],"unlinked":[],"slug":"product_brand","name":"Merker"},"product_type":{"linked":["<a href=\"https:\/\/www.tovefevang.no\/shop\/?taxonomy=product_type&#038;term=variable\" class=\"advgb-post-tax-term\">variable<\/a>"],"unlinked":["<span class=\"advgb-post-tax-term\">variable<\/span>"],"slug":"product_type","name":"Produkttype"},"product_visibility":{"linked":[],"unlinked":[],"slug":"product_visibility","name":"Produktsynlighet"},"product_cat":{"linked":["<a href=\"https:\/\/www.tovefevang.no\/shop\/produktkategori\/produkter\/garnpakker\/\" class=\"advgb-post-tax-term\">Garnpakker<\/a>"],"unlinked":["<span class=\"advgb-post-tax-term\">Garnpakker<\/span>"],"slug":"product_cat","name":"Produktkategorier"},"product_tag":{"linked":[],"unlinked":[],"slug":"product_tag","name":"Produktstikkord"},"product_shipping_class":{"linked":[],"unlinked":[],"slug":"product_shipping_class","name":"Produkt fraktklasse"},"pos_product_visibility":{"linked":[],"unlinked":[],"slug":"pos_product_visibility","name":"POS Product visibility"},"pa_color":{"linked":[],"unlinked":[],"slug":"pa_color","name":"Produkt Farge"},"pa_size":{"linked":[],"unlinked":[],"slug":"pa_size","name":"Produkt St\u00f8rrelse"}},"series_order":"","_links":{"self":[{"href":"https:\/\/www.tovefevang.no\/shop\/wp-json\/wp\/v2\/product\/13121","targetHints":{"allow":["GET"]}}],"collection":[{"href":"https:\/\/www.tovefevang.no\/shop\/wp-json\/wp\/v2\/product"}],"about":[{"href":"https:\/\/www.tovefevang.no\/shop\/wp-json\/wp\/v2\/types\/product"}],"wp:featuredmedia":[{"embeddable":true,"href":"https:\/\/www.tovefevang.no\/shop\/wp-json\/wp\/v2\/media\/13094"}],"wp:attachment":[{"href":"https:\/\/www.tovefevang.no\/shop\/wp-json\/wp\/v2\/media?parent=13121"}],"wp:term":[{"taxonomy":"product_brand","embeddable":true,"href":"https:\/\/www.tovefevang.no\/shop\/wp-json\/wp\/v2\/product_brand?post=13121"},{"taxonomy":"product_cat","embeddable":true,"href":"https:\/\/www.tovefevang.no\/shop\/wp-json\/wp\/v2\/product_cat?post=13121"},{"taxonomy":"product_tag","embeddable":true,"href":"https:\/\/www.tovefevang.no\/shop\/wp-json\/wp\/v2\/product_tag?post=13121"}],"curies":[{"name":"wp","href":"https:\/\/api.w.org\/{rel}","templated":true}]}}