{"id":12842,"date":"2026-02-19T09:56:54","date_gmt":"2026-02-19T08:56:54","guid":{"rendered":"https:\/\/www.tovefevang.no\/shop\/?post_type=product&#038;p=12842"},"modified":"2026-03-07T17:14:34","modified_gmt":"2026-03-07T16:14:34","slug":"meadow-bergamot","status":"publish","type":"product","link":"https:\/\/www.tovefevang.no\/shop\/produkt\/meadow-bergamot\/","title":{"rendered":"Meadow Bergamot"},"content":{"rendered":"\n<p>Meadow er et unikt og luksuri\u00f8st garn fra The Fiber Co., spunnet av en eksklusiv blanding fibre som gir garnet et rustikt utseende. Lamababy og fin merinoull s\u00f8rger for uovertruffen mykhet, mens silke gir en delikat glans. Lin bidrar til en fast maskedefinisjon og et friskt preg.<\/p>\n\n\n\n<p>Garnet har en lett og luftig kvalitet. De ulike fibrene tar til seg fargestoffet p\u00e5 forskjellige m\u00e5ter, noe som gir det ferdige plagget et levende og fascinerende uttrykk med subtile fargenyanser. Resultatet er en fast, men samtidig smidig tekstur som egner seg ypperlig til b\u00e5de hullstrikk, sjal, genser, jakker, sokker og interi\u00f8rstrikk.<\/p>\n\n\n\n<p>Meadow er et allsidig garn som inspirerer til kreativitet. Det er perfekt til prosjekter der du \u00f8nsker et lekkert og eksklusivt uttrykk, enten det er snakk om et stilig sjal, en lun genser eller dekorative puter. La deg forf\u00f8re av dette betagende garnet og skap strikkeplagg av ypperste kvalitet!<\/p>\n\n\n\n<p>Fiber: 25 % baby lama, 40 % merinoull, 20 % silke, 15 % lin, ca. 498 meter pr 100 gram hesper<\/p>\n\n\n\n<p>Veiledende pinner:  2,00\u20133,25 mm <\/p>\n\n\n\n<p>Strikkefasthet veiledende:<br> 32\u201336 masker = 10 cm<\/p>\n\n\n\n<p>Vask: Anbefales h\u00e5ndvask. T\u00f8rkes flatt.<br>Produsert i Peru<\/p>\n","protected":false},"excerpt":{"rendered":"<p><!-- wp:paragraph --><\/p>\n<p><img loading=\"lazy\" decoding=\"async\" class=\"alignleft size-full wp-image-3322\" src=\"https:\/\/www.tovefevang.no\/shop\/wp-content\/uploads\/sites\/2\/2024\/11\/Red-Clover-square-crop_1160x_crop_center.jpg\" alt=\"\" width=\"1000\" height=\"1000\" srcset=\"https:\/\/www.tovefevang.no\/shop\/wp-content\/uploads\/sites\/2\/2024\/11\/Red-Clover-square-crop_1160x_crop_center.jpg 1000w, https:\/\/www.tovefevang.no\/shop\/wp-content\/uploads\/sites\/2\/2024\/11\/Red-Clover-square-crop_1160x_crop_center-300x300.jpg 300w, https:\/\/www.tovefevang.no\/shop\/wp-content\/uploads\/sites\/2\/2024\/11\/Red-Clover-square-crop_1160x_crop_center-150x150.jpg 150w, https:\/\/www.tovefevang.no\/shop\/wp-content\/uploads\/sites\/2\/2024\/11\/Red-Clover-square-crop_1160x_crop_center-768x768.jpg 768w, https:\/\/www.tovefevang.no\/shop\/wp-content\/uploads\/sites\/2\/2024\/11\/Red-Clover-square-crop_1160x_crop_center-324x324.jpg 324w, https:\/\/www.tovefevang.no\/shop\/wp-content\/uploads\/sites\/2\/2024\/11\/Red-Clover-square-crop_1160x_crop_center-416x416.jpg 416w, https:\/\/www.tovefevang.no\/shop\/wp-content\/uploads\/sites\/2\/2024\/11\/Red-Clover-square-crop_1160x_crop_center-100x100.jpg 100w, https:\/\/www.tovefevang.no\/shop\/wp-content\/uploads\/sites\/2\/2024\/11\/Red-Clover-square-crop_1160x_crop_center-50x50.jpg 50w\" sizes=\"auto, (max-width: 1000px) 100vw, 1000px\" \/>Meadow er et unikt og luksuri\u00f8st garn fra The Fiber Co., spunnet av en eksklusiv blanding fibre som gir garnet et rustikt utseende. Lamababy og fin merinoull s\u00f8rger for uovertruffen mykhet, mens silke gir en delikat glans. Lin bidrar til en fast maskedefinisjon og et friskt preg.<\/p>\n<p><!-- \/wp:paragraph --><\/p>\n<p><!-- wp:paragraph --><\/p>\n<p>Garnet har en lett og luftig kvalitet. De ulike fibrene tar til seg fargestoffet p\u00e5 forskjellige m\u00e5ter, noe som gir det ferdige plagget et levende og fascinerende uttrykk med subtile fargenyanser. Resultatet er en fast, men samtidig smidig tekstur som egner seg ypperlig til b\u00e5de hullstrikk, sjal, genser, jakker, sokker og interi\u00f8rstrikk.<\/p>\n<p><!-- \/wp:paragraph --><\/p>\n<p><!-- wp:paragraph --><\/p>\n<p>Meadow er et allsidig garn som inspirerer til kreativitet. Det er perfekt til prosjekter der du \u00f8nsker et lekkert og eksklusivt uttrykk, enten det er snakk om et stilig sjal, en lun genser eller dekorative puter. La deg forf\u00f8re av dette betagende garnet og skap strikkeplagg av ypperste kvalitet!<\/p>\n<p><!-- \/wp:paragraph --><\/p>\n<p><!-- wp:paragraph --><\/p>\n<p>Fiber: 25 % baby lama, 40 % merinoull, 20 % silke, 15 % lin, ca. 498 meter pr 100 gram hesper<\/p>\n<p><!-- \/wp:paragraph --><\/p>\n<p><!-- wp:paragraph --><\/p>\n<p>Veiledende pinner: 2,00\u20133,25 mm<\/p>\n<p><!-- \/wp:paragraph --><\/p>\n<p><!-- wp:paragraph --><\/p>\n<p>Strikkefasthet veiledende: 32\u201336 masker = 10 cm<\/p>\n<p><!-- \/wp:paragraph --><\/p>\n<p><!-- wp:paragraph --><\/p>\n<p>Vask: Anbefales h\u00e5ndvask. T\u00f8rkes flatt. Produsert i Peru<\/p>\n<p><!-- \/wp:paragraph --><\/p>\n","protected":false},"author":4,"featured_media":12843,"template":"","meta":{"advgb_blocks_editor_width":"","advgb_blocks_columns_visual_guide":""},"product_brand":[],"product_cat":[41],"product_tag":[],"class_list":{"0":"post-12842","1":"product","2":"type-product","3":"status-publish","4":"has-post-thumbnail","6":"product_cat-fibre-company","8":"first","9":"outofstock","10":"taxable","11":"shipping-taxable","12":"purchasable","13":"product-type-simple"},"yoast_head":"<!-- This site is optimized with the Yoast SEO plugin v27.4 - https:\/\/yoast.com\/product\/yoast-seo-wordpress\/ -->\n<title>Meadow Bergamot - Idestuen AS - Tove Fevang<\/title>\n<meta name=\"robots\" content=\"index, follow, max-snippet:-1, max-image-preview:large, max-video-preview:-1\" \/>\n<link rel=\"canonical\" href=\"https:\/\/www.tovefevang.no\/shop\/produkt\/meadow-bergamot\/\" \/>\n<meta property=\"og:locale\" content=\"nb_NO\" \/>\n<meta property=\"og:type\" content=\"article\" \/>\n<meta property=\"og:title\" content=\"Meadow Bergamot - Idestuen AS - Tove Fevang\" \/>\n<meta property=\"og:description\" content=\"Meadow er et unikt og luksuri\u00f8st garn fra The Fiber Co., spunnet av en eksklusiv blanding fibre som gir garnet et rustikt utseende. Lamababy og fin merinoull s\u00f8rger for uovertruffen mykhet, mens silke gir en delikat glans. Lin bidrar til en fast maskedefinisjon og et friskt preg.    Garnet har en lett og luftig kvalitet. De ulike fibrene tar til seg fargestoffet p\u00e5 forskjellige m\u00e5ter, noe som gir det ferdige plagget et levende og fascinerende uttrykk med subtile fargenyanser. Resultatet er en fast, men samtidig smidig tekstur som egner seg ypperlig til b\u00e5de hullstrikk, sjal, genser, jakker, sokker og interi\u00f8rstrikk.    Meadow er et allsidig garn som inspirerer til kreativitet. Det er perfekt til prosjekter der du \u00f8nsker et lekkert og eksklusivt uttrykk, enten det er snakk om et stilig sjal, en lun genser eller dekorative puter. La deg forf\u00f8re av dette betagende garnet og skap strikkeplagg av ypperste kvalitet!    Fiber: 25 % baby lama, 40 % merinoull, 20 % silke, 15 % lin, ca. 498 meter pr 100 gram hesper    Veiledende pinner: 2,00\u20133,25 mm    Strikkefasthet veiledende: 32\u201336 masker = 10 cm    Vask: Anbefales h\u00e5ndvask. T\u00f8rkes flatt. Produsert i Peru\" \/>\n<meta property=\"og:url\" content=\"https:\/\/www.tovefevang.no\/shop\/produkt\/meadow-bergamot\/\" \/>\n<meta property=\"og:site_name\" content=\"Idestuen AS - Tove Fevang\" \/>\n<meta property=\"article:publisher\" content=\"https:\/\/www.facebook.com\/tovefevang.no\" \/>\n<meta property=\"article:modified_time\" content=\"2026-03-07T16:14:34+00:00\" \/>\n<meta property=\"og:image\" content=\"https:\/\/www.tovefevang.no\/shop\/wp-content\/uploads\/sites\/2\/2026\/02\/Meadow-Bergamot_c401cfdc-a8ef-493a-9c1c-e1ee60548546.webp\" \/>\n\t<meta property=\"og:image:width\" content=\"1000\" \/>\n\t<meta property=\"og:image:height\" content=\"1000\" \/>\n\t<meta property=\"og:image:type\" content=\"image\/webp\" \/>\n<meta name=\"twitter:card\" content=\"summary_large_image\" \/>\n<meta name=\"twitter:label1\" content=\"Ansl. lesetid\" \/>\n\t<meta name=\"twitter:data1\" content=\"2 minutter\" \/>\n<script type=\"application\/ld+json\" class=\"yoast-schema-graph\">{\"@context\":\"https:\\\/\\\/schema.org\",\"@graph\":[{\"@type\":\"WebPage\",\"@id\":\"https:\\\/\\\/www.tovefevang.no\\\/shop\\\/produkt\\\/meadow-bergamot\\\/\",\"url\":\"https:\\\/\\\/www.tovefevang.no\\\/shop\\\/produkt\\\/meadow-bergamot\\\/\",\"name\":\"Meadow Bergamot - Idestuen AS - Tove Fevang\",\"isPartOf\":{\"@id\":\"https:\\\/\\\/www.tovefevang.no\\\/shop\\\/#website\"},\"primaryImageOfPage\":{\"@id\":\"https:\\\/\\\/www.tovefevang.no\\\/shop\\\/produkt\\\/meadow-bergamot\\\/#primaryimage\"},\"image\":{\"@id\":\"https:\\\/\\\/www.tovefevang.no\\\/shop\\\/produkt\\\/meadow-bergamot\\\/#primaryimage\"},\"thumbnailUrl\":\"https:\\\/\\\/www.tovefevang.no\\\/shop\\\/wp-content\\\/uploads\\\/sites\\\/2\\\/2026\\\/02\\\/Meadow-Bergamot_c401cfdc-a8ef-493a-9c1c-e1ee60548546.webp\",\"datePublished\":\"2026-02-19T08:56:54+00:00\",\"dateModified\":\"2026-03-07T16:14:34+00:00\",\"breadcrumb\":{\"@id\":\"https:\\\/\\\/www.tovefevang.no\\\/shop\\\/produkt\\\/meadow-bergamot\\\/#breadcrumb\"},\"inLanguage\":\"nb-NO\",\"potentialAction\":[{\"@type\":\"ReadAction\",\"target\":[\"https:\\\/\\\/www.tovefevang.no\\\/shop\\\/produkt\\\/meadow-bergamot\\\/\"]}]},{\"@type\":\"ImageObject\",\"inLanguage\":\"nb-NO\",\"@id\":\"https:\\\/\\\/www.tovefevang.no\\\/shop\\\/produkt\\\/meadow-bergamot\\\/#primaryimage\",\"url\":\"https:\\\/\\\/www.tovefevang.no\\\/shop\\\/wp-content\\\/uploads\\\/sites\\\/2\\\/2026\\\/02\\\/Meadow-Bergamot_c401cfdc-a8ef-493a-9c1c-e1ee60548546.webp\",\"contentUrl\":\"https:\\\/\\\/www.tovefevang.no\\\/shop\\\/wp-content\\\/uploads\\\/sites\\\/2\\\/2026\\\/02\\\/Meadow-Bergamot_c401cfdc-a8ef-493a-9c1c-e1ee60548546.webp\",\"width\":1000,\"height\":1000},{\"@type\":\"BreadcrumbList\",\"@id\":\"https:\\\/\\\/www.tovefevang.no\\\/shop\\\/produkt\\\/meadow-bergamot\\\/#breadcrumb\",\"itemListElement\":[{\"@type\":\"ListItem\",\"position\":1,\"name\":\"Hjem\",\"item\":\"https:\\\/\\\/www.tovefevang.no\\\/shop\\\/\"},{\"@type\":\"ListItem\",\"position\":2,\"name\":\"Nettbutikk\",\"item\":\"https:\\\/\\\/www.tovefevang.no\\\/shop\\\/butikk\\\/\"},{\"@type\":\"ListItem\",\"position\":3,\"name\":\"Meadow Bergamot\"}]},{\"@type\":\"WebSite\",\"@id\":\"https:\\\/\\\/www.tovefevang.no\\\/shop\\\/#website\",\"url\":\"https:\\\/\\\/www.tovefevang.no\\\/shop\\\/\",\"name\":\"Idestuen AS - Tove Fevang\",\"description\":\"Idestuen AS - Tove Fevang\",\"publisher\":{\"@id\":\"https:\\\/\\\/www.tovefevang.no\\\/shop\\\/#organization\"},\"potentialAction\":[{\"@type\":\"SearchAction\",\"target\":{\"@type\":\"EntryPoint\",\"urlTemplate\":\"https:\\\/\\\/www.tovefevang.no\\\/shop\\\/?s={search_term_string}\"},\"query-input\":{\"@type\":\"PropertyValueSpecification\",\"valueRequired\":true,\"valueName\":\"search_term_string\"}}],\"inLanguage\":\"nb-NO\"},{\"@type\":\"Organization\",\"@id\":\"https:\\\/\\\/www.tovefevang.no\\\/shop\\\/#organization\",\"name\":\"Idestuen AS - Tove Fevang\",\"url\":\"https:\\\/\\\/www.tovefevang.no\\\/shop\\\/\",\"logo\":{\"@type\":\"ImageObject\",\"inLanguage\":\"nb-NO\",\"@id\":\"https:\\\/\\\/www.tovefevang.no\\\/shop\\\/#\\\/schema\\\/logo\\\/image\\\/\",\"url\":\"https:\\\/\\\/www.tovefevang.no\\\/shop\\\/wp-content\\\/uploads\\\/sites\\\/2\\\/2023\\\/11\\\/tovefevang-logo-1950_500.png\",\"contentUrl\":\"https:\\\/\\\/www.tovefevang.no\\\/shop\\\/wp-content\\\/uploads\\\/sites\\\/2\\\/2023\\\/11\\\/tovefevang-logo-1950_500.png\",\"width\":708,\"height\":181,\"caption\":\"Idestuen AS - Tove Fevang\"},\"image\":{\"@id\":\"https:\\\/\\\/www.tovefevang.no\\\/shop\\\/#\\\/schema\\\/logo\\\/image\\\/\"},\"sameAs\":[\"https:\\\/\\\/www.facebook.com\\\/tovefevang.no\"]}]}<\/script>\n<!-- \/ Yoast SEO plugin. -->","yoast_head_json":{"title":"Meadow Bergamot - Idestuen AS - Tove Fevang","robots":{"index":"index","follow":"follow","max-snippet":"max-snippet:-1","max-image-preview":"max-image-preview:large","max-video-preview":"max-video-preview:-1"},"canonical":"https:\/\/www.tovefevang.no\/shop\/produkt\/meadow-bergamot\/","og_locale":"nb_NO","og_type":"article","og_title":"Meadow Bergamot - Idestuen AS - Tove Fevang","og_description":"Meadow er et unikt og luksuri\u00f8st garn fra The Fiber Co., spunnet av en eksklusiv blanding fibre som gir garnet et rustikt utseende. Lamababy og fin merinoull s\u00f8rger for uovertruffen mykhet, mens silke gir en delikat glans. Lin bidrar til en fast maskedefinisjon og et friskt preg.    Garnet har en lett og luftig kvalitet. De ulike fibrene tar til seg fargestoffet p\u00e5 forskjellige m\u00e5ter, noe som gir det ferdige plagget et levende og fascinerende uttrykk med subtile fargenyanser. Resultatet er en fast, men samtidig smidig tekstur som egner seg ypperlig til b\u00e5de hullstrikk, sjal, genser, jakker, sokker og interi\u00f8rstrikk.    Meadow er et allsidig garn som inspirerer til kreativitet. Det er perfekt til prosjekter der du \u00f8nsker et lekkert og eksklusivt uttrykk, enten det er snakk om et stilig sjal, en lun genser eller dekorative puter. La deg forf\u00f8re av dette betagende garnet og skap strikkeplagg av ypperste kvalitet!    Fiber: 25 % baby lama, 40 % merinoull, 20 % silke, 15 % lin, ca. 498 meter pr 100 gram hesper    Veiledende pinner: 2,00\u20133,25 mm    Strikkefasthet veiledende: 32\u201336 masker = 10 cm    Vask: Anbefales h\u00e5ndvask. T\u00f8rkes flatt. Produsert i Peru","og_url":"https:\/\/www.tovefevang.no\/shop\/produkt\/meadow-bergamot\/","og_site_name":"Idestuen AS - Tove Fevang","article_publisher":"https:\/\/www.facebook.com\/tovefevang.no","article_modified_time":"2026-03-07T16:14:34+00:00","og_image":[{"width":1000,"height":1000,"url":"https:\/\/www.tovefevang.no\/shop\/wp-content\/uploads\/sites\/2\/2026\/02\/Meadow-Bergamot_c401cfdc-a8ef-493a-9c1c-e1ee60548546.webp","type":"image\/webp"}],"twitter_card":"summary_large_image","twitter_misc":{"Ansl. lesetid":"2 minutter"},"schema":{"@context":"https:\/\/schema.org","@graph":[{"@type":"WebPage","@id":"https:\/\/www.tovefevang.no\/shop\/produkt\/meadow-bergamot\/","url":"https:\/\/www.tovefevang.no\/shop\/produkt\/meadow-bergamot\/","name":"Meadow Bergamot - Idestuen AS - Tove Fevang","isPartOf":{"@id":"https:\/\/www.tovefevang.no\/shop\/#website"},"primaryImageOfPage":{"@id":"https:\/\/www.tovefevang.no\/shop\/produkt\/meadow-bergamot\/#primaryimage"},"image":{"@id":"https:\/\/www.tovefevang.no\/shop\/produkt\/meadow-bergamot\/#primaryimage"},"thumbnailUrl":"https:\/\/www.tovefevang.no\/shop\/wp-content\/uploads\/sites\/2\/2026\/02\/Meadow-Bergamot_c401cfdc-a8ef-493a-9c1c-e1ee60548546.webp","datePublished":"2026-02-19T08:56:54+00:00","dateModified":"2026-03-07T16:14:34+00:00","breadcrumb":{"@id":"https:\/\/www.tovefevang.no\/shop\/produkt\/meadow-bergamot\/#breadcrumb"},"inLanguage":"nb-NO","potentialAction":[{"@type":"ReadAction","target":["https:\/\/www.tovefevang.no\/shop\/produkt\/meadow-bergamot\/"]}]},{"@type":"ImageObject","inLanguage":"nb-NO","@id":"https:\/\/www.tovefevang.no\/shop\/produkt\/meadow-bergamot\/#primaryimage","url":"https:\/\/www.tovefevang.no\/shop\/wp-content\/uploads\/sites\/2\/2026\/02\/Meadow-Bergamot_c401cfdc-a8ef-493a-9c1c-e1ee60548546.webp","contentUrl":"https:\/\/www.tovefevang.no\/shop\/wp-content\/uploads\/sites\/2\/2026\/02\/Meadow-Bergamot_c401cfdc-a8ef-493a-9c1c-e1ee60548546.webp","width":1000,"height":1000},{"@type":"BreadcrumbList","@id":"https:\/\/www.tovefevang.no\/shop\/produkt\/meadow-bergamot\/#breadcrumb","itemListElement":[{"@type":"ListItem","position":1,"name":"Hjem","item":"https:\/\/www.tovefevang.no\/shop\/"},{"@type":"ListItem","position":2,"name":"Nettbutikk","item":"https:\/\/www.tovefevang.no\/shop\/butikk\/"},{"@type":"ListItem","position":3,"name":"Meadow Bergamot"}]},{"@type":"WebSite","@id":"https:\/\/www.tovefevang.no\/shop\/#website","url":"https:\/\/www.tovefevang.no\/shop\/","name":"Idestuen AS - Tove Fevang","description":"Idestuen AS - Tove Fevang","publisher":{"@id":"https:\/\/www.tovefevang.no\/shop\/#organization"},"potentialAction":[{"@type":"SearchAction","target":{"@type":"EntryPoint","urlTemplate":"https:\/\/www.tovefevang.no\/shop\/?s={search_term_string}"},"query-input":{"@type":"PropertyValueSpecification","valueRequired":true,"valueName":"search_term_string"}}],"inLanguage":"nb-NO"},{"@type":"Organization","@id":"https:\/\/www.tovefevang.no\/shop\/#organization","name":"Idestuen AS - Tove Fevang","url":"https:\/\/www.tovefevang.no\/shop\/","logo":{"@type":"ImageObject","inLanguage":"nb-NO","@id":"https:\/\/www.tovefevang.no\/shop\/#\/schema\/logo\/image\/","url":"https:\/\/www.tovefevang.no\/shop\/wp-content\/uploads\/sites\/2\/2023\/11\/tovefevang-logo-1950_500.png","contentUrl":"https:\/\/www.tovefevang.no\/shop\/wp-content\/uploads\/sites\/2\/2023\/11\/tovefevang-logo-1950_500.png","width":708,"height":181,"caption":"Idestuen AS - Tove Fevang"},"image":{"@id":"https:\/\/www.tovefevang.no\/shop\/#\/schema\/logo\/image\/"},"sameAs":["https:\/\/www.facebook.com\/tovefevang.no"]}]}},"featured_img":"https:\/\/www.tovefevang.no\/shop\/wp-content\/uploads\/sites\/2\/2026\/02\/Meadow-Bergamot_c401cfdc-a8ef-493a-9c1c-e1ee60548546.webp","coauthors":[],"author_meta":{"author_link":"https:\/\/www.tovefevang.no\/shop\/author\/geiradmin\/","display_name":"Geir Arnesen"},"relative_dates":{"created":"Publisert 2 m\u00e5neder siden","modified":"Oppdatert 2 m\u00e5neder siden"},"absolute_dates":{"created":"Publisert 19. februar 2026","modified":"Oppdatert 7. mars 2026"},"absolute_dates_time":{"created":"Publisert 19. februar 2026 09:56","modified":"Oppdatert 7. mars 2026 17:14"},"featured_img_caption":"","tax_additional":{"product_brand":{"linked":[],"unlinked":[],"slug":"product_brand","name":"Merker"},"product_type":{"linked":["<a href=\"https:\/\/www.tovefevang.no\/shop\/?taxonomy=product_type&#038;term=simple\" class=\"advgb-post-tax-term\">simple<\/a>"],"unlinked":["<span class=\"advgb-post-tax-term\">simple<\/span>"],"slug":"product_type","name":"Produkttype"},"product_visibility":{"linked":["<a href=\"https:\/\/www.tovefevang.no\/shop\/?taxonomy=product_visibility&#038;term=outofstock\" class=\"advgb-post-tax-term\">outofstock<\/a>"],"unlinked":["<span class=\"advgb-post-tax-term\">outofstock<\/span>"],"slug":"product_visibility","name":"Produktsynlighet"},"product_cat":{"linked":["<a href=\"https:\/\/www.tovefevang.no\/shop\/produktkategori\/produkter\/garn\/fibre-company\/\" class=\"advgb-post-tax-term\">The Fibre Co<\/a>"],"unlinked":["<span class=\"advgb-post-tax-term\">The Fibre Co<\/span>"],"slug":"product_cat","name":"Produktkategorier"},"product_tag":{"linked":[],"unlinked":[],"slug":"product_tag","name":"Produktstikkord"},"product_shipping_class":{"linked":[],"unlinked":[],"slug":"product_shipping_class","name":"Produkt fraktklasse"},"pos_product_visibility":{"linked":[],"unlinked":[],"slug":"pos_product_visibility","name":"POS Product visibility"},"pa_color":{"linked":[],"unlinked":[],"slug":"pa_color","name":"Produkt Farge"},"pa_size":{"linked":[],"unlinked":[],"slug":"pa_size","name":"Produkt St\u00f8rrelse"}},"series_order":"","_links":{"self":[{"href":"https:\/\/www.tovefevang.no\/shop\/wp-json\/wp\/v2\/product\/12842","targetHints":{"allow":["GET"]}}],"collection":[{"href":"https:\/\/www.tovefevang.no\/shop\/wp-json\/wp\/v2\/product"}],"about":[{"href":"https:\/\/www.tovefevang.no\/shop\/wp-json\/wp\/v2\/types\/product"}],"wp:featuredmedia":[{"embeddable":true,"href":"https:\/\/www.tovefevang.no\/shop\/wp-json\/wp\/v2\/media\/12843"}],"wp:attachment":[{"href":"https:\/\/www.tovefevang.no\/shop\/wp-json\/wp\/v2\/media?parent=12842"}],"wp:term":[{"taxonomy":"product_brand","embeddable":true,"href":"https:\/\/www.tovefevang.no\/shop\/wp-json\/wp\/v2\/product_brand?post=12842"},{"taxonomy":"product_cat","embeddable":true,"href":"https:\/\/www.tovefevang.no\/shop\/wp-json\/wp\/v2\/product_cat?post=12842"},{"taxonomy":"product_tag","embeddable":true,"href":"https:\/\/www.tovefevang.no\/shop\/wp-json\/wp\/v2\/product_tag?post=12842"}],"curies":[{"name":"wp","href":"https:\/\/api.w.org\/{rel}","templated":true}]}}