{"id":12527,"date":"2026-01-26T16:44:33","date_gmt":"2026-01-26T15:44:33","guid":{"rendered":"https:\/\/www.tovefevang.no\/shop\/?post_type=product&#038;p=12527"},"modified":"2026-02-03T21:12:51","modified_gmt":"2026-02-03T20:12:51","slug":"god-jul-loper-i-lin-broderi-materialpakke","status":"publish","type":"product","link":"https:\/\/www.tovefevang.no\/shop\/produkt\/god-jul-loper-i-lin-broderi-materialpakke\/","title":{"rendered":"GOD JUL l\u00f8per i lin, broderi materialpakke!"},"content":{"rendered":"","protected":false},"excerpt":{"rendered":"<p class=\"p1\"><b>Enkel og klassisk l\u00f8per med God Jul og hjerter.<br \/>\n<\/b><strong>GOD JUL l\u00f8peren er brodert med 2 deletr\u00e5der Moulinegarn og korssting p\u00e5 12 tr\u00e5der pr cm lin.<br \/>\n<\/strong><strong>Ferdig st\u00f8rrelse p\u00e5 l\u00f8peren ca 34,5 x 105 cm\u00a0<\/strong><\/p>\n<p><strong>Det er aldri for tidlig \u00e5 starte p\u00e5 et broderi som skal v\u00e6re ferdig til jul enten til deg selv eller kanskje en julegave.<\/strong><\/p>\n<p><strong>I materialpakken er alt med som du trenger for \u00e5 brodere l\u00f8peren:<\/strong><br \/>\nLinstoff 12 tr. pr cm<br \/>\nDMC Moulinegarn<br \/>\nKanavan\u00e5ler nr. 28<br \/>\nLintr\u00e5d til hullfald<br \/>\n4 siders broderim\u00f8nster i farger.<\/p>\n","protected":false},"author":1,"featured_media":12528,"template":"","meta":{"advgb_blocks_editor_width":"","advgb_blocks_columns_visual_guide":""},"product_brand":[],"product_cat":[44],"product_tag":[],"class_list":{"0":"post-12527","1":"product","2":"type-product","3":"status-publish","4":"has-post-thumbnail","6":"product_cat-broderi","8":"first","9":"instock","10":"taxable","11":"shipping-taxable","12":"purchasable","13":"product-type-simple"},"yoast_head":"<!-- This site is optimized with the Yoast SEO plugin v27.4 - https:\/\/yoast.com\/product\/yoast-seo-wordpress\/ -->\n<title>GOD JUL l\u00f8per i lin, broderi materialpakke! - Idestuen AS - Tove Fevang<\/title>\n<meta name=\"robots\" content=\"index, follow, max-snippet:-1, max-image-preview:large, max-video-preview:-1\" \/>\n<link rel=\"canonical\" href=\"https:\/\/www.tovefevang.no\/shop\/produkt\/god-jul-loper-i-lin-broderi-materialpakke\/\" \/>\n<meta property=\"og:locale\" content=\"nb_NO\" \/>\n<meta property=\"og:type\" content=\"article\" \/>\n<meta property=\"og:title\" content=\"GOD JUL l\u00f8per i lin, broderi materialpakke! - Idestuen AS - Tove Fevang\" \/>\n<meta property=\"og:description\" content=\"Enkel og klassisk l\u00f8per med God Jul og hjerter. GOD JUL l\u00f8peren er brodert med 2 deletr\u00e5der Moulinegarn og korssting p\u00e5 12 tr\u00e5der pr cm lin. Ferdig st\u00f8rrelse p\u00e5 l\u00f8peren ca 34,5 x 105 cm\u00a0 Det er aldri for tidlig \u00e5 starte p\u00e5 et broderi som skal v\u00e6re ferdig til jul enten til deg selv eller kanskje en julegave.  I materialpakken er alt med som du trenger for \u00e5 brodere l\u00f8peren: Linstoff 12 tr. pr cm DMC Moulinegarn Kanavan\u00e5ler nr. 28 Lintr\u00e5d til hullfald 4 siders broderim\u00f8nster i farger.\" \/>\n<meta property=\"og:url\" content=\"https:\/\/www.tovefevang.no\/shop\/produkt\/god-jul-loper-i-lin-broderi-materialpakke\/\" \/>\n<meta property=\"og:site_name\" content=\"Idestuen AS - Tove Fevang\" \/>\n<meta property=\"article:publisher\" content=\"https:\/\/www.facebook.com\/tovefevang.no\" \/>\n<meta property=\"article:modified_time\" content=\"2026-02-03T20:12:51+00:00\" \/>\n<meta property=\"og:image\" content=\"https:\/\/www.tovefevang.no\/shop\/wp-content\/uploads\/sites\/2\/2026\/01\/050813-026-29x29-1-scaled.jpg\" \/>\n\t<meta property=\"og:image:width\" content=\"1909\" \/>\n\t<meta property=\"og:image:height\" content=\"2560\" \/>\n\t<meta property=\"og:image:type\" content=\"image\/jpeg\" \/>\n<meta name=\"twitter:card\" content=\"summary_large_image\" \/>\n<meta name=\"twitter:label1\" content=\"Ansl. lesetid\" \/>\n\t<meta name=\"twitter:data1\" content=\"1 minutt\" \/>\n<script type=\"application\/ld+json\" class=\"yoast-schema-graph\">{\"@context\":\"https:\\\/\\\/schema.org\",\"@graph\":[{\"@type\":\"WebPage\",\"@id\":\"https:\\\/\\\/www.tovefevang.no\\\/shop\\\/produkt\\\/god-jul-loper-i-lin-broderi-materialpakke\\\/\",\"url\":\"https:\\\/\\\/www.tovefevang.no\\\/shop\\\/produkt\\\/god-jul-loper-i-lin-broderi-materialpakke\\\/\",\"name\":\"GOD JUL l\u00f8per i lin, broderi materialpakke! - Idestuen AS - Tove Fevang\",\"isPartOf\":{\"@id\":\"https:\\\/\\\/www.tovefevang.no\\\/shop\\\/#website\"},\"primaryImageOfPage\":{\"@id\":\"https:\\\/\\\/www.tovefevang.no\\\/shop\\\/produkt\\\/god-jul-loper-i-lin-broderi-materialpakke\\\/#primaryimage\"},\"image\":{\"@id\":\"https:\\\/\\\/www.tovefevang.no\\\/shop\\\/produkt\\\/god-jul-loper-i-lin-broderi-materialpakke\\\/#primaryimage\"},\"thumbnailUrl\":\"https:\\\/\\\/www.tovefevang.no\\\/shop\\\/wp-content\\\/uploads\\\/sites\\\/2\\\/2026\\\/01\\\/050813-026-29x29-1-scaled.jpg\",\"datePublished\":\"2026-01-26T15:44:33+00:00\",\"dateModified\":\"2026-02-03T20:12:51+00:00\",\"breadcrumb\":{\"@id\":\"https:\\\/\\\/www.tovefevang.no\\\/shop\\\/produkt\\\/god-jul-loper-i-lin-broderi-materialpakke\\\/#breadcrumb\"},\"inLanguage\":\"nb-NO\",\"potentialAction\":[{\"@type\":\"ReadAction\",\"target\":[\"https:\\\/\\\/www.tovefevang.no\\\/shop\\\/produkt\\\/god-jul-loper-i-lin-broderi-materialpakke\\\/\"]}]},{\"@type\":\"ImageObject\",\"inLanguage\":\"nb-NO\",\"@id\":\"https:\\\/\\\/www.tovefevang.no\\\/shop\\\/produkt\\\/god-jul-loper-i-lin-broderi-materialpakke\\\/#primaryimage\",\"url\":\"https:\\\/\\\/www.tovefevang.no\\\/shop\\\/wp-content\\\/uploads\\\/sites\\\/2\\\/2026\\\/01\\\/050813-026-29x29-1-scaled.jpg\",\"contentUrl\":\"https:\\\/\\\/www.tovefevang.no\\\/shop\\\/wp-content\\\/uploads\\\/sites\\\/2\\\/2026\\\/01\\\/050813-026-29x29-1-scaled.jpg\",\"width\":1909,\"height\":2560},{\"@type\":\"BreadcrumbList\",\"@id\":\"https:\\\/\\\/www.tovefevang.no\\\/shop\\\/produkt\\\/god-jul-loper-i-lin-broderi-materialpakke\\\/#breadcrumb\",\"itemListElement\":[{\"@type\":\"ListItem\",\"position\":1,\"name\":\"Hjem\",\"item\":\"https:\\\/\\\/www.tovefevang.no\\\/shop\\\/\"},{\"@type\":\"ListItem\",\"position\":2,\"name\":\"Nettbutikk\",\"item\":\"https:\\\/\\\/www.tovefevang.no\\\/shop\\\/butikk\\\/\"},{\"@type\":\"ListItem\",\"position\":3,\"name\":\"GOD JUL l\u00f8per i lin, broderi materialpakke!\"}]},{\"@type\":\"WebSite\",\"@id\":\"https:\\\/\\\/www.tovefevang.no\\\/shop\\\/#website\",\"url\":\"https:\\\/\\\/www.tovefevang.no\\\/shop\\\/\",\"name\":\"Idestuen AS - Tove Fevang\",\"description\":\"Idestuen AS - Tove Fevang\",\"publisher\":{\"@id\":\"https:\\\/\\\/www.tovefevang.no\\\/shop\\\/#organization\"},\"potentialAction\":[{\"@type\":\"SearchAction\",\"target\":{\"@type\":\"EntryPoint\",\"urlTemplate\":\"https:\\\/\\\/www.tovefevang.no\\\/shop\\\/?s={search_term_string}\"},\"query-input\":{\"@type\":\"PropertyValueSpecification\",\"valueRequired\":true,\"valueName\":\"search_term_string\"}}],\"inLanguage\":\"nb-NO\"},{\"@type\":\"Organization\",\"@id\":\"https:\\\/\\\/www.tovefevang.no\\\/shop\\\/#organization\",\"name\":\"Idestuen AS - Tove Fevang\",\"url\":\"https:\\\/\\\/www.tovefevang.no\\\/shop\\\/\",\"logo\":{\"@type\":\"ImageObject\",\"inLanguage\":\"nb-NO\",\"@id\":\"https:\\\/\\\/www.tovefevang.no\\\/shop\\\/#\\\/schema\\\/logo\\\/image\\\/\",\"url\":\"https:\\\/\\\/www.tovefevang.no\\\/shop\\\/wp-content\\\/uploads\\\/sites\\\/2\\\/2023\\\/11\\\/tovefevang-logo-1950_500.png\",\"contentUrl\":\"https:\\\/\\\/www.tovefevang.no\\\/shop\\\/wp-content\\\/uploads\\\/sites\\\/2\\\/2023\\\/11\\\/tovefevang-logo-1950_500.png\",\"width\":708,\"height\":181,\"caption\":\"Idestuen AS - Tove Fevang\"},\"image\":{\"@id\":\"https:\\\/\\\/www.tovefevang.no\\\/shop\\\/#\\\/schema\\\/logo\\\/image\\\/\"},\"sameAs\":[\"https:\\\/\\\/www.facebook.com\\\/tovefevang.no\"]}]}<\/script>\n<!-- \/ Yoast SEO plugin. -->","yoast_head_json":{"title":"GOD JUL l\u00f8per i lin, broderi materialpakke! - Idestuen AS - Tove Fevang","robots":{"index":"index","follow":"follow","max-snippet":"max-snippet:-1","max-image-preview":"max-image-preview:large","max-video-preview":"max-video-preview:-1"},"canonical":"https:\/\/www.tovefevang.no\/shop\/produkt\/god-jul-loper-i-lin-broderi-materialpakke\/","og_locale":"nb_NO","og_type":"article","og_title":"GOD JUL l\u00f8per i lin, broderi materialpakke! - Idestuen AS - Tove Fevang","og_description":"Enkel og klassisk l\u00f8per med God Jul og hjerter. GOD JUL l\u00f8peren er brodert med 2 deletr\u00e5der Moulinegarn og korssting p\u00e5 12 tr\u00e5der pr cm lin. Ferdig st\u00f8rrelse p\u00e5 l\u00f8peren ca 34,5 x 105 cm\u00a0 Det er aldri for tidlig \u00e5 starte p\u00e5 et broderi som skal v\u00e6re ferdig til jul enten til deg selv eller kanskje en julegave.  I materialpakken er alt med som du trenger for \u00e5 brodere l\u00f8peren: Linstoff 12 tr. pr cm DMC Moulinegarn Kanavan\u00e5ler nr. 28 Lintr\u00e5d til hullfald 4 siders broderim\u00f8nster i farger.","og_url":"https:\/\/www.tovefevang.no\/shop\/produkt\/god-jul-loper-i-lin-broderi-materialpakke\/","og_site_name":"Idestuen AS - Tove Fevang","article_publisher":"https:\/\/www.facebook.com\/tovefevang.no","article_modified_time":"2026-02-03T20:12:51+00:00","og_image":[{"width":1909,"height":2560,"url":"https:\/\/www.tovefevang.no\/shop\/wp-content\/uploads\/sites\/2\/2026\/01\/050813-026-29x29-1-scaled.jpg","type":"image\/jpeg"}],"twitter_card":"summary_large_image","twitter_misc":{"Ansl. lesetid":"1 minutt"},"schema":{"@context":"https:\/\/schema.org","@graph":[{"@type":"WebPage","@id":"https:\/\/www.tovefevang.no\/shop\/produkt\/god-jul-loper-i-lin-broderi-materialpakke\/","url":"https:\/\/www.tovefevang.no\/shop\/produkt\/god-jul-loper-i-lin-broderi-materialpakke\/","name":"GOD JUL l\u00f8per i lin, broderi materialpakke! - Idestuen AS - Tove Fevang","isPartOf":{"@id":"https:\/\/www.tovefevang.no\/shop\/#website"},"primaryImageOfPage":{"@id":"https:\/\/www.tovefevang.no\/shop\/produkt\/god-jul-loper-i-lin-broderi-materialpakke\/#primaryimage"},"image":{"@id":"https:\/\/www.tovefevang.no\/shop\/produkt\/god-jul-loper-i-lin-broderi-materialpakke\/#primaryimage"},"thumbnailUrl":"https:\/\/www.tovefevang.no\/shop\/wp-content\/uploads\/sites\/2\/2026\/01\/050813-026-29x29-1-scaled.jpg","datePublished":"2026-01-26T15:44:33+00:00","dateModified":"2026-02-03T20:12:51+00:00","breadcrumb":{"@id":"https:\/\/www.tovefevang.no\/shop\/produkt\/god-jul-loper-i-lin-broderi-materialpakke\/#breadcrumb"},"inLanguage":"nb-NO","potentialAction":[{"@type":"ReadAction","target":["https:\/\/www.tovefevang.no\/shop\/produkt\/god-jul-loper-i-lin-broderi-materialpakke\/"]}]},{"@type":"ImageObject","inLanguage":"nb-NO","@id":"https:\/\/www.tovefevang.no\/shop\/produkt\/god-jul-loper-i-lin-broderi-materialpakke\/#primaryimage","url":"https:\/\/www.tovefevang.no\/shop\/wp-content\/uploads\/sites\/2\/2026\/01\/050813-026-29x29-1-scaled.jpg","contentUrl":"https:\/\/www.tovefevang.no\/shop\/wp-content\/uploads\/sites\/2\/2026\/01\/050813-026-29x29-1-scaled.jpg","width":1909,"height":2560},{"@type":"BreadcrumbList","@id":"https:\/\/www.tovefevang.no\/shop\/produkt\/god-jul-loper-i-lin-broderi-materialpakke\/#breadcrumb","itemListElement":[{"@type":"ListItem","position":1,"name":"Hjem","item":"https:\/\/www.tovefevang.no\/shop\/"},{"@type":"ListItem","position":2,"name":"Nettbutikk","item":"https:\/\/www.tovefevang.no\/shop\/butikk\/"},{"@type":"ListItem","position":3,"name":"GOD JUL l\u00f8per i lin, broderi materialpakke!"}]},{"@type":"WebSite","@id":"https:\/\/www.tovefevang.no\/shop\/#website","url":"https:\/\/www.tovefevang.no\/shop\/","name":"Idestuen AS - Tove Fevang","description":"Idestuen AS - Tove Fevang","publisher":{"@id":"https:\/\/www.tovefevang.no\/shop\/#organization"},"potentialAction":[{"@type":"SearchAction","target":{"@type":"EntryPoint","urlTemplate":"https:\/\/www.tovefevang.no\/shop\/?s={search_term_string}"},"query-input":{"@type":"PropertyValueSpecification","valueRequired":true,"valueName":"search_term_string"}}],"inLanguage":"nb-NO"},{"@type":"Organization","@id":"https:\/\/www.tovefevang.no\/shop\/#organization","name":"Idestuen AS - Tove Fevang","url":"https:\/\/www.tovefevang.no\/shop\/","logo":{"@type":"ImageObject","inLanguage":"nb-NO","@id":"https:\/\/www.tovefevang.no\/shop\/#\/schema\/logo\/image\/","url":"https:\/\/www.tovefevang.no\/shop\/wp-content\/uploads\/sites\/2\/2023\/11\/tovefevang-logo-1950_500.png","contentUrl":"https:\/\/www.tovefevang.no\/shop\/wp-content\/uploads\/sites\/2\/2023\/11\/tovefevang-logo-1950_500.png","width":708,"height":181,"caption":"Idestuen AS - Tove Fevang"},"image":{"@id":"https:\/\/www.tovefevang.no\/shop\/#\/schema\/logo\/image\/"},"sameAs":["https:\/\/www.facebook.com\/tovefevang.no"]}]}},"featured_img":"https:\/\/www.tovefevang.no\/shop\/wp-content\/uploads\/sites\/2\/2026\/01\/050813-026-29x29-1-scaled.jpg","coauthors":[],"author_meta":{"author_link":"https:\/\/www.tovefevang.no\/shop\/author\/tove\/","display_name":"Tove Fevang"},"relative_dates":{"created":"Publisert 3 m\u00e5neder siden","modified":"Oppdatert 3 m\u00e5neder siden"},"absolute_dates":{"created":"Publisert 26. januar 2026","modified":"Oppdatert 3. februar 2026"},"absolute_dates_time":{"created":"Publisert 26. januar 2026 16:44","modified":"Oppdatert 3. februar 2026 21:12"},"featured_img_caption":"","tax_additional":{"product_brand":{"linked":[],"unlinked":[],"slug":"product_brand","name":"Merker"},"product_type":{"linked":["<a href=\"https:\/\/www.tovefevang.no\/shop\/?taxonomy=product_type&#038;term=simple\" class=\"advgb-post-tax-term\">simple<\/a>"],"unlinked":["<span class=\"advgb-post-tax-term\">simple<\/span>"],"slug":"product_type","name":"Produkttype"},"product_visibility":{"linked":[],"unlinked":[],"slug":"product_visibility","name":"Produktsynlighet"},"product_cat":{"linked":["<a href=\"https:\/\/www.tovefevang.no\/shop\/produktkategori\/produkter\/broderi\/\" class=\"advgb-post-tax-term\">Broderi<\/a>"],"unlinked":["<span class=\"advgb-post-tax-term\">Broderi<\/span>"],"slug":"product_cat","name":"Produktkategorier"},"product_tag":{"linked":[],"unlinked":[],"slug":"product_tag","name":"Produktstikkord"},"product_shipping_class":{"linked":[],"unlinked":[],"slug":"product_shipping_class","name":"Produkt fraktklasse"},"pos_product_visibility":{"linked":[],"unlinked":[],"slug":"pos_product_visibility","name":"POS Product visibility"},"pa_color":{"linked":[],"unlinked":[],"slug":"pa_color","name":"Produkt Farge"},"pa_size":{"linked":[],"unlinked":[],"slug":"pa_size","name":"Produkt St\u00f8rrelse"}},"series_order":"","_links":{"self":[{"href":"https:\/\/www.tovefevang.no\/shop\/wp-json\/wp\/v2\/product\/12527","targetHints":{"allow":["GET"]}}],"collection":[{"href":"https:\/\/www.tovefevang.no\/shop\/wp-json\/wp\/v2\/product"}],"about":[{"href":"https:\/\/www.tovefevang.no\/shop\/wp-json\/wp\/v2\/types\/product"}],"wp:featuredmedia":[{"embeddable":true,"href":"https:\/\/www.tovefevang.no\/shop\/wp-json\/wp\/v2\/media\/12528"}],"wp:attachment":[{"href":"https:\/\/www.tovefevang.no\/shop\/wp-json\/wp\/v2\/media?parent=12527"}],"wp:term":[{"taxonomy":"product_brand","embeddable":true,"href":"https:\/\/www.tovefevang.no\/shop\/wp-json\/wp\/v2\/product_brand?post=12527"},{"taxonomy":"product_cat","embeddable":true,"href":"https:\/\/www.tovefevang.no\/shop\/wp-json\/wp\/v2\/product_cat?post=12527"},{"taxonomy":"product_tag","embeddable":true,"href":"https:\/\/www.tovefevang.no\/shop\/wp-json\/wp\/v2\/product_tag?post=12527"}],"curies":[{"name":"wp","href":"https:\/\/api.w.org\/{rel}","templated":true}]}}