{"id":12496,"date":"2026-01-23T09:42:22","date_gmt":"2026-01-23T08:42:22","guid":{"rendered":"https:\/\/www.tovefevang.no\/shop\/?post_type=product&#038;p=12496"},"modified":"2026-02-08T13:54:16","modified_gmt":"2026-02-08T12:54:16","slug":"garnvinsler-lose-hunder-5-i-pakken","status":"publish","type":"product","link":"https:\/\/www.tovefevang.no\/shop\/produkt\/garnvinsler-lose-hunder-5-i-pakken\/","title":{"rendered":"Garnvinsler &#8211; l\u00f8se Dachshunder, 5 i pakken"},"content":{"rendered":"","protected":false},"excerpt":{"rendered":"<p>L\u00f8se garnvinsler formet som Dachs hund, kommer i pakke p\u00e5 5 stykk Dachshunder. Det er ogs\u00e5 et fint tillegg til stativet med 5 Dachshunder hvis man \u00f8nsker \u00e5 utvide &laquo;kennelen&raquo;.<\/p>\n<p>Lag din egen lille kennel av Dachshunder med ditt broderigarn.<\/p>\n<p>Skriv p\u00e5 fargenummer med blyant og visk det ut, n\u00e5r det skiftes farge p\u00e5 vinselen.<\/p>\n<p><strong>NB!<\/strong> Dachshundene kommer uten garn!<\/p>\n<p>Materiale: MDF<\/p>\n<p>M\u00e5l: 8 x 5 cm<\/p>\n","protected":false},"author":4,"featured_media":12533,"template":"","meta":{"advgb_blocks_editor_width":"","advgb_blocks_columns_visual_guide":""},"product_brand":[],"product_cat":[59,46],"product_tag":[],"class_list":{"0":"post-12496","1":"product","2":"type-product","3":"status-publish","4":"has-post-thumbnail","6":"product_cat-barn","7":"product_cat-tilbehor-broderi","9":"first","10":"instock","11":"taxable","12":"shipping-taxable","13":"purchasable","14":"product-type-simple"},"yoast_head":"<!-- This site is optimized with the Yoast SEO plugin v27.4 - https:\/\/yoast.com\/product\/yoast-seo-wordpress\/ -->\n<title>Garnvinsler - l\u00f8se Dachshunder, 5 i pakken - Idestuen AS - Tove Fevang<\/title>\n<meta name=\"robots\" content=\"index, follow, max-snippet:-1, max-image-preview:large, max-video-preview:-1\" \/>\n<link rel=\"canonical\" href=\"https:\/\/www.tovefevang.no\/shop\/produkt\/garnvinsler-lose-hunder-5-i-pakken\/\" \/>\n<meta property=\"og:locale\" content=\"nb_NO\" \/>\n<meta property=\"og:type\" content=\"article\" \/>\n<meta property=\"og:title\" content=\"Garnvinsler - l\u00f8se Dachshunder, 5 i pakken - Idestuen AS - Tove Fevang\" \/>\n<meta property=\"og:description\" content=\"L\u00f8se garnvinsler formet som Dachs hund, kommer i pakke p\u00e5 5 stykk Dachshunder. Det er ogs\u00e5 et fint tillegg til stativet med 5 Dachshunder hvis man \u00f8nsker \u00e5 utvide &quot;kennelen&quot;.  Lag din egen lille kennel av Dachshunder med ditt broderigarn.  Skriv p\u00e5 fargenummer med blyant og visk det ut, n\u00e5r det skiftes farge p\u00e5 vinselen.  NB! Dachshundene kommer uten garn!  Materiale: MDF  M\u00e5l: 8 x 5 cm\" \/>\n<meta property=\"og:url\" content=\"https:\/\/www.tovefevang.no\/shop\/produkt\/garnvinsler-lose-hunder-5-i-pakken\/\" \/>\n<meta property=\"og:site_name\" content=\"Idestuen AS - Tove Fevang\" \/>\n<meta property=\"article:publisher\" content=\"https:\/\/www.facebook.com\/tovefevang.no\" \/>\n<meta property=\"article:modified_time\" content=\"2026-02-08T12:54:16+00:00\" \/>\n<meta property=\"og:image\" content=\"https:\/\/www.tovefevang.no\/shop\/wp-content\/uploads\/sites\/2\/2026\/01\/DSC07966-1920x1200_70-q70.jpg\" \/>\n\t<meta property=\"og:image:width\" content=\"1446\" \/>\n\t<meta property=\"og:image:height\" content=\"1200\" \/>\n\t<meta property=\"og:image:type\" content=\"image\/jpeg\" \/>\n<meta name=\"twitter:card\" content=\"summary_large_image\" \/>\n<meta name=\"twitter:label1\" content=\"Ansl. lesetid\" \/>\n\t<meta name=\"twitter:data1\" content=\"1 minutt\" \/>\n<script type=\"application\/ld+json\" class=\"yoast-schema-graph\">{\"@context\":\"https:\\\/\\\/schema.org\",\"@graph\":[{\"@type\":\"WebPage\",\"@id\":\"https:\\\/\\\/www.tovefevang.no\\\/shop\\\/produkt\\\/garnvinsler-lose-hunder-5-i-pakken\\\/\",\"url\":\"https:\\\/\\\/www.tovefevang.no\\\/shop\\\/produkt\\\/garnvinsler-lose-hunder-5-i-pakken\\\/\",\"name\":\"Garnvinsler - l\u00f8se Dachshunder, 5 i pakken - Idestuen AS - Tove Fevang\",\"isPartOf\":{\"@id\":\"https:\\\/\\\/www.tovefevang.no\\\/shop\\\/#website\"},\"primaryImageOfPage\":{\"@id\":\"https:\\\/\\\/www.tovefevang.no\\\/shop\\\/produkt\\\/garnvinsler-lose-hunder-5-i-pakken\\\/#primaryimage\"},\"image\":{\"@id\":\"https:\\\/\\\/www.tovefevang.no\\\/shop\\\/produkt\\\/garnvinsler-lose-hunder-5-i-pakken\\\/#primaryimage\"},\"thumbnailUrl\":\"https:\\\/\\\/www.tovefevang.no\\\/shop\\\/wp-content\\\/uploads\\\/sites\\\/2\\\/2026\\\/01\\\/DSC07966-1920x1200_70-q70.jpg\",\"datePublished\":\"2026-01-23T08:42:22+00:00\",\"dateModified\":\"2026-02-08T12:54:16+00:00\",\"breadcrumb\":{\"@id\":\"https:\\\/\\\/www.tovefevang.no\\\/shop\\\/produkt\\\/garnvinsler-lose-hunder-5-i-pakken\\\/#breadcrumb\"},\"inLanguage\":\"nb-NO\",\"potentialAction\":[{\"@type\":\"ReadAction\",\"target\":[\"https:\\\/\\\/www.tovefevang.no\\\/shop\\\/produkt\\\/garnvinsler-lose-hunder-5-i-pakken\\\/\"]}]},{\"@type\":\"ImageObject\",\"inLanguage\":\"nb-NO\",\"@id\":\"https:\\\/\\\/www.tovefevang.no\\\/shop\\\/produkt\\\/garnvinsler-lose-hunder-5-i-pakken\\\/#primaryimage\",\"url\":\"https:\\\/\\\/www.tovefevang.no\\\/shop\\\/wp-content\\\/uploads\\\/sites\\\/2\\\/2026\\\/01\\\/DSC07966-1920x1200_70-q70.jpg\",\"contentUrl\":\"https:\\\/\\\/www.tovefevang.no\\\/shop\\\/wp-content\\\/uploads\\\/sites\\\/2\\\/2026\\\/01\\\/DSC07966-1920x1200_70-q70.jpg\",\"width\":1446,\"height\":1200},{\"@type\":\"BreadcrumbList\",\"@id\":\"https:\\\/\\\/www.tovefevang.no\\\/shop\\\/produkt\\\/garnvinsler-lose-hunder-5-i-pakken\\\/#breadcrumb\",\"itemListElement\":[{\"@type\":\"ListItem\",\"position\":1,\"name\":\"Hjem\",\"item\":\"https:\\\/\\\/www.tovefevang.no\\\/shop\\\/\"},{\"@type\":\"ListItem\",\"position\":2,\"name\":\"Nettbutikk\",\"item\":\"https:\\\/\\\/www.tovefevang.no\\\/shop\\\/butikk\\\/\"},{\"@type\":\"ListItem\",\"position\":3,\"name\":\"Garnvinsler &#8211; l\u00f8se Dachshunder, 5 i pakken\"}]},{\"@type\":\"WebSite\",\"@id\":\"https:\\\/\\\/www.tovefevang.no\\\/shop\\\/#website\",\"url\":\"https:\\\/\\\/www.tovefevang.no\\\/shop\\\/\",\"name\":\"Idestuen AS - Tove Fevang\",\"description\":\"Idestuen AS - Tove Fevang\",\"publisher\":{\"@id\":\"https:\\\/\\\/www.tovefevang.no\\\/shop\\\/#organization\"},\"potentialAction\":[{\"@type\":\"SearchAction\",\"target\":{\"@type\":\"EntryPoint\",\"urlTemplate\":\"https:\\\/\\\/www.tovefevang.no\\\/shop\\\/?s={search_term_string}\"},\"query-input\":{\"@type\":\"PropertyValueSpecification\",\"valueRequired\":true,\"valueName\":\"search_term_string\"}}],\"inLanguage\":\"nb-NO\"},{\"@type\":\"Organization\",\"@id\":\"https:\\\/\\\/www.tovefevang.no\\\/shop\\\/#organization\",\"name\":\"Idestuen AS - Tove Fevang\",\"url\":\"https:\\\/\\\/www.tovefevang.no\\\/shop\\\/\",\"logo\":{\"@type\":\"ImageObject\",\"inLanguage\":\"nb-NO\",\"@id\":\"https:\\\/\\\/www.tovefevang.no\\\/shop\\\/#\\\/schema\\\/logo\\\/image\\\/\",\"url\":\"https:\\\/\\\/www.tovefevang.no\\\/shop\\\/wp-content\\\/uploads\\\/sites\\\/2\\\/2023\\\/11\\\/tovefevang-logo-1950_500.png\",\"contentUrl\":\"https:\\\/\\\/www.tovefevang.no\\\/shop\\\/wp-content\\\/uploads\\\/sites\\\/2\\\/2023\\\/11\\\/tovefevang-logo-1950_500.png\",\"width\":708,\"height\":181,\"caption\":\"Idestuen AS - Tove Fevang\"},\"image\":{\"@id\":\"https:\\\/\\\/www.tovefevang.no\\\/shop\\\/#\\\/schema\\\/logo\\\/image\\\/\"},\"sameAs\":[\"https:\\\/\\\/www.facebook.com\\\/tovefevang.no\"]}]}<\/script>\n<!-- \/ Yoast SEO plugin. -->","yoast_head_json":{"title":"Garnvinsler - l\u00f8se Dachshunder, 5 i pakken - Idestuen AS - Tove Fevang","robots":{"index":"index","follow":"follow","max-snippet":"max-snippet:-1","max-image-preview":"max-image-preview:large","max-video-preview":"max-video-preview:-1"},"canonical":"https:\/\/www.tovefevang.no\/shop\/produkt\/garnvinsler-lose-hunder-5-i-pakken\/","og_locale":"nb_NO","og_type":"article","og_title":"Garnvinsler - l\u00f8se Dachshunder, 5 i pakken - Idestuen AS - Tove Fevang","og_description":"L\u00f8se garnvinsler formet som Dachs hund, kommer i pakke p\u00e5 5 stykk Dachshunder. Det er ogs\u00e5 et fint tillegg til stativet med 5 Dachshunder hvis man \u00f8nsker \u00e5 utvide \"kennelen\".  Lag din egen lille kennel av Dachshunder med ditt broderigarn.  Skriv p\u00e5 fargenummer med blyant og visk det ut, n\u00e5r det skiftes farge p\u00e5 vinselen.  NB! Dachshundene kommer uten garn!  Materiale: MDF  M\u00e5l: 8 x 5 cm","og_url":"https:\/\/www.tovefevang.no\/shop\/produkt\/garnvinsler-lose-hunder-5-i-pakken\/","og_site_name":"Idestuen AS - Tove Fevang","article_publisher":"https:\/\/www.facebook.com\/tovefevang.no","article_modified_time":"2026-02-08T12:54:16+00:00","og_image":[{"width":1446,"height":1200,"url":"https:\/\/www.tovefevang.no\/shop\/wp-content\/uploads\/sites\/2\/2026\/01\/DSC07966-1920x1200_70-q70.jpg","type":"image\/jpeg"}],"twitter_card":"summary_large_image","twitter_misc":{"Ansl. lesetid":"1 minutt"},"schema":{"@context":"https:\/\/schema.org","@graph":[{"@type":"WebPage","@id":"https:\/\/www.tovefevang.no\/shop\/produkt\/garnvinsler-lose-hunder-5-i-pakken\/","url":"https:\/\/www.tovefevang.no\/shop\/produkt\/garnvinsler-lose-hunder-5-i-pakken\/","name":"Garnvinsler - l\u00f8se Dachshunder, 5 i pakken - Idestuen AS - Tove Fevang","isPartOf":{"@id":"https:\/\/www.tovefevang.no\/shop\/#website"},"primaryImageOfPage":{"@id":"https:\/\/www.tovefevang.no\/shop\/produkt\/garnvinsler-lose-hunder-5-i-pakken\/#primaryimage"},"image":{"@id":"https:\/\/www.tovefevang.no\/shop\/produkt\/garnvinsler-lose-hunder-5-i-pakken\/#primaryimage"},"thumbnailUrl":"https:\/\/www.tovefevang.no\/shop\/wp-content\/uploads\/sites\/2\/2026\/01\/DSC07966-1920x1200_70-q70.jpg","datePublished":"2026-01-23T08:42:22+00:00","dateModified":"2026-02-08T12:54:16+00:00","breadcrumb":{"@id":"https:\/\/www.tovefevang.no\/shop\/produkt\/garnvinsler-lose-hunder-5-i-pakken\/#breadcrumb"},"inLanguage":"nb-NO","potentialAction":[{"@type":"ReadAction","target":["https:\/\/www.tovefevang.no\/shop\/produkt\/garnvinsler-lose-hunder-5-i-pakken\/"]}]},{"@type":"ImageObject","inLanguage":"nb-NO","@id":"https:\/\/www.tovefevang.no\/shop\/produkt\/garnvinsler-lose-hunder-5-i-pakken\/#primaryimage","url":"https:\/\/www.tovefevang.no\/shop\/wp-content\/uploads\/sites\/2\/2026\/01\/DSC07966-1920x1200_70-q70.jpg","contentUrl":"https:\/\/www.tovefevang.no\/shop\/wp-content\/uploads\/sites\/2\/2026\/01\/DSC07966-1920x1200_70-q70.jpg","width":1446,"height":1200},{"@type":"BreadcrumbList","@id":"https:\/\/www.tovefevang.no\/shop\/produkt\/garnvinsler-lose-hunder-5-i-pakken\/#breadcrumb","itemListElement":[{"@type":"ListItem","position":1,"name":"Hjem","item":"https:\/\/www.tovefevang.no\/shop\/"},{"@type":"ListItem","position":2,"name":"Nettbutikk","item":"https:\/\/www.tovefevang.no\/shop\/butikk\/"},{"@type":"ListItem","position":3,"name":"Garnvinsler &#8211; l\u00f8se Dachshunder, 5 i pakken"}]},{"@type":"WebSite","@id":"https:\/\/www.tovefevang.no\/shop\/#website","url":"https:\/\/www.tovefevang.no\/shop\/","name":"Idestuen AS - Tove Fevang","description":"Idestuen AS - Tove Fevang","publisher":{"@id":"https:\/\/www.tovefevang.no\/shop\/#organization"},"potentialAction":[{"@type":"SearchAction","target":{"@type":"EntryPoint","urlTemplate":"https:\/\/www.tovefevang.no\/shop\/?s={search_term_string}"},"query-input":{"@type":"PropertyValueSpecification","valueRequired":true,"valueName":"search_term_string"}}],"inLanguage":"nb-NO"},{"@type":"Organization","@id":"https:\/\/www.tovefevang.no\/shop\/#organization","name":"Idestuen AS - Tove Fevang","url":"https:\/\/www.tovefevang.no\/shop\/","logo":{"@type":"ImageObject","inLanguage":"nb-NO","@id":"https:\/\/www.tovefevang.no\/shop\/#\/schema\/logo\/image\/","url":"https:\/\/www.tovefevang.no\/shop\/wp-content\/uploads\/sites\/2\/2023\/11\/tovefevang-logo-1950_500.png","contentUrl":"https:\/\/www.tovefevang.no\/shop\/wp-content\/uploads\/sites\/2\/2023\/11\/tovefevang-logo-1950_500.png","width":708,"height":181,"caption":"Idestuen AS - Tove Fevang"},"image":{"@id":"https:\/\/www.tovefevang.no\/shop\/#\/schema\/logo\/image\/"},"sameAs":["https:\/\/www.facebook.com\/tovefevang.no"]}]}},"featured_img":"https:\/\/www.tovefevang.no\/shop\/wp-content\/uploads\/sites\/2\/2026\/01\/DSC07966-1920x1200_70-q70.jpg","coauthors":[],"author_meta":{"author_link":"https:\/\/www.tovefevang.no\/shop\/author\/geiradmin\/","display_name":"Geir Arnesen"},"relative_dates":{"created":"Publisert 3 m\u00e5neder siden","modified":"Oppdatert 3 m\u00e5neder siden"},"absolute_dates":{"created":"Publisert 23. januar 2026","modified":"Oppdatert 8. februar 2026"},"absolute_dates_time":{"created":"Publisert 23. januar 2026 09:42","modified":"Oppdatert 8. februar 2026 13:54"},"featured_img_caption":"","tax_additional":{"product_brand":{"linked":[],"unlinked":[],"slug":"product_brand","name":"Merker"},"product_type":{"linked":["<a href=\"https:\/\/www.tovefevang.no\/shop\/?taxonomy=product_type&#038;term=simple\" class=\"advgb-post-tax-term\">simple<\/a>"],"unlinked":["<span class=\"advgb-post-tax-term\">simple<\/span>"],"slug":"product_type","name":"Produkttype"},"product_visibility":{"linked":[],"unlinked":[],"slug":"product_visibility","name":"Produktsynlighet"},"product_cat":{"linked":["<a href=\"https:\/\/www.tovefevang.no\/shop\/produktkategori\/produkter\/broderi\/barn\/\" class=\"advgb-post-tax-term\">Barn<\/a>","<a href=\"https:\/\/www.tovefevang.no\/shop\/produktkategori\/produkter\/broderi\/tilbehor-broderi\/\" class=\"advgb-post-tax-term\">Tilbeh\u00f8r<\/a>"],"unlinked":["<span class=\"advgb-post-tax-term\">Barn<\/span>","<span class=\"advgb-post-tax-term\">Tilbeh\u00f8r<\/span>"],"slug":"product_cat","name":"Produktkategorier"},"product_tag":{"linked":[],"unlinked":[],"slug":"product_tag","name":"Produktstikkord"},"product_shipping_class":{"linked":[],"unlinked":[],"slug":"product_shipping_class","name":"Produkt fraktklasse"},"pos_product_visibility":{"linked":[],"unlinked":[],"slug":"pos_product_visibility","name":"POS Product visibility"},"pa_color":{"linked":[],"unlinked":[],"slug":"pa_color","name":"Produkt Farge"},"pa_size":{"linked":[],"unlinked":[],"slug":"pa_size","name":"Produkt St\u00f8rrelse"}},"series_order":"","_links":{"self":[{"href":"https:\/\/www.tovefevang.no\/shop\/wp-json\/wp\/v2\/product\/12496","targetHints":{"allow":["GET"]}}],"collection":[{"href":"https:\/\/www.tovefevang.no\/shop\/wp-json\/wp\/v2\/product"}],"about":[{"href":"https:\/\/www.tovefevang.no\/shop\/wp-json\/wp\/v2\/types\/product"}],"wp:featuredmedia":[{"embeddable":true,"href":"https:\/\/www.tovefevang.no\/shop\/wp-json\/wp\/v2\/media\/12533"}],"wp:attachment":[{"href":"https:\/\/www.tovefevang.no\/shop\/wp-json\/wp\/v2\/media?parent=12496"}],"wp:term":[{"taxonomy":"product_brand","embeddable":true,"href":"https:\/\/www.tovefevang.no\/shop\/wp-json\/wp\/v2\/product_brand?post=12496"},{"taxonomy":"product_cat","embeddable":true,"href":"https:\/\/www.tovefevang.no\/shop\/wp-json\/wp\/v2\/product_cat?post=12496"},{"taxonomy":"product_tag","embeddable":true,"href":"https:\/\/www.tovefevang.no\/shop\/wp-json\/wp\/v2\/product_tag?post=12496"}],"curies":[{"name":"wp","href":"https:\/\/api.w.org\/{rel}","templated":true}]}}