{"id":1193,"date":"2024-02-25T15:35:16","date_gmt":"2024-02-25T14:35:16","guid":{"rendered":"https:\/\/www.tovefevang.no\/shop\/?post_type=product&#038;p=1193"},"modified":"2024-09-14T19:40:29","modified_gmt":"2024-09-14T17:40:29","slug":"bressay-fair-isle-damegenser","status":"publish","type":"product","link":"https:\/\/www.tovefevang.no\/shop\/produkt\/bressay-fair-isle-damegenser\/","title":{"rendered":"Bressay Fair Isle damegenser"},"content":{"rendered":"\n<h2 class=\"wp-block-heading\" id=\"litt-generell-info-om-oppskriften\">Litt generell info om oppskriften:<\/h2>\n\n\n\n<p><strong>ST\u00d8RRELSE:<\/strong> <strong>(1) 2 (3) 4 (5) 6 (7) 8 (9)<\/strong><\/p>\n\n\n\n<p>Genseren er figurn\u00e6r og har en negativ bevegelsesvidde (= ease) p\u00e5 ca. 2,5 cm. Dvs. vil si n\u00e5r du m\u00e5ler din egen overvidde (x-antall cm), s\u00e5 kan du trekke fra 2,5 cm og se i m\u00e5ltabellen for hvilken st\u00f8rrelse du er n\u00e6rmest i overvidde. Overvidde m\u00e5les rett over bysten (brystene) og med stramt m\u00e5leb\u00e5nd. TIPS! \u00d8nsker du en litt l\u00f8sere fasong p\u00e5 genseren, da velger du en st\u00f8rrelse st\u00f8rre enn hva du trenger jmf. overvidde.<\/p>\n\n\n\n<p><strong>PLAGGETS M\u00c5L:<\/strong> <br>Overvidde: (80) 85 (90) 95 (100) 106 (110) 115 (120) cm<br>Hel lengde: (50) 52 (54) 56 (58) 58 (60) 60 (60) cm<br>Ermelengde: (48) 48 (48) 49 (49) 49 (48) 48 (48) cm, eller \u00f8nsket lengde.<\/p>\n\n\n\n<p><strong>ALTERNATIV 1<\/strong> <strong>SHETLAND BLACK (brun\/sort) BUNNFARGE<br><\/strong>Farge 1, Shetland Black f.nr. 101 hovedfarge\/bunnfarge, (300) 325 (350) 375 (375) 400 (400) 425 (425) g<br>Farge 2, Eesit\/White f.nr. 120 (JOS), 25 g alle st\u00f8rrelser<br>Farge 3, Mooskit f.nr. 106 (JOS), 25 g alle st\u00f8rrelser<br>Farge 4, Camel f. nr. 141 (JOS) eller Camel f.nr. 78 mix (J&amp;S), 25 g alle st\u00f8rrelser<br>Farge 5, Wren f.nr. 246 (JOS), 25 g alle st\u00f8rrelser<br>Farge 6, Blue Lovat f.nr. 232 (JOS), 25 g alle st\u00f8rrelser<\/p>\n\n\n\n<p><strong>ALTERNATIV 2<\/strong> <strong>BEIGE BUNNFARGE<br><\/strong>Farge 1,  Eesit f.nr. 105 (JOS),(300) 325 (350) 375 (375) 400 (400) 425 (425) g<br>Farge 2, Wren f.nr. 246 (JOS), 25 g alle st\u00f8rrelser<br>Farge 3, Moorit\/Shaela f.nr. 118, (JOS), 25 g alle st\u00f8rrelser<br>Farge 4, Birch f.nr. 252, (JOS), 25 g alle st\u00f8rrelser<br>Farge 5, Shetland Black f.nr. 101, (JOS), 25 g alle st\u00f8rrelser<br>Farge 6, Blue Lovat f.nr. 232, (JOS), 25 g alle st\u00f8rrelser<\/p>\n\n\n\n<p><strong>ALTERNATIV 3<\/strong> <strong>BL\u00c5 BUNNFARGE<br><\/strong>Farge 1, Midnight f.nr.160 hovedfarge\/bunnfarge (JOS), (300) 325 (350) 375 (375) 400 (400) 425 (425) g<br>Farge 2, Natural White f.nr.104, (JOS), 25 g alle st\u00f8rrelser<br>Farge 3, Granite f.nr. 122, (JOS), 25 g alle st\u00f8rrelser<br>Farge 4, Steel f.nr. 320, (JOS), 25 g alle st\u00f8rrelser<br>Farge 5, Slate f.nr. 125, (JOS), 25 g alle st\u00f8rrelser<br>Farge 6, Sunset f.nr. 186, (JOS), 25 g alle st\u00f8rrelser<\/p>\n\n\n\n<p><strong>ALTERNATIV <\/strong>4 <strong>LYS GR\u00c5 BUNNFARGE<br><\/strong>Farge 1, Granite f.nr.122, hovedfarge\/bunnfarge (JOS), (300) 325 (350) 375 (375) 400 (400) 425 (425) g<br>Farge 2, Lomond f.nr.322, (JOS), 25 g alle st\u00f8rrelser<br>Farge 3, Pacific f.nr.763, (JOS), 25 g alle st\u00f8rrelser<br>Farge 4, Midnight f.nr.160, (JOS), 25 g alle st\u00f8rrelser<br>Farge 5, Cosmos f.nr.1340, (JOS), 25 g alle st\u00f8rrelser<br>Farge 6, Sunset f.nr. 186, (JOS), 25 g alle st\u00f8rrelser<\/p>\n\n\n\n<p>Opplysninger om garnet f\u00e5s hos: www.tovefevang.no<\/p>\n\n\n\n<p><strong>PINNER (veiledende):<br><\/strong>ChiaoGoo Rundp nr 2,75 (75 &#8211; 100- 125 cm) til vrangborder og glattstrikk og nr. 3,25 til m\u00f8nsterstrikk (hvis du erfarer at du strikker m\u00f8nsterstrikk stammere enn glattstrikk) og nr. 2,5&nbsp; (55 cm) til halskant.<\/p>\n\n\n\n<p><strong>STRIKKEFASTHET:<br><\/strong>29 m og ca. 42 omg. glattstrikk p\u00e5 p nr. 2,75 = 10 x 10 cm<\/p>\n\n\n\n<p><strong>TILBEH\u00d8R:<br><\/strong>24 tynne maskemark\u00f8rer<br><br><a href=\"https:\/\/www.tovefevang.no\/blog\/2024\/02\/25\/bressay-fair-isle-damegenser\/\">Du kan lese mer om oppskriften p\u00e5 bloggen her.<\/a><\/p>\n\n\n\n<p><a href=\"https:\/\/www.tovefevang.no\/shop\/produkt\/bressay-fair-isle-damegenser-garnpakke\/\">Her kan du kj\u00f8pe garnpakke til Bressay Fair Isle damegenseren<\/a><\/p>\n","protected":false},"excerpt":{"rendered":"<p>Litt generell info om oppskriften: ST\u00d8RRELSE: (1) 2 (3) 4 (5) 6 (7) 8 (9) Genseren er figurn\u00e6r og har en negativ bevegelsesvidde (= ease) p\u00e5 ca. 2,5 cm. Dvs. vil si n\u00e5r du m\u00e5ler din egen overvidde (x-antall cm), s\u00e5 kan du trekke fra 2,5 cm og se i m\u00e5ltabellen for hvilken st\u00f8rrelse du [&hellip;]<\/p>\n","protected":false},"author":1,"featured_media":1195,"template":"","meta":{"advgb_blocks_editor_width":"","advgb_blocks_columns_visual_guide":""},"product_brand":[],"product_cat":[34],"product_tag":[],"class_list":{"0":"post-1193","1":"product","2":"type-product","3":"status-publish","4":"has-post-thumbnail","6":"product_cat-genser","8":"first","9":"instock","10":"downloadable","11":"virtual","12":"taxable","13":"purchasable","14":"product-type-simple"},"yoast_head":"<!-- This site is optimized with the Yoast SEO plugin v27.4 - https:\/\/yoast.com\/product\/yoast-seo-wordpress\/ -->\n<title>Bressay Fair Isle damegenser - Idestuen AS - Tove Fevang<\/title>\n<meta name=\"robots\" content=\"index, follow, max-snippet:-1, max-image-preview:large, max-video-preview:-1\" \/>\n<link rel=\"canonical\" href=\"https:\/\/www.tovefevang.no\/shop\/produkt\/bressay-fair-isle-damegenser\/\" \/>\n<meta property=\"og:locale\" content=\"nb_NO\" \/>\n<meta property=\"og:type\" content=\"article\" \/>\n<meta property=\"og:title\" content=\"Bressay Fair Isle damegenser - Idestuen AS - Tove Fevang\" \/>\n<meta property=\"og:description\" content=\"Litt generell info om oppskriften: ST\u00d8RRELSE: (1) 2 (3) 4 (5) 6 (7) 8 (9) Genseren er figurn\u00e6r og har en negativ bevegelsesvidde (= ease) p\u00e5 ca. 2,5 cm. Dvs. vil si n\u00e5r du m\u00e5ler din egen overvidde (x-antall cm), s\u00e5 kan du trekke fra 2,5 cm og se i m\u00e5ltabellen for hvilken st\u00f8rrelse du [&hellip;]\" \/>\n<meta property=\"og:url\" content=\"https:\/\/www.tovefevang.no\/shop\/produkt\/bressay-fair-isle-damegenser\/\" \/>\n<meta property=\"og:site_name\" content=\"Idestuen AS - Tove Fevang\" \/>\n<meta property=\"article:publisher\" content=\"https:\/\/www.facebook.com\/tovefevang.no\" \/>\n<meta property=\"article:modified_time\" content=\"2024-09-14T17:40:29+00:00\" \/>\n<meta property=\"og:image\" content=\"https:\/\/www.tovefevang.no\/shop\/wp-content\/uploads\/sites\/2\/2024\/02\/DSC08826-1920x1200_70-q70.jpg\" \/>\n\t<meta property=\"og:image:width\" content=\"960\" \/>\n\t<meta property=\"og:image:height\" content=\"1200\" \/>\n\t<meta property=\"og:image:type\" content=\"image\/jpeg\" \/>\n<meta name=\"twitter:card\" content=\"summary_large_image\" \/>\n<meta name=\"twitter:label1\" content=\"Ansl. lesetid\" \/>\n\t<meta name=\"twitter:data1\" content=\"3 minutter\" \/>\n<script type=\"application\/ld+json\" class=\"yoast-schema-graph\">{\"@context\":\"https:\\\/\\\/schema.org\",\"@graph\":[{\"@type\":\"WebPage\",\"@id\":\"https:\\\/\\\/www.tovefevang.no\\\/shop\\\/produkt\\\/bressay-fair-isle-damegenser\\\/\",\"url\":\"https:\\\/\\\/www.tovefevang.no\\\/shop\\\/produkt\\\/bressay-fair-isle-damegenser\\\/\",\"name\":\"Bressay Fair Isle damegenser - Idestuen AS - Tove Fevang\",\"isPartOf\":{\"@id\":\"https:\\\/\\\/www.tovefevang.no\\\/shop\\\/#website\"},\"primaryImageOfPage\":{\"@id\":\"https:\\\/\\\/www.tovefevang.no\\\/shop\\\/produkt\\\/bressay-fair-isle-damegenser\\\/#primaryimage\"},\"image\":{\"@id\":\"https:\\\/\\\/www.tovefevang.no\\\/shop\\\/produkt\\\/bressay-fair-isle-damegenser\\\/#primaryimage\"},\"thumbnailUrl\":\"https:\\\/\\\/www.tovefevang.no\\\/shop\\\/wp-content\\\/uploads\\\/sites\\\/2\\\/2024\\\/02\\\/DSC08826-1920x1200_70-q70.jpg\",\"datePublished\":\"2024-02-25T14:35:16+00:00\",\"dateModified\":\"2024-09-14T17:40:29+00:00\",\"breadcrumb\":{\"@id\":\"https:\\\/\\\/www.tovefevang.no\\\/shop\\\/produkt\\\/bressay-fair-isle-damegenser\\\/#breadcrumb\"},\"inLanguage\":\"nb-NO\",\"potentialAction\":[{\"@type\":\"ReadAction\",\"target\":[\"https:\\\/\\\/www.tovefevang.no\\\/shop\\\/produkt\\\/bressay-fair-isle-damegenser\\\/\"]}]},{\"@type\":\"ImageObject\",\"inLanguage\":\"nb-NO\",\"@id\":\"https:\\\/\\\/www.tovefevang.no\\\/shop\\\/produkt\\\/bressay-fair-isle-damegenser\\\/#primaryimage\",\"url\":\"https:\\\/\\\/www.tovefevang.no\\\/shop\\\/wp-content\\\/uploads\\\/sites\\\/2\\\/2024\\\/02\\\/DSC08826-1920x1200_70-q70.jpg\",\"contentUrl\":\"https:\\\/\\\/www.tovefevang.no\\\/shop\\\/wp-content\\\/uploads\\\/sites\\\/2\\\/2024\\\/02\\\/DSC08826-1920x1200_70-q70.jpg\",\"width\":960,\"height\":1200,\"caption\":\"Bl\u00e5\"},{\"@type\":\"BreadcrumbList\",\"@id\":\"https:\\\/\\\/www.tovefevang.no\\\/shop\\\/produkt\\\/bressay-fair-isle-damegenser\\\/#breadcrumb\",\"itemListElement\":[{\"@type\":\"ListItem\",\"position\":1,\"name\":\"Hjem\",\"item\":\"https:\\\/\\\/www.tovefevang.no\\\/shop\\\/\"},{\"@type\":\"ListItem\",\"position\":2,\"name\":\"Nettbutikk\",\"item\":\"https:\\\/\\\/www.tovefevang.no\\\/shop\\\/butikk\\\/\"},{\"@type\":\"ListItem\",\"position\":3,\"name\":\"Bressay Fair Isle damegenser\"}]},{\"@type\":\"WebSite\",\"@id\":\"https:\\\/\\\/www.tovefevang.no\\\/shop\\\/#website\",\"url\":\"https:\\\/\\\/www.tovefevang.no\\\/shop\\\/\",\"name\":\"Idestuen AS - Tove Fevang\",\"description\":\"Idestuen AS - Tove Fevang\",\"publisher\":{\"@id\":\"https:\\\/\\\/www.tovefevang.no\\\/shop\\\/#organization\"},\"potentialAction\":[{\"@type\":\"SearchAction\",\"target\":{\"@type\":\"EntryPoint\",\"urlTemplate\":\"https:\\\/\\\/www.tovefevang.no\\\/shop\\\/?s={search_term_string}\"},\"query-input\":{\"@type\":\"PropertyValueSpecification\",\"valueRequired\":true,\"valueName\":\"search_term_string\"}}],\"inLanguage\":\"nb-NO\"},{\"@type\":\"Organization\",\"@id\":\"https:\\\/\\\/www.tovefevang.no\\\/shop\\\/#organization\",\"name\":\"Idestuen AS - Tove Fevang\",\"url\":\"https:\\\/\\\/www.tovefevang.no\\\/shop\\\/\",\"logo\":{\"@type\":\"ImageObject\",\"inLanguage\":\"nb-NO\",\"@id\":\"https:\\\/\\\/www.tovefevang.no\\\/shop\\\/#\\\/schema\\\/logo\\\/image\\\/\",\"url\":\"https:\\\/\\\/www.tovefevang.no\\\/shop\\\/wp-content\\\/uploads\\\/sites\\\/2\\\/2023\\\/11\\\/tovefevang-logo-1950_500.png\",\"contentUrl\":\"https:\\\/\\\/www.tovefevang.no\\\/shop\\\/wp-content\\\/uploads\\\/sites\\\/2\\\/2023\\\/11\\\/tovefevang-logo-1950_500.png\",\"width\":708,\"height\":181,\"caption\":\"Idestuen AS - Tove Fevang\"},\"image\":{\"@id\":\"https:\\\/\\\/www.tovefevang.no\\\/shop\\\/#\\\/schema\\\/logo\\\/image\\\/\"},\"sameAs\":[\"https:\\\/\\\/www.facebook.com\\\/tovefevang.no\"]}]}<\/script>\n<!-- \/ Yoast SEO plugin. -->","yoast_head_json":{"title":"Bressay Fair Isle damegenser - Idestuen AS - Tove Fevang","robots":{"index":"index","follow":"follow","max-snippet":"max-snippet:-1","max-image-preview":"max-image-preview:large","max-video-preview":"max-video-preview:-1"},"canonical":"https:\/\/www.tovefevang.no\/shop\/produkt\/bressay-fair-isle-damegenser\/","og_locale":"nb_NO","og_type":"article","og_title":"Bressay Fair Isle damegenser - Idestuen AS - Tove Fevang","og_description":"Litt generell info om oppskriften: ST\u00d8RRELSE: (1) 2 (3) 4 (5) 6 (7) 8 (9) Genseren er figurn\u00e6r og har en negativ bevegelsesvidde (= ease) p\u00e5 ca. 2,5 cm. Dvs. vil si n\u00e5r du m\u00e5ler din egen overvidde (x-antall cm), s\u00e5 kan du trekke fra 2,5 cm og se i m\u00e5ltabellen for hvilken st\u00f8rrelse du [&hellip;]","og_url":"https:\/\/www.tovefevang.no\/shop\/produkt\/bressay-fair-isle-damegenser\/","og_site_name":"Idestuen AS - Tove Fevang","article_publisher":"https:\/\/www.facebook.com\/tovefevang.no","article_modified_time":"2024-09-14T17:40:29+00:00","og_image":[{"width":960,"height":1200,"url":"https:\/\/www.tovefevang.no\/shop\/wp-content\/uploads\/sites\/2\/2024\/02\/DSC08826-1920x1200_70-q70.jpg","type":"image\/jpeg"}],"twitter_card":"summary_large_image","twitter_misc":{"Ansl. lesetid":"3 minutter"},"schema":{"@context":"https:\/\/schema.org","@graph":[{"@type":"WebPage","@id":"https:\/\/www.tovefevang.no\/shop\/produkt\/bressay-fair-isle-damegenser\/","url":"https:\/\/www.tovefevang.no\/shop\/produkt\/bressay-fair-isle-damegenser\/","name":"Bressay Fair Isle damegenser - Idestuen AS - Tove Fevang","isPartOf":{"@id":"https:\/\/www.tovefevang.no\/shop\/#website"},"primaryImageOfPage":{"@id":"https:\/\/www.tovefevang.no\/shop\/produkt\/bressay-fair-isle-damegenser\/#primaryimage"},"image":{"@id":"https:\/\/www.tovefevang.no\/shop\/produkt\/bressay-fair-isle-damegenser\/#primaryimage"},"thumbnailUrl":"https:\/\/www.tovefevang.no\/shop\/wp-content\/uploads\/sites\/2\/2024\/02\/DSC08826-1920x1200_70-q70.jpg","datePublished":"2024-02-25T14:35:16+00:00","dateModified":"2024-09-14T17:40:29+00:00","breadcrumb":{"@id":"https:\/\/www.tovefevang.no\/shop\/produkt\/bressay-fair-isle-damegenser\/#breadcrumb"},"inLanguage":"nb-NO","potentialAction":[{"@type":"ReadAction","target":["https:\/\/www.tovefevang.no\/shop\/produkt\/bressay-fair-isle-damegenser\/"]}]},{"@type":"ImageObject","inLanguage":"nb-NO","@id":"https:\/\/www.tovefevang.no\/shop\/produkt\/bressay-fair-isle-damegenser\/#primaryimage","url":"https:\/\/www.tovefevang.no\/shop\/wp-content\/uploads\/sites\/2\/2024\/02\/DSC08826-1920x1200_70-q70.jpg","contentUrl":"https:\/\/www.tovefevang.no\/shop\/wp-content\/uploads\/sites\/2\/2024\/02\/DSC08826-1920x1200_70-q70.jpg","width":960,"height":1200,"caption":"Bl\u00e5"},{"@type":"BreadcrumbList","@id":"https:\/\/www.tovefevang.no\/shop\/produkt\/bressay-fair-isle-damegenser\/#breadcrumb","itemListElement":[{"@type":"ListItem","position":1,"name":"Hjem","item":"https:\/\/www.tovefevang.no\/shop\/"},{"@type":"ListItem","position":2,"name":"Nettbutikk","item":"https:\/\/www.tovefevang.no\/shop\/butikk\/"},{"@type":"ListItem","position":3,"name":"Bressay Fair Isle damegenser"}]},{"@type":"WebSite","@id":"https:\/\/www.tovefevang.no\/shop\/#website","url":"https:\/\/www.tovefevang.no\/shop\/","name":"Idestuen AS - Tove Fevang","description":"Idestuen AS - Tove Fevang","publisher":{"@id":"https:\/\/www.tovefevang.no\/shop\/#organization"},"potentialAction":[{"@type":"SearchAction","target":{"@type":"EntryPoint","urlTemplate":"https:\/\/www.tovefevang.no\/shop\/?s={search_term_string}"},"query-input":{"@type":"PropertyValueSpecification","valueRequired":true,"valueName":"search_term_string"}}],"inLanguage":"nb-NO"},{"@type":"Organization","@id":"https:\/\/www.tovefevang.no\/shop\/#organization","name":"Idestuen AS - Tove Fevang","url":"https:\/\/www.tovefevang.no\/shop\/","logo":{"@type":"ImageObject","inLanguage":"nb-NO","@id":"https:\/\/www.tovefevang.no\/shop\/#\/schema\/logo\/image\/","url":"https:\/\/www.tovefevang.no\/shop\/wp-content\/uploads\/sites\/2\/2023\/11\/tovefevang-logo-1950_500.png","contentUrl":"https:\/\/www.tovefevang.no\/shop\/wp-content\/uploads\/sites\/2\/2023\/11\/tovefevang-logo-1950_500.png","width":708,"height":181,"caption":"Idestuen AS - Tove Fevang"},"image":{"@id":"https:\/\/www.tovefevang.no\/shop\/#\/schema\/logo\/image\/"},"sameAs":["https:\/\/www.facebook.com\/tovefevang.no"]}]}},"featured_img":"https:\/\/www.tovefevang.no\/shop\/wp-content\/uploads\/sites\/2\/2024\/02\/DSC08826-1920x1200_70-q70.jpg","coauthors":[],"author_meta":{"author_link":"https:\/\/www.tovefevang.no\/shop\/author\/tove\/","display_name":"Tove Fevang"},"relative_dates":{"created":"Publisert 2 \u00e5r siden","modified":"Oppdatert 2 \u00e5r siden"},"absolute_dates":{"created":"Publisert 25. februar 2024","modified":"Oppdatert 14. september 2024"},"absolute_dates_time":{"created":"Publisert 25. februar 2024 15:35","modified":"Oppdatert 14. september 2024 19:40"},"featured_img_caption":"Bl\u00e5","tax_additional":{"product_brand":{"linked":[],"unlinked":[],"slug":"product_brand","name":"Merker"},"product_type":{"linked":["<a href=\"https:\/\/www.tovefevang.no\/shop\/?taxonomy=product_type&#038;term=simple\" class=\"advgb-post-tax-term\">simple<\/a>"],"unlinked":["<span class=\"advgb-post-tax-term\">simple<\/span>"],"slug":"product_type","name":"Produkttype"},"product_visibility":{"linked":[],"unlinked":[],"slug":"product_visibility","name":"Produktsynlighet"},"product_cat":{"linked":["<a href=\"https:\/\/www.tovefevang.no\/shop\/produktkategori\/produkter\/oppskrift\/genser\/\" class=\"advgb-post-tax-term\">Genser<\/a>"],"unlinked":["<span class=\"advgb-post-tax-term\">Genser<\/span>"],"slug":"product_cat","name":"Produktkategorier"},"product_tag":{"linked":[],"unlinked":[],"slug":"product_tag","name":"Produktstikkord"},"product_shipping_class":{"linked":[],"unlinked":[],"slug":"product_shipping_class","name":"Produkt fraktklasse"},"pos_product_visibility":{"linked":[],"unlinked":[],"slug":"pos_product_visibility","name":"POS Product visibility"},"pa_color":{"linked":[],"unlinked":[],"slug":"pa_color","name":"Produkt Farge"},"pa_size":{"linked":[],"unlinked":[],"slug":"pa_size","name":"Produkt St\u00f8rrelse"}},"series_order":"","_links":{"self":[{"href":"https:\/\/www.tovefevang.no\/shop\/wp-json\/wp\/v2\/product\/1193","targetHints":{"allow":["GET"]}}],"collection":[{"href":"https:\/\/www.tovefevang.no\/shop\/wp-json\/wp\/v2\/product"}],"about":[{"href":"https:\/\/www.tovefevang.no\/shop\/wp-json\/wp\/v2\/types\/product"}],"wp:featuredmedia":[{"embeddable":true,"href":"https:\/\/www.tovefevang.no\/shop\/wp-json\/wp\/v2\/media\/1195"}],"wp:attachment":[{"href":"https:\/\/www.tovefevang.no\/shop\/wp-json\/wp\/v2\/media?parent=1193"}],"wp:term":[{"taxonomy":"product_brand","embeddable":true,"href":"https:\/\/www.tovefevang.no\/shop\/wp-json\/wp\/v2\/product_brand?post=1193"},{"taxonomy":"product_cat","embeddable":true,"href":"https:\/\/www.tovefevang.no\/shop\/wp-json\/wp\/v2\/product_cat?post=1193"},{"taxonomy":"product_tag","embeddable":true,"href":"https:\/\/www.tovefevang.no\/shop\/wp-json\/wp\/v2\/product_tag?post=1193"}],"curies":[{"name":"wp","href":"https:\/\/api.w.org\/{rel}","templated":true}]}}