{"id":10271,"date":"2025-12-26T10:17:19","date_gmt":"2025-12-26T09:17:19","guid":{"rendered":"https:\/\/www.tovefevang.no\/shop\/?post_type=product&#038;p=10271"},"modified":"2026-01-03T10:14:47","modified_gmt":"2026-01-03T09:14:47","slug":"klassisk-panneband","status":"publish","type":"product","link":"https:\/\/www.tovefevang.no\/shop\/produkt\/klassisk-panneband\/","title":{"rendered":"Klassisk panneb\u00e5nd"},"content":{"rendered":"\n<p><\/p>\n\n\n\n<p><strong>ST\u00d8RRELSER:<br><\/strong>Dame: One size<\/p>\n\n\n\n<p>OMKRETS: ca 55-56 cm<\/p>\n\n\n\n<p><strong>MATERIALER og GARNFORBRUK:<br><\/strong>Spindrift, Jamieson of Shetland (100 % shetlandsull ) 25 g = ca. 107 meter = 1 n\u00f8ste<br>Bunnfarge, Crimson f.nr. 525, 50 g<br>M\u00f8nsterfarge, Natural White f.nr. 104, 25 g<br>Spindrift garnet som er brukt i oppskriften finner du her i nettbutikken og det er 76 lekre farger i Spindrift \u00e5 velge mellom.<\/p>\n\n\n\n<p><strong>PINNER:<\/strong><br>ChiaoGoo rund-p 55 cm nr. 2,75 (= 35&nbsp; cm vaier og 10 cm pinnetupper = 55 cm) <br><br><strong>STRIKKEFASTHET:&nbsp;<\/strong><br>28 m m\u00f8nsterstrikk p\u00e5 p nr. 2,75 = 10 cm<\/p>\n\n\n\n<p><\/p>\n\n\n\n<p><\/p>\n\n\n\n<p><\/p>\n\n\n\n<p><\/p>\n\n\n\n<p><\/p>\n\n\n\n<p><\/p>\n\n\n\n<p><\/p>\n","protected":false},"excerpt":{"rendered":"<p><!-- wp:paragraph --><\/p>\n<p><!-- wp:paragraph --><\/p>\n<p><!-- wp:paragraph --><\/p>\n<p><strong><!-- wp:paragraph --><\/strong><\/p>\n<p>Klassiske panneb\u00e5nd er strikket i garnet Spindrift\u00a0 fra Jamiesons of Shetland 100 % shetlandsull . Oppskriften er i en st\u00f8rrelse (one size). Panneb\u00e5ndet er strikket i det klassiske r\u00f8dt og naturhvit, du kan lage dine egne fargekombinasjoner. Husk \u00e5 bruke store nok kontraster slik at m\u00f8nsteret kommer godt frem. I nettbutikken\u00a0 finner du over 100 lekre farger i Spindrift garnet.<br \/><strong>Tips!<\/strong> Samtidig finner du over 70 farger av\u00a0 2 ply Jumper weight fra Jamieson &amp; Smith. Begge garnene er i 100 % shetlandsull, de har samme strikkefasthet og l\u00f8pemeter. S\u00e5 de kan kombineres om hverandre.<\/p>\n<p><strong><!-- \/wp:paragraph --><\/p>\n<p><!-- wp:paragraph --><\/strong><\/p>\n<p><strong>I oppskriften finner du ogs\u00e5 link til flere unike videoer som gir ekstra forklaringer p\u00e5 ulike steg i arbeidet. Det er ogs\u00e5 trinn-for-trinn bilder, som viser hvordan du gj\u00f8r ulike teknikker.<\/p>\n<p>NB! Gratis oppskriften Klassiske damevotter er et fint f\u00f8lge til panneb\u00e5ndet!<\/strong><\/p>\n<p><strong><!-- \/wp:paragraph -->ST\u00d8RRELSER:<br \/><\/strong>Dame: One size<\/p>\n<p><!-- \/wp:paragraph --><\/p>\n<p><!-- wp:paragraph --><\/p>\n<p>OMKRETS: ca 55-56 cm<\/p>\n<p><!-- \/wp:paragraph --><\/p>\n<p><!-- wp:paragraph --><\/p>\n<p><strong>MATERIALER og GARNFORBRUK:<br \/><\/strong>Spindrift, Jamieson of Shetland (100 % shetlandsull ) 25 g = ca. 107 meter = 1 n\u00f8ste<br \/>Bunnfarge, Crimson f.nr. 525, 50 g<br \/>M\u00f8nsterfarge, Natural White f.nr. 104, 25 g<br \/>Spindrift garnet som er brukt i oppskriften finner du her i nettbutikken og det er 76 lekre farger i Spindrift \u00e5 velge mellom.<\/p>\n<p><!-- \/wp:paragraph --><\/p>\n<p><!-- wp:paragraph --><\/p>\n<p><strong>PINNER:<\/strong><br \/>ChiaoGoo rund-p 55 cm nr. 2,75 (= 35\u00a0 cm vaier og 10 cm pinnetupper = 55 cm) <\/p>\n<p><strong>STRIKKEFASTHET:\u00a0<\/strong><br \/>28 m m\u00f8nsterstrikk p\u00e5 p nr. 2,75 = 10 cm<\/p>\n<p><!-- \/wp:paragraph --><\/p>\n<p><!-- \/wp:paragraph --><\/p>\n<p><!-- wp:paragraph --><\/p>\n<p><!-- \/wp:paragraph --><\/p>\n","protected":false},"author":4,"featured_media":10274,"template":"","meta":{"advgb_blocks_editor_width":"","advgb_blocks_columns_visual_guide":""},"product_brand":[],"product_cat":[42,28,18],"product_tag":[],"class_list":{"0":"post-10271","1":"product","2":"type-product","3":"status-publish","4":"has-post-thumbnail","6":"product_cat-gratis-oppskrifter","7":"product_cat-luerogtilbehor","8":"product_cat-oppskrift","10":"first","11":"instock","12":"downloadable","13":"virtual","14":"sold-individually","15":"purchasable","16":"product-type-simple"},"yoast_head":"<!-- This site is optimized with the Yoast SEO plugin v27.4 - https:\/\/yoast.com\/product\/yoast-seo-wordpress\/ -->\n<title>Klassisk panneb\u00e5nd - Idestuen AS - Tove Fevang<\/title>\n<meta name=\"robots\" content=\"index, follow, max-snippet:-1, max-image-preview:large, max-video-preview:-1\" \/>\n<link rel=\"canonical\" href=\"https:\/\/www.tovefevang.no\/shop\/produkt\/klassisk-panneband\/\" \/>\n<meta property=\"og:locale\" content=\"nb_NO\" \/>\n<meta property=\"og:type\" content=\"article\" \/>\n<meta property=\"og:title\" content=\"Klassisk panneb\u00e5nd - Idestuen AS - Tove Fevang\" \/>\n<meta property=\"og:description\" content=\"Klassiske panneb\u00e5nd er strikket i garnet Spindrift\u00a0 fra Jamiesons of Shetland 100 % shetlandsull . Oppskriften er i en st\u00f8rrelse (one size). Panneb\u00e5ndet er strikket i det klassiske r\u00f8dt og naturhvit, du kan lage dine egne fargekombinasjoner. Husk \u00e5 bruke store nok kontraster slik at m\u00f8nsteret kommer godt frem. I nettbutikken\u00a0 finner du over 100 lekre farger i Spindrift garnet.Tips! Samtidig finner du over 70 farger av\u00a0 2 ply Jumper weight fra Jamieson &amp; Smith. Begge garnene er i 100 % shetlandsull, de har samme strikkefasthet og l\u00f8pemeter. S\u00e5 de kan kombineres om hverandre.    I oppskriften finner du ogs\u00e5 link til flere unike videoer som gir ekstra forklaringer p\u00e5 ulike steg i arbeidet. Det er ogs\u00e5 trinn-for-trinn bilder, som viser hvordan du gj\u00f8r ulike teknikker.NB! Gratis oppskriften Klassiske damevotter er et fint f\u00f8lge til panneb\u00e5ndet! ST\u00d8RRELSER:Dame: One size    OMKRETS: ca 55-56 cm    MATERIALER og GARNFORBRUK:Spindrift, Jamieson of Shetland (100 % shetlandsull ) 25 g = ca. 107 meter = 1 n\u00f8steBunnfarge, Crimson f.nr. 525, 50 gM\u00f8nsterfarge, Natural White f.nr. 104, 25 gSpindrift garnet som er brukt i oppskriften finner du her i nettbutikken og det er 76 lekre farger i Spindrift \u00e5 velge mellom.    PINNER:ChiaoGoo rund-p 55 cm nr. 2,75 (= 35\u00a0 cm vaier og 10 cm pinnetupper = 55 cm) STRIKKEFASTHET:\u00a028 m m\u00f8nsterstrikk p\u00e5 p nr. 2,75 = 10 cm\" \/>\n<meta property=\"og:url\" content=\"https:\/\/www.tovefevang.no\/shop\/produkt\/klassisk-panneband\/\" \/>\n<meta property=\"og:site_name\" content=\"Idestuen AS - Tove Fevang\" \/>\n<meta property=\"article:publisher\" content=\"https:\/\/www.facebook.com\/tovefevang.no\" \/>\n<meta property=\"article:modified_time\" content=\"2026-01-03T09:14:47+00:00\" \/>\n<meta property=\"og:image\" content=\"https:\/\/www.tovefevang.no\/shop\/wp-content\/uploads\/sites\/2\/2025\/12\/DSC04615-1920x1200_70-q70.jpg\" \/>\n\t<meta property=\"og:image:width\" content=\"1800\" \/>\n\t<meta property=\"og:image:height\" content=\"1200\" \/>\n\t<meta property=\"og:image:type\" content=\"image\/jpeg\" \/>\n<meta name=\"twitter:card\" content=\"summary_large_image\" \/>\n<meta name=\"twitter:label1\" content=\"Ansl. lesetid\" \/>\n\t<meta name=\"twitter:data1\" content=\"1 minutt\" \/>\n<script type=\"application\/ld+json\" class=\"yoast-schema-graph\">{\"@context\":\"https:\\\/\\\/schema.org\",\"@graph\":[{\"@type\":\"WebPage\",\"@id\":\"https:\\\/\\\/www.tovefevang.no\\\/shop\\\/produkt\\\/klassisk-panneband\\\/\",\"url\":\"https:\\\/\\\/www.tovefevang.no\\\/shop\\\/produkt\\\/klassisk-panneband\\\/\",\"name\":\"Klassisk panneb\u00e5nd - Idestuen AS - Tove Fevang\",\"isPartOf\":{\"@id\":\"https:\\\/\\\/www.tovefevang.no\\\/shop\\\/#website\"},\"primaryImageOfPage\":{\"@id\":\"https:\\\/\\\/www.tovefevang.no\\\/shop\\\/produkt\\\/klassisk-panneband\\\/#primaryimage\"},\"image\":{\"@id\":\"https:\\\/\\\/www.tovefevang.no\\\/shop\\\/produkt\\\/klassisk-panneband\\\/#primaryimage\"},\"thumbnailUrl\":\"https:\\\/\\\/www.tovefevang.no\\\/shop\\\/wp-content\\\/uploads\\\/sites\\\/2\\\/2025\\\/12\\\/DSC04615-1920x1200_70-q70.jpg\",\"datePublished\":\"2025-12-26T09:17:19+00:00\",\"dateModified\":\"2026-01-03T09:14:47+00:00\",\"breadcrumb\":{\"@id\":\"https:\\\/\\\/www.tovefevang.no\\\/shop\\\/produkt\\\/klassisk-panneband\\\/#breadcrumb\"},\"inLanguage\":\"nb-NO\",\"potentialAction\":[{\"@type\":\"ReadAction\",\"target\":[\"https:\\\/\\\/www.tovefevang.no\\\/shop\\\/produkt\\\/klassisk-panneband\\\/\"]}]},{\"@type\":\"ImageObject\",\"inLanguage\":\"nb-NO\",\"@id\":\"https:\\\/\\\/www.tovefevang.no\\\/shop\\\/produkt\\\/klassisk-panneband\\\/#primaryimage\",\"url\":\"https:\\\/\\\/www.tovefevang.no\\\/shop\\\/wp-content\\\/uploads\\\/sites\\\/2\\\/2025\\\/12\\\/DSC04615-1920x1200_70-q70.jpg\",\"contentUrl\":\"https:\\\/\\\/www.tovefevang.no\\\/shop\\\/wp-content\\\/uploads\\\/sites\\\/2\\\/2025\\\/12\\\/DSC04615-1920x1200_70-q70.jpg\",\"width\":1800,\"height\":1200},{\"@type\":\"BreadcrumbList\",\"@id\":\"https:\\\/\\\/www.tovefevang.no\\\/shop\\\/produkt\\\/klassisk-panneband\\\/#breadcrumb\",\"itemListElement\":[{\"@type\":\"ListItem\",\"position\":1,\"name\":\"Hjem\",\"item\":\"https:\\\/\\\/www.tovefevang.no\\\/shop\\\/\"},{\"@type\":\"ListItem\",\"position\":2,\"name\":\"Nettbutikk\",\"item\":\"https:\\\/\\\/www.tovefevang.no\\\/shop\\\/butikk\\\/\"},{\"@type\":\"ListItem\",\"position\":3,\"name\":\"Klassisk panneb\u00e5nd\"}]},{\"@type\":\"WebSite\",\"@id\":\"https:\\\/\\\/www.tovefevang.no\\\/shop\\\/#website\",\"url\":\"https:\\\/\\\/www.tovefevang.no\\\/shop\\\/\",\"name\":\"Idestuen AS - Tove Fevang\",\"description\":\"Idestuen AS - Tove Fevang\",\"publisher\":{\"@id\":\"https:\\\/\\\/www.tovefevang.no\\\/shop\\\/#organization\"},\"potentialAction\":[{\"@type\":\"SearchAction\",\"target\":{\"@type\":\"EntryPoint\",\"urlTemplate\":\"https:\\\/\\\/www.tovefevang.no\\\/shop\\\/?s={search_term_string}\"},\"query-input\":{\"@type\":\"PropertyValueSpecification\",\"valueRequired\":true,\"valueName\":\"search_term_string\"}}],\"inLanguage\":\"nb-NO\"},{\"@type\":\"Organization\",\"@id\":\"https:\\\/\\\/www.tovefevang.no\\\/shop\\\/#organization\",\"name\":\"Idestuen AS - Tove Fevang\",\"url\":\"https:\\\/\\\/www.tovefevang.no\\\/shop\\\/\",\"logo\":{\"@type\":\"ImageObject\",\"inLanguage\":\"nb-NO\",\"@id\":\"https:\\\/\\\/www.tovefevang.no\\\/shop\\\/#\\\/schema\\\/logo\\\/image\\\/\",\"url\":\"https:\\\/\\\/www.tovefevang.no\\\/shop\\\/wp-content\\\/uploads\\\/sites\\\/2\\\/2023\\\/11\\\/tovefevang-logo-1950_500.png\",\"contentUrl\":\"https:\\\/\\\/www.tovefevang.no\\\/shop\\\/wp-content\\\/uploads\\\/sites\\\/2\\\/2023\\\/11\\\/tovefevang-logo-1950_500.png\",\"width\":708,\"height\":181,\"caption\":\"Idestuen AS - Tove Fevang\"},\"image\":{\"@id\":\"https:\\\/\\\/www.tovefevang.no\\\/shop\\\/#\\\/schema\\\/logo\\\/image\\\/\"},\"sameAs\":[\"https:\\\/\\\/www.facebook.com\\\/tovefevang.no\"]}]}<\/script>\n<!-- \/ Yoast SEO plugin. -->","yoast_head_json":{"title":"Klassisk panneb\u00e5nd - Idestuen AS - Tove Fevang","robots":{"index":"index","follow":"follow","max-snippet":"max-snippet:-1","max-image-preview":"max-image-preview:large","max-video-preview":"max-video-preview:-1"},"canonical":"https:\/\/www.tovefevang.no\/shop\/produkt\/klassisk-panneband\/","og_locale":"nb_NO","og_type":"article","og_title":"Klassisk panneb\u00e5nd - Idestuen AS - Tove Fevang","og_description":"Klassiske panneb\u00e5nd er strikket i garnet Spindrift\u00a0 fra Jamiesons of Shetland 100 % shetlandsull . Oppskriften er i en st\u00f8rrelse (one size). Panneb\u00e5ndet er strikket i det klassiske r\u00f8dt og naturhvit, du kan lage dine egne fargekombinasjoner. Husk \u00e5 bruke store nok kontraster slik at m\u00f8nsteret kommer godt frem. I nettbutikken\u00a0 finner du over 100 lekre farger i Spindrift garnet.Tips! Samtidig finner du over 70 farger av\u00a0 2 ply Jumper weight fra Jamieson &amp; Smith. Begge garnene er i 100 % shetlandsull, de har samme strikkefasthet og l\u00f8pemeter. S\u00e5 de kan kombineres om hverandre.    I oppskriften finner du ogs\u00e5 link til flere unike videoer som gir ekstra forklaringer p\u00e5 ulike steg i arbeidet. Det er ogs\u00e5 trinn-for-trinn bilder, som viser hvordan du gj\u00f8r ulike teknikker.NB! Gratis oppskriften Klassiske damevotter er et fint f\u00f8lge til panneb\u00e5ndet! ST\u00d8RRELSER:Dame: One size    OMKRETS: ca 55-56 cm    MATERIALER og GARNFORBRUK:Spindrift, Jamieson of Shetland (100 % shetlandsull ) 25 g = ca. 107 meter = 1 n\u00f8steBunnfarge, Crimson f.nr. 525, 50 gM\u00f8nsterfarge, Natural White f.nr. 104, 25 gSpindrift garnet som er brukt i oppskriften finner du her i nettbutikken og det er 76 lekre farger i Spindrift \u00e5 velge mellom.    PINNER:ChiaoGoo rund-p 55 cm nr. 2,75 (= 35\u00a0 cm vaier og 10 cm pinnetupper = 55 cm) STRIKKEFASTHET:\u00a028 m m\u00f8nsterstrikk p\u00e5 p nr. 2,75 = 10 cm","og_url":"https:\/\/www.tovefevang.no\/shop\/produkt\/klassisk-panneband\/","og_site_name":"Idestuen AS - Tove Fevang","article_publisher":"https:\/\/www.facebook.com\/tovefevang.no","article_modified_time":"2026-01-03T09:14:47+00:00","og_image":[{"width":1800,"height":1200,"url":"https:\/\/www.tovefevang.no\/shop\/wp-content\/uploads\/sites\/2\/2025\/12\/DSC04615-1920x1200_70-q70.jpg","type":"image\/jpeg"}],"twitter_card":"summary_large_image","twitter_misc":{"Ansl. lesetid":"1 minutt"},"schema":{"@context":"https:\/\/schema.org","@graph":[{"@type":"WebPage","@id":"https:\/\/www.tovefevang.no\/shop\/produkt\/klassisk-panneband\/","url":"https:\/\/www.tovefevang.no\/shop\/produkt\/klassisk-panneband\/","name":"Klassisk panneb\u00e5nd - Idestuen AS - Tove Fevang","isPartOf":{"@id":"https:\/\/www.tovefevang.no\/shop\/#website"},"primaryImageOfPage":{"@id":"https:\/\/www.tovefevang.no\/shop\/produkt\/klassisk-panneband\/#primaryimage"},"image":{"@id":"https:\/\/www.tovefevang.no\/shop\/produkt\/klassisk-panneband\/#primaryimage"},"thumbnailUrl":"https:\/\/www.tovefevang.no\/shop\/wp-content\/uploads\/sites\/2\/2025\/12\/DSC04615-1920x1200_70-q70.jpg","datePublished":"2025-12-26T09:17:19+00:00","dateModified":"2026-01-03T09:14:47+00:00","breadcrumb":{"@id":"https:\/\/www.tovefevang.no\/shop\/produkt\/klassisk-panneband\/#breadcrumb"},"inLanguage":"nb-NO","potentialAction":[{"@type":"ReadAction","target":["https:\/\/www.tovefevang.no\/shop\/produkt\/klassisk-panneband\/"]}]},{"@type":"ImageObject","inLanguage":"nb-NO","@id":"https:\/\/www.tovefevang.no\/shop\/produkt\/klassisk-panneband\/#primaryimage","url":"https:\/\/www.tovefevang.no\/shop\/wp-content\/uploads\/sites\/2\/2025\/12\/DSC04615-1920x1200_70-q70.jpg","contentUrl":"https:\/\/www.tovefevang.no\/shop\/wp-content\/uploads\/sites\/2\/2025\/12\/DSC04615-1920x1200_70-q70.jpg","width":1800,"height":1200},{"@type":"BreadcrumbList","@id":"https:\/\/www.tovefevang.no\/shop\/produkt\/klassisk-panneband\/#breadcrumb","itemListElement":[{"@type":"ListItem","position":1,"name":"Hjem","item":"https:\/\/www.tovefevang.no\/shop\/"},{"@type":"ListItem","position":2,"name":"Nettbutikk","item":"https:\/\/www.tovefevang.no\/shop\/butikk\/"},{"@type":"ListItem","position":3,"name":"Klassisk panneb\u00e5nd"}]},{"@type":"WebSite","@id":"https:\/\/www.tovefevang.no\/shop\/#website","url":"https:\/\/www.tovefevang.no\/shop\/","name":"Idestuen AS - Tove Fevang","description":"Idestuen AS - Tove Fevang","publisher":{"@id":"https:\/\/www.tovefevang.no\/shop\/#organization"},"potentialAction":[{"@type":"SearchAction","target":{"@type":"EntryPoint","urlTemplate":"https:\/\/www.tovefevang.no\/shop\/?s={search_term_string}"},"query-input":{"@type":"PropertyValueSpecification","valueRequired":true,"valueName":"search_term_string"}}],"inLanguage":"nb-NO"},{"@type":"Organization","@id":"https:\/\/www.tovefevang.no\/shop\/#organization","name":"Idestuen AS - Tove Fevang","url":"https:\/\/www.tovefevang.no\/shop\/","logo":{"@type":"ImageObject","inLanguage":"nb-NO","@id":"https:\/\/www.tovefevang.no\/shop\/#\/schema\/logo\/image\/","url":"https:\/\/www.tovefevang.no\/shop\/wp-content\/uploads\/sites\/2\/2023\/11\/tovefevang-logo-1950_500.png","contentUrl":"https:\/\/www.tovefevang.no\/shop\/wp-content\/uploads\/sites\/2\/2023\/11\/tovefevang-logo-1950_500.png","width":708,"height":181,"caption":"Idestuen AS - Tove Fevang"},"image":{"@id":"https:\/\/www.tovefevang.no\/shop\/#\/schema\/logo\/image\/"},"sameAs":["https:\/\/www.facebook.com\/tovefevang.no"]}]}},"featured_img":"https:\/\/www.tovefevang.no\/shop\/wp-content\/uploads\/sites\/2\/2025\/12\/DSC04615-1920x1200_70-q70.jpg","coauthors":[],"author_meta":{"author_link":"https:\/\/www.tovefevang.no\/shop\/author\/geiradmin\/","display_name":"Geir Arnesen"},"relative_dates":{"created":"Publisert 4 m\u00e5neder siden","modified":"Oppdatert 4 m\u00e5neder siden"},"absolute_dates":{"created":"Publisert 26. desember 2025","modified":"Oppdatert 3. januar 2026"},"absolute_dates_time":{"created":"Publisert 26. desember 2025 10:17","modified":"Oppdatert 3. januar 2026 10:14"},"featured_img_caption":"","tax_additional":{"product_brand":{"linked":[],"unlinked":[],"slug":"product_brand","name":"Merker"},"product_type":{"linked":["<a href=\"https:\/\/www.tovefevang.no\/shop\/?taxonomy=product_type&#038;term=simple\" class=\"advgb-post-tax-term\">simple<\/a>"],"unlinked":["<span class=\"advgb-post-tax-term\">simple<\/span>"],"slug":"product_type","name":"Produkttype"},"product_visibility":{"linked":[],"unlinked":[],"slug":"product_visibility","name":"Produktsynlighet"},"product_cat":{"linked":["<a href=\"https:\/\/www.tovefevang.no\/shop\/produktkategori\/produkter\/oppskrift\/gratis-oppskrifter\/\" class=\"advgb-post-tax-term\">Gratis oppskrifter<\/a>","<a href=\"https:\/\/www.tovefevang.no\/shop\/produktkategori\/produkter\/oppskrift\/luerogtilbehor\/\" class=\"advgb-post-tax-term\">Luer, panneb\u00e5nd og pulsvarmere<\/a>","<a href=\"https:\/\/www.tovefevang.no\/shop\/produktkategori\/produkter\/oppskrift\/\" class=\"advgb-post-tax-term\">Oppskrifter<\/a>"],"unlinked":["<span class=\"advgb-post-tax-term\">Gratis oppskrifter<\/span>","<span class=\"advgb-post-tax-term\">Luer, panneb\u00e5nd og pulsvarmere<\/span>","<span class=\"advgb-post-tax-term\">Oppskrifter<\/span>"],"slug":"product_cat","name":"Produktkategorier"},"product_tag":{"linked":[],"unlinked":[],"slug":"product_tag","name":"Produktstikkord"},"product_shipping_class":{"linked":[],"unlinked":[],"slug":"product_shipping_class","name":"Produkt fraktklasse"},"pos_product_visibility":{"linked":[],"unlinked":[],"slug":"pos_product_visibility","name":"POS Product visibility"},"pa_color":{"linked":[],"unlinked":[],"slug":"pa_color","name":"Produkt Farge"},"pa_size":{"linked":[],"unlinked":[],"slug":"pa_size","name":"Produkt St\u00f8rrelse"}},"series_order":"","_links":{"self":[{"href":"https:\/\/www.tovefevang.no\/shop\/wp-json\/wp\/v2\/product\/10271","targetHints":{"allow":["GET"]}}],"collection":[{"href":"https:\/\/www.tovefevang.no\/shop\/wp-json\/wp\/v2\/product"}],"about":[{"href":"https:\/\/www.tovefevang.no\/shop\/wp-json\/wp\/v2\/types\/product"}],"wp:featuredmedia":[{"embeddable":true,"href":"https:\/\/www.tovefevang.no\/shop\/wp-json\/wp\/v2\/media\/10274"}],"wp:attachment":[{"href":"https:\/\/www.tovefevang.no\/shop\/wp-json\/wp\/v2\/media?parent=10271"}],"wp:term":[{"taxonomy":"product_brand","embeddable":true,"href":"https:\/\/www.tovefevang.no\/shop\/wp-json\/wp\/v2\/product_brand?post=10271"},{"taxonomy":"product_cat","embeddable":true,"href":"https:\/\/www.tovefevang.no\/shop\/wp-json\/wp\/v2\/product_cat?post=10271"},{"taxonomy":"product_tag","embeddable":true,"href":"https:\/\/www.tovefevang.no\/shop\/wp-json\/wp\/v2\/product_tag?post=10271"}],"curies":[{"name":"wp","href":"https:\/\/api.w.org\/{rel}","templated":true}]}}